{"id":1205,"date":"2019-06-18T13:48:08","date_gmt":"2019-06-18T13:48:08","guid":{"rendered":"http:\/\/st-elena.ms.decms.eu\/das-hotel\/neighborhood-story\/"},"modified":"2019-09-27T13:00:16","modified_gmt":"2019-09-27T13:00:16","slug":"neighborhood-story","status":"publish","type":"page","link":"https:\/\/www.indigovenice.com\/de\/das-hotel\/neighborhood-story\/","title":{"rendered":"Ein ruhiges Viertel"},"content":{"rendered":"<p>Es w\u00e4re stark untertrieben, zu behaupten, Venedig sei belebt. Die Stadt mit 55.000 Einwohnern zieht j\u00e4hrlich fast 30 Millionen Besucher an. Doch trotz der immensen Popularit\u00e4t gibt es immer noch Teile der Stadt, die entdeckt werden k\u00f6nnen. So wie unser Viertel Sant\u2018Elena, mit seiner Atmosph\u00e4re einer kleinen, verschlafenen italienischen Stadt. Hier treffen Sie eher Einheimische, die mit ihren Hunden spazieren gehen, als aus Bussen quellende Reisegruppen.<\/p>\n<p>Als spiritueller R\u00fcckzug aus dem Trubel von San Marco mag Sant\u2018Elena ruhig aussehen. Dennoch gibt es hier viel Interessantes zu entdecken und genie\u00dfen. Das Viertel ist ein globales Zentrum f\u00fcr moderne Kunst und Kultur und bietet Besuchern eine unerwartete Seite von Venedig, die nur wenige Touristen zu sehen bekommen.<\/p>\n<p><strong>Es w\u00e4re nat\u00fcrlich absurd, bei einem Urlaub in Venedig den Markusdom, die Seufzerbr\u00fccke und den Dogenpalast in San Marco links liegen zu lassen. Diese weltber\u00fchmten Sehensw\u00fcrdigkeiten sind von Sant&#8217;Elena aus einfach und schnell zu erreichen. Die Entfernung zwischen Sant&#8217;Elena und San Marco ist gering &#8211; und dennoch k\u00f6nnten die Viertel unterschiedlicher nicht sein. Bis zum Ersten Weltkrieg lag Sant&#8217;Elena als vom Rest der Stadt unabh\u00e4ngige Insel vor der Ostspitze von Castello, dem gr\u00f6\u00dften der sechs Sestieri (Viertel) von Venedig. Und es hat bis heute seinen Inselcharakter bewahrt.<\/strong><\/p>\n","protected":false},"excerpt":{"rendered":"<p>Es w\u00e4re stark untertrieben, zu behaupten, Venedig sei belebt. Die Stadt mit 55.000 Einwohnern zieht j\u00e4hrlich fast 30 Millionen Besucher an. Doch trotz der immensen Popularit\u00e4t gibt es immer noch Teile der Stadt, die entdeckt werden k\u00f6nnen. So wie unser Viertel Sant\u2018Elena, mit seiner Atmosph\u00e4re einer kleinen, verschlafenen italienischen Stadt. Hier treffen Sie eher Einheimische, [&hellip;]<\/p>\n","protected":false},"author":7,"featured_media":0,"parent":250,"menu_order":7,"comment_status":"closed","ping_status":"closed","template":"template-neighborhood.php","meta":{"footnotes":""},"class_list":["post-1205","page","type-page","status-publish","hentry"],"yoast_head":"<!-- This site is optimized with the Yoast SEO plugin v26.9 - https:\/\/yoast.com\/product\/yoast-seo-wordpress\/ -->\n<title>Neighborhood Hotel Indigo Venice | Sant&#039;Elena Venezia<\/title>\n<meta name=\"description\" content=\"The Sant&#039;Elena district is located in the Castello district, sheltered from the crowded frenzy of the Venetian streets. Check out the location of Hotel Indigo Venice.\" \/>\n<meta name=\"robots\" content=\"index, follow, max-snippet:-1, max-image-preview:large, max-video-preview:-1\" \/>\n<link rel=\"canonical\" href=\"https:\/\/www.indigovenice.com\/de\/das-hotel\/neighborhood-story\/\" \/>\n<meta property=\"og:locale\" content=\"de_DE\" \/>\n<meta property=\"og:type\" content=\"article\" \/>\n<meta property=\"og:title\" content=\"Neighborhood Hotel Indigo Venice | Sant&#039;Elena Venezia\" \/>\n<meta property=\"og:description\" content=\"The Sant&#039;Elena district is located in the Castello district, sheltered from the crowded frenzy of the Venetian streets. Check out the location of Hotel Indigo Venice.\" \/>\n<meta property=\"og:url\" content=\"https:\/\/www.indigovenice.com\/de\/das-hotel\/neighborhood-story\/\" \/>\n<meta property=\"og:site_name\" content=\"Hotel Indigo Venice - Sant&#039;Elena\" \/>\n<meta property=\"article:modified_time\" content=\"2019-09-27T13:00:16+00:00\" \/>\n<meta name=\"twitter:card\" content=\"summary_large_image\" \/>\n<meta name=\"twitter:label1\" content=\"Gesch\u00e4tzte Lesezeit\" \/>\n\t<meta name=\"twitter:data1\" content=\"1 Minute\" \/>\n<script type=\"application\/ld+json\" class=\"yoast-schema-graph\">{\"@context\":\"https:\/\/schema.org\",\"@graph\":[{\"@type\":\"WebPage\",\"@id\":\"https:\/\/www.indigovenice.com\/de\/das-hotel\/neighborhood-story\/\",\"url\":\"https:\/\/www.indigovenice.com\/de\/das-hotel\/neighborhood-story\/\",\"name\":\"Neighborhood Hotel Indigo Venice | Sant'Elena Venezia\",\"isPartOf\":{\"@id\":\"https:\/\/www.indigovenice.com\/de\/#website\"},\"datePublished\":\"2019-06-18T13:48:08+00:00\",\"dateModified\":\"2019-09-27T13:00:16+00:00\",\"description\":\"The Sant'Elena district is located in the Castello district, sheltered from the crowded frenzy of the Venetian streets. Check out the location of Hotel Indigo Venice.\",\"breadcrumb\":{\"@id\":\"https:\/\/www.indigovenice.com\/de\/das-hotel\/neighborhood-story\/#breadcrumb\"},\"inLanguage\":\"de-DE\",\"potentialAction\":[{\"@type\":\"ReadAction\",\"target\":[\"https:\/\/www.indigovenice.com\/de\/das-hotel\/neighborhood-story\/\"]}]},{\"@type\":\"BreadcrumbList\",\"@id\":\"https:\/\/www.indigovenice.com\/de\/das-hotel\/neighborhood-story\/#breadcrumb\",\"itemListElement\":[{\"@type\":\"ListItem\",\"position\":1,\"name\":\"Home\",\"item\":\"https:\/\/www.indigovenice.com\/de\/\"},{\"@type\":\"ListItem\",\"position\":2,\"name\":\"Das Hotel\",\"item\":\"https:\/\/www.indigovenice.com\/de\/das-hotel\/\"},{\"@type\":\"ListItem\",\"position\":3,\"name\":\"Ein ruhiges Viertel\"}]},{\"@type\":\"WebSite\",\"@id\":\"https:\/\/www.indigovenice.com\/de\/#website\",\"url\":\"https:\/\/www.indigovenice.com\/de\/\",\"name\":\"Hotel Indigo Venice - Sant'Elena\",\"description\":\"Just another ms.decms.eu site\",\"potentialAction\":[{\"@type\":\"SearchAction\",\"target\":{\"@type\":\"EntryPoint\",\"urlTemplate\":\"https:\/\/www.indigovenice.com\/de\/?s={search_term_string}\"},\"query-input\":{\"@type\":\"PropertyValueSpecification\",\"valueRequired\":true,\"valueName\":\"search_term_string\"}}],\"inLanguage\":\"de-DE\"}]}<\/script>\n<!-- \/ Yoast SEO plugin. -->","yoast_head_json":{"title":"Neighborhood Hotel Indigo Venice | Sant'Elena Venezia","description":"The Sant'Elena district is located in the Castello district, sheltered from the crowded frenzy of the Venetian streets. Check out the location of Hotel Indigo Venice.","robots":{"index":"index","follow":"follow","max-snippet":"max-snippet:-1","max-image-preview":"max-image-preview:large","max-video-preview":"max-video-preview:-1"},"canonical":"https:\/\/www.indigovenice.com\/de\/das-hotel\/neighborhood-story\/","og_locale":"de_DE","og_type":"article","og_title":"Neighborhood Hotel Indigo Venice | Sant'Elena Venezia","og_description":"The Sant'Elena district is located in the Castello district, sheltered from the crowded frenzy of the Venetian streets. Check out the location of Hotel Indigo Venice.","og_url":"https:\/\/www.indigovenice.com\/de\/das-hotel\/neighborhood-story\/","og_site_name":"Hotel Indigo Venice - Sant'Elena","article_modified_time":"2019-09-27T13:00:16+00:00","twitter_card":"summary_large_image","twitter_misc":{"Gesch\u00e4tzte Lesezeit":"1 Minute"},"schema":{"@context":"https:\/\/schema.org","@graph":[{"@type":"WebPage","@id":"https:\/\/www.indigovenice.com\/de\/das-hotel\/neighborhood-story\/","url":"https:\/\/www.indigovenice.com\/de\/das-hotel\/neighborhood-story\/","name":"Neighborhood Hotel Indigo Venice | Sant'Elena Venezia","isPartOf":{"@id":"https:\/\/www.indigovenice.com\/de\/#website"},"datePublished":"2019-06-18T13:48:08+00:00","dateModified":"2019-09-27T13:00:16+00:00","description":"The Sant'Elena district is located in the Castello district, sheltered from the crowded frenzy of the Venetian streets. Check out the location of Hotel Indigo Venice.","breadcrumb":{"@id":"https:\/\/www.indigovenice.com\/de\/das-hotel\/neighborhood-story\/#breadcrumb"},"inLanguage":"de-DE","potentialAction":[{"@type":"ReadAction","target":["https:\/\/www.indigovenice.com\/de\/das-hotel\/neighborhood-story\/"]}]},{"@type":"BreadcrumbList","@id":"https:\/\/www.indigovenice.com\/de\/das-hotel\/neighborhood-story\/#breadcrumb","itemListElement":[{"@type":"ListItem","position":1,"name":"Home","item":"https:\/\/www.indigovenice.com\/de\/"},{"@type":"ListItem","position":2,"name":"Das Hotel","item":"https:\/\/www.indigovenice.com\/de\/das-hotel\/"},{"@type":"ListItem","position":3,"name":"Ein ruhiges Viertel"}]},{"@type":"WebSite","@id":"https:\/\/www.indigovenice.com\/de\/#website","url":"https:\/\/www.indigovenice.com\/de\/","name":"Hotel Indigo Venice - Sant'Elena","description":"Just another ms.decms.eu site","potentialAction":[{"@type":"SearchAction","target":{"@type":"EntryPoint","urlTemplate":"https:\/\/www.indigovenice.com\/de\/?s={search_term_string}"},"query-input":{"@type":"PropertyValueSpecification","valueRequired":true,"valueName":"search_term_string"}}],"inLanguage":"de-DE"}]}},"acf":[],"_links":{"self":[{"href":"https:\/\/www.indigovenice.com\/de\/wp-json\/wp\/v2\/pages\/1205","targetHints":{"allow":["GET"]}}],"collection":[{"href":"https:\/\/www.indigovenice.com\/de\/wp-json\/wp\/v2\/pages"}],"about":[{"href":"https:\/\/www.indigovenice.com\/de\/wp-json\/wp\/v2\/types\/page"}],"author":[{"embeddable":true,"href":"https:\/\/www.indigovenice.com\/de\/wp-json\/wp\/v2\/users\/7"}],"replies":[{"embeddable":true,"href":"https:\/\/www.indigovenice.com\/de\/wp-json\/wp\/v2\/comments?post=1205"}],"version-history":[{"count":0,"href":"https:\/\/www.indigovenice.com\/de\/wp-json\/wp\/v2\/pages\/1205\/revisions"}],"up":[{"embeddable":true,"href":"https:\/\/www.indigovenice.com\/de\/wp-json\/wp\/v2\/pages\/250"}],"wp:attachment":[{"href":"https:\/\/www.indigovenice.com\/de\/wp-json\/wp\/v2\/media?parent=1205"}],"curies":[{"name":"wp","href":"https:\/\/api.w.org\/{rel}","templated":true}]}}