{"id":1706,"date":"2020-11-03T15:27:33","date_gmt":"2020-11-03T15:27:33","guid":{"rendered":"https:\/\/www.indigovenice.com\/?page_id=1706"},"modified":"2020-11-09T11:18:57","modified_gmt":"2020-11-09T11:18:57","slug":"thank-you-page","status":"publish","type":"page","link":"https:\/\/www.indigovenice.com\/de\/thank-you-page\/","title":{"rendered":"Danke, dass sie uns kontaktiert haben!"},"content":{"rendered":"<p style=\"text-align: center\"><strong>Danke, dass sie uns kontaktiert haben!<\/strong><br \/>\nWir werden uns in K\u00fcrze mit Ihnen in Verbindung setzen. Wenn Sie dringend Hilfe bei R\u00fcckmeldungen ben\u00f6tigen, k\u00f6nnen Sie sich gerne an uns wenden<br \/>\nper Telefon <a href=\"tel:+39 041 2717811\">+39 041 2717811<\/a> oder per E-Mail: <a href=\"mailto:info@indigovenice.com\">info@indigovenice.com<\/a><\/p>\n","protected":false},"excerpt":{"rendered":"<p>Danke, dass sie uns kontaktiert haben! Wir werden uns in K\u00fcrze mit Ihnen in Verbindung setzen. Wenn Sie dringend Hilfe bei R\u00fcckmeldungen ben\u00f6tigen, k\u00f6nnen Sie sich gerne an uns wenden per Telefon +39 041 2717811 oder per E-Mail: info@indigovenice.com<\/p>\n","protected":false},"author":9,"featured_media":0,"parent":0,"menu_order":999999,"comment_status":"closed","ping_status":"closed","template":"template-thankyou-page.php","meta":{"footnotes":""},"class_list":["post-1706","page","type-page","status-publish","hentry"],"yoast_head":"<!-- This site is optimized with the Yoast SEO plugin v26.9 - https:\/\/yoast.com\/product\/yoast-seo-wordpress\/ -->\n<title>Danke, dass sie uns kontaktiert haben! - Hotel Indigo Venice - Sant&#039;Elena<\/title>\n<meta name=\"robots\" content=\"index, follow, max-snippet:-1, max-image-preview:large, max-video-preview:-1\" \/>\n<link rel=\"canonical\" href=\"https:\/\/www.indigovenice.com\/de\/thank-you-page\/\" \/>\n<meta property=\"og:locale\" content=\"de_DE\" \/>\n<meta property=\"og:type\" content=\"article\" \/>\n<meta property=\"og:title\" content=\"Danke, dass sie uns kontaktiert haben! - Hotel Indigo Venice - Sant&#039;Elena\" \/>\n<meta property=\"og:description\" content=\"Danke, dass sie uns kontaktiert haben! Wir werden uns in K\u00fcrze mit Ihnen in Verbindung setzen. Wenn Sie dringend Hilfe bei R\u00fcckmeldungen ben\u00f6tigen, k\u00f6nnen Sie sich gerne an uns wenden per Telefon +39 041 2717811 oder per E-Mail: info@indigovenice.com\" \/>\n<meta property=\"og:url\" content=\"https:\/\/www.indigovenice.com\/de\/thank-you-page\/\" \/>\n<meta property=\"og:site_name\" content=\"Hotel Indigo Venice - Sant&#039;Elena\" \/>\n<meta property=\"article:modified_time\" content=\"2020-11-09T11:18:57+00:00\" \/>\n<meta name=\"twitter:card\" content=\"summary_large_image\" \/>\n<script type=\"application\/ld+json\" class=\"yoast-schema-graph\">{\"@context\":\"https:\/\/schema.org\",\"@graph\":[{\"@type\":\"WebPage\",\"@id\":\"https:\/\/www.indigovenice.com\/de\/thank-you-page\/\",\"url\":\"https:\/\/www.indigovenice.com\/de\/thank-you-page\/\",\"name\":\"Danke, dass sie uns kontaktiert haben! - Hotel Indigo Venice - Sant'Elena\",\"isPartOf\":{\"@id\":\"https:\/\/www.indigovenice.com\/de\/#website\"},\"datePublished\":\"2020-11-03T15:27:33+00:00\",\"dateModified\":\"2020-11-09T11:18:57+00:00\",\"breadcrumb\":{\"@id\":\"https:\/\/www.indigovenice.com\/de\/thank-you-page\/#breadcrumb\"},\"inLanguage\":\"de-DE\",\"potentialAction\":[{\"@type\":\"ReadAction\",\"target\":[\"https:\/\/www.indigovenice.com\/de\/thank-you-page\/\"]}]},{\"@type\":\"BreadcrumbList\",\"@id\":\"https:\/\/www.indigovenice.com\/de\/thank-you-page\/#breadcrumb\",\"itemListElement\":[{\"@type\":\"ListItem\",\"position\":1,\"name\":\"Home\",\"item\":\"https:\/\/www.indigovenice.com\/de\/\"},{\"@type\":\"ListItem\",\"position\":2,\"name\":\"Danke, dass sie uns kontaktiert haben!\"}]},{\"@type\":\"WebSite\",\"@id\":\"https:\/\/www.indigovenice.com\/de\/#website\",\"url\":\"https:\/\/www.indigovenice.com\/de\/\",\"name\":\"Hotel Indigo Venice - Sant'Elena\",\"description\":\"Just another ms.decms.eu site\",\"potentialAction\":[{\"@type\":\"SearchAction\",\"target\":{\"@type\":\"EntryPoint\",\"urlTemplate\":\"https:\/\/www.indigovenice.com\/de\/?s={search_term_string}\"},\"query-input\":{\"@type\":\"PropertyValueSpecification\",\"valueRequired\":true,\"valueName\":\"search_term_string\"}}],\"inLanguage\":\"de-DE\"}]}<\/script>\n<!-- \/ Yoast SEO plugin. -->","yoast_head_json":{"title":"Danke, dass sie uns kontaktiert haben! - Hotel Indigo Venice - Sant'Elena","robots":{"index":"index","follow":"follow","max-snippet":"max-snippet:-1","max-image-preview":"max-image-preview:large","max-video-preview":"max-video-preview:-1"},"canonical":"https:\/\/www.indigovenice.com\/de\/thank-you-page\/","og_locale":"de_DE","og_type":"article","og_title":"Danke, dass sie uns kontaktiert haben! - Hotel Indigo Venice - Sant'Elena","og_description":"Danke, dass sie uns kontaktiert haben! Wir werden uns in K\u00fcrze mit Ihnen in Verbindung setzen. Wenn Sie dringend Hilfe bei R\u00fcckmeldungen ben\u00f6tigen, k\u00f6nnen Sie sich gerne an uns wenden per Telefon +39 041 2717811 oder per E-Mail: info@indigovenice.com","og_url":"https:\/\/www.indigovenice.com\/de\/thank-you-page\/","og_site_name":"Hotel Indigo Venice - Sant'Elena","article_modified_time":"2020-11-09T11:18:57+00:00","twitter_card":"summary_large_image","schema":{"@context":"https:\/\/schema.org","@graph":[{"@type":"WebPage","@id":"https:\/\/www.indigovenice.com\/de\/thank-you-page\/","url":"https:\/\/www.indigovenice.com\/de\/thank-you-page\/","name":"Danke, dass sie uns kontaktiert haben! - Hotel Indigo Venice - Sant'Elena","isPartOf":{"@id":"https:\/\/www.indigovenice.com\/de\/#website"},"datePublished":"2020-11-03T15:27:33+00:00","dateModified":"2020-11-09T11:18:57+00:00","breadcrumb":{"@id":"https:\/\/www.indigovenice.com\/de\/thank-you-page\/#breadcrumb"},"inLanguage":"de-DE","potentialAction":[{"@type":"ReadAction","target":["https:\/\/www.indigovenice.com\/de\/thank-you-page\/"]}]},{"@type":"BreadcrumbList","@id":"https:\/\/www.indigovenice.com\/de\/thank-you-page\/#breadcrumb","itemListElement":[{"@type":"ListItem","position":1,"name":"Home","item":"https:\/\/www.indigovenice.com\/de\/"},{"@type":"ListItem","position":2,"name":"Danke, dass sie uns kontaktiert haben!"}]},{"@type":"WebSite","@id":"https:\/\/www.indigovenice.com\/de\/#website","url":"https:\/\/www.indigovenice.com\/de\/","name":"Hotel Indigo Venice - Sant'Elena","description":"Just another ms.decms.eu site","potentialAction":[{"@type":"SearchAction","target":{"@type":"EntryPoint","urlTemplate":"https:\/\/www.indigovenice.com\/de\/?s={search_term_string}"},"query-input":{"@type":"PropertyValueSpecification","valueRequired":true,"valueName":"search_term_string"}}],"inLanguage":"de-DE"}]}},"acf":[],"_links":{"self":[{"href":"https:\/\/www.indigovenice.com\/de\/wp-json\/wp\/v2\/pages\/1706","targetHints":{"allow":["GET"]}}],"collection":[{"href":"https:\/\/www.indigovenice.com\/de\/wp-json\/wp\/v2\/pages"}],"about":[{"href":"https:\/\/www.indigovenice.com\/de\/wp-json\/wp\/v2\/types\/page"}],"author":[{"embeddable":true,"href":"https:\/\/www.indigovenice.com\/de\/wp-json\/wp\/v2\/users\/9"}],"replies":[{"embeddable":true,"href":"https:\/\/www.indigovenice.com\/de\/wp-json\/wp\/v2\/comments?post=1706"}],"version-history":[{"count":0,"href":"https:\/\/www.indigovenice.com\/de\/wp-json\/wp\/v2\/pages\/1706\/revisions"}],"wp:attachment":[{"href":"https:\/\/www.indigovenice.com\/de\/wp-json\/wp\/v2\/media?parent=1706"}],"curies":[{"name":"wp","href":"https:\/\/api.w.org\/{rel}","templated":true}]}}