{"id":252,"date":"2019-05-31T13:10:54","date_gmt":"2019-05-31T13:10:54","guid":{"rendered":"http:\/\/st-elena.ms.decms.eu\/?page_id=252"},"modified":"2024-06-06T08:58:38","modified_gmt":"2024-06-06T08:58:38","slug":"das-gebaeude","status":"publish","type":"page","link":"https:\/\/www.indigovenice.com\/de\/das-hotel\/das-gebaeude\/","title":{"rendered":"Das Geb\u00e4ude"},"content":{"rendered":"<p>Diese Gegend hat ihren Namen von einer alten Legende, wonach die \u00dcberreste der Heiligen aus Konstantinopel hierhergebracht und sp\u00e4ter in der vom Augustinerorden erbauten Kapelle begraben wurden. Im 15. Jahrhundert wurden die Augustiner von den Benediktinern abgel\u00f6st, die 1439 das Kloster und die Kirche bauten, die man heute noch sehen kann.<\/p>\n","protected":false},"excerpt":{"rendered":"<p>Diese Gegend hat ihren Namen von einer alten Legende, wonach die \u00dcberreste der Heiligen aus Konstantinopel hierhergebracht und sp\u00e4ter in der vom Augustinerorden erbauten Kapelle begraben wurden. Im 15. Jahrhundert wurden die Augustiner von den Benediktinern abgel\u00f6st, die 1439 das Kloster und die Kirche bauten, die man heute noch sehen kann.<\/p>\n","protected":false},"author":3,"featured_media":0,"parent":250,"menu_order":1,"comment_status":"closed","ping_status":"closed","template":"","meta":{"footnotes":""},"class_list":["post-252","page","type-page","status-publish","hentry"],"yoast_head":"<!-- This site is optimized with the Yoast SEO plugin v26.9 - https:\/\/yoast.com\/product\/yoast-seo-wordpress\/ -->\n<title>Die Geschichte des Hotels Indigo Venice Sant&#039;Elena in Venedig<\/title>\n<meta name=\"description\" content=\"Im ruhigen Bezirk Sant&#039;Elena im Viertel Castello gelegen, ist das Hotel Indigo Venice ein Boutiquehotel, das lokale Erfahrungen und modernes Design kombiniert.\" \/>\n<meta name=\"robots\" content=\"index, follow, max-snippet:-1, max-image-preview:large, max-video-preview:-1\" \/>\n<link rel=\"canonical\" href=\"https:\/\/www.indigovenice.com\/de\/das-hotel\/das-gebaeude\/\" \/>\n<meta property=\"og:locale\" content=\"de_DE\" \/>\n<meta property=\"og:type\" content=\"article\" \/>\n<meta property=\"og:title\" content=\"Die Geschichte des Hotels Indigo Venice Sant&#039;Elena in Venedig\" \/>\n<meta property=\"og:description\" content=\"Im ruhigen Bezirk Sant&#039;Elena im Viertel Castello gelegen, ist das Hotel Indigo Venice ein Boutiquehotel, das lokale Erfahrungen und modernes Design kombiniert.\" \/>\n<meta property=\"og:url\" content=\"https:\/\/www.indigovenice.com\/de\/das-hotel\/das-gebaeude\/\" \/>\n<meta property=\"og:site_name\" content=\"Hotel Indigo Venice - Sant&#039;Elena\" \/>\n<meta property=\"article:modified_time\" content=\"2024-06-06T08:58:38+00:00\" \/>\n<meta name=\"twitter:card\" content=\"summary_large_image\" \/>\n<meta name=\"twitter:label1\" content=\"Gesch\u00e4tzte Lesezeit\" \/>\n\t<meta name=\"twitter:data1\" content=\"1 Minute\" \/>\n<script type=\"application\/ld+json\" class=\"yoast-schema-graph\">{\"@context\":\"https:\/\/schema.org\",\"@graph\":[{\"@type\":\"WebPage\",\"@id\":\"https:\/\/www.indigovenice.com\/de\/das-hotel\/das-gebaeude\/\",\"url\":\"https:\/\/www.indigovenice.com\/de\/das-hotel\/das-gebaeude\/\",\"name\":\"Die Geschichte des Hotels Indigo Venice Sant'Elena in Venedig\",\"isPartOf\":{\"@id\":\"https:\/\/www.indigovenice.com\/de\/#website\"},\"datePublished\":\"2019-05-31T13:10:54+00:00\",\"dateModified\":\"2024-06-06T08:58:38+00:00\",\"description\":\"Im ruhigen Bezirk Sant'Elena im Viertel Castello gelegen, ist das Hotel Indigo Venice ein Boutiquehotel, das lokale Erfahrungen und modernes Design kombiniert.\",\"breadcrumb\":{\"@id\":\"https:\/\/www.indigovenice.com\/de\/das-hotel\/das-gebaeude\/#breadcrumb\"},\"inLanguage\":\"de-DE\",\"potentialAction\":[{\"@type\":\"ReadAction\",\"target\":[\"https:\/\/www.indigovenice.com\/de\/das-hotel\/das-gebaeude\/\"]}]},{\"@type\":\"BreadcrumbList\",\"@id\":\"https:\/\/www.indigovenice.com\/de\/das-hotel\/das-gebaeude\/#breadcrumb\",\"itemListElement\":[{\"@type\":\"ListItem\",\"position\":1,\"name\":\"Home\",\"item\":\"https:\/\/www.indigovenice.com\/de\/\"},{\"@type\":\"ListItem\",\"position\":2,\"name\":\"Das Hotel\",\"item\":\"https:\/\/www.indigovenice.com\/de\/das-hotel\/\"},{\"@type\":\"ListItem\",\"position\":3,\"name\":\"Das Geb\u00e4ude\"}]},{\"@type\":\"WebSite\",\"@id\":\"https:\/\/www.indigovenice.com\/de\/#website\",\"url\":\"https:\/\/www.indigovenice.com\/de\/\",\"name\":\"Hotel Indigo Venice - Sant'Elena\",\"description\":\"Just another ms.decms.eu site\",\"potentialAction\":[{\"@type\":\"SearchAction\",\"target\":{\"@type\":\"EntryPoint\",\"urlTemplate\":\"https:\/\/www.indigovenice.com\/de\/?s={search_term_string}\"},\"query-input\":{\"@type\":\"PropertyValueSpecification\",\"valueRequired\":true,\"valueName\":\"search_term_string\"}}],\"inLanguage\":\"de-DE\"}]}<\/script>\n<!-- \/ Yoast SEO plugin. -->","yoast_head_json":{"title":"Die Geschichte des Hotels Indigo Venice Sant'Elena in Venedig","description":"Im ruhigen Bezirk Sant'Elena im Viertel Castello gelegen, ist das Hotel Indigo Venice ein Boutiquehotel, das lokale Erfahrungen und modernes Design kombiniert.","robots":{"index":"index","follow":"follow","max-snippet":"max-snippet:-1","max-image-preview":"max-image-preview:large","max-video-preview":"max-video-preview:-1"},"canonical":"https:\/\/www.indigovenice.com\/de\/das-hotel\/das-gebaeude\/","og_locale":"de_DE","og_type":"article","og_title":"Die Geschichte des Hotels Indigo Venice Sant'Elena in Venedig","og_description":"Im ruhigen Bezirk Sant'Elena im Viertel Castello gelegen, ist das Hotel Indigo Venice ein Boutiquehotel, das lokale Erfahrungen und modernes Design kombiniert.","og_url":"https:\/\/www.indigovenice.com\/de\/das-hotel\/das-gebaeude\/","og_site_name":"Hotel Indigo Venice - Sant'Elena","article_modified_time":"2024-06-06T08:58:38+00:00","twitter_card":"summary_large_image","twitter_misc":{"Gesch\u00e4tzte Lesezeit":"1 Minute"},"schema":{"@context":"https:\/\/schema.org","@graph":[{"@type":"WebPage","@id":"https:\/\/www.indigovenice.com\/de\/das-hotel\/das-gebaeude\/","url":"https:\/\/www.indigovenice.com\/de\/das-hotel\/das-gebaeude\/","name":"Die Geschichte des Hotels Indigo Venice Sant'Elena in Venedig","isPartOf":{"@id":"https:\/\/www.indigovenice.com\/de\/#website"},"datePublished":"2019-05-31T13:10:54+00:00","dateModified":"2024-06-06T08:58:38+00:00","description":"Im ruhigen Bezirk Sant'Elena im Viertel Castello gelegen, ist das Hotel Indigo Venice ein Boutiquehotel, das lokale Erfahrungen und modernes Design kombiniert.","breadcrumb":{"@id":"https:\/\/www.indigovenice.com\/de\/das-hotel\/das-gebaeude\/#breadcrumb"},"inLanguage":"de-DE","potentialAction":[{"@type":"ReadAction","target":["https:\/\/www.indigovenice.com\/de\/das-hotel\/das-gebaeude\/"]}]},{"@type":"BreadcrumbList","@id":"https:\/\/www.indigovenice.com\/de\/das-hotel\/das-gebaeude\/#breadcrumb","itemListElement":[{"@type":"ListItem","position":1,"name":"Home","item":"https:\/\/www.indigovenice.com\/de\/"},{"@type":"ListItem","position":2,"name":"Das Hotel","item":"https:\/\/www.indigovenice.com\/de\/das-hotel\/"},{"@type":"ListItem","position":3,"name":"Das Geb\u00e4ude"}]},{"@type":"WebSite","@id":"https:\/\/www.indigovenice.com\/de\/#website","url":"https:\/\/www.indigovenice.com\/de\/","name":"Hotel Indigo Venice - Sant'Elena","description":"Just another ms.decms.eu site","potentialAction":[{"@type":"SearchAction","target":{"@type":"EntryPoint","urlTemplate":"https:\/\/www.indigovenice.com\/de\/?s={search_term_string}"},"query-input":{"@type":"PropertyValueSpecification","valueRequired":true,"valueName":"search_term_string"}}],"inLanguage":"de-DE"}]}},"acf":[],"_links":{"self":[{"href":"https:\/\/www.indigovenice.com\/de\/wp-json\/wp\/v2\/pages\/252","targetHints":{"allow":["GET"]}}],"collection":[{"href":"https:\/\/www.indigovenice.com\/de\/wp-json\/wp\/v2\/pages"}],"about":[{"href":"https:\/\/www.indigovenice.com\/de\/wp-json\/wp\/v2\/types\/page"}],"author":[{"embeddable":true,"href":"https:\/\/www.indigovenice.com\/de\/wp-json\/wp\/v2\/users\/3"}],"replies":[{"embeddable":true,"href":"https:\/\/www.indigovenice.com\/de\/wp-json\/wp\/v2\/comments?post=252"}],"version-history":[{"count":0,"href":"https:\/\/www.indigovenice.com\/de\/wp-json\/wp\/v2\/pages\/252\/revisions"}],"up":[{"embeddable":true,"href":"https:\/\/www.indigovenice.com\/de\/wp-json\/wp\/v2\/pages\/250"}],"wp:attachment":[{"href":"https:\/\/www.indigovenice.com\/de\/wp-json\/wp\/v2\/media?parent=252"}],"curies":[{"name":"wp","href":"https:\/\/api.w.org\/{rel}","templated":true}]}}