{"id":263,"date":"2019-05-31T13:21:25","date_gmt":"2019-05-31T13:21:25","guid":{"rendered":"http:\/\/st-elena.ms.decms.eu\/?page_id=263"},"modified":"2024-06-06T09:58:50","modified_gmt":"2024-06-06T09:58:50","slug":"der-versteckte-garten","status":"publish","type":"page","link":"https:\/\/www.indigovenice.com\/de\/das-hotel\/der-versteckte-garten\/","title":{"rendered":"Der versteckte Garten"},"content":{"rendered":"<p>Unsere G\u00e4ste genie\u00dfen das Gef\u00fchl der Ruhe und Exklusivit\u00e4t unseres Hotels, wenn sie in unserem Indoor-Garten entspannen, wo sie einen Platz zum Lesen und <strong>Abschalten nach einem langen Tag<\/strong> oder zur Vorbereitung auf einen gro\u00dfen Moment finden.<\/p>\n<p>Der Garten erinnert an das fr\u00fchere Leben des Anwesens: Es wurde im Inneren des Kreuzgangs errichtet und hat sich trotz der nicht mehr vorhandenen B\u00f6gen die intime Atmosph\u00e4re und die abgeschiedene Ruhe des urspr\u00fcnglichen Klosters bewahrt.<\/p>\n","protected":false},"excerpt":{"rendered":"<p>Unsere G\u00e4ste genie\u00dfen das Gef\u00fchl der Ruhe und Exklusivit\u00e4t unseres Hotels, wenn sie in unserem Indoor-Garten entspannen, wo sie einen Platz zum Lesen und Abschalten nach einem langen Tag oder zur Vorbereitung auf einen gro\u00dfen Moment finden. Der Garten erinnert an das fr\u00fchere Leben des Anwesens: Es wurde im Inneren des Kreuzgangs errichtet und hat [&hellip;]<\/p>\n","protected":false},"author":3,"featured_media":0,"parent":250,"menu_order":3,"comment_status":"closed","ping_status":"closed","template":"","meta":{"footnotes":""},"class_list":["post-263","page","type-page","status-publish","hentry"],"yoast_head":"<!-- This site is optimized with the Yoast SEO plugin v26.9 - https:\/\/yoast.com\/product\/yoast-seo-wordpress\/ -->\n<title>4-Stern-Boutiquehotel Innengarten | Hotel Indigo Venice Sant&#039;Elena<\/title>\n<meta name=\"description\" content=\"Im Hotel Indigo Venice Sant&#039;Elena Venice gibt es einen romantischen Innengarten mit komfortablen Sofas, Chaiselongues und Tischen.\" \/>\n<meta name=\"robots\" content=\"index, follow, max-snippet:-1, max-image-preview:large, max-video-preview:-1\" \/>\n<link rel=\"canonical\" href=\"https:\/\/www.indigovenice.com\/de\/das-hotel\/der-versteckte-garten\/\" \/>\n<meta property=\"og:locale\" content=\"de_DE\" \/>\n<meta property=\"og:type\" content=\"article\" \/>\n<meta property=\"og:title\" content=\"4-Stern-Boutiquehotel Innengarten | Hotel Indigo Venice Sant&#039;Elena\" \/>\n<meta property=\"og:description\" content=\"Im Hotel Indigo Venice Sant&#039;Elena Venice gibt es einen romantischen Innengarten mit komfortablen Sofas, Chaiselongues und Tischen.\" \/>\n<meta property=\"og:url\" content=\"https:\/\/www.indigovenice.com\/de\/das-hotel\/der-versteckte-garten\/\" \/>\n<meta property=\"og:site_name\" content=\"Hotel Indigo Venice - Sant&#039;Elena\" \/>\n<meta property=\"article:modified_time\" content=\"2024-06-06T09:58:50+00:00\" \/>\n<meta name=\"twitter:card\" content=\"summary_large_image\" \/>\n<meta name=\"twitter:label1\" content=\"Gesch\u00e4tzte Lesezeit\" \/>\n\t<meta name=\"twitter:data1\" content=\"1 Minute\" \/>\n<script type=\"application\/ld+json\" class=\"yoast-schema-graph\">{\"@context\":\"https:\/\/schema.org\",\"@graph\":[{\"@type\":\"WebPage\",\"@id\":\"https:\/\/www.indigovenice.com\/de\/das-hotel\/der-versteckte-garten\/\",\"url\":\"https:\/\/www.indigovenice.com\/de\/das-hotel\/der-versteckte-garten\/\",\"name\":\"4-Stern-Boutiquehotel Innengarten | Hotel Indigo Venice Sant'Elena\",\"isPartOf\":{\"@id\":\"https:\/\/www.indigovenice.com\/de\/#website\"},\"datePublished\":\"2019-05-31T13:21:25+00:00\",\"dateModified\":\"2024-06-06T09:58:50+00:00\",\"description\":\"Im Hotel Indigo Venice Sant'Elena Venice gibt es einen romantischen Innengarten mit komfortablen Sofas, Chaiselongues und Tischen.\",\"breadcrumb\":{\"@id\":\"https:\/\/www.indigovenice.com\/de\/das-hotel\/der-versteckte-garten\/#breadcrumb\"},\"inLanguage\":\"de-DE\",\"potentialAction\":[{\"@type\":\"ReadAction\",\"target\":[\"https:\/\/www.indigovenice.com\/de\/das-hotel\/der-versteckte-garten\/\"]}]},{\"@type\":\"BreadcrumbList\",\"@id\":\"https:\/\/www.indigovenice.com\/de\/das-hotel\/der-versteckte-garten\/#breadcrumb\",\"itemListElement\":[{\"@type\":\"ListItem\",\"position\":1,\"name\":\"Home\",\"item\":\"https:\/\/www.indigovenice.com\/de\/\"},{\"@type\":\"ListItem\",\"position\":2,\"name\":\"Das Hotel\",\"item\":\"https:\/\/www.indigovenice.com\/de\/das-hotel\/\"},{\"@type\":\"ListItem\",\"position\":3,\"name\":\"Der versteckte Garten\"}]},{\"@type\":\"WebSite\",\"@id\":\"https:\/\/www.indigovenice.com\/de\/#website\",\"url\":\"https:\/\/www.indigovenice.com\/de\/\",\"name\":\"Hotel Indigo Venice - Sant'Elena\",\"description\":\"Just another ms.decms.eu site\",\"potentialAction\":[{\"@type\":\"SearchAction\",\"target\":{\"@type\":\"EntryPoint\",\"urlTemplate\":\"https:\/\/www.indigovenice.com\/de\/?s={search_term_string}\"},\"query-input\":{\"@type\":\"PropertyValueSpecification\",\"valueRequired\":true,\"valueName\":\"search_term_string\"}}],\"inLanguage\":\"de-DE\"}]}<\/script>\n<!-- \/ Yoast SEO plugin. -->","yoast_head_json":{"title":"4-Stern-Boutiquehotel Innengarten | Hotel Indigo Venice Sant'Elena","description":"Im Hotel Indigo Venice Sant'Elena Venice gibt es einen romantischen Innengarten mit komfortablen Sofas, Chaiselongues und Tischen.","robots":{"index":"index","follow":"follow","max-snippet":"max-snippet:-1","max-image-preview":"max-image-preview:large","max-video-preview":"max-video-preview:-1"},"canonical":"https:\/\/www.indigovenice.com\/de\/das-hotel\/der-versteckte-garten\/","og_locale":"de_DE","og_type":"article","og_title":"4-Stern-Boutiquehotel Innengarten | Hotel Indigo Venice Sant'Elena","og_description":"Im Hotel Indigo Venice Sant'Elena Venice gibt es einen romantischen Innengarten mit komfortablen Sofas, Chaiselongues und Tischen.","og_url":"https:\/\/www.indigovenice.com\/de\/das-hotel\/der-versteckte-garten\/","og_site_name":"Hotel Indigo Venice - Sant'Elena","article_modified_time":"2024-06-06T09:58:50+00:00","twitter_card":"summary_large_image","twitter_misc":{"Gesch\u00e4tzte Lesezeit":"1 Minute"},"schema":{"@context":"https:\/\/schema.org","@graph":[{"@type":"WebPage","@id":"https:\/\/www.indigovenice.com\/de\/das-hotel\/der-versteckte-garten\/","url":"https:\/\/www.indigovenice.com\/de\/das-hotel\/der-versteckte-garten\/","name":"4-Stern-Boutiquehotel Innengarten | Hotel Indigo Venice Sant'Elena","isPartOf":{"@id":"https:\/\/www.indigovenice.com\/de\/#website"},"datePublished":"2019-05-31T13:21:25+00:00","dateModified":"2024-06-06T09:58:50+00:00","description":"Im Hotel Indigo Venice Sant'Elena Venice gibt es einen romantischen Innengarten mit komfortablen Sofas, Chaiselongues und Tischen.","breadcrumb":{"@id":"https:\/\/www.indigovenice.com\/de\/das-hotel\/der-versteckte-garten\/#breadcrumb"},"inLanguage":"de-DE","potentialAction":[{"@type":"ReadAction","target":["https:\/\/www.indigovenice.com\/de\/das-hotel\/der-versteckte-garten\/"]}]},{"@type":"BreadcrumbList","@id":"https:\/\/www.indigovenice.com\/de\/das-hotel\/der-versteckte-garten\/#breadcrumb","itemListElement":[{"@type":"ListItem","position":1,"name":"Home","item":"https:\/\/www.indigovenice.com\/de\/"},{"@type":"ListItem","position":2,"name":"Das Hotel","item":"https:\/\/www.indigovenice.com\/de\/das-hotel\/"},{"@type":"ListItem","position":3,"name":"Der versteckte Garten"}]},{"@type":"WebSite","@id":"https:\/\/www.indigovenice.com\/de\/#website","url":"https:\/\/www.indigovenice.com\/de\/","name":"Hotel Indigo Venice - Sant'Elena","description":"Just another ms.decms.eu site","potentialAction":[{"@type":"SearchAction","target":{"@type":"EntryPoint","urlTemplate":"https:\/\/www.indigovenice.com\/de\/?s={search_term_string}"},"query-input":{"@type":"PropertyValueSpecification","valueRequired":true,"valueName":"search_term_string"}}],"inLanguage":"de-DE"}]}},"acf":[],"_links":{"self":[{"href":"https:\/\/www.indigovenice.com\/de\/wp-json\/wp\/v2\/pages\/263","targetHints":{"allow":["GET"]}}],"collection":[{"href":"https:\/\/www.indigovenice.com\/de\/wp-json\/wp\/v2\/pages"}],"about":[{"href":"https:\/\/www.indigovenice.com\/de\/wp-json\/wp\/v2\/types\/page"}],"author":[{"embeddable":true,"href":"https:\/\/www.indigovenice.com\/de\/wp-json\/wp\/v2\/users\/3"}],"replies":[{"embeddable":true,"href":"https:\/\/www.indigovenice.com\/de\/wp-json\/wp\/v2\/comments?post=263"}],"version-history":[{"count":0,"href":"https:\/\/www.indigovenice.com\/de\/wp-json\/wp\/v2\/pages\/263\/revisions"}],"up":[{"embeddable":true,"href":"https:\/\/www.indigovenice.com\/de\/wp-json\/wp\/v2\/pages\/250"}],"wp:attachment":[{"href":"https:\/\/www.indigovenice.com\/de\/wp-json\/wp\/v2\/media?parent=263"}],"curies":[{"name":"wp","href":"https:\/\/api.w.org\/{rel}","templated":true}]}}