{"id":286,"date":"2019-05-31T14:42:49","date_gmt":"2019-05-31T14:42:49","guid":{"rendered":"http:\/\/st-elena.ms.decms.eu\/?page_id=286"},"modified":"2026-03-18T08:06:27","modified_gmt":"2026-03-18T08:06:27","slug":"zimmer-und-suiten","status":"publish","type":"page","link":"https:\/\/www.indigovenice.com\/de\/zimmer-und-suiten\/","title":{"rendered":"Zimmer und Suiten"},"content":{"rendered":"<h1>Charmante Zimmer und Suiten in Gehweite der Biennale<\/h1>\n<p>Inmitten der ruhigen Atmosph\u00e4re der Insel St. Helena bieten unsere Zimmer einen angenehmen <strong>Blick auf den Innengarten<\/strong> oder auf das Leben in den ruhigen Gassen unseres Viertels.<\/p>\n<p>Alle unsere Zimmer sind eine originelle Mischung aus modernem Design und Kreativit\u00e4t und bieten mehr als nur einen Platz zum Schlafen und einen komfortablen Arbeitsbereich.<br \/>\nJedes Zimmer im <strong>Hotel Indigo Venice &#8211; Sant&#8217;Elena<\/strong> ist mit jeglichem Komfort ausgestattet und zeichnet sich durch die Liebe zum Detail aus. In unseren Badezimmern im Spa-Stil, die mit Regenduschk\u00f6pfen und exquisiten Toilettenartikeln ausgestattet sind, werden Sie sich erfrischt und belebt f\u00fchlen.<\/p>\n<p>Das Geb\u00e4ude, das urspr\u00fcnglich ein Kloster beherbergte, hat seine beeindruckende Architektur bewahrt und wurde in ger\u00e4umige <a href=\"https:\/\/www.indigovenice.com\/de\/zimmer-und-suiten\/\">Suiten und Zimmer<\/a> umgebaut, die die einzigartige Mischung aus Kultur, Charakter und Atmosph\u00e4re unseres Viertels widerspiegeln.<br \/>\n<strong>Nur wenige Schritte von der Biennale entfernt<\/strong>, hat jeder Zimmertyp seinen eigenen Charakter.<\/p>\n<p><strong>Das einzigartige Design geht auf die Geschichte zur\u00fcck<\/strong>, auf die enge Verbindung zwischen der Stadt Venedig, die als westliches Tor zum Osten gilt, und der byzantinischen Kultur, die sich in den Farben und Strukturen der Verzierungen widerspiegelt.<\/p>\n<p>Inspiriert von dem k\u00fcnstlerischen Flair, das im Sommer w\u00e4hrend der Biennale f\u00fcr zeitgen\u00f6ssische Kunst und Architektur durch das Viertel weht, <strong>verbinden die Zimmer einen modernen Stil mit einem detaillierten Design<\/strong>, bei dem die hervorragende <strong>lokale Handwerkskunst<\/strong> zum Tragen kommt<\/p>\n<p>Jedes Zimmer kann zum perfekten Ort werden, um einen besonderen Anlass zu feiern. Bl\u00e4ttern Sie in unserer Brosch\u00fcre und entdecken Sie unsere <strong>Zimmerdienste<\/strong>.<\/p>\n","protected":false},"excerpt":{"rendered":"<p>Charmante Zimmer und Suiten in Gehweite der Biennale Inmitten der ruhigen Atmosph\u00e4re der Insel St. Helena bieten unsere Zimmer einen angenehmen Blick auf den Innengarten oder auf das Leben in den ruhigen Gassen unseres Viertels. Alle unsere Zimmer sind eine originelle Mischung aus modernem Design und Kreativit\u00e4t und bieten mehr als nur einen Platz zum [&hellip;]<\/p>\n","protected":false},"author":7,"featured_media":0,"parent":0,"menu_order":2,"comment_status":"closed","ping_status":"closed","template":"template-rooms.php","meta":{"footnotes":""},"class_list":["post-286","page","type-page","status-publish","hentry"],"yoast_head":"<!-- This site is optimized with the Yoast SEO plugin v26.9 - https:\/\/yoast.com\/product\/yoast-seo-wordpress\/ -->\n<title>Zimmer und Suiten - Hotel Indigo Venice - Sant&#039;Elena<\/title>\n<meta name=\"robots\" content=\"index, follow, max-snippet:-1, max-image-preview:large, max-video-preview:-1\" \/>\n<link rel=\"canonical\" href=\"https:\/\/www.indigovenice.com\/de\/zimmer-und-suiten\/\" \/>\n<meta property=\"og:locale\" content=\"de_DE\" \/>\n<meta property=\"og:type\" content=\"article\" \/>\n<meta property=\"og:title\" content=\"Zimmer und Suiten - Hotel Indigo Venice - Sant&#039;Elena\" \/>\n<meta property=\"og:description\" content=\"Charmante Zimmer und Suiten in Gehweite der Biennale Inmitten der ruhigen Atmosph\u00e4re der Insel St. Helena bieten unsere Zimmer einen angenehmen Blick auf den Innengarten oder auf das Leben in den ruhigen Gassen unseres Viertels. Alle unsere Zimmer sind eine originelle Mischung aus modernem Design und Kreativit\u00e4t und bieten mehr als nur einen Platz zum [&hellip;]\" \/>\n<meta property=\"og:url\" content=\"https:\/\/www.indigovenice.com\/de\/zimmer-und-suiten\/\" \/>\n<meta property=\"og:site_name\" content=\"Hotel Indigo Venice - Sant&#039;Elena\" \/>\n<meta property=\"article:modified_time\" content=\"2026-03-18T08:06:27+00:00\" \/>\n<meta name=\"twitter:card\" content=\"summary_large_image\" \/>\n<meta name=\"twitter:label1\" content=\"Gesch\u00e4tzte Lesezeit\" \/>\n\t<meta name=\"twitter:data1\" content=\"2 Minuten\" \/>\n<script type=\"application\/ld+json\" class=\"yoast-schema-graph\">{\"@context\":\"https:\/\/schema.org\",\"@graph\":[{\"@type\":\"WebPage\",\"@id\":\"https:\/\/www.indigovenice.com\/de\/zimmer-und-suiten\/\",\"url\":\"https:\/\/www.indigovenice.com\/de\/zimmer-und-suiten\/\",\"name\":\"Zimmer und Suiten - Hotel Indigo Venice - Sant'Elena\",\"isPartOf\":{\"@id\":\"https:\/\/www.indigovenice.com\/de\/#website\"},\"datePublished\":\"2019-05-31T14:42:49+00:00\",\"dateModified\":\"2026-03-18T08:06:27+00:00\",\"breadcrumb\":{\"@id\":\"https:\/\/www.indigovenice.com\/de\/zimmer-und-suiten\/#breadcrumb\"},\"inLanguage\":\"de-DE\",\"potentialAction\":[{\"@type\":\"ReadAction\",\"target\":[\"https:\/\/www.indigovenice.com\/de\/zimmer-und-suiten\/\"]}]},{\"@type\":\"BreadcrumbList\",\"@id\":\"https:\/\/www.indigovenice.com\/de\/zimmer-und-suiten\/#breadcrumb\",\"itemListElement\":[{\"@type\":\"ListItem\",\"position\":1,\"name\":\"Home\",\"item\":\"https:\/\/www.indigovenice.com\/de\/\"},{\"@type\":\"ListItem\",\"position\":2,\"name\":\"Zimmer und Suiten\"}]},{\"@type\":\"WebSite\",\"@id\":\"https:\/\/www.indigovenice.com\/de\/#website\",\"url\":\"https:\/\/www.indigovenice.com\/de\/\",\"name\":\"Hotel Indigo Venice - Sant'Elena\",\"description\":\"Just another ms.decms.eu site\",\"potentialAction\":[{\"@type\":\"SearchAction\",\"target\":{\"@type\":\"EntryPoint\",\"urlTemplate\":\"https:\/\/www.indigovenice.com\/de\/?s={search_term_string}\"},\"query-input\":{\"@type\":\"PropertyValueSpecification\",\"valueRequired\":true,\"valueName\":\"search_term_string\"}}],\"inLanguage\":\"de-DE\"}]}<\/script>\n<!-- \/ Yoast SEO plugin. -->","yoast_head_json":{"title":"Zimmer und Suiten - Hotel Indigo Venice - Sant'Elena","robots":{"index":"index","follow":"follow","max-snippet":"max-snippet:-1","max-image-preview":"max-image-preview:large","max-video-preview":"max-video-preview:-1"},"canonical":"https:\/\/www.indigovenice.com\/de\/zimmer-und-suiten\/","og_locale":"de_DE","og_type":"article","og_title":"Zimmer und Suiten - Hotel Indigo Venice - Sant'Elena","og_description":"Charmante Zimmer und Suiten in Gehweite der Biennale Inmitten der ruhigen Atmosph\u00e4re der Insel St. Helena bieten unsere Zimmer einen angenehmen Blick auf den Innengarten oder auf das Leben in den ruhigen Gassen unseres Viertels. Alle unsere Zimmer sind eine originelle Mischung aus modernem Design und Kreativit\u00e4t und bieten mehr als nur einen Platz zum [&hellip;]","og_url":"https:\/\/www.indigovenice.com\/de\/zimmer-und-suiten\/","og_site_name":"Hotel Indigo Venice - Sant'Elena","article_modified_time":"2026-03-18T08:06:27+00:00","twitter_card":"summary_large_image","twitter_misc":{"Gesch\u00e4tzte Lesezeit":"2 Minuten"},"schema":{"@context":"https:\/\/schema.org","@graph":[{"@type":"WebPage","@id":"https:\/\/www.indigovenice.com\/de\/zimmer-und-suiten\/","url":"https:\/\/www.indigovenice.com\/de\/zimmer-und-suiten\/","name":"Zimmer und Suiten - Hotel Indigo Venice - Sant'Elena","isPartOf":{"@id":"https:\/\/www.indigovenice.com\/de\/#website"},"datePublished":"2019-05-31T14:42:49+00:00","dateModified":"2026-03-18T08:06:27+00:00","breadcrumb":{"@id":"https:\/\/www.indigovenice.com\/de\/zimmer-und-suiten\/#breadcrumb"},"inLanguage":"de-DE","potentialAction":[{"@type":"ReadAction","target":["https:\/\/www.indigovenice.com\/de\/zimmer-und-suiten\/"]}]},{"@type":"BreadcrumbList","@id":"https:\/\/www.indigovenice.com\/de\/zimmer-und-suiten\/#breadcrumb","itemListElement":[{"@type":"ListItem","position":1,"name":"Home","item":"https:\/\/www.indigovenice.com\/de\/"},{"@type":"ListItem","position":2,"name":"Zimmer und Suiten"}]},{"@type":"WebSite","@id":"https:\/\/www.indigovenice.com\/de\/#website","url":"https:\/\/www.indigovenice.com\/de\/","name":"Hotel Indigo Venice - Sant'Elena","description":"Just another ms.decms.eu site","potentialAction":[{"@type":"SearchAction","target":{"@type":"EntryPoint","urlTemplate":"https:\/\/www.indigovenice.com\/de\/?s={search_term_string}"},"query-input":{"@type":"PropertyValueSpecification","valueRequired":true,"valueName":"search_term_string"}}],"inLanguage":"de-DE"}]}},"acf":[],"_links":{"self":[{"href":"https:\/\/www.indigovenice.com\/de\/wp-json\/wp\/v2\/pages\/286","targetHints":{"allow":["GET"]}}],"collection":[{"href":"https:\/\/www.indigovenice.com\/de\/wp-json\/wp\/v2\/pages"}],"about":[{"href":"https:\/\/www.indigovenice.com\/de\/wp-json\/wp\/v2\/types\/page"}],"author":[{"embeddable":true,"href":"https:\/\/www.indigovenice.com\/de\/wp-json\/wp\/v2\/users\/7"}],"replies":[{"embeddable":true,"href":"https:\/\/www.indigovenice.com\/de\/wp-json\/wp\/v2\/comments?post=286"}],"version-history":[{"count":0,"href":"https:\/\/www.indigovenice.com\/de\/wp-json\/wp\/v2\/pages\/286\/revisions"}],"wp:attachment":[{"href":"https:\/\/www.indigovenice.com\/de\/wp-json\/wp\/v2\/media?parent=286"}],"curies":[{"name":"wp","href":"https:\/\/api.w.org\/{rel}","templated":true}]}}