{"id":322,"date":"2019-06-03T09:50:42","date_gmt":"2019-06-03T09:50:42","guid":{"rendered":"http:\/\/st-elena.ms.decms.eu\/?page_id=322"},"modified":"2025-11-07T12:08:15","modified_gmt":"2025-11-07T12:08:15","slug":"standard-zimmer-innengarten","status":"publish","type":"page","link":"https:\/\/www.indigovenice.com\/de\/zimmer-und-suiten\/standard-zimmer-innengarten\/","title":{"rendered":"Standard-zimmer Inner Garden"},"content":{"rendered":"<h1>Ihr exklusiver Zugang zum Innengarten<\/h1>\n<p>Unsere sch\u00f6n eingerichteten und geschmackvoll dekorierten <strong>Standardzimmer Inner Garden<\/strong> werden allen Anspr\u00fcchen gerecht. Ausgestattet mit allen modernen Annehmlichkeiten in Bezug auf M\u00f6bel und Technik, sind unsere Standardzimmer Inner Garden die ideale Wahl f\u00fcr Ihren n\u00e4chsten Aufenthalt in Venedig.<\/p>\n<p>Alle Standardzimmer sind mit Klimaanlage, einem ger\u00e4umigen Schreibtisch, Fernseher mit Chromecast, Tee- und Kaffeekocher, kostenloser Flasche Wasser, zus\u00e4tzlichen Kissen, Safe, Minibar und Bad mit Badewanne oder Dusche ausgestattet.<\/p>\n<p>Zimmer mit <strong data-start=\"535\" data-end=\"553\">Queensize-Bett<\/strong>, bieten Platz f\u00fcr bis zu <strong data-start=\"579\" data-end=\"593\">2 Personen<\/strong>.<\/p>\n","protected":false},"excerpt":{"rendered":"<p>Ihr exklusiver Zugang zum Innengarten Unsere sch\u00f6n eingerichteten und geschmackvoll dekorierten Standardzimmer Inner Garden werden allen Anspr\u00fcchen gerecht. Ausgestattet mit allen modernen Annehmlichkeiten in Bezug auf M\u00f6bel und Technik, sind unsere Standardzimmer Inner Garden die ideale Wahl f\u00fcr Ihren n\u00e4chsten Aufenthalt in Venedig. Alle Standardzimmer sind mit Klimaanlage, einem ger\u00e4umigen Schreibtisch, Fernseher mit Chromecast, Tee- [&hellip;]<\/p>\n","protected":false},"author":7,"featured_media":0,"parent":286,"menu_order":2,"comment_status":"closed","ping_status":"closed","template":"template-single-room.php","meta":{"footnotes":""},"class_list":["post-322","page","type-page","status-publish","hentry"],"yoast_head":"<!-- This site is optimized with the Yoast SEO plugin v26.9 - https:\/\/yoast.com\/product\/yoast-seo-wordpress\/ -->\n<title>Standard-zimmer Inner Garden 4-Stern-Boutiquehotel| Indigo Venice<\/title>\n<meta name=\"description\" content=\"Die Standard-zimmer Inner Garden im Hotel Indigo Venice Sant&#039;Elena sind elegant und ger\u00e4umig: Blick auf die Gassen oder den Innengarten.\" \/>\n<meta name=\"robots\" content=\"index, follow, max-snippet:-1, max-image-preview:large, max-video-preview:-1\" \/>\n<link rel=\"canonical\" href=\"https:\/\/www.indigovenice.com\/de\/zimmer-und-suiten\/standard-zimmer-innengarten\/\" \/>\n<meta property=\"og:locale\" content=\"de_DE\" \/>\n<meta property=\"og:type\" content=\"article\" \/>\n<meta property=\"og:title\" content=\"Standard-zimmer Inner Garden 4-Stern-Boutiquehotel| Indigo Venice\" \/>\n<meta property=\"og:description\" content=\"Die Standard-zimmer Inner Garden im Hotel Indigo Venice Sant&#039;Elena sind elegant und ger\u00e4umig: Blick auf die Gassen oder den Innengarten.\" \/>\n<meta property=\"og:url\" content=\"https:\/\/www.indigovenice.com\/de\/zimmer-und-suiten\/standard-zimmer-innengarten\/\" \/>\n<meta property=\"og:site_name\" content=\"Hotel Indigo Venice - Sant&#039;Elena\" \/>\n<meta property=\"article:modified_time\" content=\"2025-11-07T12:08:15+00:00\" \/>\n<meta name=\"twitter:card\" content=\"summary_large_image\" \/>\n<meta name=\"twitter:label1\" content=\"Gesch\u00e4tzte Lesezeit\" \/>\n\t<meta name=\"twitter:data1\" content=\"1 Minute\" \/>\n<script type=\"application\/ld+json\" class=\"yoast-schema-graph\">{\"@context\":\"https:\/\/schema.org\",\"@graph\":[{\"@type\":\"WebPage\",\"@id\":\"https:\/\/www.indigovenice.com\/de\/zimmer-und-suiten\/standard-zimmer-innengarten\/\",\"url\":\"https:\/\/www.indigovenice.com\/de\/zimmer-und-suiten\/standard-zimmer-innengarten\/\",\"name\":\"Standard-zimmer Inner Garden 4-Stern-Boutiquehotel| Indigo Venice\",\"isPartOf\":{\"@id\":\"https:\/\/www.indigovenice.com\/de\/#website\"},\"datePublished\":\"2019-06-03T09:50:42+00:00\",\"dateModified\":\"2025-11-07T12:08:15+00:00\",\"description\":\"Die Standard-zimmer Inner Garden im Hotel Indigo Venice Sant'Elena sind elegant und ger\u00e4umig: Blick auf die Gassen oder den Innengarten.\",\"breadcrumb\":{\"@id\":\"https:\/\/www.indigovenice.com\/de\/zimmer-und-suiten\/standard-zimmer-innengarten\/#breadcrumb\"},\"inLanguage\":\"de-DE\",\"potentialAction\":[{\"@type\":\"ReadAction\",\"target\":[\"https:\/\/www.indigovenice.com\/de\/zimmer-und-suiten\/standard-zimmer-innengarten\/\"]}]},{\"@type\":\"BreadcrumbList\",\"@id\":\"https:\/\/www.indigovenice.com\/de\/zimmer-und-suiten\/standard-zimmer-innengarten\/#breadcrumb\",\"itemListElement\":[{\"@type\":\"ListItem\",\"position\":1,\"name\":\"Home\",\"item\":\"https:\/\/www.indigovenice.com\/de\/\"},{\"@type\":\"ListItem\",\"position\":2,\"name\":\"Zimmer und Suiten\",\"item\":\"https:\/\/www.indigovenice.com\/de\/zimmer-und-suiten\/\"},{\"@type\":\"ListItem\",\"position\":3,\"name\":\"Standard-zimmer Inner Garden\"}]},{\"@type\":\"WebSite\",\"@id\":\"https:\/\/www.indigovenice.com\/de\/#website\",\"url\":\"https:\/\/www.indigovenice.com\/de\/\",\"name\":\"Hotel Indigo Venice - Sant'Elena\",\"description\":\"Just another ms.decms.eu site\",\"potentialAction\":[{\"@type\":\"SearchAction\",\"target\":{\"@type\":\"EntryPoint\",\"urlTemplate\":\"https:\/\/www.indigovenice.com\/de\/?s={search_term_string}\"},\"query-input\":{\"@type\":\"PropertyValueSpecification\",\"valueRequired\":true,\"valueName\":\"search_term_string\"}}],\"inLanguage\":\"de-DE\"}]}<\/script>\n<!-- \/ Yoast SEO plugin. -->","yoast_head_json":{"title":"Standard-zimmer Inner Garden 4-Stern-Boutiquehotel| Indigo Venice","description":"Die Standard-zimmer Inner Garden im Hotel Indigo Venice Sant'Elena sind elegant und ger\u00e4umig: Blick auf die Gassen oder den Innengarten.","robots":{"index":"index","follow":"follow","max-snippet":"max-snippet:-1","max-image-preview":"max-image-preview:large","max-video-preview":"max-video-preview:-1"},"canonical":"https:\/\/www.indigovenice.com\/de\/zimmer-und-suiten\/standard-zimmer-innengarten\/","og_locale":"de_DE","og_type":"article","og_title":"Standard-zimmer Inner Garden 4-Stern-Boutiquehotel| Indigo Venice","og_description":"Die Standard-zimmer Inner Garden im Hotel Indigo Venice Sant'Elena sind elegant und ger\u00e4umig: Blick auf die Gassen oder den Innengarten.","og_url":"https:\/\/www.indigovenice.com\/de\/zimmer-und-suiten\/standard-zimmer-innengarten\/","og_site_name":"Hotel Indigo Venice - Sant'Elena","article_modified_time":"2025-11-07T12:08:15+00:00","twitter_card":"summary_large_image","twitter_misc":{"Gesch\u00e4tzte Lesezeit":"1 Minute"},"schema":{"@context":"https:\/\/schema.org","@graph":[{"@type":"WebPage","@id":"https:\/\/www.indigovenice.com\/de\/zimmer-und-suiten\/standard-zimmer-innengarten\/","url":"https:\/\/www.indigovenice.com\/de\/zimmer-und-suiten\/standard-zimmer-innengarten\/","name":"Standard-zimmer Inner Garden 4-Stern-Boutiquehotel| Indigo Venice","isPartOf":{"@id":"https:\/\/www.indigovenice.com\/de\/#website"},"datePublished":"2019-06-03T09:50:42+00:00","dateModified":"2025-11-07T12:08:15+00:00","description":"Die Standard-zimmer Inner Garden im Hotel Indigo Venice Sant'Elena sind elegant und ger\u00e4umig: Blick auf die Gassen oder den Innengarten.","breadcrumb":{"@id":"https:\/\/www.indigovenice.com\/de\/zimmer-und-suiten\/standard-zimmer-innengarten\/#breadcrumb"},"inLanguage":"de-DE","potentialAction":[{"@type":"ReadAction","target":["https:\/\/www.indigovenice.com\/de\/zimmer-und-suiten\/standard-zimmer-innengarten\/"]}]},{"@type":"BreadcrumbList","@id":"https:\/\/www.indigovenice.com\/de\/zimmer-und-suiten\/standard-zimmer-innengarten\/#breadcrumb","itemListElement":[{"@type":"ListItem","position":1,"name":"Home","item":"https:\/\/www.indigovenice.com\/de\/"},{"@type":"ListItem","position":2,"name":"Zimmer und Suiten","item":"https:\/\/www.indigovenice.com\/de\/zimmer-und-suiten\/"},{"@type":"ListItem","position":3,"name":"Standard-zimmer Inner Garden"}]},{"@type":"WebSite","@id":"https:\/\/www.indigovenice.com\/de\/#website","url":"https:\/\/www.indigovenice.com\/de\/","name":"Hotel Indigo Venice - Sant'Elena","description":"Just another ms.decms.eu site","potentialAction":[{"@type":"SearchAction","target":{"@type":"EntryPoint","urlTemplate":"https:\/\/www.indigovenice.com\/de\/?s={search_term_string}"},"query-input":{"@type":"PropertyValueSpecification","valueRequired":true,"valueName":"search_term_string"}}],"inLanguage":"de-DE"}]}},"acf":[],"_links":{"self":[{"href":"https:\/\/www.indigovenice.com\/de\/wp-json\/wp\/v2\/pages\/322","targetHints":{"allow":["GET"]}}],"collection":[{"href":"https:\/\/www.indigovenice.com\/de\/wp-json\/wp\/v2\/pages"}],"about":[{"href":"https:\/\/www.indigovenice.com\/de\/wp-json\/wp\/v2\/types\/page"}],"author":[{"embeddable":true,"href":"https:\/\/www.indigovenice.com\/de\/wp-json\/wp\/v2\/users\/7"}],"replies":[{"embeddable":true,"href":"https:\/\/www.indigovenice.com\/de\/wp-json\/wp\/v2\/comments?post=322"}],"version-history":[{"count":0,"href":"https:\/\/www.indigovenice.com\/de\/wp-json\/wp\/v2\/pages\/322\/revisions"}],"up":[{"embeddable":true,"href":"https:\/\/www.indigovenice.com\/de\/wp-json\/wp\/v2\/pages\/286"}],"wp:attachment":[{"href":"https:\/\/www.indigovenice.com\/de\/wp-json\/wp\/v2\/media?parent=322"}],"curies":[{"name":"wp","href":"https:\/\/api.w.org\/{rel}","templated":true}]}}