{"id":325,"date":"2019-06-03T09:58:40","date_gmt":"2019-06-03T09:58:40","guid":{"rendered":"http:\/\/st-elena.ms.decms.eu\/?page_id=325"},"modified":"2024-01-24T14:52:49","modified_gmt":"2024-01-24T14:52:49","slug":"anfahrt","status":"publish","type":"page","link":"https:\/\/www.indigovenice.com\/de\/viertel\/anfahrt\/","title":{"rendered":"Anfahrt"},"content":{"rendered":"<p>W\u00e4hlen Sie die passende Option f\u00fcr sich aus und kontaktieren Sie uns f\u00fcr weitere Informationen.<\/p>\n<p>Venedig ist eine reine Fu\u00dfg\u00e4ngerstadt, <strong>Autos sind nicht erlaubt<\/strong>.<br \/>\nHier k\u00f6nnen Sie Ihr Auto parken:<br \/>\n&#8211; Piazzale Roma Parkh\u00e4user. Von hier aus folgen Sie den unten aufgef\u00fchrten Hinweisen.<br \/>\n&#8211; Tronchetto Parkhaus, mit Piazzale Roma \u00fcber ein automatisiertes Personenbef\u00f6rderungssystem (\u20ac1.50, 2 Minuten) verbunden.<\/p>\n","protected":false},"excerpt":{"rendered":"<p>W\u00e4hlen Sie die passende Option f\u00fcr sich aus und kontaktieren Sie uns f\u00fcr weitere Informationen. Venedig ist eine reine Fu\u00dfg\u00e4ngerstadt, Autos sind nicht erlaubt. Hier k\u00f6nnen Sie Ihr Auto parken: &#8211; Piazzale Roma Parkh\u00e4user. Von hier aus folgen Sie den unten aufgef\u00fchrten Hinweisen. &#8211; Tronchetto Parkhaus, mit Piazzale Roma \u00fcber ein automatisiertes Personenbef\u00f6rderungssystem (\u20ac1.50, 2 [&hellip;]<\/p>\n","protected":false},"author":3,"featured_media":0,"parent":326,"menu_order":1,"comment_status":"closed","ping_status":"closed","template":"","meta":{"footnotes":""},"class_list":["post-325","page","type-page","status-publish","hentry"],"yoast_head":"<!-- This site is optimized with the Yoast SEO plugin v26.9 - https:\/\/yoast.com\/product\/yoast-seo-wordpress\/ -->\n<title>Anreise zum Hotel Indigo Venice | Taxiboot, Zug, Flughafen<\/title>\n<meta name=\"description\" content=\"Per Flugzeug, Zug, Taxi, Vaporetto oder Boot. Das Hotel Indigo Venice Sant\u2019Elena in Venedig ist von \u00fcberall aus in Venedig erreichbar!\" \/>\n<meta name=\"robots\" content=\"index, follow, max-snippet:-1, max-image-preview:large, max-video-preview:-1\" \/>\n<link rel=\"canonical\" href=\"https:\/\/www.indigovenice.com\/de\/viertel\/anfahrt\/\" \/>\n<meta property=\"og:locale\" content=\"de_DE\" \/>\n<meta property=\"og:type\" content=\"article\" \/>\n<meta property=\"og:title\" content=\"Anreise zum Hotel Indigo Venice | Taxiboot, Zug, Flughafen\" \/>\n<meta property=\"og:description\" content=\"Per Flugzeug, Zug, Taxi, Vaporetto oder Boot. Das Hotel Indigo Venice Sant\u2019Elena in Venedig ist von \u00fcberall aus in Venedig erreichbar!\" \/>\n<meta property=\"og:url\" content=\"https:\/\/www.indigovenice.com\/de\/viertel\/anfahrt\/\" \/>\n<meta property=\"og:site_name\" content=\"Hotel Indigo Venice - Sant&#039;Elena\" \/>\n<meta property=\"article:modified_time\" content=\"2024-01-24T14:52:49+00:00\" \/>\n<meta name=\"twitter:card\" content=\"summary_large_image\" \/>\n<script type=\"application\/ld+json\" class=\"yoast-schema-graph\">{\"@context\":\"https:\/\/schema.org\",\"@graph\":[{\"@type\":\"WebPage\",\"@id\":\"https:\/\/www.indigovenice.com\/de\/viertel\/anfahrt\/\",\"url\":\"https:\/\/www.indigovenice.com\/de\/viertel\/anfahrt\/\",\"name\":\"Anreise zum Hotel Indigo Venice | Taxiboot, Zug, Flughafen\",\"isPartOf\":{\"@id\":\"https:\/\/www.indigovenice.com\/de\/#website\"},\"datePublished\":\"2019-06-03T09:58:40+00:00\",\"dateModified\":\"2024-01-24T14:52:49+00:00\",\"description\":\"Per Flugzeug, Zug, Taxi, Vaporetto oder Boot. Das Hotel Indigo Venice Sant\u2019Elena in Venedig ist von \u00fcberall aus in Venedig erreichbar!\",\"breadcrumb\":{\"@id\":\"https:\/\/www.indigovenice.com\/de\/viertel\/anfahrt\/#breadcrumb\"},\"inLanguage\":\"de-DE\",\"potentialAction\":[{\"@type\":\"ReadAction\",\"target\":[\"https:\/\/www.indigovenice.com\/de\/viertel\/anfahrt\/\"]}]},{\"@type\":\"BreadcrumbList\",\"@id\":\"https:\/\/www.indigovenice.com\/de\/viertel\/anfahrt\/#breadcrumb\",\"itemListElement\":[{\"@type\":\"ListItem\",\"position\":1,\"name\":\"Home\",\"item\":\"https:\/\/www.indigovenice.com\/de\/\"},{\"@type\":\"ListItem\",\"position\":2,\"name\":\"Viertel\",\"item\":\"https:\/\/www.indigovenice.com\/de\/viertel\/\"},{\"@type\":\"ListItem\",\"position\":3,\"name\":\"Anfahrt\"}]},{\"@type\":\"WebSite\",\"@id\":\"https:\/\/www.indigovenice.com\/de\/#website\",\"url\":\"https:\/\/www.indigovenice.com\/de\/\",\"name\":\"Hotel Indigo Venice - Sant'Elena\",\"description\":\"Just another ms.decms.eu site\",\"potentialAction\":[{\"@type\":\"SearchAction\",\"target\":{\"@type\":\"EntryPoint\",\"urlTemplate\":\"https:\/\/www.indigovenice.com\/de\/?s={search_term_string}\"},\"query-input\":{\"@type\":\"PropertyValueSpecification\",\"valueRequired\":true,\"valueName\":\"search_term_string\"}}],\"inLanguage\":\"de-DE\"}]}<\/script>\n<!-- \/ Yoast SEO plugin. -->","yoast_head_json":{"title":"Anreise zum Hotel Indigo Venice | Taxiboot, Zug, Flughafen","description":"Per Flugzeug, Zug, Taxi, Vaporetto oder Boot. Das Hotel Indigo Venice Sant\u2019Elena in Venedig ist von \u00fcberall aus in Venedig erreichbar!","robots":{"index":"index","follow":"follow","max-snippet":"max-snippet:-1","max-image-preview":"max-image-preview:large","max-video-preview":"max-video-preview:-1"},"canonical":"https:\/\/www.indigovenice.com\/de\/viertel\/anfahrt\/","og_locale":"de_DE","og_type":"article","og_title":"Anreise zum Hotel Indigo Venice | Taxiboot, Zug, Flughafen","og_description":"Per Flugzeug, Zug, Taxi, Vaporetto oder Boot. Das Hotel Indigo Venice Sant\u2019Elena in Venedig ist von \u00fcberall aus in Venedig erreichbar!","og_url":"https:\/\/www.indigovenice.com\/de\/viertel\/anfahrt\/","og_site_name":"Hotel Indigo Venice - Sant'Elena","article_modified_time":"2024-01-24T14:52:49+00:00","twitter_card":"summary_large_image","schema":{"@context":"https:\/\/schema.org","@graph":[{"@type":"WebPage","@id":"https:\/\/www.indigovenice.com\/de\/viertel\/anfahrt\/","url":"https:\/\/www.indigovenice.com\/de\/viertel\/anfahrt\/","name":"Anreise zum Hotel Indigo Venice | Taxiboot, Zug, Flughafen","isPartOf":{"@id":"https:\/\/www.indigovenice.com\/de\/#website"},"datePublished":"2019-06-03T09:58:40+00:00","dateModified":"2024-01-24T14:52:49+00:00","description":"Per Flugzeug, Zug, Taxi, Vaporetto oder Boot. Das Hotel Indigo Venice Sant\u2019Elena in Venedig ist von \u00fcberall aus in Venedig erreichbar!","breadcrumb":{"@id":"https:\/\/www.indigovenice.com\/de\/viertel\/anfahrt\/#breadcrumb"},"inLanguage":"de-DE","potentialAction":[{"@type":"ReadAction","target":["https:\/\/www.indigovenice.com\/de\/viertel\/anfahrt\/"]}]},{"@type":"BreadcrumbList","@id":"https:\/\/www.indigovenice.com\/de\/viertel\/anfahrt\/#breadcrumb","itemListElement":[{"@type":"ListItem","position":1,"name":"Home","item":"https:\/\/www.indigovenice.com\/de\/"},{"@type":"ListItem","position":2,"name":"Viertel","item":"https:\/\/www.indigovenice.com\/de\/viertel\/"},{"@type":"ListItem","position":3,"name":"Anfahrt"}]},{"@type":"WebSite","@id":"https:\/\/www.indigovenice.com\/de\/#website","url":"https:\/\/www.indigovenice.com\/de\/","name":"Hotel Indigo Venice - Sant'Elena","description":"Just another ms.decms.eu site","potentialAction":[{"@type":"SearchAction","target":{"@type":"EntryPoint","urlTemplate":"https:\/\/www.indigovenice.com\/de\/?s={search_term_string}"},"query-input":{"@type":"PropertyValueSpecification","valueRequired":true,"valueName":"search_term_string"}}],"inLanguage":"de-DE"}]}},"acf":[],"_links":{"self":[{"href":"https:\/\/www.indigovenice.com\/de\/wp-json\/wp\/v2\/pages\/325","targetHints":{"allow":["GET"]}}],"collection":[{"href":"https:\/\/www.indigovenice.com\/de\/wp-json\/wp\/v2\/pages"}],"about":[{"href":"https:\/\/www.indigovenice.com\/de\/wp-json\/wp\/v2\/types\/page"}],"author":[{"embeddable":true,"href":"https:\/\/www.indigovenice.com\/de\/wp-json\/wp\/v2\/users\/3"}],"replies":[{"embeddable":true,"href":"https:\/\/www.indigovenice.com\/de\/wp-json\/wp\/v2\/comments?post=325"}],"version-history":[{"count":0,"href":"https:\/\/www.indigovenice.com\/de\/wp-json\/wp\/v2\/pages\/325\/revisions"}],"up":[{"embeddable":true,"href":"https:\/\/www.indigovenice.com\/de\/wp-json\/wp\/v2\/pages\/326"}],"wp:attachment":[{"href":"https:\/\/www.indigovenice.com\/de\/wp-json\/wp\/v2\/media?parent=325"}],"curies":[{"name":"wp","href":"https:\/\/api.w.org\/{rel}","templated":true}]}}