{"id":326,"date":"2019-06-03T09:53:15","date_gmt":"2019-06-03T09:53:15","guid":{"rendered":"http:\/\/st-elena.ms.decms.eu\/?page_id=326"},"modified":"2022-07-22T08:35:11","modified_gmt":"2022-07-22T08:35:11","slug":"viertel","status":"publish","type":"page","link":"https:\/\/www.indigovenice.com\/de\/viertel\/","title":{"rendered":"Viertel"},"content":{"rendered":"<p>Inmitten der ruhigen Atmosph\u00e4re des Viertels ist es der ideale Ausgangspunkt f\u00fcr Erkundungstouren durch die Stadt. Nach einem kurzen Spaziergang durch den Parco delle Rimembranze mit seinen majest\u00e4tischen B\u00e4umen und entlang der Riva degli Schiavoni gelangen Sie bald zum ber\u00fchmten <strong>Markusplatz<\/strong>, dem monumentalen Juwel der historischen Stadt.<\/p>\n","protected":false},"excerpt":{"rendered":"<p>Inmitten der ruhigen Atmosph\u00e4re des Viertels ist es der ideale Ausgangspunkt f\u00fcr Erkundungstouren durch die Stadt. Nach einem kurzen Spaziergang durch den Parco delle Rimembranze mit seinen majest\u00e4tischen B\u00e4umen und entlang der Riva degli Schiavoni gelangen Sie bald zum ber\u00fchmten Markusplatz, dem monumentalen Juwel der historischen Stadt.<\/p>\n","protected":false},"author":3,"featured_media":0,"parent":0,"menu_order":6,"comment_status":"closed","ping_status":"closed","template":"template-location.php","meta":{"footnotes":""},"class_list":["post-326","page","type-page","status-publish","hentry"],"yoast_head":"<!-- This site is optimized with the Yoast SEO plugin v26.9 - https:\/\/yoast.com\/product\/yoast-seo-wordpress\/ -->\n<title>4-Stern-Hotel Indigo Venice N\u00e4he Biennale G\u00e4rten und Arsenale<\/title>\n<meta name=\"description\" content=\"Die Biennale G\u00e4rten nahe dem Hotel Indigo Venice Sant&#039;Elena, der Markusplatz ist nur wenige Gehminuten entfernt. Entdecken Sie das Venedig im Bezirk Castello!\" \/>\n<meta name=\"robots\" content=\"index, follow, max-snippet:-1, max-image-preview:large, max-video-preview:-1\" \/>\n<link rel=\"canonical\" href=\"https:\/\/www.indigovenice.com\/de\/viertel\/\" \/>\n<meta property=\"og:locale\" content=\"de_DE\" \/>\n<meta property=\"og:type\" content=\"article\" \/>\n<meta property=\"og:title\" content=\"4-Stern-Hotel Indigo Venice N\u00e4he Biennale G\u00e4rten und Arsenale\" \/>\n<meta property=\"og:description\" content=\"Die Biennale G\u00e4rten nahe dem Hotel Indigo Venice Sant&#039;Elena, der Markusplatz ist nur wenige Gehminuten entfernt. Entdecken Sie das Venedig im Bezirk Castello!\" \/>\n<meta property=\"og:url\" content=\"https:\/\/www.indigovenice.com\/de\/viertel\/\" \/>\n<meta property=\"og:site_name\" content=\"Hotel Indigo Venice - Sant&#039;Elena\" \/>\n<meta property=\"article:modified_time\" content=\"2022-07-22T08:35:11+00:00\" \/>\n<meta name=\"twitter:card\" content=\"summary_large_image\" \/>\n<script type=\"application\/ld+json\" class=\"yoast-schema-graph\">{\"@context\":\"https:\/\/schema.org\",\"@graph\":[{\"@type\":\"WebPage\",\"@id\":\"https:\/\/www.indigovenice.com\/de\/viertel\/\",\"url\":\"https:\/\/www.indigovenice.com\/de\/viertel\/\",\"name\":\"4-Stern-Hotel Indigo Venice N\u00e4he Biennale G\u00e4rten und Arsenale\",\"isPartOf\":{\"@id\":\"https:\/\/www.indigovenice.com\/de\/#website\"},\"datePublished\":\"2019-06-03T09:53:15+00:00\",\"dateModified\":\"2022-07-22T08:35:11+00:00\",\"description\":\"Die Biennale G\u00e4rten nahe dem Hotel Indigo Venice Sant'Elena, der Markusplatz ist nur wenige Gehminuten entfernt. Entdecken Sie das Venedig im Bezirk Castello!\",\"breadcrumb\":{\"@id\":\"https:\/\/www.indigovenice.com\/de\/viertel\/#breadcrumb\"},\"inLanguage\":\"de-DE\",\"potentialAction\":[{\"@type\":\"ReadAction\",\"target\":[\"https:\/\/www.indigovenice.com\/de\/viertel\/\"]}]},{\"@type\":\"BreadcrumbList\",\"@id\":\"https:\/\/www.indigovenice.com\/de\/viertel\/#breadcrumb\",\"itemListElement\":[{\"@type\":\"ListItem\",\"position\":1,\"name\":\"Home\",\"item\":\"https:\/\/www.indigovenice.com\/de\/\"},{\"@type\":\"ListItem\",\"position\":2,\"name\":\"Viertel\"}]},{\"@type\":\"WebSite\",\"@id\":\"https:\/\/www.indigovenice.com\/de\/#website\",\"url\":\"https:\/\/www.indigovenice.com\/de\/\",\"name\":\"Hotel Indigo Venice - Sant'Elena\",\"description\":\"Just another ms.decms.eu site\",\"potentialAction\":[{\"@type\":\"SearchAction\",\"target\":{\"@type\":\"EntryPoint\",\"urlTemplate\":\"https:\/\/www.indigovenice.com\/de\/?s={search_term_string}\"},\"query-input\":{\"@type\":\"PropertyValueSpecification\",\"valueRequired\":true,\"valueName\":\"search_term_string\"}}],\"inLanguage\":\"de-DE\"}]}<\/script>\n<!-- \/ Yoast SEO plugin. -->","yoast_head_json":{"title":"4-Stern-Hotel Indigo Venice N\u00e4he Biennale G\u00e4rten und Arsenale","description":"Die Biennale G\u00e4rten nahe dem Hotel Indigo Venice Sant'Elena, der Markusplatz ist nur wenige Gehminuten entfernt. Entdecken Sie das Venedig im Bezirk Castello!","robots":{"index":"index","follow":"follow","max-snippet":"max-snippet:-1","max-image-preview":"max-image-preview:large","max-video-preview":"max-video-preview:-1"},"canonical":"https:\/\/www.indigovenice.com\/de\/viertel\/","og_locale":"de_DE","og_type":"article","og_title":"4-Stern-Hotel Indigo Venice N\u00e4he Biennale G\u00e4rten und Arsenale","og_description":"Die Biennale G\u00e4rten nahe dem Hotel Indigo Venice Sant'Elena, der Markusplatz ist nur wenige Gehminuten entfernt. Entdecken Sie das Venedig im Bezirk Castello!","og_url":"https:\/\/www.indigovenice.com\/de\/viertel\/","og_site_name":"Hotel Indigo Venice - Sant'Elena","article_modified_time":"2022-07-22T08:35:11+00:00","twitter_card":"summary_large_image","schema":{"@context":"https:\/\/schema.org","@graph":[{"@type":"WebPage","@id":"https:\/\/www.indigovenice.com\/de\/viertel\/","url":"https:\/\/www.indigovenice.com\/de\/viertel\/","name":"4-Stern-Hotel Indigo Venice N\u00e4he Biennale G\u00e4rten und Arsenale","isPartOf":{"@id":"https:\/\/www.indigovenice.com\/de\/#website"},"datePublished":"2019-06-03T09:53:15+00:00","dateModified":"2022-07-22T08:35:11+00:00","description":"Die Biennale G\u00e4rten nahe dem Hotel Indigo Venice Sant'Elena, der Markusplatz ist nur wenige Gehminuten entfernt. Entdecken Sie das Venedig im Bezirk Castello!","breadcrumb":{"@id":"https:\/\/www.indigovenice.com\/de\/viertel\/#breadcrumb"},"inLanguage":"de-DE","potentialAction":[{"@type":"ReadAction","target":["https:\/\/www.indigovenice.com\/de\/viertel\/"]}]},{"@type":"BreadcrumbList","@id":"https:\/\/www.indigovenice.com\/de\/viertel\/#breadcrumb","itemListElement":[{"@type":"ListItem","position":1,"name":"Home","item":"https:\/\/www.indigovenice.com\/de\/"},{"@type":"ListItem","position":2,"name":"Viertel"}]},{"@type":"WebSite","@id":"https:\/\/www.indigovenice.com\/de\/#website","url":"https:\/\/www.indigovenice.com\/de\/","name":"Hotel Indigo Venice - Sant'Elena","description":"Just another ms.decms.eu site","potentialAction":[{"@type":"SearchAction","target":{"@type":"EntryPoint","urlTemplate":"https:\/\/www.indigovenice.com\/de\/?s={search_term_string}"},"query-input":{"@type":"PropertyValueSpecification","valueRequired":true,"valueName":"search_term_string"}}],"inLanguage":"de-DE"}]}},"acf":[],"_links":{"self":[{"href":"https:\/\/www.indigovenice.com\/de\/wp-json\/wp\/v2\/pages\/326","targetHints":{"allow":["GET"]}}],"collection":[{"href":"https:\/\/www.indigovenice.com\/de\/wp-json\/wp\/v2\/pages"}],"about":[{"href":"https:\/\/www.indigovenice.com\/de\/wp-json\/wp\/v2\/types\/page"}],"author":[{"embeddable":true,"href":"https:\/\/www.indigovenice.com\/de\/wp-json\/wp\/v2\/users\/3"}],"replies":[{"embeddable":true,"href":"https:\/\/www.indigovenice.com\/de\/wp-json\/wp\/v2\/comments?post=326"}],"version-history":[{"count":0,"href":"https:\/\/www.indigovenice.com\/de\/wp-json\/wp\/v2\/pages\/326\/revisions"}],"wp:attachment":[{"href":"https:\/\/www.indigovenice.com\/de\/wp-json\/wp\/v2\/media?parent=326"}],"curies":[{"name":"wp","href":"https:\/\/api.w.org\/{rel}","templated":true}]}}