{"id":343,"date":"2019-06-03T13:05:21","date_gmt":"2019-06-03T13:05:21","guid":{"rendered":"http:\/\/st-elena.ms.decms.eu\/?page_id=343"},"modified":"2025-11-07T12:12:39","modified_gmt":"2025-11-07T12:12:39","slug":"suite-mit-gartenblick","status":"publish","type":"page","link":"https:\/\/www.indigovenice.com\/de\/zimmer-und-suiten\/suite-mit-gartenblick\/","title":{"rendered":"Suite mit Gartenblick"},"content":{"rendered":"<h1>Die Stille Venedigs aus dem Fenster<\/h1>\n<p>Unsere ger\u00e4umigen, modernen und lichtdurchfluteten <strong>Suiten mit Gartenblick<\/strong> sind der <strong>perfekte Rahmen f\u00fcr einen Familienurlaub in Venedig<\/strong>.<\/p>\n<p>Die Suiten mit Gartenblick sind ideal f\u00fcr einen l\u00e4ngeren Aufenthalt und verf\u00fcgen \u00fcber einen ger\u00e4umigen <strong>Wohnbereich mit Sofa und Couchtisch<\/strong>, wo Sie sich bei einer Tasse Tee oder Kaffee entspannen k\u00f6nnen.<\/p>\n<p>Alle Suiten mit Gartenblick sind klimatisiert und verf\u00fcgen \u00fcber einen ger\u00e4umigen Schreibtisch, Fernseher mit Chromecast, Kaffee-Maschine, Tee- und Kaffeekocher, kostenlose Flasche Wasser, zus\u00e4tzliche Kissen, Safe, Minibar und ein Badezimmer mit Badewanne oder Dusche.<\/p>\n<p data-start=\"571\" data-end=\"680\">Zimmer mit <strong data-start=\"601\" data-end=\"618\">Kingsize-Bett<\/strong> und <strong data-start=\"623\" data-end=\"637\">Schlafsofa<\/strong>, bieten Platz f\u00fcr bis zu <strong data-start=\"663\" data-end=\"677\">4 Personen<\/strong>.<\/p>\n","protected":false},"excerpt":{"rendered":"<p>Die Stille Venedigs aus dem Fenster Unsere ger\u00e4umigen, modernen und lichtdurchfluteten Suiten mit Gartenblick sind der perfekte Rahmen f\u00fcr einen Familienurlaub in Venedig. Die Suiten mit Gartenblick sind ideal f\u00fcr einen l\u00e4ngeren Aufenthalt und verf\u00fcgen \u00fcber einen ger\u00e4umigen Wohnbereich mit Sofa und Couchtisch, wo Sie sich bei einer Tasse Tee oder Kaffee entspannen k\u00f6nnen. Alle [&hellip;]<\/p>\n","protected":false},"author":7,"featured_media":0,"parent":286,"menu_order":4,"comment_status":"closed","ping_status":"closed","template":"template-single-room.php","meta":{"footnotes":""},"class_list":["post-343","page","type-page","status-publish","hentry"],"yoast_head":"<!-- This site is optimized with the Yoast SEO plugin v26.9 - https:\/\/yoast.com\/product\/yoast-seo-wordpress\/ -->\n<title>Suite mit Gartenblick 4-Stern-Boutiquehotel in Venedig | Hotel Indigo Venice<\/title>\n<meta name=\"description\" content=\"Die Suite mit Gartenblick im Hotel Indigo Venice Sant&#039;Elena bieten einen phantastischen Blick auf den Innengarten.\" \/>\n<meta name=\"robots\" content=\"index, follow, max-snippet:-1, max-image-preview:large, max-video-preview:-1\" \/>\n<link rel=\"canonical\" href=\"https:\/\/www.indigovenice.com\/de\/zimmer-und-suiten\/suite-mit-gartenblick\/\" \/>\n<meta property=\"og:locale\" content=\"de_DE\" \/>\n<meta property=\"og:type\" content=\"article\" \/>\n<meta property=\"og:title\" content=\"Suite mit Gartenblick 4-Stern-Boutiquehotel in Venedig | Hotel Indigo Venice\" \/>\n<meta property=\"og:description\" content=\"Die Suite mit Gartenblick im Hotel Indigo Venice Sant&#039;Elena bieten einen phantastischen Blick auf den Innengarten.\" \/>\n<meta property=\"og:url\" content=\"https:\/\/www.indigovenice.com\/de\/zimmer-und-suiten\/suite-mit-gartenblick\/\" \/>\n<meta property=\"og:site_name\" content=\"Hotel Indigo Venice - Sant&#039;Elena\" \/>\n<meta property=\"article:modified_time\" content=\"2025-11-07T12:12:39+00:00\" \/>\n<meta name=\"twitter:card\" content=\"summary_large_image\" \/>\n<meta name=\"twitter:label1\" content=\"Gesch\u00e4tzte Lesezeit\" \/>\n\t<meta name=\"twitter:data1\" content=\"1 Minute\" \/>\n<script type=\"application\/ld+json\" class=\"yoast-schema-graph\">{\"@context\":\"https:\/\/schema.org\",\"@graph\":[{\"@type\":\"WebPage\",\"@id\":\"https:\/\/www.indigovenice.com\/de\/zimmer-und-suiten\/suite-mit-gartenblick\/\",\"url\":\"https:\/\/www.indigovenice.com\/de\/zimmer-und-suiten\/suite-mit-gartenblick\/\",\"name\":\"Suite mit Gartenblick 4-Stern-Boutiquehotel in Venedig | Hotel Indigo Venice\",\"isPartOf\":{\"@id\":\"https:\/\/www.indigovenice.com\/de\/#website\"},\"datePublished\":\"2019-06-03T13:05:21+00:00\",\"dateModified\":\"2025-11-07T12:12:39+00:00\",\"description\":\"Die Suite mit Gartenblick im Hotel Indigo Venice Sant'Elena bieten einen phantastischen Blick auf den Innengarten.\",\"breadcrumb\":{\"@id\":\"https:\/\/www.indigovenice.com\/de\/zimmer-und-suiten\/suite-mit-gartenblick\/#breadcrumb\"},\"inLanguage\":\"de-DE\",\"potentialAction\":[{\"@type\":\"ReadAction\",\"target\":[\"https:\/\/www.indigovenice.com\/de\/zimmer-und-suiten\/suite-mit-gartenblick\/\"]}]},{\"@type\":\"BreadcrumbList\",\"@id\":\"https:\/\/www.indigovenice.com\/de\/zimmer-und-suiten\/suite-mit-gartenblick\/#breadcrumb\",\"itemListElement\":[{\"@type\":\"ListItem\",\"position\":1,\"name\":\"Home\",\"item\":\"https:\/\/www.indigovenice.com\/de\/\"},{\"@type\":\"ListItem\",\"position\":2,\"name\":\"Zimmer und Suiten\",\"item\":\"https:\/\/www.indigovenice.com\/de\/zimmer-und-suiten\/\"},{\"@type\":\"ListItem\",\"position\":3,\"name\":\"Suite mit Gartenblick\"}]},{\"@type\":\"WebSite\",\"@id\":\"https:\/\/www.indigovenice.com\/de\/#website\",\"url\":\"https:\/\/www.indigovenice.com\/de\/\",\"name\":\"Hotel Indigo Venice - Sant'Elena\",\"description\":\"Just another ms.decms.eu site\",\"potentialAction\":[{\"@type\":\"SearchAction\",\"target\":{\"@type\":\"EntryPoint\",\"urlTemplate\":\"https:\/\/www.indigovenice.com\/de\/?s={search_term_string}\"},\"query-input\":{\"@type\":\"PropertyValueSpecification\",\"valueRequired\":true,\"valueName\":\"search_term_string\"}}],\"inLanguage\":\"de-DE\"}]}<\/script>\n<!-- \/ Yoast SEO plugin. -->","yoast_head_json":{"title":"Suite mit Gartenblick 4-Stern-Boutiquehotel in Venedig | Hotel Indigo Venice","description":"Die Suite mit Gartenblick im Hotel Indigo Venice Sant'Elena bieten einen phantastischen Blick auf den Innengarten.","robots":{"index":"index","follow":"follow","max-snippet":"max-snippet:-1","max-image-preview":"max-image-preview:large","max-video-preview":"max-video-preview:-1"},"canonical":"https:\/\/www.indigovenice.com\/de\/zimmer-und-suiten\/suite-mit-gartenblick\/","og_locale":"de_DE","og_type":"article","og_title":"Suite mit Gartenblick 4-Stern-Boutiquehotel in Venedig | Hotel Indigo Venice","og_description":"Die Suite mit Gartenblick im Hotel Indigo Venice Sant'Elena bieten einen phantastischen Blick auf den Innengarten.","og_url":"https:\/\/www.indigovenice.com\/de\/zimmer-und-suiten\/suite-mit-gartenblick\/","og_site_name":"Hotel Indigo Venice - Sant'Elena","article_modified_time":"2025-11-07T12:12:39+00:00","twitter_card":"summary_large_image","twitter_misc":{"Gesch\u00e4tzte Lesezeit":"1 Minute"},"schema":{"@context":"https:\/\/schema.org","@graph":[{"@type":"WebPage","@id":"https:\/\/www.indigovenice.com\/de\/zimmer-und-suiten\/suite-mit-gartenblick\/","url":"https:\/\/www.indigovenice.com\/de\/zimmer-und-suiten\/suite-mit-gartenblick\/","name":"Suite mit Gartenblick 4-Stern-Boutiquehotel in Venedig | Hotel Indigo Venice","isPartOf":{"@id":"https:\/\/www.indigovenice.com\/de\/#website"},"datePublished":"2019-06-03T13:05:21+00:00","dateModified":"2025-11-07T12:12:39+00:00","description":"Die Suite mit Gartenblick im Hotel Indigo Venice Sant'Elena bieten einen phantastischen Blick auf den Innengarten.","breadcrumb":{"@id":"https:\/\/www.indigovenice.com\/de\/zimmer-und-suiten\/suite-mit-gartenblick\/#breadcrumb"},"inLanguage":"de-DE","potentialAction":[{"@type":"ReadAction","target":["https:\/\/www.indigovenice.com\/de\/zimmer-und-suiten\/suite-mit-gartenblick\/"]}]},{"@type":"BreadcrumbList","@id":"https:\/\/www.indigovenice.com\/de\/zimmer-und-suiten\/suite-mit-gartenblick\/#breadcrumb","itemListElement":[{"@type":"ListItem","position":1,"name":"Home","item":"https:\/\/www.indigovenice.com\/de\/"},{"@type":"ListItem","position":2,"name":"Zimmer und Suiten","item":"https:\/\/www.indigovenice.com\/de\/zimmer-und-suiten\/"},{"@type":"ListItem","position":3,"name":"Suite mit Gartenblick"}]},{"@type":"WebSite","@id":"https:\/\/www.indigovenice.com\/de\/#website","url":"https:\/\/www.indigovenice.com\/de\/","name":"Hotel Indigo Venice - Sant'Elena","description":"Just another ms.decms.eu site","potentialAction":[{"@type":"SearchAction","target":{"@type":"EntryPoint","urlTemplate":"https:\/\/www.indigovenice.com\/de\/?s={search_term_string}"},"query-input":{"@type":"PropertyValueSpecification","valueRequired":true,"valueName":"search_term_string"}}],"inLanguage":"de-DE"}]}},"acf":[],"_links":{"self":[{"href":"https:\/\/www.indigovenice.com\/de\/wp-json\/wp\/v2\/pages\/343","targetHints":{"allow":["GET"]}}],"collection":[{"href":"https:\/\/www.indigovenice.com\/de\/wp-json\/wp\/v2\/pages"}],"about":[{"href":"https:\/\/www.indigovenice.com\/de\/wp-json\/wp\/v2\/types\/page"}],"author":[{"embeddable":true,"href":"https:\/\/www.indigovenice.com\/de\/wp-json\/wp\/v2\/users\/7"}],"replies":[{"embeddable":true,"href":"https:\/\/www.indigovenice.com\/de\/wp-json\/wp\/v2\/comments?post=343"}],"version-history":[{"count":0,"href":"https:\/\/www.indigovenice.com\/de\/wp-json\/wp\/v2\/pages\/343\/revisions"}],"up":[{"embeddable":true,"href":"https:\/\/www.indigovenice.com\/de\/wp-json\/wp\/v2\/pages\/286"}],"wp:attachment":[{"href":"https:\/\/www.indigovenice.com\/de\/wp-json\/wp\/v2\/media?parent=343"}],"curies":[{"name":"wp","href":"https:\/\/api.w.org\/{rel}","templated":true}]}}