{"id":357,"date":"2019-06-03T12:29:21","date_gmt":"2019-06-03T12:29:21","guid":{"rendered":"http:\/\/st-elena.ms.decms.eu\/?page_id=357"},"modified":"2019-06-10T14:12:48","modified_gmt":"2019-06-10T14:12:48","slug":"sestiere-di-castello","status":"publish","type":"page","link":"https:\/\/www.indigovenice.com\/de\/viertel\/sestiere-di-castello\/","title":{"rendered":"Sestiere di Castello"},"content":{"rendered":"<p>Perfekt f\u00fcr all jene, die Venedig \u201ewie Einheimische\u201c erleben m\u00f6chten, Sant\u2019Elena ist eine Welt f\u00fcr sich. Es ist ein <strong>Gef\u00fchl von Heiterkeit,<\/strong> das Sie in dem Moment einh\u00fcllt, in dem Sie an der Haltestelle Sant\u2019Elena, die das Viertel mit dem Rest der venezianischen Lagune verbindet, aus dem Vaporetto (Wassertaxi) aussteigen. Die Station befindet sich im wunderbar ruhigen Parco delle Rimembranze.<\/p>\n<p>&nbsp;<\/p>\n","protected":false},"excerpt":{"rendered":"<p>Perfekt f\u00fcr all jene, die Venedig \u201ewie Einheimische\u201c erleben m\u00f6chten, Sant\u2019Elena ist eine Welt f\u00fcr sich. Es ist ein Gef\u00fchl von Heiterkeit, das Sie in dem Moment einh\u00fcllt, in dem Sie an der Haltestelle Sant\u2019Elena, die das Viertel mit dem Rest der venezianischen Lagune verbindet, aus dem Vaporetto (Wassertaxi) aussteigen. Die Station befindet sich im [&hellip;]<\/p>\n","protected":false},"author":3,"featured_media":0,"parent":326,"menu_order":2,"comment_status":"closed","ping_status":"closed","template":"","meta":{"footnotes":""},"class_list":["post-357","page","type-page","status-publish","hentry"],"yoast_head":"<!-- This site is optimized with the Yoast SEO plugin v26.9 - https:\/\/yoast.com\/product\/yoast-seo-wordpress\/ -->\n<title>Venedig Sestiere Castello | 4-Sterne-Hotel Indigo Venice<\/title>\n<meta name=\"description\" content=\"Unser Hotel liegt im Bezirk Castello, in der N\u00e4he des Arsenale und der Biennale G\u00e4rten, unweit der Riva degli Schiavoni. Entdecken Sie diesen Winkel Venedigs!\" \/>\n<meta name=\"robots\" content=\"index, follow, max-snippet:-1, max-image-preview:large, max-video-preview:-1\" \/>\n<link rel=\"canonical\" href=\"https:\/\/www.indigovenice.com\/de\/viertel\/sestiere-di-castello\/\" \/>\n<meta property=\"og:locale\" content=\"de_DE\" \/>\n<meta property=\"og:type\" content=\"article\" \/>\n<meta property=\"og:title\" content=\"Venedig Sestiere Castello | 4-Sterne-Hotel Indigo Venice\" \/>\n<meta property=\"og:description\" content=\"Unser Hotel liegt im Bezirk Castello, in der N\u00e4he des Arsenale und der Biennale G\u00e4rten, unweit der Riva degli Schiavoni. Entdecken Sie diesen Winkel Venedigs!\" \/>\n<meta property=\"og:url\" content=\"https:\/\/www.indigovenice.com\/de\/viertel\/sestiere-di-castello\/\" \/>\n<meta property=\"og:site_name\" content=\"Hotel Indigo Venice - Sant&#039;Elena\" \/>\n<meta property=\"article:modified_time\" content=\"2019-06-10T14:12:48+00:00\" \/>\n<meta name=\"twitter:card\" content=\"summary_large_image\" \/>\n<script type=\"application\/ld+json\" class=\"yoast-schema-graph\">{\"@context\":\"https:\/\/schema.org\",\"@graph\":[{\"@type\":\"WebPage\",\"@id\":\"https:\/\/www.indigovenice.com\/de\/viertel\/sestiere-di-castello\/\",\"url\":\"https:\/\/www.indigovenice.com\/de\/viertel\/sestiere-di-castello\/\",\"name\":\"Venedig Sestiere Castello | 4-Sterne-Hotel Indigo Venice\",\"isPartOf\":{\"@id\":\"https:\/\/www.indigovenice.com\/de\/#website\"},\"datePublished\":\"2019-06-03T12:29:21+00:00\",\"dateModified\":\"2019-06-10T14:12:48+00:00\",\"description\":\"Unser Hotel liegt im Bezirk Castello, in der N\u00e4he des Arsenale und der Biennale G\u00e4rten, unweit der Riva degli Schiavoni. Entdecken Sie diesen Winkel Venedigs!\",\"breadcrumb\":{\"@id\":\"https:\/\/www.indigovenice.com\/de\/viertel\/sestiere-di-castello\/#breadcrumb\"},\"inLanguage\":\"de-DE\",\"potentialAction\":[{\"@type\":\"ReadAction\",\"target\":[\"https:\/\/www.indigovenice.com\/de\/viertel\/sestiere-di-castello\/\"]}]},{\"@type\":\"BreadcrumbList\",\"@id\":\"https:\/\/www.indigovenice.com\/de\/viertel\/sestiere-di-castello\/#breadcrumb\",\"itemListElement\":[{\"@type\":\"ListItem\",\"position\":1,\"name\":\"Home\",\"item\":\"https:\/\/www.indigovenice.com\/de\/\"},{\"@type\":\"ListItem\",\"position\":2,\"name\":\"Viertel\",\"item\":\"https:\/\/www.indigovenice.com\/de\/viertel\/\"},{\"@type\":\"ListItem\",\"position\":3,\"name\":\"Sestiere di Castello\"}]},{\"@type\":\"WebSite\",\"@id\":\"https:\/\/www.indigovenice.com\/de\/#website\",\"url\":\"https:\/\/www.indigovenice.com\/de\/\",\"name\":\"Hotel Indigo Venice - Sant'Elena\",\"description\":\"Just another ms.decms.eu site\",\"potentialAction\":[{\"@type\":\"SearchAction\",\"target\":{\"@type\":\"EntryPoint\",\"urlTemplate\":\"https:\/\/www.indigovenice.com\/de\/?s={search_term_string}\"},\"query-input\":{\"@type\":\"PropertyValueSpecification\",\"valueRequired\":true,\"valueName\":\"search_term_string\"}}],\"inLanguage\":\"de-DE\"}]}<\/script>\n<!-- \/ Yoast SEO plugin. -->","yoast_head_json":{"title":"Venedig Sestiere Castello | 4-Sterne-Hotel Indigo Venice","description":"Unser Hotel liegt im Bezirk Castello, in der N\u00e4he des Arsenale und der Biennale G\u00e4rten, unweit der Riva degli Schiavoni. Entdecken Sie diesen Winkel Venedigs!","robots":{"index":"index","follow":"follow","max-snippet":"max-snippet:-1","max-image-preview":"max-image-preview:large","max-video-preview":"max-video-preview:-1"},"canonical":"https:\/\/www.indigovenice.com\/de\/viertel\/sestiere-di-castello\/","og_locale":"de_DE","og_type":"article","og_title":"Venedig Sestiere Castello | 4-Sterne-Hotel Indigo Venice","og_description":"Unser Hotel liegt im Bezirk Castello, in der N\u00e4he des Arsenale und der Biennale G\u00e4rten, unweit der Riva degli Schiavoni. Entdecken Sie diesen Winkel Venedigs!","og_url":"https:\/\/www.indigovenice.com\/de\/viertel\/sestiere-di-castello\/","og_site_name":"Hotel Indigo Venice - Sant'Elena","article_modified_time":"2019-06-10T14:12:48+00:00","twitter_card":"summary_large_image","schema":{"@context":"https:\/\/schema.org","@graph":[{"@type":"WebPage","@id":"https:\/\/www.indigovenice.com\/de\/viertel\/sestiere-di-castello\/","url":"https:\/\/www.indigovenice.com\/de\/viertel\/sestiere-di-castello\/","name":"Venedig Sestiere Castello | 4-Sterne-Hotel Indigo Venice","isPartOf":{"@id":"https:\/\/www.indigovenice.com\/de\/#website"},"datePublished":"2019-06-03T12:29:21+00:00","dateModified":"2019-06-10T14:12:48+00:00","description":"Unser Hotel liegt im Bezirk Castello, in der N\u00e4he des Arsenale und der Biennale G\u00e4rten, unweit der Riva degli Schiavoni. Entdecken Sie diesen Winkel Venedigs!","breadcrumb":{"@id":"https:\/\/www.indigovenice.com\/de\/viertel\/sestiere-di-castello\/#breadcrumb"},"inLanguage":"de-DE","potentialAction":[{"@type":"ReadAction","target":["https:\/\/www.indigovenice.com\/de\/viertel\/sestiere-di-castello\/"]}]},{"@type":"BreadcrumbList","@id":"https:\/\/www.indigovenice.com\/de\/viertel\/sestiere-di-castello\/#breadcrumb","itemListElement":[{"@type":"ListItem","position":1,"name":"Home","item":"https:\/\/www.indigovenice.com\/de\/"},{"@type":"ListItem","position":2,"name":"Viertel","item":"https:\/\/www.indigovenice.com\/de\/viertel\/"},{"@type":"ListItem","position":3,"name":"Sestiere di Castello"}]},{"@type":"WebSite","@id":"https:\/\/www.indigovenice.com\/de\/#website","url":"https:\/\/www.indigovenice.com\/de\/","name":"Hotel Indigo Venice - Sant'Elena","description":"Just another ms.decms.eu site","potentialAction":[{"@type":"SearchAction","target":{"@type":"EntryPoint","urlTemplate":"https:\/\/www.indigovenice.com\/de\/?s={search_term_string}"},"query-input":{"@type":"PropertyValueSpecification","valueRequired":true,"valueName":"search_term_string"}}],"inLanguage":"de-DE"}]}},"acf":[],"_links":{"self":[{"href":"https:\/\/www.indigovenice.com\/de\/wp-json\/wp\/v2\/pages\/357","targetHints":{"allow":["GET"]}}],"collection":[{"href":"https:\/\/www.indigovenice.com\/de\/wp-json\/wp\/v2\/pages"}],"about":[{"href":"https:\/\/www.indigovenice.com\/de\/wp-json\/wp\/v2\/types\/page"}],"author":[{"embeddable":true,"href":"https:\/\/www.indigovenice.com\/de\/wp-json\/wp\/v2\/users\/3"}],"replies":[{"embeddable":true,"href":"https:\/\/www.indigovenice.com\/de\/wp-json\/wp\/v2\/comments?post=357"}],"version-history":[{"count":0,"href":"https:\/\/www.indigovenice.com\/de\/wp-json\/wp\/v2\/pages\/357\/revisions"}],"up":[{"embeddable":true,"href":"https:\/\/www.indigovenice.com\/de\/wp-json\/wp\/v2\/pages\/326"}],"wp:attachment":[{"href":"https:\/\/www.indigovenice.com\/de\/wp-json\/wp\/v2\/media?parent=357"}],"curies":[{"name":"wp","href":"https:\/\/api.w.org\/{rel}","templated":true}]}}