{"id":373,"date":"2019-06-03T13:31:32","date_gmt":"2019-06-03T13:31:32","guid":{"rendered":"http:\/\/st-elena.ms.decms.eu\/?page_id=373"},"modified":"2025-11-07T12:14:46","modified_gmt":"2025-11-07T12:14:46","slug":"suite-mit-wohnbereich","status":"publish","type":"page","link":"https:\/\/www.indigovenice.com\/de\/zimmer-und-suiten\/suite-mit-wohnbereich\/","title":{"rendered":"Suite mit Living Area"},"content":{"rendered":"<h1>Elegante Zimmer mit unverwechselbarem Design<\/h1>\n<p>Die harmonisch in k\u00fchlen, an das Meer erinnernden Farbt\u00f6nen eingerichteten <strong>Suiten mit Wohnbereich<\/strong> verbinden <strong>Komfort mit anspruchsvollem Design.<\/strong><\/p>\n<p>Das Design dieser Zimmer ist von der Gondel inspiriert: Das Mobiliar erinnert an das gl\u00e4nzende Schwarz der venezianischen Boote und das Holz an das Material der Ruder, die die Gondoliere benutzen. Das zentrale Element der Suite ist das Kopfteil aus Samt, das den charakteristischen Stil der Gondelsessel nachbildet.<\/p>\n<p>Ein gro\u00dfer, <strong>eleganter Wohnbereich<\/strong>, der mit einem bequemen Sessel ausgestattet ist, schafft das perfekte Ambiente, um nach einem intensiven Tag im Freien Ruhe und Privatsph\u00e4re zu finden. G\u00f6nnen Sie sich einen erfrischenden Moment der Entspannung in der ger\u00e4umigen Dusche und ruhen Sie sich in dem gro\u00dfen, bequemen <strong>King-Size-Bett<\/strong> aus.<\/p>\n<p>Alle Suiten mit Living Area sind klimatisiert und verf\u00fcgen \u00fcber ein Bettsofa, einen ger\u00e4umigen Schreibtisch, Fernseher mit Chromecast, Kaffee-Maschine, Tee- und Kaffeekocher, kostenlose Flasche Wasser, zus\u00e4tzliche Kissen, Safe, Minibar und ein Badezimmer mit Badewanne oder Dusche.<\/p>\n<p>Zimmer mit <strong data-start=\"601\" data-end=\"618\">Kingsize-Bett<\/strong> und <strong data-start=\"623\" data-end=\"637\">Schlafsofa<\/strong>, bieten Platz f\u00fcr bis zu <strong data-start=\"663\" data-end=\"677\">3 Personen<\/strong>.<\/p>\n","protected":false},"excerpt":{"rendered":"<p>Elegante Zimmer mit unverwechselbarem Design Die harmonisch in k\u00fchlen, an das Meer erinnernden Farbt\u00f6nen eingerichteten Suiten mit Wohnbereich verbinden Komfort mit anspruchsvollem Design. Das Design dieser Zimmer ist von der Gondel inspiriert: Das Mobiliar erinnert an das gl\u00e4nzende Schwarz der venezianischen Boote und das Holz an das Material der Ruder, die die Gondoliere benutzen. Das [&hellip;]<\/p>\n","protected":false},"author":7,"featured_media":0,"parent":286,"menu_order":5,"comment_status":"closed","ping_status":"closed","template":"template-single-room.php","meta":{"footnotes":""},"class_list":["post-373","page","type-page","status-publish","hentry"],"yoast_head":"<!-- This site is optimized with the Yoast SEO plugin v26.9 - https:\/\/yoast.com\/product\/yoast-seo-wordpress\/ -->\n<title>Suite mit Wohnbereich 4-Stern-Boutiquehotel in Venedig | Hotel Indigo Venice<\/title>\n<meta name=\"description\" content=\"Die Suite mit Wohnbereich im Boutiquehotel Indigo Venice Sant&#039;Elena: Ger\u00e4umige Zimmer mit einem einzigartigen und unverwechselbaren Stil.\" \/>\n<meta name=\"robots\" content=\"index, follow, max-snippet:-1, max-image-preview:large, max-video-preview:-1\" \/>\n<link rel=\"canonical\" href=\"https:\/\/www.indigovenice.com\/de\/zimmer-und-suiten\/suite-mit-wohnbereich\/\" \/>\n<meta property=\"og:locale\" content=\"de_DE\" \/>\n<meta property=\"og:type\" content=\"article\" \/>\n<meta property=\"og:title\" content=\"Suite mit Wohnbereich 4-Stern-Boutiquehotel in Venedig | Hotel Indigo Venice\" \/>\n<meta property=\"og:description\" content=\"Die Suite mit Wohnbereich im Boutiquehotel Indigo Venice Sant&#039;Elena: Ger\u00e4umige Zimmer mit einem einzigartigen und unverwechselbaren Stil.\" \/>\n<meta property=\"og:url\" content=\"https:\/\/www.indigovenice.com\/de\/zimmer-und-suiten\/suite-mit-wohnbereich\/\" \/>\n<meta property=\"og:site_name\" content=\"Hotel Indigo Venice - Sant&#039;Elena\" \/>\n<meta property=\"article:modified_time\" content=\"2025-11-07T12:14:46+00:00\" \/>\n<meta name=\"twitter:card\" content=\"summary_large_image\" \/>\n<meta name=\"twitter:label1\" content=\"Gesch\u00e4tzte Lesezeit\" \/>\n\t<meta name=\"twitter:data1\" content=\"1 Minute\" \/>\n<script type=\"application\/ld+json\" class=\"yoast-schema-graph\">{\"@context\":\"https:\/\/schema.org\",\"@graph\":[{\"@type\":\"WebPage\",\"@id\":\"https:\/\/www.indigovenice.com\/de\/zimmer-und-suiten\/suite-mit-wohnbereich\/\",\"url\":\"https:\/\/www.indigovenice.com\/de\/zimmer-und-suiten\/suite-mit-wohnbereich\/\",\"name\":\"Suite mit Wohnbereich 4-Stern-Boutiquehotel in Venedig | Hotel Indigo Venice\",\"isPartOf\":{\"@id\":\"https:\/\/www.indigovenice.com\/de\/#website\"},\"datePublished\":\"2019-06-03T13:31:32+00:00\",\"dateModified\":\"2025-11-07T12:14:46+00:00\",\"description\":\"Die Suite mit Wohnbereich im Boutiquehotel Indigo Venice Sant'Elena: Ger\u00e4umige Zimmer mit einem einzigartigen und unverwechselbaren Stil.\",\"breadcrumb\":{\"@id\":\"https:\/\/www.indigovenice.com\/de\/zimmer-und-suiten\/suite-mit-wohnbereich\/#breadcrumb\"},\"inLanguage\":\"de-DE\",\"potentialAction\":[{\"@type\":\"ReadAction\",\"target\":[\"https:\/\/www.indigovenice.com\/de\/zimmer-und-suiten\/suite-mit-wohnbereich\/\"]}]},{\"@type\":\"BreadcrumbList\",\"@id\":\"https:\/\/www.indigovenice.com\/de\/zimmer-und-suiten\/suite-mit-wohnbereich\/#breadcrumb\",\"itemListElement\":[{\"@type\":\"ListItem\",\"position\":1,\"name\":\"Home\",\"item\":\"https:\/\/www.indigovenice.com\/de\/\"},{\"@type\":\"ListItem\",\"position\":2,\"name\":\"Zimmer und Suiten\",\"item\":\"https:\/\/www.indigovenice.com\/de\/zimmer-und-suiten\/\"},{\"@type\":\"ListItem\",\"position\":3,\"name\":\"Suite mit Living Area\"}]},{\"@type\":\"WebSite\",\"@id\":\"https:\/\/www.indigovenice.com\/de\/#website\",\"url\":\"https:\/\/www.indigovenice.com\/de\/\",\"name\":\"Hotel Indigo Venice - Sant'Elena\",\"description\":\"Just another ms.decms.eu site\",\"potentialAction\":[{\"@type\":\"SearchAction\",\"target\":{\"@type\":\"EntryPoint\",\"urlTemplate\":\"https:\/\/www.indigovenice.com\/de\/?s={search_term_string}\"},\"query-input\":{\"@type\":\"PropertyValueSpecification\",\"valueRequired\":true,\"valueName\":\"search_term_string\"}}],\"inLanguage\":\"de-DE\"}]}<\/script>\n<!-- \/ Yoast SEO plugin. -->","yoast_head_json":{"title":"Suite mit Wohnbereich 4-Stern-Boutiquehotel in Venedig | Hotel Indigo Venice","description":"Die Suite mit Wohnbereich im Boutiquehotel Indigo Venice Sant'Elena: Ger\u00e4umige Zimmer mit einem einzigartigen und unverwechselbaren Stil.","robots":{"index":"index","follow":"follow","max-snippet":"max-snippet:-1","max-image-preview":"max-image-preview:large","max-video-preview":"max-video-preview:-1"},"canonical":"https:\/\/www.indigovenice.com\/de\/zimmer-und-suiten\/suite-mit-wohnbereich\/","og_locale":"de_DE","og_type":"article","og_title":"Suite mit Wohnbereich 4-Stern-Boutiquehotel in Venedig | Hotel Indigo Venice","og_description":"Die Suite mit Wohnbereich im Boutiquehotel Indigo Venice Sant'Elena: Ger\u00e4umige Zimmer mit einem einzigartigen und unverwechselbaren Stil.","og_url":"https:\/\/www.indigovenice.com\/de\/zimmer-und-suiten\/suite-mit-wohnbereich\/","og_site_name":"Hotel Indigo Venice - Sant'Elena","article_modified_time":"2025-11-07T12:14:46+00:00","twitter_card":"summary_large_image","twitter_misc":{"Gesch\u00e4tzte Lesezeit":"1 Minute"},"schema":{"@context":"https:\/\/schema.org","@graph":[{"@type":"WebPage","@id":"https:\/\/www.indigovenice.com\/de\/zimmer-und-suiten\/suite-mit-wohnbereich\/","url":"https:\/\/www.indigovenice.com\/de\/zimmer-und-suiten\/suite-mit-wohnbereich\/","name":"Suite mit Wohnbereich 4-Stern-Boutiquehotel in Venedig | Hotel Indigo Venice","isPartOf":{"@id":"https:\/\/www.indigovenice.com\/de\/#website"},"datePublished":"2019-06-03T13:31:32+00:00","dateModified":"2025-11-07T12:14:46+00:00","description":"Die Suite mit Wohnbereich im Boutiquehotel Indigo Venice Sant'Elena: Ger\u00e4umige Zimmer mit einem einzigartigen und unverwechselbaren Stil.","breadcrumb":{"@id":"https:\/\/www.indigovenice.com\/de\/zimmer-und-suiten\/suite-mit-wohnbereich\/#breadcrumb"},"inLanguage":"de-DE","potentialAction":[{"@type":"ReadAction","target":["https:\/\/www.indigovenice.com\/de\/zimmer-und-suiten\/suite-mit-wohnbereich\/"]}]},{"@type":"BreadcrumbList","@id":"https:\/\/www.indigovenice.com\/de\/zimmer-und-suiten\/suite-mit-wohnbereich\/#breadcrumb","itemListElement":[{"@type":"ListItem","position":1,"name":"Home","item":"https:\/\/www.indigovenice.com\/de\/"},{"@type":"ListItem","position":2,"name":"Zimmer und Suiten","item":"https:\/\/www.indigovenice.com\/de\/zimmer-und-suiten\/"},{"@type":"ListItem","position":3,"name":"Suite mit Living Area"}]},{"@type":"WebSite","@id":"https:\/\/www.indigovenice.com\/de\/#website","url":"https:\/\/www.indigovenice.com\/de\/","name":"Hotel Indigo Venice - Sant'Elena","description":"Just another ms.decms.eu site","potentialAction":[{"@type":"SearchAction","target":{"@type":"EntryPoint","urlTemplate":"https:\/\/www.indigovenice.com\/de\/?s={search_term_string}"},"query-input":{"@type":"PropertyValueSpecification","valueRequired":true,"valueName":"search_term_string"}}],"inLanguage":"de-DE"}]}},"acf":[],"_links":{"self":[{"href":"https:\/\/www.indigovenice.com\/de\/wp-json\/wp\/v2\/pages\/373","targetHints":{"allow":["GET"]}}],"collection":[{"href":"https:\/\/www.indigovenice.com\/de\/wp-json\/wp\/v2\/pages"}],"about":[{"href":"https:\/\/www.indigovenice.com\/de\/wp-json\/wp\/v2\/types\/page"}],"author":[{"embeddable":true,"href":"https:\/\/www.indigovenice.com\/de\/wp-json\/wp\/v2\/users\/7"}],"replies":[{"embeddable":true,"href":"https:\/\/www.indigovenice.com\/de\/wp-json\/wp\/v2\/comments?post=373"}],"version-history":[{"count":0,"href":"https:\/\/www.indigovenice.com\/de\/wp-json\/wp\/v2\/pages\/373\/revisions"}],"up":[{"embeddable":true,"href":"https:\/\/www.indigovenice.com\/de\/wp-json\/wp\/v2\/pages\/286"}],"wp:attachment":[{"href":"https:\/\/www.indigovenice.com\/de\/wp-json\/wp\/v2\/media?parent=373"}],"curies":[{"name":"wp","href":"https:\/\/api.w.org\/{rel}","templated":true}]}}