{"id":375,"date":"2019-06-03T13:26:57","date_gmt":"2019-06-03T13:26:57","guid":{"rendered":"http:\/\/st-elena.ms.decms.eu\/?page_id=375"},"modified":"2024-06-07T08:52:56","modified_gmt":"2024-06-07T08:52:56","slug":"gaerten-der-biennale","status":"publish","type":"page","link":"https:\/\/www.indigovenice.com\/de\/viertel\/gaerten-der-biennale\/","title":{"rendered":"G\u00e4rten der Biennale"},"content":{"rendered":"<p>In diesen G\u00e4rten befinden sich fast 30 L\u00e4nderpavillons, st\u00e4ndige Kulturbotschaften, die die Kunst und Architektur ihres Landes pr\u00e4sentieren \u2013 der britische Pavillon ist ein neoklassisches Geb\u00e4ude aus dem 19. Jahrhundert, der amerikanische Pavillon ist eine gro\u00dfe palladianische Marmorstruktur, der australische Pavillon ein schwarzer Kubus im Stil des 21. Jahrhunderts.<\/p>\n","protected":false},"excerpt":{"rendered":"<p>In diesen G\u00e4rten befinden sich fast 30 L\u00e4nderpavillons, st\u00e4ndige Kulturbotschaften, die die Kunst und Architektur ihres Landes pr\u00e4sentieren \u2013 der britische Pavillon ist ein neoklassisches Geb\u00e4ude aus dem 19. Jahrhundert, der amerikanische Pavillon ist eine gro\u00dfe palladianische Marmorstruktur, der australische Pavillon ein schwarzer Kubus im Stil des 21. Jahrhunderts.<\/p>\n","protected":false},"author":3,"featured_media":0,"parent":326,"menu_order":3,"comment_status":"closed","ping_status":"closed","template":"","meta":{"footnotes":""},"class_list":["post-375","page","type-page","status-publish","hentry"],"yoast_head":"<!-- This site is optimized with the Yoast SEO plugin v26.9 - https:\/\/yoast.com\/product\/yoast-seo-wordpress\/ -->\n<title>4-Sterne-Hotel N\u00e4he Biennale G\u00e4rten Venedig | Hotel Indigo Venice<\/title>\n<meta name=\"description\" content=\"Das Hotel Indigo Venice Sant\u2019Elena liegt nahe den Biennale G\u00e4rten: von Napoleon im fr\u00fchen 19. Jahrhundert angelegt, heute Ort der ber\u00fchmten Kunstausstellung.\" \/>\n<meta name=\"robots\" content=\"index, follow, max-snippet:-1, max-image-preview:large, max-video-preview:-1\" \/>\n<link rel=\"canonical\" href=\"https:\/\/www.indigovenice.com\/de\/viertel\/gaerten-der-biennale\/\" \/>\n<meta property=\"og:locale\" content=\"de_DE\" \/>\n<meta property=\"og:type\" content=\"article\" \/>\n<meta property=\"og:title\" content=\"4-Sterne-Hotel N\u00e4he Biennale G\u00e4rten Venedig | Hotel Indigo Venice\" \/>\n<meta property=\"og:description\" content=\"Das Hotel Indigo Venice Sant\u2019Elena liegt nahe den Biennale G\u00e4rten: von Napoleon im fr\u00fchen 19. Jahrhundert angelegt, heute Ort der ber\u00fchmten Kunstausstellung.\" \/>\n<meta property=\"og:url\" content=\"https:\/\/www.indigovenice.com\/de\/viertel\/gaerten-der-biennale\/\" \/>\n<meta property=\"og:site_name\" content=\"Hotel Indigo Venice - Sant&#039;Elena\" \/>\n<meta property=\"article:modified_time\" content=\"2024-06-07T08:52:56+00:00\" \/>\n<meta name=\"twitter:card\" content=\"summary_large_image\" \/>\n<meta name=\"twitter:label1\" content=\"Gesch\u00e4tzte Lesezeit\" \/>\n\t<meta name=\"twitter:data1\" content=\"1 Minute\" \/>\n<script type=\"application\/ld+json\" class=\"yoast-schema-graph\">{\"@context\":\"https:\/\/schema.org\",\"@graph\":[{\"@type\":\"WebPage\",\"@id\":\"https:\/\/www.indigovenice.com\/de\/viertel\/gaerten-der-biennale\/\",\"url\":\"https:\/\/www.indigovenice.com\/de\/viertel\/gaerten-der-biennale\/\",\"name\":\"4-Sterne-Hotel N\u00e4he Biennale G\u00e4rten Venedig | Hotel Indigo Venice\",\"isPartOf\":{\"@id\":\"https:\/\/www.indigovenice.com\/de\/#website\"},\"datePublished\":\"2019-06-03T13:26:57+00:00\",\"dateModified\":\"2024-06-07T08:52:56+00:00\",\"description\":\"Das Hotel Indigo Venice Sant\u2019Elena liegt nahe den Biennale G\u00e4rten: von Napoleon im fr\u00fchen 19. Jahrhundert angelegt, heute Ort der ber\u00fchmten Kunstausstellung.\",\"breadcrumb\":{\"@id\":\"https:\/\/www.indigovenice.com\/de\/viertel\/gaerten-der-biennale\/#breadcrumb\"},\"inLanguage\":\"de-DE\",\"potentialAction\":[{\"@type\":\"ReadAction\",\"target\":[\"https:\/\/www.indigovenice.com\/de\/viertel\/gaerten-der-biennale\/\"]}]},{\"@type\":\"BreadcrumbList\",\"@id\":\"https:\/\/www.indigovenice.com\/de\/viertel\/gaerten-der-biennale\/#breadcrumb\",\"itemListElement\":[{\"@type\":\"ListItem\",\"position\":1,\"name\":\"Home\",\"item\":\"https:\/\/www.indigovenice.com\/de\/\"},{\"@type\":\"ListItem\",\"position\":2,\"name\":\"Viertel\",\"item\":\"https:\/\/www.indigovenice.com\/de\/viertel\/\"},{\"@type\":\"ListItem\",\"position\":3,\"name\":\"G\u00e4rten der Biennale\"}]},{\"@type\":\"WebSite\",\"@id\":\"https:\/\/www.indigovenice.com\/de\/#website\",\"url\":\"https:\/\/www.indigovenice.com\/de\/\",\"name\":\"Hotel Indigo Venice - Sant'Elena\",\"description\":\"Just another ms.decms.eu site\",\"potentialAction\":[{\"@type\":\"SearchAction\",\"target\":{\"@type\":\"EntryPoint\",\"urlTemplate\":\"https:\/\/www.indigovenice.com\/de\/?s={search_term_string}\"},\"query-input\":{\"@type\":\"PropertyValueSpecification\",\"valueRequired\":true,\"valueName\":\"search_term_string\"}}],\"inLanguage\":\"de-DE\"}]}<\/script>\n<!-- \/ Yoast SEO plugin. -->","yoast_head_json":{"title":"4-Sterne-Hotel N\u00e4he Biennale G\u00e4rten Venedig | Hotel Indigo Venice","description":"Das Hotel Indigo Venice Sant\u2019Elena liegt nahe den Biennale G\u00e4rten: von Napoleon im fr\u00fchen 19. Jahrhundert angelegt, heute Ort der ber\u00fchmten Kunstausstellung.","robots":{"index":"index","follow":"follow","max-snippet":"max-snippet:-1","max-image-preview":"max-image-preview:large","max-video-preview":"max-video-preview:-1"},"canonical":"https:\/\/www.indigovenice.com\/de\/viertel\/gaerten-der-biennale\/","og_locale":"de_DE","og_type":"article","og_title":"4-Sterne-Hotel N\u00e4he Biennale G\u00e4rten Venedig | Hotel Indigo Venice","og_description":"Das Hotel Indigo Venice Sant\u2019Elena liegt nahe den Biennale G\u00e4rten: von Napoleon im fr\u00fchen 19. Jahrhundert angelegt, heute Ort der ber\u00fchmten Kunstausstellung.","og_url":"https:\/\/www.indigovenice.com\/de\/viertel\/gaerten-der-biennale\/","og_site_name":"Hotel Indigo Venice - Sant'Elena","article_modified_time":"2024-06-07T08:52:56+00:00","twitter_card":"summary_large_image","twitter_misc":{"Gesch\u00e4tzte Lesezeit":"1 Minute"},"schema":{"@context":"https:\/\/schema.org","@graph":[{"@type":"WebPage","@id":"https:\/\/www.indigovenice.com\/de\/viertel\/gaerten-der-biennale\/","url":"https:\/\/www.indigovenice.com\/de\/viertel\/gaerten-der-biennale\/","name":"4-Sterne-Hotel N\u00e4he Biennale G\u00e4rten Venedig | Hotel Indigo Venice","isPartOf":{"@id":"https:\/\/www.indigovenice.com\/de\/#website"},"datePublished":"2019-06-03T13:26:57+00:00","dateModified":"2024-06-07T08:52:56+00:00","description":"Das Hotel Indigo Venice Sant\u2019Elena liegt nahe den Biennale G\u00e4rten: von Napoleon im fr\u00fchen 19. Jahrhundert angelegt, heute Ort der ber\u00fchmten Kunstausstellung.","breadcrumb":{"@id":"https:\/\/www.indigovenice.com\/de\/viertel\/gaerten-der-biennale\/#breadcrumb"},"inLanguage":"de-DE","potentialAction":[{"@type":"ReadAction","target":["https:\/\/www.indigovenice.com\/de\/viertel\/gaerten-der-biennale\/"]}]},{"@type":"BreadcrumbList","@id":"https:\/\/www.indigovenice.com\/de\/viertel\/gaerten-der-biennale\/#breadcrumb","itemListElement":[{"@type":"ListItem","position":1,"name":"Home","item":"https:\/\/www.indigovenice.com\/de\/"},{"@type":"ListItem","position":2,"name":"Viertel","item":"https:\/\/www.indigovenice.com\/de\/viertel\/"},{"@type":"ListItem","position":3,"name":"G\u00e4rten der Biennale"}]},{"@type":"WebSite","@id":"https:\/\/www.indigovenice.com\/de\/#website","url":"https:\/\/www.indigovenice.com\/de\/","name":"Hotel Indigo Venice - Sant'Elena","description":"Just another ms.decms.eu site","potentialAction":[{"@type":"SearchAction","target":{"@type":"EntryPoint","urlTemplate":"https:\/\/www.indigovenice.com\/de\/?s={search_term_string}"},"query-input":{"@type":"PropertyValueSpecification","valueRequired":true,"valueName":"search_term_string"}}],"inLanguage":"de-DE"}]}},"acf":[],"_links":{"self":[{"href":"https:\/\/www.indigovenice.com\/de\/wp-json\/wp\/v2\/pages\/375","targetHints":{"allow":["GET"]}}],"collection":[{"href":"https:\/\/www.indigovenice.com\/de\/wp-json\/wp\/v2\/pages"}],"about":[{"href":"https:\/\/www.indigovenice.com\/de\/wp-json\/wp\/v2\/types\/page"}],"author":[{"embeddable":true,"href":"https:\/\/www.indigovenice.com\/de\/wp-json\/wp\/v2\/users\/3"}],"replies":[{"embeddable":true,"href":"https:\/\/www.indigovenice.com\/de\/wp-json\/wp\/v2\/comments?post=375"}],"version-history":[{"count":0,"href":"https:\/\/www.indigovenice.com\/de\/wp-json\/wp\/v2\/pages\/375\/revisions"}],"up":[{"embeddable":true,"href":"https:\/\/www.indigovenice.com\/de\/wp-json\/wp\/v2\/pages\/326"}],"wp:attachment":[{"href":"https:\/\/www.indigovenice.com\/de\/wp-json\/wp\/v2\/media?parent=375"}],"curies":[{"name":"wp","href":"https:\/\/api.w.org\/{rel}","templated":true}]}}