{"id":384,"date":"2019-06-03T14:39:49","date_gmt":"2019-06-03T14:39:49","guid":{"rendered":"http:\/\/st-elena.ms.decms.eu\/?page_id=384"},"modified":"2025-11-07T12:19:12","modified_gmt":"2025-11-07T12:19:12","slug":"duplex-suite-mit-terrasse","status":"publish","type":"page","link":"https:\/\/www.indigovenice.com\/de\/zimmer-und-suiten\/duplex-suite-mit-terrasse\/","title":{"rendered":"Duplex Suite mit Terrasse"},"content":{"rendered":"<h1>Genie\u00dfen Sie den Blick \u00fcber Venedig von Sonnenaufgang bis Sonnenuntergang<\/h1>\n<p>Komfort und stilvolle Details sind in dieser ger\u00e4umigen, elegant eingerichteten <strong>Suite mit Terrasse<\/strong> garantiert, die sich \u00fcber zwei Etagen mit insgesamt 70 m\u00b2 lichtdurchfluteter Fl\u00e4che erstreckt. Der Wohnbereich umfasst ein luftiges und helles Wohnzimmer, das mit einem gro\u00dfen Sofa und bequemen Sesseln ausgestattet ist.<\/p>\n<p>Das Obergeschoss verf\u00fcgt \u00fcber ein bequemes Doppelbett mit sch\u00f6ner Aussicht, einen gro\u00dfen begehbaren Kleiderschrank und ein luxuri\u00f6ses Badezimmer. Alle Suiten mit Terrasse sind klimatisiert und verf\u00fcgen \u00fcber einen ger\u00e4umigen Schreibtisch, Fernseher mit Chromecast, Kaffee-Maschine, Tee- und Kaffeekocher, kostenlose Flasche Wasser, zus\u00e4tzliche Kissen, Safe, Minibar und ein Badezimmer mit Badewanne oder Dusche.<\/p>\n<p data-start=\"571\" data-end=\"680\">Zimmer mit <strong data-start=\"601\" data-end=\"618\">Kingsize-Bett<\/strong> und <strong data-start=\"623\" data-end=\"637\">Schlafsofa<\/strong>, bieten Platz f\u00fcr bis zu <strong data-start=\"663\" data-end=\"677\">4 Personen<\/strong>.<\/p>\n","protected":false},"excerpt":{"rendered":"<p>Genie\u00dfen Sie den Blick \u00fcber Venedig von Sonnenaufgang bis Sonnenuntergang Komfort und stilvolle Details sind in dieser ger\u00e4umigen, elegant eingerichteten Suite mit Terrasse garantiert, die sich \u00fcber zwei Etagen mit insgesamt 70 m\u00b2 lichtdurchfluteter Fl\u00e4che erstreckt. Der Wohnbereich umfasst ein luftiges und helles Wohnzimmer, das mit einem gro\u00dfen Sofa und bequemen Sesseln ausgestattet ist. Das [&hellip;]<\/p>\n","protected":false},"author":7,"featured_media":0,"parent":286,"menu_order":6,"comment_status":"closed","ping_status":"closed","template":"template-single-room.php","meta":{"footnotes":""},"class_list":["post-384","page","type-page","status-publish","hentry"],"yoast_head":"<!-- This site is optimized with the Yoast SEO plugin v26.9 - https:\/\/yoast.com\/product\/yoast-seo-wordpress\/ -->\n<title>Duplex Suite mit Terrasse 4-Stern-Hotel in Venedig | Indigo Venice<\/title>\n<meta name=\"description\" content=\"Romantisches Wochenende in Venedig? W\u00e4hlen Sie die elegante Duplex-Suite im Indigo Venice Sant&#039;Elena: \u00fcber zwei Stockwerke, mit einer romantischen Terrasse.\" \/>\n<meta name=\"robots\" content=\"index, follow, max-snippet:-1, max-image-preview:large, max-video-preview:-1\" \/>\n<link rel=\"canonical\" href=\"https:\/\/www.indigovenice.com\/de\/zimmer-und-suiten\/duplex-suite-mit-terrasse\/\" \/>\n<meta property=\"og:locale\" content=\"de_DE\" \/>\n<meta property=\"og:type\" content=\"article\" \/>\n<meta property=\"og:title\" content=\"Duplex Suite mit Terrasse 4-Stern-Hotel in Venedig | Indigo Venice\" \/>\n<meta property=\"og:description\" content=\"Romantisches Wochenende in Venedig? W\u00e4hlen Sie die elegante Duplex-Suite im Indigo Venice Sant&#039;Elena: \u00fcber zwei Stockwerke, mit einer romantischen Terrasse.\" \/>\n<meta property=\"og:url\" content=\"https:\/\/www.indigovenice.com\/de\/zimmer-und-suiten\/duplex-suite-mit-terrasse\/\" \/>\n<meta property=\"og:site_name\" content=\"Hotel Indigo Venice - Sant&#039;Elena\" \/>\n<meta property=\"article:modified_time\" content=\"2025-11-07T12:19:12+00:00\" \/>\n<meta name=\"twitter:card\" content=\"summary_large_image\" \/>\n<meta name=\"twitter:label1\" content=\"Gesch\u00e4tzte Lesezeit\" \/>\n\t<meta name=\"twitter:data1\" content=\"1 Minute\" \/>\n<script type=\"application\/ld+json\" class=\"yoast-schema-graph\">{\"@context\":\"https:\/\/schema.org\",\"@graph\":[{\"@type\":\"WebPage\",\"@id\":\"https:\/\/www.indigovenice.com\/de\/zimmer-und-suiten\/duplex-suite-mit-terrasse\/\",\"url\":\"https:\/\/www.indigovenice.com\/de\/zimmer-und-suiten\/duplex-suite-mit-terrasse\/\",\"name\":\"Duplex Suite mit Terrasse 4-Stern-Hotel in Venedig | Indigo Venice\",\"isPartOf\":{\"@id\":\"https:\/\/www.indigovenice.com\/de\/#website\"},\"datePublished\":\"2019-06-03T14:39:49+00:00\",\"dateModified\":\"2025-11-07T12:19:12+00:00\",\"description\":\"Romantisches Wochenende in Venedig? W\u00e4hlen Sie die elegante Duplex-Suite im Indigo Venice Sant'Elena: \u00fcber zwei Stockwerke, mit einer romantischen Terrasse.\",\"breadcrumb\":{\"@id\":\"https:\/\/www.indigovenice.com\/de\/zimmer-und-suiten\/duplex-suite-mit-terrasse\/#breadcrumb\"},\"inLanguage\":\"de-DE\",\"potentialAction\":[{\"@type\":\"ReadAction\",\"target\":[\"https:\/\/www.indigovenice.com\/de\/zimmer-und-suiten\/duplex-suite-mit-terrasse\/\"]}]},{\"@type\":\"BreadcrumbList\",\"@id\":\"https:\/\/www.indigovenice.com\/de\/zimmer-und-suiten\/duplex-suite-mit-terrasse\/#breadcrumb\",\"itemListElement\":[{\"@type\":\"ListItem\",\"position\":1,\"name\":\"Home\",\"item\":\"https:\/\/www.indigovenice.com\/de\/\"},{\"@type\":\"ListItem\",\"position\":2,\"name\":\"Zimmer und Suiten\",\"item\":\"https:\/\/www.indigovenice.com\/de\/zimmer-und-suiten\/\"},{\"@type\":\"ListItem\",\"position\":3,\"name\":\"Duplex Suite mit Terrasse\"}]},{\"@type\":\"WebSite\",\"@id\":\"https:\/\/www.indigovenice.com\/de\/#website\",\"url\":\"https:\/\/www.indigovenice.com\/de\/\",\"name\":\"Hotel Indigo Venice - Sant'Elena\",\"description\":\"Just another ms.decms.eu site\",\"potentialAction\":[{\"@type\":\"SearchAction\",\"target\":{\"@type\":\"EntryPoint\",\"urlTemplate\":\"https:\/\/www.indigovenice.com\/de\/?s={search_term_string}\"},\"query-input\":{\"@type\":\"PropertyValueSpecification\",\"valueRequired\":true,\"valueName\":\"search_term_string\"}}],\"inLanguage\":\"de-DE\"}]}<\/script>\n<!-- \/ Yoast SEO plugin. -->","yoast_head_json":{"title":"Duplex Suite mit Terrasse 4-Stern-Hotel in Venedig | Indigo Venice","description":"Romantisches Wochenende in Venedig? W\u00e4hlen Sie die elegante Duplex-Suite im Indigo Venice Sant'Elena: \u00fcber zwei Stockwerke, mit einer romantischen Terrasse.","robots":{"index":"index","follow":"follow","max-snippet":"max-snippet:-1","max-image-preview":"max-image-preview:large","max-video-preview":"max-video-preview:-1"},"canonical":"https:\/\/www.indigovenice.com\/de\/zimmer-und-suiten\/duplex-suite-mit-terrasse\/","og_locale":"de_DE","og_type":"article","og_title":"Duplex Suite mit Terrasse 4-Stern-Hotel in Venedig | Indigo Venice","og_description":"Romantisches Wochenende in Venedig? W\u00e4hlen Sie die elegante Duplex-Suite im Indigo Venice Sant'Elena: \u00fcber zwei Stockwerke, mit einer romantischen Terrasse.","og_url":"https:\/\/www.indigovenice.com\/de\/zimmer-und-suiten\/duplex-suite-mit-terrasse\/","og_site_name":"Hotel Indigo Venice - Sant'Elena","article_modified_time":"2025-11-07T12:19:12+00:00","twitter_card":"summary_large_image","twitter_misc":{"Gesch\u00e4tzte Lesezeit":"1 Minute"},"schema":{"@context":"https:\/\/schema.org","@graph":[{"@type":"WebPage","@id":"https:\/\/www.indigovenice.com\/de\/zimmer-und-suiten\/duplex-suite-mit-terrasse\/","url":"https:\/\/www.indigovenice.com\/de\/zimmer-und-suiten\/duplex-suite-mit-terrasse\/","name":"Duplex Suite mit Terrasse 4-Stern-Hotel in Venedig | Indigo Venice","isPartOf":{"@id":"https:\/\/www.indigovenice.com\/de\/#website"},"datePublished":"2019-06-03T14:39:49+00:00","dateModified":"2025-11-07T12:19:12+00:00","description":"Romantisches Wochenende in Venedig? W\u00e4hlen Sie die elegante Duplex-Suite im Indigo Venice Sant'Elena: \u00fcber zwei Stockwerke, mit einer romantischen Terrasse.","breadcrumb":{"@id":"https:\/\/www.indigovenice.com\/de\/zimmer-und-suiten\/duplex-suite-mit-terrasse\/#breadcrumb"},"inLanguage":"de-DE","potentialAction":[{"@type":"ReadAction","target":["https:\/\/www.indigovenice.com\/de\/zimmer-und-suiten\/duplex-suite-mit-terrasse\/"]}]},{"@type":"BreadcrumbList","@id":"https:\/\/www.indigovenice.com\/de\/zimmer-und-suiten\/duplex-suite-mit-terrasse\/#breadcrumb","itemListElement":[{"@type":"ListItem","position":1,"name":"Home","item":"https:\/\/www.indigovenice.com\/de\/"},{"@type":"ListItem","position":2,"name":"Zimmer und Suiten","item":"https:\/\/www.indigovenice.com\/de\/zimmer-und-suiten\/"},{"@type":"ListItem","position":3,"name":"Duplex Suite mit Terrasse"}]},{"@type":"WebSite","@id":"https:\/\/www.indigovenice.com\/de\/#website","url":"https:\/\/www.indigovenice.com\/de\/","name":"Hotel Indigo Venice - Sant'Elena","description":"Just another ms.decms.eu site","potentialAction":[{"@type":"SearchAction","target":{"@type":"EntryPoint","urlTemplate":"https:\/\/www.indigovenice.com\/de\/?s={search_term_string}"},"query-input":{"@type":"PropertyValueSpecification","valueRequired":true,"valueName":"search_term_string"}}],"inLanguage":"de-DE"}]}},"acf":[],"_links":{"self":[{"href":"https:\/\/www.indigovenice.com\/de\/wp-json\/wp\/v2\/pages\/384","targetHints":{"allow":["GET"]}}],"collection":[{"href":"https:\/\/www.indigovenice.com\/de\/wp-json\/wp\/v2\/pages"}],"about":[{"href":"https:\/\/www.indigovenice.com\/de\/wp-json\/wp\/v2\/types\/page"}],"author":[{"embeddable":true,"href":"https:\/\/www.indigovenice.com\/de\/wp-json\/wp\/v2\/users\/7"}],"replies":[{"embeddable":true,"href":"https:\/\/www.indigovenice.com\/de\/wp-json\/wp\/v2\/comments?post=384"}],"version-history":[{"count":0,"href":"https:\/\/www.indigovenice.com\/de\/wp-json\/wp\/v2\/pages\/384\/revisions"}],"up":[{"embeddable":true,"href":"https:\/\/www.indigovenice.com\/de\/wp-json\/wp\/v2\/pages\/286"}],"wp:attachment":[{"href":"https:\/\/www.indigovenice.com\/de\/wp-json\/wp\/v2\/media?parent=384"}],"curies":[{"name":"wp","href":"https:\/\/api.w.org\/{rel}","templated":true}]}}