{"id":411,"date":"2019-06-04T10:22:47","date_gmt":"2019-06-04T10:22:47","guid":{"rendered":"http:\/\/st-elena.ms.decms.eu\/?page_id=411"},"modified":"2025-07-22T08:01:18","modified_gmt":"2025-07-22T08:01:18","slug":"sonderangebote","status":"publish","type":"page","link":"https:\/\/www.indigovenice.com\/de\/sonderangebote\/","title":{"rendered":"Sonderangebote"},"content":{"rendered":"<p>Exklusive Vorteile und ausgew\u00e4hlte Erfahrungen werden Sie auf eine Reise durch die verzauberte Welt der ber\u00fchmten Lagunenstadt entf\u00fchren.<\/p>\n<p>Sich eine romantische Auszeit oder einen Familienurlaub zu g\u00f6nnen, ist jetzt noch einfacher dank unserer <strong>Sonderangebote<\/strong>, <strong>exklusiver Arrangements<\/strong>, die all Ihre W\u00fcnsche erf\u00fcllen, und der <strong>Garantie des besten verf\u00fcgbaren Preises<\/strong> bei direkter Buchung.<\/p>\n","protected":false},"excerpt":{"rendered":"<p>Exklusive Vorteile und ausgew\u00e4hlte Erfahrungen werden Sie auf eine Reise durch die verzauberte Welt der ber\u00fchmten Lagunenstadt entf\u00fchren. Sich eine romantische Auszeit oder einen Familienurlaub zu g\u00f6nnen, ist jetzt noch einfacher dank unserer Sonderangebote, exklusiver Arrangements, die all Ihre W\u00fcnsche erf\u00fcllen, und der Garantie des besten verf\u00fcgbaren Preises bei direkter Buchung.<\/p>\n","protected":false},"author":3,"featured_media":0,"parent":0,"menu_order":4,"comment_status":"closed","ping_status":"closed","template":"template-offers.php","meta":{"footnotes":""},"class_list":["post-411","page","type-page","status-publish","hentry"],"yoast_head":"<!-- This site is optimized with the Yoast SEO plugin v26.9 - https:\/\/yoast.com\/product\/yoast-seo-wordpress\/ -->\n<title>Best Offers 4-Sterne--Boutiquehotel Indigo Venice Sant&#039;Elena<\/title>\n<meta name=\"description\" content=\"Entdecken Sie alle Angebote des Hotels Indigo Venice Sant&#039;Elena und g\u00f6nnen Sie sich einen Aufenthalt im Herzen von Venedig, den Sie nicht erwartet haben.\" \/>\n<meta name=\"robots\" content=\"index, follow, max-snippet:-1, max-image-preview:large, max-video-preview:-1\" \/>\n<link rel=\"canonical\" href=\"https:\/\/www.indigovenice.com\/de\/sonderangebote\/\" \/>\n<meta property=\"og:locale\" content=\"de_DE\" \/>\n<meta property=\"og:type\" content=\"article\" \/>\n<meta property=\"og:title\" content=\"Best Offers 4-Sterne--Boutiquehotel Indigo Venice Sant&#039;Elena\" \/>\n<meta property=\"og:description\" content=\"Entdecken Sie alle Angebote des Hotels Indigo Venice Sant&#039;Elena und g\u00f6nnen Sie sich einen Aufenthalt im Herzen von Venedig, den Sie nicht erwartet haben.\" \/>\n<meta property=\"og:url\" content=\"https:\/\/www.indigovenice.com\/de\/sonderangebote\/\" \/>\n<meta property=\"og:site_name\" content=\"Hotel Indigo Venice - Sant&#039;Elena\" \/>\n<meta property=\"article:modified_time\" content=\"2025-07-22T08:01:18+00:00\" \/>\n<meta name=\"twitter:card\" content=\"summary_large_image\" \/>\n<meta name=\"twitter:label1\" content=\"Gesch\u00e4tzte Lesezeit\" \/>\n\t<meta name=\"twitter:data1\" content=\"1 Minute\" \/>\n<script type=\"application\/ld+json\" class=\"yoast-schema-graph\">{\"@context\":\"https:\/\/schema.org\",\"@graph\":[{\"@type\":\"WebPage\",\"@id\":\"https:\/\/www.indigovenice.com\/de\/sonderangebote\/\",\"url\":\"https:\/\/www.indigovenice.com\/de\/sonderangebote\/\",\"name\":\"Best Offers 4-Sterne--Boutiquehotel Indigo Venice Sant'Elena\",\"isPartOf\":{\"@id\":\"https:\/\/www.indigovenice.com\/de\/#website\"},\"datePublished\":\"2019-06-04T10:22:47+00:00\",\"dateModified\":\"2025-07-22T08:01:18+00:00\",\"description\":\"Entdecken Sie alle Angebote des Hotels Indigo Venice Sant'Elena und g\u00f6nnen Sie sich einen Aufenthalt im Herzen von Venedig, den Sie nicht erwartet haben.\",\"breadcrumb\":{\"@id\":\"https:\/\/www.indigovenice.com\/de\/sonderangebote\/#breadcrumb\"},\"inLanguage\":\"de-DE\",\"potentialAction\":[{\"@type\":\"ReadAction\",\"target\":[\"https:\/\/www.indigovenice.com\/de\/sonderangebote\/\"]}]},{\"@type\":\"BreadcrumbList\",\"@id\":\"https:\/\/www.indigovenice.com\/de\/sonderangebote\/#breadcrumb\",\"itemListElement\":[{\"@type\":\"ListItem\",\"position\":1,\"name\":\"Home\",\"item\":\"https:\/\/www.indigovenice.com\/de\/\"},{\"@type\":\"ListItem\",\"position\":2,\"name\":\"Sonderangebote\"}]},{\"@type\":\"WebSite\",\"@id\":\"https:\/\/www.indigovenice.com\/de\/#website\",\"url\":\"https:\/\/www.indigovenice.com\/de\/\",\"name\":\"Hotel Indigo Venice - Sant'Elena\",\"description\":\"Just another ms.decms.eu site\",\"potentialAction\":[{\"@type\":\"SearchAction\",\"target\":{\"@type\":\"EntryPoint\",\"urlTemplate\":\"https:\/\/www.indigovenice.com\/de\/?s={search_term_string}\"},\"query-input\":{\"@type\":\"PropertyValueSpecification\",\"valueRequired\":true,\"valueName\":\"search_term_string\"}}],\"inLanguage\":\"de-DE\"}]}<\/script>\n<!-- \/ Yoast SEO plugin. -->","yoast_head_json":{"title":"Best Offers 4-Sterne--Boutiquehotel Indigo Venice Sant'Elena","description":"Entdecken Sie alle Angebote des Hotels Indigo Venice Sant'Elena und g\u00f6nnen Sie sich einen Aufenthalt im Herzen von Venedig, den Sie nicht erwartet haben.","robots":{"index":"index","follow":"follow","max-snippet":"max-snippet:-1","max-image-preview":"max-image-preview:large","max-video-preview":"max-video-preview:-1"},"canonical":"https:\/\/www.indigovenice.com\/de\/sonderangebote\/","og_locale":"de_DE","og_type":"article","og_title":"Best Offers 4-Sterne--Boutiquehotel Indigo Venice Sant'Elena","og_description":"Entdecken Sie alle Angebote des Hotels Indigo Venice Sant'Elena und g\u00f6nnen Sie sich einen Aufenthalt im Herzen von Venedig, den Sie nicht erwartet haben.","og_url":"https:\/\/www.indigovenice.com\/de\/sonderangebote\/","og_site_name":"Hotel Indigo Venice - Sant'Elena","article_modified_time":"2025-07-22T08:01:18+00:00","twitter_card":"summary_large_image","twitter_misc":{"Gesch\u00e4tzte Lesezeit":"1 Minute"},"schema":{"@context":"https:\/\/schema.org","@graph":[{"@type":"WebPage","@id":"https:\/\/www.indigovenice.com\/de\/sonderangebote\/","url":"https:\/\/www.indigovenice.com\/de\/sonderangebote\/","name":"Best Offers 4-Sterne--Boutiquehotel Indigo Venice Sant'Elena","isPartOf":{"@id":"https:\/\/www.indigovenice.com\/de\/#website"},"datePublished":"2019-06-04T10:22:47+00:00","dateModified":"2025-07-22T08:01:18+00:00","description":"Entdecken Sie alle Angebote des Hotels Indigo Venice Sant'Elena und g\u00f6nnen Sie sich einen Aufenthalt im Herzen von Venedig, den Sie nicht erwartet haben.","breadcrumb":{"@id":"https:\/\/www.indigovenice.com\/de\/sonderangebote\/#breadcrumb"},"inLanguage":"de-DE","potentialAction":[{"@type":"ReadAction","target":["https:\/\/www.indigovenice.com\/de\/sonderangebote\/"]}]},{"@type":"BreadcrumbList","@id":"https:\/\/www.indigovenice.com\/de\/sonderangebote\/#breadcrumb","itemListElement":[{"@type":"ListItem","position":1,"name":"Home","item":"https:\/\/www.indigovenice.com\/de\/"},{"@type":"ListItem","position":2,"name":"Sonderangebote"}]},{"@type":"WebSite","@id":"https:\/\/www.indigovenice.com\/de\/#website","url":"https:\/\/www.indigovenice.com\/de\/","name":"Hotel Indigo Venice - Sant'Elena","description":"Just another ms.decms.eu site","potentialAction":[{"@type":"SearchAction","target":{"@type":"EntryPoint","urlTemplate":"https:\/\/www.indigovenice.com\/de\/?s={search_term_string}"},"query-input":{"@type":"PropertyValueSpecification","valueRequired":true,"valueName":"search_term_string"}}],"inLanguage":"de-DE"}]}},"acf":[],"_links":{"self":[{"href":"https:\/\/www.indigovenice.com\/de\/wp-json\/wp\/v2\/pages\/411","targetHints":{"allow":["GET"]}}],"collection":[{"href":"https:\/\/www.indigovenice.com\/de\/wp-json\/wp\/v2\/pages"}],"about":[{"href":"https:\/\/www.indigovenice.com\/de\/wp-json\/wp\/v2\/types\/page"}],"author":[{"embeddable":true,"href":"https:\/\/www.indigovenice.com\/de\/wp-json\/wp\/v2\/users\/3"}],"replies":[{"embeddable":true,"href":"https:\/\/www.indigovenice.com\/de\/wp-json\/wp\/v2\/comments?post=411"}],"version-history":[{"count":0,"href":"https:\/\/www.indigovenice.com\/de\/wp-json\/wp\/v2\/pages\/411\/revisions"}],"wp:attachment":[{"href":"https:\/\/www.indigovenice.com\/de\/wp-json\/wp\/v2\/media?parent=411"}],"curies":[{"name":"wp","href":"https:\/\/api.w.org\/{rel}","templated":true}]}}