{"id":5,"date":"2019-05-29T13:59:31","date_gmt":"2019-05-29T13:59:31","guid":{"rendered":"http:\/\/st-elena.ms.decms.eu\/?page_id=5"},"modified":"2026-04-07T09:47:50","modified_gmt":"2026-04-07T09:47:50","slug":"hotel-indigo-venice-santelena","status":"publish","type":"page","link":"https:\/\/www.indigovenice.com\/de\/","title":{"rendered":"Hotel Indigo Venice Sant&#8217;Elena"},"content":{"rendered":"<p><strong>Venedig<\/strong> ist eine <strong>m\u00e4rchenhafte Stadt<\/strong> mit atemberaubenden Pal\u00e4sten, Kathedralen und Museen. <strong>In<\/strong> <strong>unserem Nachbarschft<\/strong> <strong>finden Sie ein Ort<\/strong>, wo Sie L\u00e4rm und Hektik entkommen, <strong>das authentische lokale Leben kennenlernen<\/strong> und neue Energie tanken k\u00f6nnen.<\/p>\n<p>Das <strong>Boutique Hotel Indigo Venice\u00a0&#8211; Sant&#8217;Elena<\/strong> befindet sich <strong>nur wenige Schritte von den Biennale-G\u00e4rten <\/strong>entfernt, in einem ehemaligen Kloster aus den 1930er Jahren, mit einem wunderbaren inneren Kreuzgang, <a title=\"Zimmer und Suiten Boutique Hotel Indigo Venice Sant'Elena\" href=\"https:\/\/www.indigovenice.com\/de\/zimmer-und-suiten\/\"><strong>75 Zimmern<\/strong><\/a>, darunter elegante Suiten und <a title=\"Restaurant Savor Hotel Indigo Venice Sant'Elena\" href=\"https:\/\/www.indigovenice.com\/de\/restaurant\/savor-restaurant\/\"><strong>das charakteristische Restaurant Savor<\/strong>.<\/a><\/p>\n","protected":false},"excerpt":{"rendered":"<p>Venedig ist eine m\u00e4rchenhafte Stadt mit atemberaubenden Pal\u00e4sten, Kathedralen und Museen. In unserem Nachbarschft finden Sie ein Ort, wo Sie L\u00e4rm und Hektik entkommen, das authentische lokale Leben kennenlernen und neue Energie tanken k\u00f6nnen. Das Boutique Hotel Indigo Venice\u00a0&#8211; Sant&#8217;Elena befindet sich nur wenige Schritte von den Biennale-G\u00e4rten entfernt, in einem ehemaligen Kloster aus den [&hellip;]<\/p>\n","protected":false},"author":7,"featured_media":0,"parent":0,"menu_order":1,"comment_status":"closed","ping_status":"closed","template":"","meta":{"footnotes":""},"class_list":["post-5","page","type-page","status-publish","hentry"],"yoast_head":"<!-- This site is optimized with the Yoast SEO plugin v26.9 - https:\/\/yoast.com\/product\/yoast-seo-wordpress\/ -->\n<title>Hotel Indigo Venice Sant&#039;Elena | 4-Stern-Boutiquehotel in Venedig<\/title>\n<meta name=\"description\" content=\"Das Hotel Indigo Venice Sant\u2019Elena ist ein 4-Stern-Boutiquehotel in der N\u00e4he der Giardini della Biennale: raffiniertes Design, Innengarten, Restaurant und Bar.\" \/>\n<meta name=\"robots\" content=\"index, follow, max-snippet:-1, max-image-preview:large, max-video-preview:-1\" \/>\n<link rel=\"canonical\" href=\"https:\/\/www.indigovenice.com\/de\/\" \/>\n<meta property=\"og:locale\" content=\"de_DE\" \/>\n<meta property=\"og:type\" content=\"article\" \/>\n<meta property=\"og:title\" content=\"Hotel Indigo Venice Sant&#039;Elena | 4-Stern-Boutiquehotel in Venedig\" \/>\n<meta property=\"og:description\" content=\"Das Hotel Indigo Venice Sant\u2019Elena ist ein 4-Stern-Boutiquehotel in der N\u00e4he der Giardini della Biennale: raffiniertes Design, Innengarten, Restaurant und Bar.\" \/>\n<meta property=\"og:url\" content=\"https:\/\/www.indigovenice.com\/de\/\" \/>\n<meta property=\"og:site_name\" content=\"Hotel Indigo Venice - Sant&#039;Elena\" \/>\n<meta property=\"article:modified_time\" content=\"2026-04-07T09:47:50+00:00\" \/>\n<meta name=\"twitter:card\" content=\"summary_large_image\" \/>\n<meta name=\"twitter:label1\" content=\"Gesch\u00e4tzte Lesezeit\" \/>\n\t<meta name=\"twitter:data1\" content=\"1 Minute\" \/>\n<script type=\"application\/ld+json\" class=\"yoast-schema-graph\">{\"@context\":\"https:\/\/schema.org\",\"@graph\":[{\"@type\":\"WebPage\",\"@id\":\"https:\/\/www.indigovenice.com\/de\/\",\"url\":\"https:\/\/www.indigovenice.com\/de\/\",\"name\":\"Hotel Indigo Venice Sant'Elena | 4-Stern-Boutiquehotel in Venedig\",\"isPartOf\":{\"@id\":\"https:\/\/www.indigovenice.com\/de\/#website\"},\"datePublished\":\"2019-05-29T13:59:31+00:00\",\"dateModified\":\"2026-04-07T09:47:50+00:00\",\"description\":\"Das Hotel Indigo Venice Sant\u2019Elena ist ein 4-Stern-Boutiquehotel in der N\u00e4he der Giardini della Biennale: raffiniertes Design, Innengarten, Restaurant und Bar.\",\"breadcrumb\":{\"@id\":\"https:\/\/www.indigovenice.com\/de\/#breadcrumb\"},\"inLanguage\":\"de-DE\",\"potentialAction\":[{\"@type\":\"ReadAction\",\"target\":[\"https:\/\/www.indigovenice.com\/de\/\"]}]},{\"@type\":\"BreadcrumbList\",\"@id\":\"https:\/\/www.indigovenice.com\/de\/#breadcrumb\",\"itemListElement\":[{\"@type\":\"ListItem\",\"position\":1,\"name\":\"Home\",\"item\":\"https:\/\/www.indigovenice.com\/de\/\"},{\"@type\":\"ListItem\",\"position\":2,\"name\":\"Hotel Indigo Venice Sant&#8217;Elena\"}]},{\"@type\":\"WebSite\",\"@id\":\"https:\/\/www.indigovenice.com\/de\/#website\",\"url\":\"https:\/\/www.indigovenice.com\/de\/\",\"name\":\"Hotel Indigo Venice - Sant'Elena\",\"description\":\"Just another ms.decms.eu site\",\"potentialAction\":[{\"@type\":\"SearchAction\",\"target\":{\"@type\":\"EntryPoint\",\"urlTemplate\":\"https:\/\/www.indigovenice.com\/de\/?s={search_term_string}\"},\"query-input\":{\"@type\":\"PropertyValueSpecification\",\"valueRequired\":true,\"valueName\":\"search_term_string\"}}],\"inLanguage\":\"de-DE\"}]}<\/script>\n<!-- \/ Yoast SEO plugin. -->","yoast_head_json":{"title":"Hotel Indigo Venice Sant'Elena | 4-Stern-Boutiquehotel in Venedig","description":"Das Hotel Indigo Venice Sant\u2019Elena ist ein 4-Stern-Boutiquehotel in der N\u00e4he der Giardini della Biennale: raffiniertes Design, Innengarten, Restaurant und Bar.","robots":{"index":"index","follow":"follow","max-snippet":"max-snippet:-1","max-image-preview":"max-image-preview:large","max-video-preview":"max-video-preview:-1"},"canonical":"https:\/\/www.indigovenice.com\/de\/","og_locale":"de_DE","og_type":"article","og_title":"Hotel Indigo Venice Sant'Elena | 4-Stern-Boutiquehotel in Venedig","og_description":"Das Hotel Indigo Venice Sant\u2019Elena ist ein 4-Stern-Boutiquehotel in der N\u00e4he der Giardini della Biennale: raffiniertes Design, Innengarten, Restaurant und Bar.","og_url":"https:\/\/www.indigovenice.com\/de\/","og_site_name":"Hotel Indigo Venice - Sant'Elena","article_modified_time":"2026-04-07T09:47:50+00:00","twitter_card":"summary_large_image","twitter_misc":{"Gesch\u00e4tzte Lesezeit":"1 Minute"},"schema":{"@context":"https:\/\/schema.org","@graph":[{"@type":"WebPage","@id":"https:\/\/www.indigovenice.com\/de\/","url":"https:\/\/www.indigovenice.com\/de\/","name":"Hotel Indigo Venice Sant'Elena | 4-Stern-Boutiquehotel in Venedig","isPartOf":{"@id":"https:\/\/www.indigovenice.com\/de\/#website"},"datePublished":"2019-05-29T13:59:31+00:00","dateModified":"2026-04-07T09:47:50+00:00","description":"Das Hotel Indigo Venice Sant\u2019Elena ist ein 4-Stern-Boutiquehotel in der N\u00e4he der Giardini della Biennale: raffiniertes Design, Innengarten, Restaurant und Bar.","breadcrumb":{"@id":"https:\/\/www.indigovenice.com\/de\/#breadcrumb"},"inLanguage":"de-DE","potentialAction":[{"@type":"ReadAction","target":["https:\/\/www.indigovenice.com\/de\/"]}]},{"@type":"BreadcrumbList","@id":"https:\/\/www.indigovenice.com\/de\/#breadcrumb","itemListElement":[{"@type":"ListItem","position":1,"name":"Home","item":"https:\/\/www.indigovenice.com\/de\/"},{"@type":"ListItem","position":2,"name":"Hotel Indigo Venice Sant&#8217;Elena"}]},{"@type":"WebSite","@id":"https:\/\/www.indigovenice.com\/de\/#website","url":"https:\/\/www.indigovenice.com\/de\/","name":"Hotel Indigo Venice - Sant'Elena","description":"Just another ms.decms.eu site","potentialAction":[{"@type":"SearchAction","target":{"@type":"EntryPoint","urlTemplate":"https:\/\/www.indigovenice.com\/de\/?s={search_term_string}"},"query-input":{"@type":"PropertyValueSpecification","valueRequired":true,"valueName":"search_term_string"}}],"inLanguage":"de-DE"}]}},"acf":[],"_links":{"self":[{"href":"https:\/\/www.indigovenice.com\/de\/wp-json\/wp\/v2\/pages\/5","targetHints":{"allow":["GET"]}}],"collection":[{"href":"https:\/\/www.indigovenice.com\/de\/wp-json\/wp\/v2\/pages"}],"about":[{"href":"https:\/\/www.indigovenice.com\/de\/wp-json\/wp\/v2\/types\/page"}],"author":[{"embeddable":true,"href":"https:\/\/www.indigovenice.com\/de\/wp-json\/wp\/v2\/users\/7"}],"replies":[{"embeddable":true,"href":"https:\/\/www.indigovenice.com\/de\/wp-json\/wp\/v2\/comments?post=5"}],"version-history":[{"count":0,"href":"https:\/\/www.indigovenice.com\/de\/wp-json\/wp\/v2\/pages\/5\/revisions"}],"wp:attachment":[{"href":"https:\/\/www.indigovenice.com\/de\/wp-json\/wp\/v2\/media?parent=5"}],"curies":[{"name":"wp","href":"https:\/\/api.w.org\/{rel}","templated":true}]}}