{"id":534,"date":"2019-06-05T14:03:23","date_gmt":"2019-06-05T14:03:23","guid":{"rendered":"http:\/\/st-elena.ms.decms.eu\/?page_id=534"},"modified":"2019-06-05T14:07:20","modified_gmt":"2019-06-05T14:07:20","slug":"venedig","status":"publish","type":"page","link":"https:\/\/www.indigovenice.com\/de\/venedig\/","title":{"rendered":"Venedig"},"content":{"rendered":"<p>Poetisch im Sommer, extravagant im Sommer, aristokratisch im Herbst, mysteri\u00f6s im Winter: egal, welche Jahreszeit &#8211; Venedig wird Sie immer mit seinem alten k\u00fcnstlerischen Erbe und seiner unvergleichlichen Sch\u00f6nheit, die schon seit langem Touristen anzieht, \u00fcberraschen.<\/p>\n<p>Bahnen Sie sich Ihren Weg durch 150 Kan\u00e4le, 400 Br\u00fccken und jahrhundertealte Pal\u00e4ste und Piazze, oder w\u00e4hlen Sie aus einer langen Liste an weltber\u00fchmten Museen und Galerien, die alles bieten &#8211; von jahrhundertealten Gem\u00e4ldesammlungen bis hin zu Ausstellungen zeitgen\u00f6ssischer Kunst -, um die Stadt in all ihrem Glanz zu bewundern.<\/p>\n","protected":false},"excerpt":{"rendered":"<p>Poetisch im Sommer, extravagant im Sommer, aristokratisch im Herbst, mysteri\u00f6s im Winter: egal, welche Jahreszeit &#8211; Venedig wird Sie immer mit seinem alten k\u00fcnstlerischen Erbe und seiner unvergleichlichen Sch\u00f6nheit, die schon seit langem Touristen anzieht, \u00fcberraschen. Bahnen Sie sich Ihren Weg durch 150 Kan\u00e4le, 400 Br\u00fccken und jahrhundertealte Pal\u00e4ste und Piazze, oder w\u00e4hlen Sie aus [&hellip;]<\/p>\n","protected":false},"author":7,"featured_media":0,"parent":0,"menu_order":7,"comment_status":"closed","ping_status":"closed","template":"template-venice.php","meta":{"footnotes":""},"class_list":["post-534","page","type-page","status-publish","hentry"],"yoast_head":"<!-- This site is optimized with the Yoast SEO plugin v26.9 - https:\/\/yoast.com\/product\/yoast-seo-wordpress\/ -->\n<title>4-Stern-Hotel Venedig Sestiere Castello | Hotel Indigo Venice<\/title>\n<meta name=\"description\" content=\"Das Hotel Indigo Venice Sant&#039;Elena ist eine elegantes 4-Stern-Boutiquehotel im gr\u00fcnen Herzen der wunderbaren Stadt Venedig in der N\u00e4he der Biennale G\u00e4rten.\" \/>\n<meta name=\"robots\" content=\"index, follow, max-snippet:-1, max-image-preview:large, max-video-preview:-1\" \/>\n<link rel=\"canonical\" href=\"https:\/\/www.indigovenice.com\/de\/venedig\/\" \/>\n<meta property=\"og:locale\" content=\"de_DE\" \/>\n<meta property=\"og:type\" content=\"article\" \/>\n<meta property=\"og:title\" content=\"4-Stern-Hotel Venedig Sestiere Castello | Hotel Indigo Venice\" \/>\n<meta property=\"og:description\" content=\"Das Hotel Indigo Venice Sant&#039;Elena ist eine elegantes 4-Stern-Boutiquehotel im gr\u00fcnen Herzen der wunderbaren Stadt Venedig in der N\u00e4he der Biennale G\u00e4rten.\" \/>\n<meta property=\"og:url\" content=\"https:\/\/www.indigovenice.com\/de\/venedig\/\" \/>\n<meta property=\"og:site_name\" content=\"Hotel Indigo Venice - Sant&#039;Elena\" \/>\n<meta property=\"article:modified_time\" content=\"2019-06-05T14:07:20+00:00\" \/>\n<meta name=\"twitter:card\" content=\"summary_large_image\" \/>\n<script type=\"application\/ld+json\" class=\"yoast-schema-graph\">{\"@context\":\"https:\/\/schema.org\",\"@graph\":[{\"@type\":\"WebPage\",\"@id\":\"https:\/\/www.indigovenice.com\/de\/venedig\/\",\"url\":\"https:\/\/www.indigovenice.com\/de\/venedig\/\",\"name\":\"4-Stern-Hotel Venedig Sestiere Castello | Hotel Indigo Venice\",\"isPartOf\":{\"@id\":\"https:\/\/www.indigovenice.com\/de\/#website\"},\"datePublished\":\"2019-06-05T14:03:23+00:00\",\"dateModified\":\"2019-06-05T14:07:20+00:00\",\"description\":\"Das Hotel Indigo Venice Sant'Elena ist eine elegantes 4-Stern-Boutiquehotel im gr\u00fcnen Herzen der wunderbaren Stadt Venedig in der N\u00e4he der Biennale G\u00e4rten.\",\"breadcrumb\":{\"@id\":\"https:\/\/www.indigovenice.com\/de\/venedig\/#breadcrumb\"},\"inLanguage\":\"de-DE\",\"potentialAction\":[{\"@type\":\"ReadAction\",\"target\":[\"https:\/\/www.indigovenice.com\/de\/venedig\/\"]}]},{\"@type\":\"BreadcrumbList\",\"@id\":\"https:\/\/www.indigovenice.com\/de\/venedig\/#breadcrumb\",\"itemListElement\":[{\"@type\":\"ListItem\",\"position\":1,\"name\":\"Home\",\"item\":\"https:\/\/www.indigovenice.com\/de\/\"},{\"@type\":\"ListItem\",\"position\":2,\"name\":\"Venedig\"}]},{\"@type\":\"WebSite\",\"@id\":\"https:\/\/www.indigovenice.com\/de\/#website\",\"url\":\"https:\/\/www.indigovenice.com\/de\/\",\"name\":\"Hotel Indigo Venice - Sant'Elena\",\"description\":\"Just another ms.decms.eu site\",\"potentialAction\":[{\"@type\":\"SearchAction\",\"target\":{\"@type\":\"EntryPoint\",\"urlTemplate\":\"https:\/\/www.indigovenice.com\/de\/?s={search_term_string}\"},\"query-input\":{\"@type\":\"PropertyValueSpecification\",\"valueRequired\":true,\"valueName\":\"search_term_string\"}}],\"inLanguage\":\"de-DE\"}]}<\/script>\n<!-- \/ Yoast SEO plugin. -->","yoast_head_json":{"title":"4-Stern-Hotel Venedig Sestiere Castello | Hotel Indigo Venice","description":"Das Hotel Indigo Venice Sant'Elena ist eine elegantes 4-Stern-Boutiquehotel im gr\u00fcnen Herzen der wunderbaren Stadt Venedig in der N\u00e4he der Biennale G\u00e4rten.","robots":{"index":"index","follow":"follow","max-snippet":"max-snippet:-1","max-image-preview":"max-image-preview:large","max-video-preview":"max-video-preview:-1"},"canonical":"https:\/\/www.indigovenice.com\/de\/venedig\/","og_locale":"de_DE","og_type":"article","og_title":"4-Stern-Hotel Venedig Sestiere Castello | Hotel Indigo Venice","og_description":"Das Hotel Indigo Venice Sant'Elena ist eine elegantes 4-Stern-Boutiquehotel im gr\u00fcnen Herzen der wunderbaren Stadt Venedig in der N\u00e4he der Biennale G\u00e4rten.","og_url":"https:\/\/www.indigovenice.com\/de\/venedig\/","og_site_name":"Hotel Indigo Venice - Sant'Elena","article_modified_time":"2019-06-05T14:07:20+00:00","twitter_card":"summary_large_image","schema":{"@context":"https:\/\/schema.org","@graph":[{"@type":"WebPage","@id":"https:\/\/www.indigovenice.com\/de\/venedig\/","url":"https:\/\/www.indigovenice.com\/de\/venedig\/","name":"4-Stern-Hotel Venedig Sestiere Castello | Hotel Indigo Venice","isPartOf":{"@id":"https:\/\/www.indigovenice.com\/de\/#website"},"datePublished":"2019-06-05T14:03:23+00:00","dateModified":"2019-06-05T14:07:20+00:00","description":"Das Hotel Indigo Venice Sant'Elena ist eine elegantes 4-Stern-Boutiquehotel im gr\u00fcnen Herzen der wunderbaren Stadt Venedig in der N\u00e4he der Biennale G\u00e4rten.","breadcrumb":{"@id":"https:\/\/www.indigovenice.com\/de\/venedig\/#breadcrumb"},"inLanguage":"de-DE","potentialAction":[{"@type":"ReadAction","target":["https:\/\/www.indigovenice.com\/de\/venedig\/"]}]},{"@type":"BreadcrumbList","@id":"https:\/\/www.indigovenice.com\/de\/venedig\/#breadcrumb","itemListElement":[{"@type":"ListItem","position":1,"name":"Home","item":"https:\/\/www.indigovenice.com\/de\/"},{"@type":"ListItem","position":2,"name":"Venedig"}]},{"@type":"WebSite","@id":"https:\/\/www.indigovenice.com\/de\/#website","url":"https:\/\/www.indigovenice.com\/de\/","name":"Hotel Indigo Venice - Sant'Elena","description":"Just another ms.decms.eu site","potentialAction":[{"@type":"SearchAction","target":{"@type":"EntryPoint","urlTemplate":"https:\/\/www.indigovenice.com\/de\/?s={search_term_string}"},"query-input":{"@type":"PropertyValueSpecification","valueRequired":true,"valueName":"search_term_string"}}],"inLanguage":"de-DE"}]}},"acf":[],"_links":{"self":[{"href":"https:\/\/www.indigovenice.com\/de\/wp-json\/wp\/v2\/pages\/534","targetHints":{"allow":["GET"]}}],"collection":[{"href":"https:\/\/www.indigovenice.com\/de\/wp-json\/wp\/v2\/pages"}],"about":[{"href":"https:\/\/www.indigovenice.com\/de\/wp-json\/wp\/v2\/types\/page"}],"author":[{"embeddable":true,"href":"https:\/\/www.indigovenice.com\/de\/wp-json\/wp\/v2\/users\/7"}],"replies":[{"embeddable":true,"href":"https:\/\/www.indigovenice.com\/de\/wp-json\/wp\/v2\/comments?post=534"}],"version-history":[{"count":0,"href":"https:\/\/www.indigovenice.com\/de\/wp-json\/wp\/v2\/pages\/534\/revisions"}],"wp:attachment":[{"href":"https:\/\/www.indigovenice.com\/de\/wp-json\/wp\/v2\/media?parent=534"}],"curies":[{"name":"wp","href":"https:\/\/api.w.org\/{rel}","templated":true}]}}