{"id":545,"date":"2019-06-05T14:38:00","date_gmt":"2019-06-05T14:38:00","guid":{"rendered":"http:\/\/st-elena.ms.decms.eu\/?page_id=545"},"modified":"2019-06-10T15:21:36","modified_gmt":"2019-06-10T15:21:36","slug":"markusplatz","status":"publish","type":"page","link":"https:\/\/www.indigovenice.com\/de\/venedig\/markusplatz\/","title":{"rendered":"Markusplatz"},"content":{"rendered":"<p>Urspr\u00fcnglich ein gro\u00dfes gr\u00fcnes Feld, ist der Markusplatz heute ein einzigartiger Platz, umgeben von Procuratie Vecchie und Procuratie Nuove, einer spektakul\u00e4ren Reihe von monumentalen Geb\u00e4uden.<\/p>\n<p>Mit seinen 8.000 m2 goldenen Mosaiken auf den f\u00fcnf riesigen Kuppeln wurde der <strong>Markusdom<\/strong> 832 n. Chr. geweiht, um den Leichnam des heiligen Markus zu beherbergen. Zweimal zerst\u00f6rt und in den folgenden Jahrhunderten in Form eines griechischen Kreuzes wieder aufgebaut, ist die Basilika eine perfekte Mischung aus \u00f6stlicher und westlicher Architektur. Verkleidet mit Marmor aus Syrien, \u00c4gypten und Pal\u00e4stina, beherbergt die Fassade die<\/p>\n<p>Quadriga des Markusdoms, eine Gruppe von vier Bronzepferden, die w\u00e4hrend des IV. Kreuzzugs aus Konstantinopel gepl\u00fcndert wurden.<\/p>\n","protected":false},"excerpt":{"rendered":"<p>Urspr\u00fcnglich ein gro\u00dfes gr\u00fcnes Feld, ist der Markusplatz heute ein einzigartiger Platz, umgeben von Procuratie Vecchie und Procuratie Nuove, einer spektakul\u00e4ren Reihe von monumentalen Geb\u00e4uden. Mit seinen 8.000 m2 goldenen Mosaiken auf den f\u00fcnf riesigen Kuppeln wurde der Markusdom 832 n. Chr. geweiht, um den Leichnam des heiligen Markus zu beherbergen. Zweimal zerst\u00f6rt und in [&hellip;]<\/p>\n","protected":false},"author":7,"featured_media":0,"parent":534,"menu_order":0,"comment_status":"closed","ping_status":"closed","template":"template-venice-theme.php","meta":{"footnotes":""},"class_list":["post-545","page","type-page","status-publish","hentry"],"yoast_head":"<!-- This site is optimized with the Yoast SEO plugin v26.9 - https:\/\/yoast.com\/product\/yoast-seo-wordpress\/ -->\n<title>4-Sterne-Hotel N\u00e4he Markusplatz Venedig | Hotel Indigo Venice<\/title>\n<meta name=\"description\" content=\"Wenige Schritte von den Biennale G\u00e4rten entfernt, ist der Markusplatz vom Hotel Indigo Venice Sant&#039;Elena in ein paar Gehminuten oder per Vaporetto erreichbar.\" \/>\n<meta name=\"robots\" content=\"index, follow, max-snippet:-1, max-image-preview:large, max-video-preview:-1\" \/>\n<link rel=\"canonical\" href=\"https:\/\/www.indigovenice.com\/de\/venedig\/markusplatz\/\" \/>\n<meta property=\"og:locale\" content=\"de_DE\" \/>\n<meta property=\"og:type\" content=\"article\" \/>\n<meta property=\"og:title\" content=\"4-Sterne-Hotel N\u00e4he Markusplatz Venedig | Hotel Indigo Venice\" \/>\n<meta property=\"og:description\" content=\"Wenige Schritte von den Biennale G\u00e4rten entfernt, ist der Markusplatz vom Hotel Indigo Venice Sant&#039;Elena in ein paar Gehminuten oder per Vaporetto erreichbar.\" \/>\n<meta property=\"og:url\" content=\"https:\/\/www.indigovenice.com\/de\/venedig\/markusplatz\/\" \/>\n<meta property=\"og:site_name\" content=\"Hotel Indigo Venice - Sant&#039;Elena\" \/>\n<meta property=\"article:modified_time\" content=\"2019-06-10T15:21:36+00:00\" \/>\n<meta name=\"twitter:card\" content=\"summary_large_image\" \/>\n<meta name=\"twitter:label1\" content=\"Gesch\u00e4tzte Lesezeit\" \/>\n\t<meta name=\"twitter:data1\" content=\"1 Minute\" \/>\n<script type=\"application\/ld+json\" class=\"yoast-schema-graph\">{\"@context\":\"https:\/\/schema.org\",\"@graph\":[{\"@type\":\"WebPage\",\"@id\":\"https:\/\/www.indigovenice.com\/de\/venedig\/markusplatz\/\",\"url\":\"https:\/\/www.indigovenice.com\/de\/venedig\/markusplatz\/\",\"name\":\"4-Sterne-Hotel N\u00e4he Markusplatz Venedig | Hotel Indigo Venice\",\"isPartOf\":{\"@id\":\"https:\/\/www.indigovenice.com\/de\/#website\"},\"datePublished\":\"2019-06-05T14:38:00+00:00\",\"dateModified\":\"2019-06-10T15:21:36+00:00\",\"description\":\"Wenige Schritte von den Biennale G\u00e4rten entfernt, ist der Markusplatz vom Hotel Indigo Venice Sant'Elena in ein paar Gehminuten oder per Vaporetto erreichbar.\",\"breadcrumb\":{\"@id\":\"https:\/\/www.indigovenice.com\/de\/venedig\/markusplatz\/#breadcrumb\"},\"inLanguage\":\"de-DE\",\"potentialAction\":[{\"@type\":\"ReadAction\",\"target\":[\"https:\/\/www.indigovenice.com\/de\/venedig\/markusplatz\/\"]}]},{\"@type\":\"BreadcrumbList\",\"@id\":\"https:\/\/www.indigovenice.com\/de\/venedig\/markusplatz\/#breadcrumb\",\"itemListElement\":[{\"@type\":\"ListItem\",\"position\":1,\"name\":\"Home\",\"item\":\"https:\/\/www.indigovenice.com\/de\/\"},{\"@type\":\"ListItem\",\"position\":2,\"name\":\"Venedig\",\"item\":\"https:\/\/www.indigovenice.com\/de\/venedig\/\"},{\"@type\":\"ListItem\",\"position\":3,\"name\":\"Markusplatz\"}]},{\"@type\":\"WebSite\",\"@id\":\"https:\/\/www.indigovenice.com\/de\/#website\",\"url\":\"https:\/\/www.indigovenice.com\/de\/\",\"name\":\"Hotel Indigo Venice - Sant'Elena\",\"description\":\"Just another ms.decms.eu site\",\"potentialAction\":[{\"@type\":\"SearchAction\",\"target\":{\"@type\":\"EntryPoint\",\"urlTemplate\":\"https:\/\/www.indigovenice.com\/de\/?s={search_term_string}\"},\"query-input\":{\"@type\":\"PropertyValueSpecification\",\"valueRequired\":true,\"valueName\":\"search_term_string\"}}],\"inLanguage\":\"de-DE\"}]}<\/script>\n<!-- \/ Yoast SEO plugin. -->","yoast_head_json":{"title":"4-Sterne-Hotel N\u00e4he Markusplatz Venedig | Hotel Indigo Venice","description":"Wenige Schritte von den Biennale G\u00e4rten entfernt, ist der Markusplatz vom Hotel Indigo Venice Sant'Elena in ein paar Gehminuten oder per Vaporetto erreichbar.","robots":{"index":"index","follow":"follow","max-snippet":"max-snippet:-1","max-image-preview":"max-image-preview:large","max-video-preview":"max-video-preview:-1"},"canonical":"https:\/\/www.indigovenice.com\/de\/venedig\/markusplatz\/","og_locale":"de_DE","og_type":"article","og_title":"4-Sterne-Hotel N\u00e4he Markusplatz Venedig | Hotel Indigo Venice","og_description":"Wenige Schritte von den Biennale G\u00e4rten entfernt, ist der Markusplatz vom Hotel Indigo Venice Sant'Elena in ein paar Gehminuten oder per Vaporetto erreichbar.","og_url":"https:\/\/www.indigovenice.com\/de\/venedig\/markusplatz\/","og_site_name":"Hotel Indigo Venice - Sant'Elena","article_modified_time":"2019-06-10T15:21:36+00:00","twitter_card":"summary_large_image","twitter_misc":{"Gesch\u00e4tzte Lesezeit":"1 Minute"},"schema":{"@context":"https:\/\/schema.org","@graph":[{"@type":"WebPage","@id":"https:\/\/www.indigovenice.com\/de\/venedig\/markusplatz\/","url":"https:\/\/www.indigovenice.com\/de\/venedig\/markusplatz\/","name":"4-Sterne-Hotel N\u00e4he Markusplatz Venedig | Hotel Indigo Venice","isPartOf":{"@id":"https:\/\/www.indigovenice.com\/de\/#website"},"datePublished":"2019-06-05T14:38:00+00:00","dateModified":"2019-06-10T15:21:36+00:00","description":"Wenige Schritte von den Biennale G\u00e4rten entfernt, ist der Markusplatz vom Hotel Indigo Venice Sant'Elena in ein paar Gehminuten oder per Vaporetto erreichbar.","breadcrumb":{"@id":"https:\/\/www.indigovenice.com\/de\/venedig\/markusplatz\/#breadcrumb"},"inLanguage":"de-DE","potentialAction":[{"@type":"ReadAction","target":["https:\/\/www.indigovenice.com\/de\/venedig\/markusplatz\/"]}]},{"@type":"BreadcrumbList","@id":"https:\/\/www.indigovenice.com\/de\/venedig\/markusplatz\/#breadcrumb","itemListElement":[{"@type":"ListItem","position":1,"name":"Home","item":"https:\/\/www.indigovenice.com\/de\/"},{"@type":"ListItem","position":2,"name":"Venedig","item":"https:\/\/www.indigovenice.com\/de\/venedig\/"},{"@type":"ListItem","position":3,"name":"Markusplatz"}]},{"@type":"WebSite","@id":"https:\/\/www.indigovenice.com\/de\/#website","url":"https:\/\/www.indigovenice.com\/de\/","name":"Hotel Indigo Venice - Sant'Elena","description":"Just another ms.decms.eu site","potentialAction":[{"@type":"SearchAction","target":{"@type":"EntryPoint","urlTemplate":"https:\/\/www.indigovenice.com\/de\/?s={search_term_string}"},"query-input":{"@type":"PropertyValueSpecification","valueRequired":true,"valueName":"search_term_string"}}],"inLanguage":"de-DE"}]}},"acf":[],"_links":{"self":[{"href":"https:\/\/www.indigovenice.com\/de\/wp-json\/wp\/v2\/pages\/545","targetHints":{"allow":["GET"]}}],"collection":[{"href":"https:\/\/www.indigovenice.com\/de\/wp-json\/wp\/v2\/pages"}],"about":[{"href":"https:\/\/www.indigovenice.com\/de\/wp-json\/wp\/v2\/types\/page"}],"author":[{"embeddable":true,"href":"https:\/\/www.indigovenice.com\/de\/wp-json\/wp\/v2\/users\/7"}],"replies":[{"embeddable":true,"href":"https:\/\/www.indigovenice.com\/de\/wp-json\/wp\/v2\/comments?post=545"}],"version-history":[{"count":0,"href":"https:\/\/www.indigovenice.com\/de\/wp-json\/wp\/v2\/pages\/545\/revisions"}],"up":[{"embeddable":true,"href":"https:\/\/www.indigovenice.com\/de\/wp-json\/wp\/v2\/pages\/534"}],"wp:attachment":[{"href":"https:\/\/www.indigovenice.com\/de\/wp-json\/wp\/v2\/media?parent=545"}],"curies":[{"name":"wp","href":"https:\/\/api.w.org\/{rel}","templated":true}]}}