{"id":573,"date":"2019-06-05T15:59:58","date_gmt":"2019-06-05T15:59:58","guid":{"rendered":"http:\/\/st-elena.ms.decms.eu\/?page_id=573"},"modified":"2024-06-06T12:12:35","modified_gmt":"2024-06-06T12:12:35","slug":"leistungen","status":"publish","type":"page","link":"https:\/\/www.indigovenice.com\/de\/leistungen\/","title":{"rendered":"Leistungen"},"content":{"rendered":"<p>Die Zimmer und Suiten sollen Ihnen kleine Genussmomente liefern. So z.B. einen Kr\u00e4utertee in der Lounge oder einen wundervollen sonnigen Tag im Freien.<\/p>\n<p>Unser ruhiger Garten bietet Ihnen eine ideale ruhige Ecke zum Lesen oder f\u00fcr einen Aperitif im Freien. Das edle Restaurant mit Bar f\u00fchrt Sie in die Gen\u00fcsse der Tradition mit einem <strong>internationalen und kultivierten Touch<\/strong> ein.<\/p>\n","protected":false},"excerpt":{"rendered":"<p>Die Zimmer und Suiten sollen Ihnen kleine Genussmomente liefern. So z.B. einen Kr\u00e4utertee in der Lounge oder einen wundervollen sonnigen Tag im Freien. Unser ruhiger Garten bietet Ihnen eine ideale ruhige Ecke zum Lesen oder f\u00fcr einen Aperitif im Freien. Das edle Restaurant mit Bar f\u00fchrt Sie in die Gen\u00fcsse der Tradition mit einem internationalen [&hellip;]<\/p>\n","protected":false},"author":3,"featured_media":0,"parent":0,"menu_order":3,"comment_status":"closed","ping_status":"closed","template":"","meta":{"footnotes":""},"class_list":["post-573","page","type-page","status-publish","hentry"],"yoast_head":"<!-- This site is optimized with the Yoast SEO plugin v26.9 - https:\/\/yoast.com\/product\/yoast-seo-wordpress\/ -->\n<title>Individuelle Leistungen 4-Sterne-Hotel N\u00e4he Biennale G\u00e4rten<\/title>\n<meta name=\"description\" content=\"Entdecken Sie die Leistungen unseres 4-Stern-Boutiquehotels in Venedig: das romantische Restaurant, den Meeting-Raum, den Innengarten, nahe den Biennale G\u00e4rten!\" \/>\n<meta name=\"robots\" content=\"index, follow, max-snippet:-1, max-image-preview:large, max-video-preview:-1\" \/>\n<link rel=\"canonical\" href=\"https:\/\/www.indigovenice.com\/de\/leistungen\/\" \/>\n<meta property=\"og:locale\" content=\"de_DE\" \/>\n<meta property=\"og:type\" content=\"article\" \/>\n<meta property=\"og:title\" content=\"Individuelle Leistungen 4-Sterne-Hotel N\u00e4he Biennale G\u00e4rten\" \/>\n<meta property=\"og:description\" content=\"Entdecken Sie die Leistungen unseres 4-Stern-Boutiquehotels in Venedig: das romantische Restaurant, den Meeting-Raum, den Innengarten, nahe den Biennale G\u00e4rten!\" \/>\n<meta property=\"og:url\" content=\"https:\/\/www.indigovenice.com\/de\/leistungen\/\" \/>\n<meta property=\"og:site_name\" content=\"Hotel Indigo Venice - Sant&#039;Elena\" \/>\n<meta property=\"article:modified_time\" content=\"2024-06-06T12:12:35+00:00\" \/>\n<meta name=\"twitter:card\" content=\"summary_large_image\" \/>\n<meta name=\"twitter:label1\" content=\"Gesch\u00e4tzte Lesezeit\" \/>\n\t<meta name=\"twitter:data1\" content=\"1 Minute\" \/>\n<script type=\"application\/ld+json\" class=\"yoast-schema-graph\">{\"@context\":\"https:\/\/schema.org\",\"@graph\":[{\"@type\":\"WebPage\",\"@id\":\"https:\/\/www.indigovenice.com\/de\/leistungen\/\",\"url\":\"https:\/\/www.indigovenice.com\/de\/leistungen\/\",\"name\":\"Individuelle Leistungen 4-Sterne-Hotel N\u00e4he Biennale G\u00e4rten\",\"isPartOf\":{\"@id\":\"https:\/\/www.indigovenice.com\/de\/#website\"},\"datePublished\":\"2019-06-05T15:59:58+00:00\",\"dateModified\":\"2024-06-06T12:12:35+00:00\",\"description\":\"Entdecken Sie die Leistungen unseres 4-Stern-Boutiquehotels in Venedig: das romantische Restaurant, den Meeting-Raum, den Innengarten, nahe den Biennale G\u00e4rten!\",\"breadcrumb\":{\"@id\":\"https:\/\/www.indigovenice.com\/de\/leistungen\/#breadcrumb\"},\"inLanguage\":\"de-DE\",\"potentialAction\":[{\"@type\":\"ReadAction\",\"target\":[\"https:\/\/www.indigovenice.com\/de\/leistungen\/\"]}]},{\"@type\":\"BreadcrumbList\",\"@id\":\"https:\/\/www.indigovenice.com\/de\/leistungen\/#breadcrumb\",\"itemListElement\":[{\"@type\":\"ListItem\",\"position\":1,\"name\":\"Home\",\"item\":\"https:\/\/www.indigovenice.com\/de\/\"},{\"@type\":\"ListItem\",\"position\":2,\"name\":\"Leistungen\"}]},{\"@type\":\"WebSite\",\"@id\":\"https:\/\/www.indigovenice.com\/de\/#website\",\"url\":\"https:\/\/www.indigovenice.com\/de\/\",\"name\":\"Hotel Indigo Venice - Sant'Elena\",\"description\":\"Just another ms.decms.eu site\",\"potentialAction\":[{\"@type\":\"SearchAction\",\"target\":{\"@type\":\"EntryPoint\",\"urlTemplate\":\"https:\/\/www.indigovenice.com\/de\/?s={search_term_string}\"},\"query-input\":{\"@type\":\"PropertyValueSpecification\",\"valueRequired\":true,\"valueName\":\"search_term_string\"}}],\"inLanguage\":\"de-DE\"}]}<\/script>\n<!-- \/ Yoast SEO plugin. -->","yoast_head_json":{"title":"Individuelle Leistungen 4-Sterne-Hotel N\u00e4he Biennale G\u00e4rten","description":"Entdecken Sie die Leistungen unseres 4-Stern-Boutiquehotels in Venedig: das romantische Restaurant, den Meeting-Raum, den Innengarten, nahe den Biennale G\u00e4rten!","robots":{"index":"index","follow":"follow","max-snippet":"max-snippet:-1","max-image-preview":"max-image-preview:large","max-video-preview":"max-video-preview:-1"},"canonical":"https:\/\/www.indigovenice.com\/de\/leistungen\/","og_locale":"de_DE","og_type":"article","og_title":"Individuelle Leistungen 4-Sterne-Hotel N\u00e4he Biennale G\u00e4rten","og_description":"Entdecken Sie die Leistungen unseres 4-Stern-Boutiquehotels in Venedig: das romantische Restaurant, den Meeting-Raum, den Innengarten, nahe den Biennale G\u00e4rten!","og_url":"https:\/\/www.indigovenice.com\/de\/leistungen\/","og_site_name":"Hotel Indigo Venice - Sant'Elena","article_modified_time":"2024-06-06T12:12:35+00:00","twitter_card":"summary_large_image","twitter_misc":{"Gesch\u00e4tzte Lesezeit":"1 Minute"},"schema":{"@context":"https:\/\/schema.org","@graph":[{"@type":"WebPage","@id":"https:\/\/www.indigovenice.com\/de\/leistungen\/","url":"https:\/\/www.indigovenice.com\/de\/leistungen\/","name":"Individuelle Leistungen 4-Sterne-Hotel N\u00e4he Biennale G\u00e4rten","isPartOf":{"@id":"https:\/\/www.indigovenice.com\/de\/#website"},"datePublished":"2019-06-05T15:59:58+00:00","dateModified":"2024-06-06T12:12:35+00:00","description":"Entdecken Sie die Leistungen unseres 4-Stern-Boutiquehotels in Venedig: das romantische Restaurant, den Meeting-Raum, den Innengarten, nahe den Biennale G\u00e4rten!","breadcrumb":{"@id":"https:\/\/www.indigovenice.com\/de\/leistungen\/#breadcrumb"},"inLanguage":"de-DE","potentialAction":[{"@type":"ReadAction","target":["https:\/\/www.indigovenice.com\/de\/leistungen\/"]}]},{"@type":"BreadcrumbList","@id":"https:\/\/www.indigovenice.com\/de\/leistungen\/#breadcrumb","itemListElement":[{"@type":"ListItem","position":1,"name":"Home","item":"https:\/\/www.indigovenice.com\/de\/"},{"@type":"ListItem","position":2,"name":"Leistungen"}]},{"@type":"WebSite","@id":"https:\/\/www.indigovenice.com\/de\/#website","url":"https:\/\/www.indigovenice.com\/de\/","name":"Hotel Indigo Venice - Sant'Elena","description":"Just another ms.decms.eu site","potentialAction":[{"@type":"SearchAction","target":{"@type":"EntryPoint","urlTemplate":"https:\/\/www.indigovenice.com\/de\/?s={search_term_string}"},"query-input":{"@type":"PropertyValueSpecification","valueRequired":true,"valueName":"search_term_string"}}],"inLanguage":"de-DE"}]}},"acf":[],"_links":{"self":[{"href":"https:\/\/www.indigovenice.com\/de\/wp-json\/wp\/v2\/pages\/573","targetHints":{"allow":["GET"]}}],"collection":[{"href":"https:\/\/www.indigovenice.com\/de\/wp-json\/wp\/v2\/pages"}],"about":[{"href":"https:\/\/www.indigovenice.com\/de\/wp-json\/wp\/v2\/types\/page"}],"author":[{"embeddable":true,"href":"https:\/\/www.indigovenice.com\/de\/wp-json\/wp\/v2\/users\/3"}],"replies":[{"embeddable":true,"href":"https:\/\/www.indigovenice.com\/de\/wp-json\/wp\/v2\/comments?post=573"}],"version-history":[{"count":0,"href":"https:\/\/www.indigovenice.com\/de\/wp-json\/wp\/v2\/pages\/573\/revisions"}],"wp:attachment":[{"href":"https:\/\/www.indigovenice.com\/de\/wp-json\/wp\/v2\/media?parent=573"}],"curies":[{"name":"wp","href":"https:\/\/api.w.org\/{rel}","templated":true}]}}