{"id":575,"date":"2019-06-05T16:06:28","date_gmt":"2019-06-05T16:06:28","guid":{"rendered":"http:\/\/st-elena.ms.decms.eu\/?page_id=575"},"modified":"2025-09-04T09:27:36","modified_gmt":"2025-09-04T09:27:36","slug":"shopping","status":"publish","type":"page","link":"https:\/\/www.indigovenice.com\/de\/venedig\/shopping\/","title":{"rendered":"Shopping"},"content":{"rendered":"<p>Aber nat\u00fcrlich finden Sie auch all die gr\u00f6\u00dften Namen der Modewelt und wundersch\u00f6ne Juweliergesch\u00e4fte rund um den Markusplatz. Sie befinden sich vor allem in der <strong>Calle Larga XXII Marzo<\/strong> und in <strong>Mercerie<\/strong>, der Einkaufsgegend zwischen Markusplatz und Rialto-Br\u00fccke.<\/p>\n<p>Ein ausgew\u00e4hltes Angebot an hochwertigen Gesch\u00e4ften und <em>Botteghe<\/em> befinden sich n\u00f6rdlich vom Campo Santo Stefano, wo Sie Souvenirl\u00e4den und Geschenkartikel finden.<\/p>\n","protected":false},"excerpt":{"rendered":"<p>Aber nat\u00fcrlich finden Sie auch all die gr\u00f6\u00dften Namen der Modewelt und wundersch\u00f6ne Juweliergesch\u00e4fte rund um den Markusplatz. Sie befinden sich vor allem in der Calle Larga XXII Marzo und in Mercerie, der Einkaufsgegend zwischen Markusplatz und Rialto-Br\u00fccke. Ein ausgew\u00e4hltes Angebot an hochwertigen Gesch\u00e4ften und Botteghe befinden sich n\u00f6rdlich vom Campo Santo Stefano, wo Sie [&hellip;]<\/p>\n","protected":false},"author":7,"featured_media":0,"parent":534,"menu_order":2,"comment_status":"closed","ping_status":"closed","template":"template-venice-theme.php","meta":{"footnotes":""},"class_list":["post-575","page","type-page","status-publish","hentry"],"yoast_head":"<!-- This site is optimized with the Yoast SEO plugin v26.9 - https:\/\/yoast.com\/product\/yoast-seo-wordpress\/ -->\n<title>Shopping in Venedig | Hotel Indigo Venice Sant&#039;Elena<\/title>\n<meta name=\"description\" content=\"Das Hotel Indigo Venice Sant\u2019Elena in Venedig liegt in der N\u00e4he der typischen Gesch\u00e4fte von Venedig, sowie dem Fondaco dei Tedeschi.\" \/>\n<meta name=\"robots\" content=\"index, follow, max-snippet:-1, max-image-preview:large, max-video-preview:-1\" \/>\n<link rel=\"canonical\" href=\"https:\/\/www.indigovenice.com\/de\/venedig\/shopping\/\" \/>\n<meta property=\"og:locale\" content=\"de_DE\" \/>\n<meta property=\"og:type\" content=\"article\" \/>\n<meta property=\"og:title\" content=\"Shopping in Venedig | Hotel Indigo Venice Sant&#039;Elena\" \/>\n<meta property=\"og:description\" content=\"Das Hotel Indigo Venice Sant\u2019Elena in Venedig liegt in der N\u00e4he der typischen Gesch\u00e4fte von Venedig, sowie dem Fondaco dei Tedeschi.\" \/>\n<meta property=\"og:url\" content=\"https:\/\/www.indigovenice.com\/de\/venedig\/shopping\/\" \/>\n<meta property=\"og:site_name\" content=\"Hotel Indigo Venice - Sant&#039;Elena\" \/>\n<meta property=\"article:modified_time\" content=\"2025-09-04T09:27:36+00:00\" \/>\n<meta name=\"twitter:card\" content=\"summary_large_image\" \/>\n<meta name=\"twitter:label1\" content=\"Gesch\u00e4tzte Lesezeit\" \/>\n\t<meta name=\"twitter:data1\" content=\"1 Minute\" \/>\n<script type=\"application\/ld+json\" class=\"yoast-schema-graph\">{\"@context\":\"https:\/\/schema.org\",\"@graph\":[{\"@type\":\"WebPage\",\"@id\":\"https:\/\/www.indigovenice.com\/de\/venedig\/shopping\/\",\"url\":\"https:\/\/www.indigovenice.com\/de\/venedig\/shopping\/\",\"name\":\"Shopping in Venedig | Hotel Indigo Venice Sant'Elena\",\"isPartOf\":{\"@id\":\"https:\/\/www.indigovenice.com\/de\/#website\"},\"datePublished\":\"2019-06-05T16:06:28+00:00\",\"dateModified\":\"2025-09-04T09:27:36+00:00\",\"description\":\"Das Hotel Indigo Venice Sant\u2019Elena in Venedig liegt in der N\u00e4he der typischen Gesch\u00e4fte von Venedig, sowie dem Fondaco dei Tedeschi.\",\"breadcrumb\":{\"@id\":\"https:\/\/www.indigovenice.com\/de\/venedig\/shopping\/#breadcrumb\"},\"inLanguage\":\"de-DE\",\"potentialAction\":[{\"@type\":\"ReadAction\",\"target\":[\"https:\/\/www.indigovenice.com\/de\/venedig\/shopping\/\"]}]},{\"@type\":\"BreadcrumbList\",\"@id\":\"https:\/\/www.indigovenice.com\/de\/venedig\/shopping\/#breadcrumb\",\"itemListElement\":[{\"@type\":\"ListItem\",\"position\":1,\"name\":\"Home\",\"item\":\"https:\/\/www.indigovenice.com\/de\/\"},{\"@type\":\"ListItem\",\"position\":2,\"name\":\"Venedig\",\"item\":\"https:\/\/www.indigovenice.com\/de\/venedig\/\"},{\"@type\":\"ListItem\",\"position\":3,\"name\":\"Shopping\"}]},{\"@type\":\"WebSite\",\"@id\":\"https:\/\/www.indigovenice.com\/de\/#website\",\"url\":\"https:\/\/www.indigovenice.com\/de\/\",\"name\":\"Hotel Indigo Venice - Sant'Elena\",\"description\":\"Just another ms.decms.eu site\",\"potentialAction\":[{\"@type\":\"SearchAction\",\"target\":{\"@type\":\"EntryPoint\",\"urlTemplate\":\"https:\/\/www.indigovenice.com\/de\/?s={search_term_string}\"},\"query-input\":{\"@type\":\"PropertyValueSpecification\",\"valueRequired\":true,\"valueName\":\"search_term_string\"}}],\"inLanguage\":\"de-DE\"}]}<\/script>\n<!-- \/ Yoast SEO plugin. -->","yoast_head_json":{"title":"Shopping in Venedig | Hotel Indigo Venice Sant'Elena","description":"Das Hotel Indigo Venice Sant\u2019Elena in Venedig liegt in der N\u00e4he der typischen Gesch\u00e4fte von Venedig, sowie dem Fondaco dei Tedeschi.","robots":{"index":"index","follow":"follow","max-snippet":"max-snippet:-1","max-image-preview":"max-image-preview:large","max-video-preview":"max-video-preview:-1"},"canonical":"https:\/\/www.indigovenice.com\/de\/venedig\/shopping\/","og_locale":"de_DE","og_type":"article","og_title":"Shopping in Venedig | Hotel Indigo Venice Sant'Elena","og_description":"Das Hotel Indigo Venice Sant\u2019Elena in Venedig liegt in der N\u00e4he der typischen Gesch\u00e4fte von Venedig, sowie dem Fondaco dei Tedeschi.","og_url":"https:\/\/www.indigovenice.com\/de\/venedig\/shopping\/","og_site_name":"Hotel Indigo Venice - Sant'Elena","article_modified_time":"2025-09-04T09:27:36+00:00","twitter_card":"summary_large_image","twitter_misc":{"Gesch\u00e4tzte Lesezeit":"1 Minute"},"schema":{"@context":"https:\/\/schema.org","@graph":[{"@type":"WebPage","@id":"https:\/\/www.indigovenice.com\/de\/venedig\/shopping\/","url":"https:\/\/www.indigovenice.com\/de\/venedig\/shopping\/","name":"Shopping in Venedig | Hotel Indigo Venice Sant'Elena","isPartOf":{"@id":"https:\/\/www.indigovenice.com\/de\/#website"},"datePublished":"2019-06-05T16:06:28+00:00","dateModified":"2025-09-04T09:27:36+00:00","description":"Das Hotel Indigo Venice Sant\u2019Elena in Venedig liegt in der N\u00e4he der typischen Gesch\u00e4fte von Venedig, sowie dem Fondaco dei Tedeschi.","breadcrumb":{"@id":"https:\/\/www.indigovenice.com\/de\/venedig\/shopping\/#breadcrumb"},"inLanguage":"de-DE","potentialAction":[{"@type":"ReadAction","target":["https:\/\/www.indigovenice.com\/de\/venedig\/shopping\/"]}]},{"@type":"BreadcrumbList","@id":"https:\/\/www.indigovenice.com\/de\/venedig\/shopping\/#breadcrumb","itemListElement":[{"@type":"ListItem","position":1,"name":"Home","item":"https:\/\/www.indigovenice.com\/de\/"},{"@type":"ListItem","position":2,"name":"Venedig","item":"https:\/\/www.indigovenice.com\/de\/venedig\/"},{"@type":"ListItem","position":3,"name":"Shopping"}]},{"@type":"WebSite","@id":"https:\/\/www.indigovenice.com\/de\/#website","url":"https:\/\/www.indigovenice.com\/de\/","name":"Hotel Indigo Venice - Sant'Elena","description":"Just another ms.decms.eu site","potentialAction":[{"@type":"SearchAction","target":{"@type":"EntryPoint","urlTemplate":"https:\/\/www.indigovenice.com\/de\/?s={search_term_string}"},"query-input":{"@type":"PropertyValueSpecification","valueRequired":true,"valueName":"search_term_string"}}],"inLanguage":"de-DE"}]}},"acf":[],"_links":{"self":[{"href":"https:\/\/www.indigovenice.com\/de\/wp-json\/wp\/v2\/pages\/575","targetHints":{"allow":["GET"]}}],"collection":[{"href":"https:\/\/www.indigovenice.com\/de\/wp-json\/wp\/v2\/pages"}],"about":[{"href":"https:\/\/www.indigovenice.com\/de\/wp-json\/wp\/v2\/types\/page"}],"author":[{"embeddable":true,"href":"https:\/\/www.indigovenice.com\/de\/wp-json\/wp\/v2\/users\/7"}],"replies":[{"embeddable":true,"href":"https:\/\/www.indigovenice.com\/de\/wp-json\/wp\/v2\/comments?post=575"}],"version-history":[{"count":0,"href":"https:\/\/www.indigovenice.com\/de\/wp-json\/wp\/v2\/pages\/575\/revisions"}],"up":[{"embeddable":true,"href":"https:\/\/www.indigovenice.com\/de\/wp-json\/wp\/v2\/pages\/534"}],"wp:attachment":[{"href":"https:\/\/www.indigovenice.com\/de\/wp-json\/wp\/v2\/media?parent=575"}],"curies":[{"name":"wp","href":"https:\/\/api.w.org\/{rel}","templated":true}]}}