{"id":603,"date":"2019-06-05T20:54:21","date_gmt":"2019-06-05T20:54:21","guid":{"rendered":"http:\/\/st-elena.ms.decms.eu\/?page_id=603"},"modified":"2022-01-21T15:31:21","modified_gmt":"2022-01-21T15:31:21","slug":"venedig-marathon","status":"publish","type":"page","link":"https:\/\/www.indigovenice.com\/de\/venedig\/venedig-marathon\/","title":{"rendered":"Venedig-Marathon"},"content":{"rendered":"<p>Der Venedig-Marathon ist ein weltweit bekannter, internationaler Marathon, ein Programm mit Veranstaltungen und Initiativen, die gro\u00dfes Interesse bei vielen Menschen wecken, nicht nur bei den L\u00e4ufern.<\/p>\n<p>Das Rennen startet in Stra, in der N\u00e4he von Padua, verl\u00e4uft entlang der Riviera del Brenta, dem wundersch\u00f6nen Ufergebiet, in dem reiche venezianische Aristokraten im 18. Jahrhundert ihre edlen Villen bauten, vorbei am Markusplatz in Richtung Riva dei Sette Martiri und endet im historischen Zentrum von Venedig, in unmittelbarer N\u00e4he unseres Hotels.<\/p>\n","protected":false},"excerpt":{"rendered":"<p>Der Venedig-Marathon ist ein weltweit bekannter, internationaler Marathon, ein Programm mit Veranstaltungen und Initiativen, die gro\u00dfes Interesse bei vielen Menschen wecken, nicht nur bei den L\u00e4ufern. Das Rennen startet in Stra, in der N\u00e4he von Padua, verl\u00e4uft entlang der Riviera del Brenta, dem wundersch\u00f6nen Ufergebiet, in dem reiche venezianische Aristokraten im 18. Jahrhundert ihre edlen [&hellip;]<\/p>\n","protected":false},"author":7,"featured_media":0,"parent":534,"menu_order":5,"comment_status":"closed","ping_status":"closed","template":"template-venice-theme.php","meta":{"footnotes":""},"class_list":["post-603","page","type-page","status-publish","hentry"],"yoast_head":"<!-- This site is optimized with the Yoast SEO plugin v26.9 - https:\/\/yoast.com\/product\/yoast-seo-wordpress\/ -->\n<title>4-Sterne-Hotel N\u00e4he Venedig-Marathon | Indigo Venice Sant&#039;Elena<\/title>\n<meta name=\"description\" content=\"Das Village des Venedig-Marathons liegt in Riva Sette Martiri, einen kurzen Fu\u00dfweg vom Hotel Indigo Venice Sant&#039;Elena entfernt.\" \/>\n<meta name=\"robots\" content=\"index, follow, max-snippet:-1, max-image-preview:large, max-video-preview:-1\" \/>\n<link rel=\"canonical\" href=\"https:\/\/www.indigovenice.com\/de\/venedig\/venedig-marathon\/\" \/>\n<meta property=\"og:locale\" content=\"de_DE\" \/>\n<meta property=\"og:type\" content=\"article\" \/>\n<meta property=\"og:title\" content=\"4-Sterne-Hotel N\u00e4he Venedig-Marathon | Indigo Venice Sant&#039;Elena\" \/>\n<meta property=\"og:description\" content=\"Das Village des Venedig-Marathons liegt in Riva Sette Martiri, einen kurzen Fu\u00dfweg vom Hotel Indigo Venice Sant&#039;Elena entfernt.\" \/>\n<meta property=\"og:url\" content=\"https:\/\/www.indigovenice.com\/de\/venedig\/venedig-marathon\/\" \/>\n<meta property=\"og:site_name\" content=\"Hotel Indigo Venice - Sant&#039;Elena\" \/>\n<meta property=\"article:modified_time\" content=\"2022-01-21T15:31:21+00:00\" \/>\n<meta name=\"twitter:card\" content=\"summary_large_image\" \/>\n<script type=\"application\/ld+json\" class=\"yoast-schema-graph\">{\"@context\":\"https:\/\/schema.org\",\"@graph\":[{\"@type\":\"WebPage\",\"@id\":\"https:\/\/www.indigovenice.com\/de\/venedig\/venedig-marathon\/\",\"url\":\"https:\/\/www.indigovenice.com\/de\/venedig\/venedig-marathon\/\",\"name\":\"4-Sterne-Hotel N\u00e4he Venedig-Marathon | Indigo Venice Sant'Elena\",\"isPartOf\":{\"@id\":\"https:\/\/www.indigovenice.com\/de\/#website\"},\"datePublished\":\"2019-06-05T20:54:21+00:00\",\"dateModified\":\"2022-01-21T15:31:21+00:00\",\"description\":\"Das Village des Venedig-Marathons liegt in Riva Sette Martiri, einen kurzen Fu\u00dfweg vom Hotel Indigo Venice Sant'Elena entfernt.\",\"breadcrumb\":{\"@id\":\"https:\/\/www.indigovenice.com\/de\/venedig\/venedig-marathon\/#breadcrumb\"},\"inLanguage\":\"de-DE\",\"potentialAction\":[{\"@type\":\"ReadAction\",\"target\":[\"https:\/\/www.indigovenice.com\/de\/venedig\/venedig-marathon\/\"]}]},{\"@type\":\"BreadcrumbList\",\"@id\":\"https:\/\/www.indigovenice.com\/de\/venedig\/venedig-marathon\/#breadcrumb\",\"itemListElement\":[{\"@type\":\"ListItem\",\"position\":1,\"name\":\"Home\",\"item\":\"https:\/\/www.indigovenice.com\/de\/\"},{\"@type\":\"ListItem\",\"position\":2,\"name\":\"Venedig\",\"item\":\"https:\/\/www.indigovenice.com\/de\/venedig\/\"},{\"@type\":\"ListItem\",\"position\":3,\"name\":\"Venedig-Marathon\"}]},{\"@type\":\"WebSite\",\"@id\":\"https:\/\/www.indigovenice.com\/de\/#website\",\"url\":\"https:\/\/www.indigovenice.com\/de\/\",\"name\":\"Hotel Indigo Venice - Sant'Elena\",\"description\":\"Just another ms.decms.eu site\",\"potentialAction\":[{\"@type\":\"SearchAction\",\"target\":{\"@type\":\"EntryPoint\",\"urlTemplate\":\"https:\/\/www.indigovenice.com\/de\/?s={search_term_string}\"},\"query-input\":{\"@type\":\"PropertyValueSpecification\",\"valueRequired\":true,\"valueName\":\"search_term_string\"}}],\"inLanguage\":\"de-DE\"}]}<\/script>\n<!-- \/ Yoast SEO plugin. -->","yoast_head_json":{"title":"4-Sterne-Hotel N\u00e4he Venedig-Marathon | Indigo Venice Sant'Elena","description":"Das Village des Venedig-Marathons liegt in Riva Sette Martiri, einen kurzen Fu\u00dfweg vom Hotel Indigo Venice Sant'Elena entfernt.","robots":{"index":"index","follow":"follow","max-snippet":"max-snippet:-1","max-image-preview":"max-image-preview:large","max-video-preview":"max-video-preview:-1"},"canonical":"https:\/\/www.indigovenice.com\/de\/venedig\/venedig-marathon\/","og_locale":"de_DE","og_type":"article","og_title":"4-Sterne-Hotel N\u00e4he Venedig-Marathon | Indigo Venice Sant'Elena","og_description":"Das Village des Venedig-Marathons liegt in Riva Sette Martiri, einen kurzen Fu\u00dfweg vom Hotel Indigo Venice Sant'Elena entfernt.","og_url":"https:\/\/www.indigovenice.com\/de\/venedig\/venedig-marathon\/","og_site_name":"Hotel Indigo Venice - Sant'Elena","article_modified_time":"2022-01-21T15:31:21+00:00","twitter_card":"summary_large_image","schema":{"@context":"https:\/\/schema.org","@graph":[{"@type":"WebPage","@id":"https:\/\/www.indigovenice.com\/de\/venedig\/venedig-marathon\/","url":"https:\/\/www.indigovenice.com\/de\/venedig\/venedig-marathon\/","name":"4-Sterne-Hotel N\u00e4he Venedig-Marathon | Indigo Venice Sant'Elena","isPartOf":{"@id":"https:\/\/www.indigovenice.com\/de\/#website"},"datePublished":"2019-06-05T20:54:21+00:00","dateModified":"2022-01-21T15:31:21+00:00","description":"Das Village des Venedig-Marathons liegt in Riva Sette Martiri, einen kurzen Fu\u00dfweg vom Hotel Indigo Venice Sant'Elena entfernt.","breadcrumb":{"@id":"https:\/\/www.indigovenice.com\/de\/venedig\/venedig-marathon\/#breadcrumb"},"inLanguage":"de-DE","potentialAction":[{"@type":"ReadAction","target":["https:\/\/www.indigovenice.com\/de\/venedig\/venedig-marathon\/"]}]},{"@type":"BreadcrumbList","@id":"https:\/\/www.indigovenice.com\/de\/venedig\/venedig-marathon\/#breadcrumb","itemListElement":[{"@type":"ListItem","position":1,"name":"Home","item":"https:\/\/www.indigovenice.com\/de\/"},{"@type":"ListItem","position":2,"name":"Venedig","item":"https:\/\/www.indigovenice.com\/de\/venedig\/"},{"@type":"ListItem","position":3,"name":"Venedig-Marathon"}]},{"@type":"WebSite","@id":"https:\/\/www.indigovenice.com\/de\/#website","url":"https:\/\/www.indigovenice.com\/de\/","name":"Hotel Indigo Venice - Sant'Elena","description":"Just another ms.decms.eu site","potentialAction":[{"@type":"SearchAction","target":{"@type":"EntryPoint","urlTemplate":"https:\/\/www.indigovenice.com\/de\/?s={search_term_string}"},"query-input":{"@type":"PropertyValueSpecification","valueRequired":true,"valueName":"search_term_string"}}],"inLanguage":"de-DE"}]}},"acf":[],"_links":{"self":[{"href":"https:\/\/www.indigovenice.com\/de\/wp-json\/wp\/v2\/pages\/603","targetHints":{"allow":["GET"]}}],"collection":[{"href":"https:\/\/www.indigovenice.com\/de\/wp-json\/wp\/v2\/pages"}],"about":[{"href":"https:\/\/www.indigovenice.com\/de\/wp-json\/wp\/v2\/types\/page"}],"author":[{"embeddable":true,"href":"https:\/\/www.indigovenice.com\/de\/wp-json\/wp\/v2\/users\/7"}],"replies":[{"embeddable":true,"href":"https:\/\/www.indigovenice.com\/de\/wp-json\/wp\/v2\/comments?post=603"}],"version-history":[{"count":0,"href":"https:\/\/www.indigovenice.com\/de\/wp-json\/wp\/v2\/pages\/603\/revisions"}],"up":[{"embeddable":true,"href":"https:\/\/www.indigovenice.com\/de\/wp-json\/wp\/v2\/pages\/534"}],"wp:attachment":[{"href":"https:\/\/www.indigovenice.com\/de\/wp-json\/wp\/v2\/media?parent=603"}],"curies":[{"name":"wp","href":"https:\/\/api.w.org\/{rel}","templated":true}]}}