{"id":608,"date":"2019-06-05T21:14:22","date_gmt":"2019-06-05T21:14:22","guid":{"rendered":"http:\/\/st-elena.ms.decms.eu\/?page_id=608"},"modified":"2019-06-10T16:04:07","modified_gmt":"2019-06-10T16:04:07","slug":"lido-von-venedig","status":"publish","type":"page","link":"https:\/\/www.indigovenice.com\/de\/venedig\/lido-von-venedig\/","title":{"rendered":"Lido von Venedig"},"content":{"rendered":"<p>Begrenzt durch die H\u00e4fen von San Nicol\u00f2 and Malamocco, ist er ist mit dem Festland \u00fcber die Linien-Vaporetti und -Motorbooten f\u00fcr den Transport von Fahrzeugen verbunden und eine der wenigen Inseln in der Lagune, auf denen es Fahrbahnen gibt.<\/p>\n<p>Die Architektur ist reich an Geb\u00e4uden im Jugendstil und gr\u00fcnen Parks. Aber vor allem verdankt der Lido seine Ber\u00fchmtheit den nat\u00fcrlichen D\u00fcnen mit feinem, goldenem Sand und dem sauberen, stillen Wasser seiner Str\u00e4nde, das er dem Schutz der beiden \u00e4u\u00dferen Wellenbrecher von San Nicol\u00f2 (zum Norden hin) und von Alberoni (zum S\u00fcden hin) und den vielen anderen D\u00e4mmen, die vom Ufer ins Meer abflie\u00dfen, verdankt.<\/p>\n","protected":false},"excerpt":{"rendered":"<p>Begrenzt durch die H\u00e4fen von San Nicol\u00f2 and Malamocco, ist er ist mit dem Festland \u00fcber die Linien-Vaporetti und -Motorbooten f\u00fcr den Transport von Fahrzeugen verbunden und eine der wenigen Inseln in der Lagune, auf denen es Fahrbahnen gibt. Die Architektur ist reich an Geb\u00e4uden im Jugendstil und gr\u00fcnen Parks. Aber vor allem verdankt der [&hellip;]<\/p>\n","protected":false},"author":7,"featured_media":0,"parent":534,"menu_order":6,"comment_status":"closed","ping_status":"closed","template":"template-venice-theme.php","meta":{"footnotes":""},"class_list":["post-608","page","type-page","status-publish","hentry"],"yoast_head":"<!-- This site is optimized with the Yoast SEO plugin v26.9 - https:\/\/yoast.com\/product\/yoast-seo-wordpress\/ -->\n<title>4-Sterne-Hotel N\u00e4he Lido Venedig | Hotel Indigo Venice Sant&#039;Elena<\/title>\n<meta name=\"description\" content=\"Das Hotel Indigo Venice Sant&#039;Elena ist ideal f\u00fcr Filmfans: Der Lido von Venedig und das Internationale Filmfestival sind 5 Minuten mit dem Vaporetto entfernt.\" \/>\n<meta name=\"robots\" content=\"index, follow, max-snippet:-1, max-image-preview:large, max-video-preview:-1\" \/>\n<link rel=\"canonical\" href=\"https:\/\/www.indigovenice.com\/de\/venedig\/lido-von-venedig\/\" \/>\n<meta property=\"og:locale\" content=\"de_DE\" \/>\n<meta property=\"og:type\" content=\"article\" \/>\n<meta property=\"og:title\" content=\"4-Sterne-Hotel N\u00e4he Lido Venedig | Hotel Indigo Venice Sant&#039;Elena\" \/>\n<meta property=\"og:description\" content=\"Das Hotel Indigo Venice Sant&#039;Elena ist ideal f\u00fcr Filmfans: Der Lido von Venedig und das Internationale Filmfestival sind 5 Minuten mit dem Vaporetto entfernt.\" \/>\n<meta property=\"og:url\" content=\"https:\/\/www.indigovenice.com\/de\/venedig\/lido-von-venedig\/\" \/>\n<meta property=\"og:site_name\" content=\"Hotel Indigo Venice - Sant&#039;Elena\" \/>\n<meta property=\"article:modified_time\" content=\"2019-06-10T16:04:07+00:00\" \/>\n<meta name=\"twitter:card\" content=\"summary_large_image\" \/>\n<meta name=\"twitter:label1\" content=\"Gesch\u00e4tzte Lesezeit\" \/>\n\t<meta name=\"twitter:data1\" content=\"1 Minute\" \/>\n<script type=\"application\/ld+json\" class=\"yoast-schema-graph\">{\"@context\":\"https:\/\/schema.org\",\"@graph\":[{\"@type\":\"WebPage\",\"@id\":\"https:\/\/www.indigovenice.com\/de\/venedig\/lido-von-venedig\/\",\"url\":\"https:\/\/www.indigovenice.com\/de\/venedig\/lido-von-venedig\/\",\"name\":\"4-Sterne-Hotel N\u00e4he Lido Venedig | Hotel Indigo Venice Sant'Elena\",\"isPartOf\":{\"@id\":\"https:\/\/www.indigovenice.com\/de\/#website\"},\"datePublished\":\"2019-06-05T21:14:22+00:00\",\"dateModified\":\"2019-06-10T16:04:07+00:00\",\"description\":\"Das Hotel Indigo Venice Sant'Elena ist ideal f\u00fcr Filmfans: Der Lido von Venedig und das Internationale Filmfestival sind 5 Minuten mit dem Vaporetto entfernt.\",\"breadcrumb\":{\"@id\":\"https:\/\/www.indigovenice.com\/de\/venedig\/lido-von-venedig\/#breadcrumb\"},\"inLanguage\":\"de-DE\",\"potentialAction\":[{\"@type\":\"ReadAction\",\"target\":[\"https:\/\/www.indigovenice.com\/de\/venedig\/lido-von-venedig\/\"]}]},{\"@type\":\"BreadcrumbList\",\"@id\":\"https:\/\/www.indigovenice.com\/de\/venedig\/lido-von-venedig\/#breadcrumb\",\"itemListElement\":[{\"@type\":\"ListItem\",\"position\":1,\"name\":\"Home\",\"item\":\"https:\/\/www.indigovenice.com\/de\/\"},{\"@type\":\"ListItem\",\"position\":2,\"name\":\"Venedig\",\"item\":\"https:\/\/www.indigovenice.com\/de\/venedig\/\"},{\"@type\":\"ListItem\",\"position\":3,\"name\":\"Lido von Venedig\"}]},{\"@type\":\"WebSite\",\"@id\":\"https:\/\/www.indigovenice.com\/de\/#website\",\"url\":\"https:\/\/www.indigovenice.com\/de\/\",\"name\":\"Hotel Indigo Venice - Sant'Elena\",\"description\":\"Just another ms.decms.eu site\",\"potentialAction\":[{\"@type\":\"SearchAction\",\"target\":{\"@type\":\"EntryPoint\",\"urlTemplate\":\"https:\/\/www.indigovenice.com\/de\/?s={search_term_string}\"},\"query-input\":{\"@type\":\"PropertyValueSpecification\",\"valueRequired\":true,\"valueName\":\"search_term_string\"}}],\"inLanguage\":\"de-DE\"}]}<\/script>\n<!-- \/ Yoast SEO plugin. -->","yoast_head_json":{"title":"4-Sterne-Hotel N\u00e4he Lido Venedig | Hotel Indigo Venice Sant'Elena","description":"Das Hotel Indigo Venice Sant'Elena ist ideal f\u00fcr Filmfans: Der Lido von Venedig und das Internationale Filmfestival sind 5 Minuten mit dem Vaporetto entfernt.","robots":{"index":"index","follow":"follow","max-snippet":"max-snippet:-1","max-image-preview":"max-image-preview:large","max-video-preview":"max-video-preview:-1"},"canonical":"https:\/\/www.indigovenice.com\/de\/venedig\/lido-von-venedig\/","og_locale":"de_DE","og_type":"article","og_title":"4-Sterne-Hotel N\u00e4he Lido Venedig | Hotel Indigo Venice Sant'Elena","og_description":"Das Hotel Indigo Venice Sant'Elena ist ideal f\u00fcr Filmfans: Der Lido von Venedig und das Internationale Filmfestival sind 5 Minuten mit dem Vaporetto entfernt.","og_url":"https:\/\/www.indigovenice.com\/de\/venedig\/lido-von-venedig\/","og_site_name":"Hotel Indigo Venice - Sant'Elena","article_modified_time":"2019-06-10T16:04:07+00:00","twitter_card":"summary_large_image","twitter_misc":{"Gesch\u00e4tzte Lesezeit":"1 Minute"},"schema":{"@context":"https:\/\/schema.org","@graph":[{"@type":"WebPage","@id":"https:\/\/www.indigovenice.com\/de\/venedig\/lido-von-venedig\/","url":"https:\/\/www.indigovenice.com\/de\/venedig\/lido-von-venedig\/","name":"4-Sterne-Hotel N\u00e4he Lido Venedig | Hotel Indigo Venice Sant'Elena","isPartOf":{"@id":"https:\/\/www.indigovenice.com\/de\/#website"},"datePublished":"2019-06-05T21:14:22+00:00","dateModified":"2019-06-10T16:04:07+00:00","description":"Das Hotel Indigo Venice Sant'Elena ist ideal f\u00fcr Filmfans: Der Lido von Venedig und das Internationale Filmfestival sind 5 Minuten mit dem Vaporetto entfernt.","breadcrumb":{"@id":"https:\/\/www.indigovenice.com\/de\/venedig\/lido-von-venedig\/#breadcrumb"},"inLanguage":"de-DE","potentialAction":[{"@type":"ReadAction","target":["https:\/\/www.indigovenice.com\/de\/venedig\/lido-von-venedig\/"]}]},{"@type":"BreadcrumbList","@id":"https:\/\/www.indigovenice.com\/de\/venedig\/lido-von-venedig\/#breadcrumb","itemListElement":[{"@type":"ListItem","position":1,"name":"Home","item":"https:\/\/www.indigovenice.com\/de\/"},{"@type":"ListItem","position":2,"name":"Venedig","item":"https:\/\/www.indigovenice.com\/de\/venedig\/"},{"@type":"ListItem","position":3,"name":"Lido von Venedig"}]},{"@type":"WebSite","@id":"https:\/\/www.indigovenice.com\/de\/#website","url":"https:\/\/www.indigovenice.com\/de\/","name":"Hotel Indigo Venice - Sant'Elena","description":"Just another ms.decms.eu site","potentialAction":[{"@type":"SearchAction","target":{"@type":"EntryPoint","urlTemplate":"https:\/\/www.indigovenice.com\/de\/?s={search_term_string}"},"query-input":{"@type":"PropertyValueSpecification","valueRequired":true,"valueName":"search_term_string"}}],"inLanguage":"de-DE"}]}},"acf":[],"_links":{"self":[{"href":"https:\/\/www.indigovenice.com\/de\/wp-json\/wp\/v2\/pages\/608","targetHints":{"allow":["GET"]}}],"collection":[{"href":"https:\/\/www.indigovenice.com\/de\/wp-json\/wp\/v2\/pages"}],"about":[{"href":"https:\/\/www.indigovenice.com\/de\/wp-json\/wp\/v2\/types\/page"}],"author":[{"embeddable":true,"href":"https:\/\/www.indigovenice.com\/de\/wp-json\/wp\/v2\/users\/7"}],"replies":[{"embeddable":true,"href":"https:\/\/www.indigovenice.com\/de\/wp-json\/wp\/v2\/comments?post=608"}],"version-history":[{"count":0,"href":"https:\/\/www.indigovenice.com\/de\/wp-json\/wp\/v2\/pages\/608\/revisions"}],"up":[{"embeddable":true,"href":"https:\/\/www.indigovenice.com\/de\/wp-json\/wp\/v2\/pages\/534"}],"wp:attachment":[{"href":"https:\/\/www.indigovenice.com\/de\/wp-json\/wp\/v2\/media?parent=608"}],"curies":[{"name":"wp","href":"https:\/\/api.w.org\/{rel}","templated":true}]}}