{"id":613,"date":"2019-06-05T21:38:54","date_gmt":"2019-06-05T21:38:54","guid":{"rendered":"http:\/\/st-elena.ms.decms.eu\/?page_id=613"},"modified":"2019-06-24T16:08:41","modified_gmt":"2019-06-24T16:08:41","slug":"nachtleben","status":"publish","type":"page","link":"https:\/\/www.indigovenice.com\/de\/venedig\/nachtleben\/","title":{"rendered":"Nachtleben"},"content":{"rendered":"<p>Venedig ist eher f\u00fcr seine kleinen Bars, als f\u00fcr gro\u00dfe Dance Clubs bekannt. Machen Sie es wie die Einheimischen: Beenden Sie Ihren Abend nach einem langen, anstrengenden Tag in der Stadt mit einem netten Cocktail oder einem Glas Wein in einem der vielen Caf\u00e9s oder Bars in der Stadt.<\/p>\n<p>Die Via Garibaldi, im Viertel Castello, ist nur wenige Schritte von unserem Hotel entfernt. Besonders in der warmen Jahreszeit und an Wochenenden ist sie bei Einheimischen beliebt, die f\u00fcr einen Drink und ein gutes Gespr\u00e4ch mit Freunden hierher kommen.<\/p>\n","protected":false},"excerpt":{"rendered":"<p>Venedig ist eher f\u00fcr seine kleinen Bars, als f\u00fcr gro\u00dfe Dance Clubs bekannt. Machen Sie es wie die Einheimischen: Beenden Sie Ihren Abend nach einem langen, anstrengenden Tag in der Stadt mit einem netten Cocktail oder einem Glas Wein in einem der vielen Caf\u00e9s oder Bars in der Stadt. Die Via Garibaldi, im Viertel Castello, [&hellip;]<\/p>\n","protected":false},"author":7,"featured_media":0,"parent":534,"menu_order":7,"comment_status":"closed","ping_status":"closed","template":"template-venice-theme.php","meta":{"footnotes":""},"class_list":["post-613","page","type-page","status-publish","hentry"],"yoast_head":"<!-- This site is optimized with the Yoast SEO plugin v26.9 - https:\/\/yoast.com\/product\/yoast-seo-wordpress\/ -->\n<title>Erkunden Sie das venezianische Nachtleben - Hotel Indigo Sant&#039;Elena<\/title>\n<meta name=\"description\" content=\"Das Nachtleben von Venedig und der Lido sind bunt und lebendig. Entdecken Sie das Nachtleben von Venedig mit einem Aufenthalt im Hotel Indigo Venice Sant&#039;Elena\" \/>\n<meta name=\"robots\" content=\"index, follow, max-snippet:-1, max-image-preview:large, max-video-preview:-1\" \/>\n<link rel=\"canonical\" href=\"https:\/\/www.indigovenice.com\/de\/venedig\/nachtleben\/\" \/>\n<meta property=\"og:locale\" content=\"de_DE\" \/>\n<meta property=\"og:type\" content=\"article\" \/>\n<meta property=\"og:title\" content=\"Erkunden Sie das venezianische Nachtleben - Hotel Indigo Sant&#039;Elena\" \/>\n<meta property=\"og:description\" content=\"Das Nachtleben von Venedig und der Lido sind bunt und lebendig. Entdecken Sie das Nachtleben von Venedig mit einem Aufenthalt im Hotel Indigo Venice Sant&#039;Elena\" \/>\n<meta property=\"og:url\" content=\"https:\/\/www.indigovenice.com\/de\/venedig\/nachtleben\/\" \/>\n<meta property=\"og:site_name\" content=\"Hotel Indigo Venice - Sant&#039;Elena\" \/>\n<meta property=\"article:modified_time\" content=\"2019-06-24T16:08:41+00:00\" \/>\n<meta name=\"twitter:card\" content=\"summary_large_image\" \/>\n<script type=\"application\/ld+json\" class=\"yoast-schema-graph\">{\"@context\":\"https:\/\/schema.org\",\"@graph\":[{\"@type\":\"WebPage\",\"@id\":\"https:\/\/www.indigovenice.com\/de\/venedig\/nachtleben\/\",\"url\":\"https:\/\/www.indigovenice.com\/de\/venedig\/nachtleben\/\",\"name\":\"Erkunden Sie das venezianische Nachtleben - Hotel Indigo Sant'Elena\",\"isPartOf\":{\"@id\":\"https:\/\/www.indigovenice.com\/de\/#website\"},\"datePublished\":\"2019-06-05T21:38:54+00:00\",\"dateModified\":\"2019-06-24T16:08:41+00:00\",\"description\":\"Das Nachtleben von Venedig und der Lido sind bunt und lebendig. Entdecken Sie das Nachtleben von Venedig mit einem Aufenthalt im Hotel Indigo Venice Sant'Elena\",\"breadcrumb\":{\"@id\":\"https:\/\/www.indigovenice.com\/de\/venedig\/nachtleben\/#breadcrumb\"},\"inLanguage\":\"de-DE\",\"potentialAction\":[{\"@type\":\"ReadAction\",\"target\":[\"https:\/\/www.indigovenice.com\/de\/venedig\/nachtleben\/\"]}]},{\"@type\":\"BreadcrumbList\",\"@id\":\"https:\/\/www.indigovenice.com\/de\/venedig\/nachtleben\/#breadcrumb\",\"itemListElement\":[{\"@type\":\"ListItem\",\"position\":1,\"name\":\"Home\",\"item\":\"https:\/\/www.indigovenice.com\/de\/\"},{\"@type\":\"ListItem\",\"position\":2,\"name\":\"Venedig\",\"item\":\"https:\/\/www.indigovenice.com\/de\/venedig\/\"},{\"@type\":\"ListItem\",\"position\":3,\"name\":\"Nachtleben\"}]},{\"@type\":\"WebSite\",\"@id\":\"https:\/\/www.indigovenice.com\/de\/#website\",\"url\":\"https:\/\/www.indigovenice.com\/de\/\",\"name\":\"Hotel Indigo Venice - Sant'Elena\",\"description\":\"Just another ms.decms.eu site\",\"potentialAction\":[{\"@type\":\"SearchAction\",\"target\":{\"@type\":\"EntryPoint\",\"urlTemplate\":\"https:\/\/www.indigovenice.com\/de\/?s={search_term_string}\"},\"query-input\":{\"@type\":\"PropertyValueSpecification\",\"valueRequired\":true,\"valueName\":\"search_term_string\"}}],\"inLanguage\":\"de-DE\"}]}<\/script>\n<!-- \/ Yoast SEO plugin. -->","yoast_head_json":{"title":"Erkunden Sie das venezianische Nachtleben - Hotel Indigo Sant'Elena","description":"Das Nachtleben von Venedig und der Lido sind bunt und lebendig. Entdecken Sie das Nachtleben von Venedig mit einem Aufenthalt im Hotel Indigo Venice Sant'Elena","robots":{"index":"index","follow":"follow","max-snippet":"max-snippet:-1","max-image-preview":"max-image-preview:large","max-video-preview":"max-video-preview:-1"},"canonical":"https:\/\/www.indigovenice.com\/de\/venedig\/nachtleben\/","og_locale":"de_DE","og_type":"article","og_title":"Erkunden Sie das venezianische Nachtleben - Hotel Indigo Sant'Elena","og_description":"Das Nachtleben von Venedig und der Lido sind bunt und lebendig. Entdecken Sie das Nachtleben von Venedig mit einem Aufenthalt im Hotel Indigo Venice Sant'Elena","og_url":"https:\/\/www.indigovenice.com\/de\/venedig\/nachtleben\/","og_site_name":"Hotel Indigo Venice - Sant'Elena","article_modified_time":"2019-06-24T16:08:41+00:00","twitter_card":"summary_large_image","schema":{"@context":"https:\/\/schema.org","@graph":[{"@type":"WebPage","@id":"https:\/\/www.indigovenice.com\/de\/venedig\/nachtleben\/","url":"https:\/\/www.indigovenice.com\/de\/venedig\/nachtleben\/","name":"Erkunden Sie das venezianische Nachtleben - Hotel Indigo Sant'Elena","isPartOf":{"@id":"https:\/\/www.indigovenice.com\/de\/#website"},"datePublished":"2019-06-05T21:38:54+00:00","dateModified":"2019-06-24T16:08:41+00:00","description":"Das Nachtleben von Venedig und der Lido sind bunt und lebendig. Entdecken Sie das Nachtleben von Venedig mit einem Aufenthalt im Hotel Indigo Venice Sant'Elena","breadcrumb":{"@id":"https:\/\/www.indigovenice.com\/de\/venedig\/nachtleben\/#breadcrumb"},"inLanguage":"de-DE","potentialAction":[{"@type":"ReadAction","target":["https:\/\/www.indigovenice.com\/de\/venedig\/nachtleben\/"]}]},{"@type":"BreadcrumbList","@id":"https:\/\/www.indigovenice.com\/de\/venedig\/nachtleben\/#breadcrumb","itemListElement":[{"@type":"ListItem","position":1,"name":"Home","item":"https:\/\/www.indigovenice.com\/de\/"},{"@type":"ListItem","position":2,"name":"Venedig","item":"https:\/\/www.indigovenice.com\/de\/venedig\/"},{"@type":"ListItem","position":3,"name":"Nachtleben"}]},{"@type":"WebSite","@id":"https:\/\/www.indigovenice.com\/de\/#website","url":"https:\/\/www.indigovenice.com\/de\/","name":"Hotel Indigo Venice - Sant'Elena","description":"Just another ms.decms.eu site","potentialAction":[{"@type":"SearchAction","target":{"@type":"EntryPoint","urlTemplate":"https:\/\/www.indigovenice.com\/de\/?s={search_term_string}"},"query-input":{"@type":"PropertyValueSpecification","valueRequired":true,"valueName":"search_term_string"}}],"inLanguage":"de-DE"}]}},"acf":[],"_links":{"self":[{"href":"https:\/\/www.indigovenice.com\/de\/wp-json\/wp\/v2\/pages\/613","targetHints":{"allow":["GET"]}}],"collection":[{"href":"https:\/\/www.indigovenice.com\/de\/wp-json\/wp\/v2\/pages"}],"about":[{"href":"https:\/\/www.indigovenice.com\/de\/wp-json\/wp\/v2\/types\/page"}],"author":[{"embeddable":true,"href":"https:\/\/www.indigovenice.com\/de\/wp-json\/wp\/v2\/users\/7"}],"replies":[{"embeddable":true,"href":"https:\/\/www.indigovenice.com\/de\/wp-json\/wp\/v2\/comments?post=613"}],"version-history":[{"count":0,"href":"https:\/\/www.indigovenice.com\/de\/wp-json\/wp\/v2\/pages\/613\/revisions"}],"up":[{"embeddable":true,"href":"https:\/\/www.indigovenice.com\/de\/wp-json\/wp\/v2\/pages\/534"}],"wp:attachment":[{"href":"https:\/\/www.indigovenice.com\/de\/wp-json\/wp\/v2\/media?parent=613"}],"curies":[{"name":"wp","href":"https:\/\/api.w.org\/{rel}","templated":true}]}}