{"id":656,"date":"2019-06-06T12:40:38","date_gmt":"2019-06-06T12:40:38","guid":{"rendered":"http:\/\/st-elena.ms.decms.eu\/?page_id=656"},"modified":"2024-01-23T11:34:19","modified_gmt":"2024-01-23T11:34:19","slug":"restaurant","status":"publish","type":"page","link":"https:\/\/www.indigovenice.com\/de\/restaurant\/","title":{"rendered":"Savor Restaurant &amp; Bar"},"content":{"rendered":"<h3>Savor Restaurant: das charakteristische Restaurant des Hotels Indigo Venice &#8211; Sant&#8217;Elena<\/h3>\n<p>Genie\u00dfen Sie unser <a title=\"Savor: Das Restaurant Des Hotel Indigo Venice\" href=\"https:\/\/www.indigovenice.com\/de\/restaurant\/savor-restaurant\/\">exklusives Restaurant<\/a> offen f\u00fcr Fr\u00fchst\u00fcck und Abendessen, erlaubt es Ihnen, die Gen\u00fcsse einer raffinierten lokalen K\u00fcche zu entdecken, die sich stets auf Topqualit\u00e4t und lokal bezogene Zutaten st\u00fctzt, begleitet von einem gro\u00dfen Angebot an sorgsam ausgew\u00e4hlten Weinen in einem stylischen und <strong>bestens durchdachten Ambiente<\/strong>.<\/p>\n<p>Nach einem intensiven Tag in Venedig k\u00f6nnen Sie sich in unserer <a title=\"Savor: Das Bar Des Hotel Indigo Venice\" href=\"https:\/\/www.indigovenice.com\/de\/restaurant\/bar\/\">Lounge Bar<\/a> entspannen, w\u00e4hrend Sie einen klassischen Bellini oder einen exklusiven Cocktail unseres Barkeepers schl\u00fcrfen. In der warmen Jahreszeit kann man im Garten einen Cocktail und Aperitif genie\u00dfen.<\/p>\n","protected":false},"excerpt":{"rendered":"<p>Savor Restaurant: das charakteristische Restaurant des Hotels Indigo Venice &#8211; Sant&#8217;Elena Genie\u00dfen Sie unser exklusives Restaurant offen f\u00fcr Fr\u00fchst\u00fcck und Abendessen, erlaubt es Ihnen, die Gen\u00fcsse einer raffinierten lokalen K\u00fcche zu entdecken, die sich stets auf Topqualit\u00e4t und lokal bezogene Zutaten st\u00fctzt, begleitet von einem gro\u00dfen Angebot an sorgsam ausgew\u00e4hlten Weinen in einem stylischen und [&hellip;]<\/p>\n","protected":false},"author":3,"featured_media":0,"parent":0,"menu_order":5,"comment_status":"closed","ping_status":"closed","template":"","meta":{"footnotes":""},"class_list":["post-656","page","type-page","status-publish","hentry"],"yoast_head":"<!-- This site is optimized with the Yoast SEO plugin v26.9 - https:\/\/yoast.com\/product\/yoast-seo-wordpress\/ -->\n<title>Hotel mit Restaurant &amp; Loungebar Venedig - Indigo Venice Sant&#039;Elena<\/title>\n<meta name=\"description\" content=\"Internationales Fr\u00fchst\u00fcck, Lounge Bar und Restaurant: eine raffinierte und elegante Umgebung, wo Sie die Gen\u00fcsse der venezianischen Tradition probieren k\u00f6nnen.\" \/>\n<meta name=\"robots\" content=\"index, follow, max-snippet:-1, max-image-preview:large, max-video-preview:-1\" \/>\n<link rel=\"canonical\" href=\"https:\/\/www.indigovenice.com\/de\/restaurant\/\" \/>\n<meta property=\"og:locale\" content=\"de_DE\" \/>\n<meta property=\"og:type\" content=\"article\" \/>\n<meta property=\"og:title\" content=\"Hotel mit Restaurant &amp; Loungebar Venedig - Indigo Venice Sant&#039;Elena\" \/>\n<meta property=\"og:description\" content=\"Internationales Fr\u00fchst\u00fcck, Lounge Bar und Restaurant: eine raffinierte und elegante Umgebung, wo Sie die Gen\u00fcsse der venezianischen Tradition probieren k\u00f6nnen.\" \/>\n<meta property=\"og:url\" content=\"https:\/\/www.indigovenice.com\/de\/restaurant\/\" \/>\n<meta property=\"og:site_name\" content=\"Hotel Indigo Venice - Sant&#039;Elena\" \/>\n<meta property=\"article:modified_time\" content=\"2024-01-23T11:34:19+00:00\" \/>\n<meta name=\"twitter:card\" content=\"summary_large_image\" \/>\n<meta name=\"twitter:label1\" content=\"Gesch\u00e4tzte Lesezeit\" \/>\n\t<meta name=\"twitter:data1\" content=\"1 Minute\" \/>\n<script type=\"application\/ld+json\" class=\"yoast-schema-graph\">{\"@context\":\"https:\/\/schema.org\",\"@graph\":[{\"@type\":\"WebPage\",\"@id\":\"https:\/\/www.indigovenice.com\/de\/restaurant\/\",\"url\":\"https:\/\/www.indigovenice.com\/de\/restaurant\/\",\"name\":\"Hotel mit Restaurant & Loungebar Venedig - Indigo Venice Sant'Elena\",\"isPartOf\":{\"@id\":\"https:\/\/www.indigovenice.com\/de\/#website\"},\"datePublished\":\"2019-06-06T12:40:38+00:00\",\"dateModified\":\"2024-01-23T11:34:19+00:00\",\"description\":\"Internationales Fr\u00fchst\u00fcck, Lounge Bar und Restaurant: eine raffinierte und elegante Umgebung, wo Sie die Gen\u00fcsse der venezianischen Tradition probieren k\u00f6nnen.\",\"breadcrumb\":{\"@id\":\"https:\/\/www.indigovenice.com\/de\/restaurant\/#breadcrumb\"},\"inLanguage\":\"de-DE\",\"potentialAction\":[{\"@type\":\"ReadAction\",\"target\":[\"https:\/\/www.indigovenice.com\/de\/restaurant\/\"]}]},{\"@type\":\"BreadcrumbList\",\"@id\":\"https:\/\/www.indigovenice.com\/de\/restaurant\/#breadcrumb\",\"itemListElement\":[{\"@type\":\"ListItem\",\"position\":1,\"name\":\"Home\",\"item\":\"https:\/\/www.indigovenice.com\/de\/\"},{\"@type\":\"ListItem\",\"position\":2,\"name\":\"Savor Restaurant &amp; Bar\"}]},{\"@type\":\"WebSite\",\"@id\":\"https:\/\/www.indigovenice.com\/de\/#website\",\"url\":\"https:\/\/www.indigovenice.com\/de\/\",\"name\":\"Hotel Indigo Venice - Sant'Elena\",\"description\":\"Just another ms.decms.eu site\",\"potentialAction\":[{\"@type\":\"SearchAction\",\"target\":{\"@type\":\"EntryPoint\",\"urlTemplate\":\"https:\/\/www.indigovenice.com\/de\/?s={search_term_string}\"},\"query-input\":{\"@type\":\"PropertyValueSpecification\",\"valueRequired\":true,\"valueName\":\"search_term_string\"}}],\"inLanguage\":\"de-DE\"}]}<\/script>\n<!-- \/ Yoast SEO plugin. -->","yoast_head_json":{"title":"Hotel mit Restaurant & Loungebar Venedig - Indigo Venice Sant'Elena","description":"Internationales Fr\u00fchst\u00fcck, Lounge Bar und Restaurant: eine raffinierte und elegante Umgebung, wo Sie die Gen\u00fcsse der venezianischen Tradition probieren k\u00f6nnen.","robots":{"index":"index","follow":"follow","max-snippet":"max-snippet:-1","max-image-preview":"max-image-preview:large","max-video-preview":"max-video-preview:-1"},"canonical":"https:\/\/www.indigovenice.com\/de\/restaurant\/","og_locale":"de_DE","og_type":"article","og_title":"Hotel mit Restaurant & Loungebar Venedig - Indigo Venice Sant'Elena","og_description":"Internationales Fr\u00fchst\u00fcck, Lounge Bar und Restaurant: eine raffinierte und elegante Umgebung, wo Sie die Gen\u00fcsse der venezianischen Tradition probieren k\u00f6nnen.","og_url":"https:\/\/www.indigovenice.com\/de\/restaurant\/","og_site_name":"Hotel Indigo Venice - Sant'Elena","article_modified_time":"2024-01-23T11:34:19+00:00","twitter_card":"summary_large_image","twitter_misc":{"Gesch\u00e4tzte Lesezeit":"1 Minute"},"schema":{"@context":"https:\/\/schema.org","@graph":[{"@type":"WebPage","@id":"https:\/\/www.indigovenice.com\/de\/restaurant\/","url":"https:\/\/www.indigovenice.com\/de\/restaurant\/","name":"Hotel mit Restaurant & Loungebar Venedig - Indigo Venice Sant'Elena","isPartOf":{"@id":"https:\/\/www.indigovenice.com\/de\/#website"},"datePublished":"2019-06-06T12:40:38+00:00","dateModified":"2024-01-23T11:34:19+00:00","description":"Internationales Fr\u00fchst\u00fcck, Lounge Bar und Restaurant: eine raffinierte und elegante Umgebung, wo Sie die Gen\u00fcsse der venezianischen Tradition probieren k\u00f6nnen.","breadcrumb":{"@id":"https:\/\/www.indigovenice.com\/de\/restaurant\/#breadcrumb"},"inLanguage":"de-DE","potentialAction":[{"@type":"ReadAction","target":["https:\/\/www.indigovenice.com\/de\/restaurant\/"]}]},{"@type":"BreadcrumbList","@id":"https:\/\/www.indigovenice.com\/de\/restaurant\/#breadcrumb","itemListElement":[{"@type":"ListItem","position":1,"name":"Home","item":"https:\/\/www.indigovenice.com\/de\/"},{"@type":"ListItem","position":2,"name":"Savor Restaurant &amp; Bar"}]},{"@type":"WebSite","@id":"https:\/\/www.indigovenice.com\/de\/#website","url":"https:\/\/www.indigovenice.com\/de\/","name":"Hotel Indigo Venice - Sant'Elena","description":"Just another ms.decms.eu site","potentialAction":[{"@type":"SearchAction","target":{"@type":"EntryPoint","urlTemplate":"https:\/\/www.indigovenice.com\/de\/?s={search_term_string}"},"query-input":{"@type":"PropertyValueSpecification","valueRequired":true,"valueName":"search_term_string"}}],"inLanguage":"de-DE"}]}},"acf":[],"_links":{"self":[{"href":"https:\/\/www.indigovenice.com\/de\/wp-json\/wp\/v2\/pages\/656","targetHints":{"allow":["GET"]}}],"collection":[{"href":"https:\/\/www.indigovenice.com\/de\/wp-json\/wp\/v2\/pages"}],"about":[{"href":"https:\/\/www.indigovenice.com\/de\/wp-json\/wp\/v2\/types\/page"}],"author":[{"embeddable":true,"href":"https:\/\/www.indigovenice.com\/de\/wp-json\/wp\/v2\/users\/3"}],"replies":[{"embeddable":true,"href":"https:\/\/www.indigovenice.com\/de\/wp-json\/wp\/v2\/comments?post=656"}],"version-history":[{"count":0,"href":"https:\/\/www.indigovenice.com\/de\/wp-json\/wp\/v2\/pages\/656\/revisions"}],"wp:attachment":[{"href":"https:\/\/www.indigovenice.com\/de\/wp-json\/wp\/v2\/media?parent=656"}],"curies":[{"name":"wp","href":"https:\/\/api.w.org\/{rel}","templated":true}]}}