{"id":657,"date":"2019-06-06T12:43:39","date_gmt":"2019-06-06T12:43:39","guid":{"rendered":"http:\/\/st-elena.ms.decms.eu\/?page_id=657"},"modified":"2025-09-18T11:37:29","modified_gmt":"2025-09-18T11:37:29","slug":"fruehstueck","status":"publish","type":"page","link":"https:\/\/www.indigovenice.com\/de\/restaurant\/fruehstueck\/","title":{"rendered":"Fr\u00fchst\u00fcck"},"content":{"rendered":"<p>Das Men\u00fc reicht von warmen Croissants und k\u00f6stlichen Kuchen mit einem dampfenden Kaffee oder einem Cappuccino bis hin zu frischem K\u00e4se und Eiern, begleitet von einem Glas Prosecco.<\/p>\n<p>In der warmen Jahreszeit wird das Fr\u00fchst\u00fcck auch drau\u00dfen serviert, und an sonnigen Tagen k\u00f6nnen Sie Ihren Morgenkaffee auf den Liegest\u00fchlen in<strong> unserem Garten<\/strong> trinken und den Frieden rundherum genie\u00dfen.<\/p>\n","protected":false},"excerpt":{"rendered":"<p>Das Men\u00fc reicht von warmen Croissants und k\u00f6stlichen Kuchen mit einem dampfenden Kaffee oder einem Cappuccino bis hin zu frischem K\u00e4se und Eiern, begleitet von einem Glas Prosecco. In der warmen Jahreszeit wird das Fr\u00fchst\u00fcck auch drau\u00dfen serviert, und an sonnigen Tagen k\u00f6nnen Sie Ihren Morgenkaffee auf den Liegest\u00fchlen in unserem Garten trinken und den [&hellip;]<\/p>\n","protected":false},"author":3,"featured_media":0,"parent":656,"menu_order":1,"comment_status":"closed","ping_status":"closed","template":"","meta":{"footnotes":""},"class_list":["post-657","page","type-page","status-publish","hentry"],"yoast_head":"<!-- This site is optimized with the Yoast SEO plugin v26.9 - https:\/\/yoast.com\/product\/yoast-seo-wordpress\/ -->\n<title>Internationales Fr\u00fchst\u00fcck | 4-Sterne-Hotel Indigo Venice Sant&#039;Elena<\/title>\n<meta name=\"description\" content=\"Das Fr\u00fchst\u00fcck im Hotel Indigo Venice Sant&#039;Elena bietet frische s\u00fc\u00dfe und pikante Produkte, auch glutenfrei! Starten Sie voller Energie in Ihren Tag in Venedig!\" \/>\n<meta name=\"robots\" content=\"index, follow, max-snippet:-1, max-image-preview:large, max-video-preview:-1\" \/>\n<link rel=\"canonical\" href=\"https:\/\/www.indigovenice.com\/de\/restaurant\/fruehstueck\/\" \/>\n<meta property=\"og:locale\" content=\"de_DE\" \/>\n<meta property=\"og:type\" content=\"article\" \/>\n<meta property=\"og:title\" content=\"Internationales Fr\u00fchst\u00fcck | 4-Sterne-Hotel Indigo Venice Sant&#039;Elena\" \/>\n<meta property=\"og:description\" content=\"Das Fr\u00fchst\u00fcck im Hotel Indigo Venice Sant&#039;Elena bietet frische s\u00fc\u00dfe und pikante Produkte, auch glutenfrei! Starten Sie voller Energie in Ihren Tag in Venedig!\" \/>\n<meta property=\"og:url\" content=\"https:\/\/www.indigovenice.com\/de\/restaurant\/fruehstueck\/\" \/>\n<meta property=\"og:site_name\" content=\"Hotel Indigo Venice - Sant&#039;Elena\" \/>\n<meta property=\"article:modified_time\" content=\"2025-09-18T11:37:29+00:00\" \/>\n<meta name=\"twitter:card\" content=\"summary_large_image\" \/>\n<meta name=\"twitter:label1\" content=\"Gesch\u00e4tzte Lesezeit\" \/>\n\t<meta name=\"twitter:data1\" content=\"1 Minute\" \/>\n<script type=\"application\/ld+json\" class=\"yoast-schema-graph\">{\"@context\":\"https:\/\/schema.org\",\"@graph\":[{\"@type\":\"WebPage\",\"@id\":\"https:\/\/www.indigovenice.com\/de\/restaurant\/fruehstueck\/\",\"url\":\"https:\/\/www.indigovenice.com\/de\/restaurant\/fruehstueck\/\",\"name\":\"Internationales Fr\u00fchst\u00fcck | 4-Sterne-Hotel Indigo Venice Sant'Elena\",\"isPartOf\":{\"@id\":\"https:\/\/www.indigovenice.com\/de\/#website\"},\"datePublished\":\"2019-06-06T12:43:39+00:00\",\"dateModified\":\"2025-09-18T11:37:29+00:00\",\"description\":\"Das Fr\u00fchst\u00fcck im Hotel Indigo Venice Sant'Elena bietet frische s\u00fc\u00dfe und pikante Produkte, auch glutenfrei! Starten Sie voller Energie in Ihren Tag in Venedig!\",\"breadcrumb\":{\"@id\":\"https:\/\/www.indigovenice.com\/de\/restaurant\/fruehstueck\/#breadcrumb\"},\"inLanguage\":\"de-DE\",\"potentialAction\":[{\"@type\":\"ReadAction\",\"target\":[\"https:\/\/www.indigovenice.com\/de\/restaurant\/fruehstueck\/\"]}]},{\"@type\":\"BreadcrumbList\",\"@id\":\"https:\/\/www.indigovenice.com\/de\/restaurant\/fruehstueck\/#breadcrumb\",\"itemListElement\":[{\"@type\":\"ListItem\",\"position\":1,\"name\":\"Home\",\"item\":\"https:\/\/www.indigovenice.com\/de\/\"},{\"@type\":\"ListItem\",\"position\":2,\"name\":\"Savor Restaurant &amp; Bar\",\"item\":\"https:\/\/www.indigovenice.com\/de\/restaurant\/\"},{\"@type\":\"ListItem\",\"position\":3,\"name\":\"Fr\u00fchst\u00fcck\"}]},{\"@type\":\"WebSite\",\"@id\":\"https:\/\/www.indigovenice.com\/de\/#website\",\"url\":\"https:\/\/www.indigovenice.com\/de\/\",\"name\":\"Hotel Indigo Venice - Sant'Elena\",\"description\":\"Just another ms.decms.eu site\",\"potentialAction\":[{\"@type\":\"SearchAction\",\"target\":{\"@type\":\"EntryPoint\",\"urlTemplate\":\"https:\/\/www.indigovenice.com\/de\/?s={search_term_string}\"},\"query-input\":{\"@type\":\"PropertyValueSpecification\",\"valueRequired\":true,\"valueName\":\"search_term_string\"}}],\"inLanguage\":\"de-DE\"}]}<\/script>\n<!-- \/ Yoast SEO plugin. -->","yoast_head_json":{"title":"Internationales Fr\u00fchst\u00fcck | 4-Sterne-Hotel Indigo Venice Sant'Elena","description":"Das Fr\u00fchst\u00fcck im Hotel Indigo Venice Sant'Elena bietet frische s\u00fc\u00dfe und pikante Produkte, auch glutenfrei! Starten Sie voller Energie in Ihren Tag in Venedig!","robots":{"index":"index","follow":"follow","max-snippet":"max-snippet:-1","max-image-preview":"max-image-preview:large","max-video-preview":"max-video-preview:-1"},"canonical":"https:\/\/www.indigovenice.com\/de\/restaurant\/fruehstueck\/","og_locale":"de_DE","og_type":"article","og_title":"Internationales Fr\u00fchst\u00fcck | 4-Sterne-Hotel Indigo Venice Sant'Elena","og_description":"Das Fr\u00fchst\u00fcck im Hotel Indigo Venice Sant'Elena bietet frische s\u00fc\u00dfe und pikante Produkte, auch glutenfrei! Starten Sie voller Energie in Ihren Tag in Venedig!","og_url":"https:\/\/www.indigovenice.com\/de\/restaurant\/fruehstueck\/","og_site_name":"Hotel Indigo Venice - Sant'Elena","article_modified_time":"2025-09-18T11:37:29+00:00","twitter_card":"summary_large_image","twitter_misc":{"Gesch\u00e4tzte Lesezeit":"1 Minute"},"schema":{"@context":"https:\/\/schema.org","@graph":[{"@type":"WebPage","@id":"https:\/\/www.indigovenice.com\/de\/restaurant\/fruehstueck\/","url":"https:\/\/www.indigovenice.com\/de\/restaurant\/fruehstueck\/","name":"Internationales Fr\u00fchst\u00fcck | 4-Sterne-Hotel Indigo Venice Sant'Elena","isPartOf":{"@id":"https:\/\/www.indigovenice.com\/de\/#website"},"datePublished":"2019-06-06T12:43:39+00:00","dateModified":"2025-09-18T11:37:29+00:00","description":"Das Fr\u00fchst\u00fcck im Hotel Indigo Venice Sant'Elena bietet frische s\u00fc\u00dfe und pikante Produkte, auch glutenfrei! Starten Sie voller Energie in Ihren Tag in Venedig!","breadcrumb":{"@id":"https:\/\/www.indigovenice.com\/de\/restaurant\/fruehstueck\/#breadcrumb"},"inLanguage":"de-DE","potentialAction":[{"@type":"ReadAction","target":["https:\/\/www.indigovenice.com\/de\/restaurant\/fruehstueck\/"]}]},{"@type":"BreadcrumbList","@id":"https:\/\/www.indigovenice.com\/de\/restaurant\/fruehstueck\/#breadcrumb","itemListElement":[{"@type":"ListItem","position":1,"name":"Home","item":"https:\/\/www.indigovenice.com\/de\/"},{"@type":"ListItem","position":2,"name":"Savor Restaurant &amp; Bar","item":"https:\/\/www.indigovenice.com\/de\/restaurant\/"},{"@type":"ListItem","position":3,"name":"Fr\u00fchst\u00fcck"}]},{"@type":"WebSite","@id":"https:\/\/www.indigovenice.com\/de\/#website","url":"https:\/\/www.indigovenice.com\/de\/","name":"Hotel Indigo Venice - Sant'Elena","description":"Just another ms.decms.eu site","potentialAction":[{"@type":"SearchAction","target":{"@type":"EntryPoint","urlTemplate":"https:\/\/www.indigovenice.com\/de\/?s={search_term_string}"},"query-input":{"@type":"PropertyValueSpecification","valueRequired":true,"valueName":"search_term_string"}}],"inLanguage":"de-DE"}]}},"acf":[],"_links":{"self":[{"href":"https:\/\/www.indigovenice.com\/de\/wp-json\/wp\/v2\/pages\/657","targetHints":{"allow":["GET"]}}],"collection":[{"href":"https:\/\/www.indigovenice.com\/de\/wp-json\/wp\/v2\/pages"}],"about":[{"href":"https:\/\/www.indigovenice.com\/de\/wp-json\/wp\/v2\/types\/page"}],"author":[{"embeddable":true,"href":"https:\/\/www.indigovenice.com\/de\/wp-json\/wp\/v2\/users\/3"}],"replies":[{"embeddable":true,"href":"https:\/\/www.indigovenice.com\/de\/wp-json\/wp\/v2\/comments?post=657"}],"version-history":[{"count":0,"href":"https:\/\/www.indigovenice.com\/de\/wp-json\/wp\/v2\/pages\/657\/revisions"}],"up":[{"embeddable":true,"href":"https:\/\/www.indigovenice.com\/de\/wp-json\/wp\/v2\/pages\/656"}],"wp:attachment":[{"href":"https:\/\/www.indigovenice.com\/de\/wp-json\/wp\/v2\/media?parent=657"}],"curies":[{"name":"wp","href":"https:\/\/api.w.org\/{rel}","templated":true}]}}