{"id":658,"date":"2019-06-06T12:46:40","date_gmt":"2019-06-06T12:46:40","guid":{"rendered":"http:\/\/st-elena.ms.decms.eu\/?page_id=658"},"modified":"2022-07-13T14:48:50","modified_gmt":"2022-07-13T14:48:50","slug":"bar","status":"publish","type":"page","link":"https:\/\/www.indigovenice.com\/de\/restaurant\/bar\/","title":{"rendered":"Savor Bar"},"content":{"rendered":"<p>In der Bar <strong>finden die G\u00e4ste eine Vielfalt<\/strong> an Kaffee- und Teespezialit\u00e4ten, k\u00f6stlichen Gerichten, die den Tag \u00fcber serviert werden, und eine gro\u00dfe Auswahl an edlen lokalen Weinen und Spirituosen mit einem Hauch von italienischem Flair.<\/p>\n<p>Gepflegte Details machen die Bar zum idealen Ort, um zu entspannen und den Abend bei einem Glas Wein, Craft-Bier oder einem exklusiven Cocktail zu genie\u00dfen.<\/p>\n","protected":false},"excerpt":{"rendered":"<p>In der Bar finden die G\u00e4ste eine Vielfalt an Kaffee- und Teespezialit\u00e4ten, k\u00f6stlichen Gerichten, die den Tag \u00fcber serviert werden, und eine gro\u00dfe Auswahl an edlen lokalen Weinen und Spirituosen mit einem Hauch von italienischem Flair. Gepflegte Details machen die Bar zum idealen Ort, um zu entspannen und den Abend bei einem Glas Wein, Craft-Bier [&hellip;]<\/p>\n","protected":false},"author":3,"featured_media":0,"parent":656,"menu_order":2,"comment_status":"closed","ping_status":"closed","template":"","meta":{"footnotes":""},"class_list":["post-658","page","type-page","status-publish","hentry"],"yoast_head":"<!-- This site is optimized with the Yoast SEO plugin v26.9 - https:\/\/yoast.com\/product\/yoast-seo-wordpress\/ -->\n<title>Bar &amp; Aperitifs Venedig Hotel N\u00e4he Biennale G\u00e4rten | Indigo Venice<\/title>\n<meta name=\"description\" content=\"Elegante Lounge Bar, Designm\u00f6bel, exzellente Cocktails und Innengarten. Entdecken Sie die Lounge Bar in Venedig, in unmittelbarer N\u00e4he der Biennale G\u00e4rten.\" \/>\n<meta name=\"robots\" content=\"index, follow, max-snippet:-1, max-image-preview:large, max-video-preview:-1\" \/>\n<link rel=\"canonical\" href=\"https:\/\/www.indigovenice.com\/de\/restaurant\/bar\/\" \/>\n<meta property=\"og:locale\" content=\"de_DE\" \/>\n<meta property=\"og:type\" content=\"article\" \/>\n<meta property=\"og:title\" content=\"Bar &amp; Aperitifs Venedig Hotel N\u00e4he Biennale G\u00e4rten | Indigo Venice\" \/>\n<meta property=\"og:description\" content=\"Elegante Lounge Bar, Designm\u00f6bel, exzellente Cocktails und Innengarten. Entdecken Sie die Lounge Bar in Venedig, in unmittelbarer N\u00e4he der Biennale G\u00e4rten.\" \/>\n<meta property=\"og:url\" content=\"https:\/\/www.indigovenice.com\/de\/restaurant\/bar\/\" \/>\n<meta property=\"og:site_name\" content=\"Hotel Indigo Venice - Sant&#039;Elena\" \/>\n<meta property=\"article:modified_time\" content=\"2022-07-13T14:48:50+00:00\" \/>\n<meta name=\"twitter:card\" content=\"summary_large_image\" \/>\n<script type=\"application\/ld+json\" class=\"yoast-schema-graph\">{\"@context\":\"https:\/\/schema.org\",\"@graph\":[{\"@type\":\"WebPage\",\"@id\":\"https:\/\/www.indigovenice.com\/de\/restaurant\/bar\/\",\"url\":\"https:\/\/www.indigovenice.com\/de\/restaurant\/bar\/\",\"name\":\"Bar & Aperitifs Venedig Hotel N\u00e4he Biennale G\u00e4rten | Indigo Venice\",\"isPartOf\":{\"@id\":\"https:\/\/www.indigovenice.com\/de\/#website\"},\"datePublished\":\"2019-06-06T12:46:40+00:00\",\"dateModified\":\"2022-07-13T14:48:50+00:00\",\"description\":\"Elegante Lounge Bar, Designm\u00f6bel, exzellente Cocktails und Innengarten. Entdecken Sie die Lounge Bar in Venedig, in unmittelbarer N\u00e4he der Biennale G\u00e4rten.\",\"breadcrumb\":{\"@id\":\"https:\/\/www.indigovenice.com\/de\/restaurant\/bar\/#breadcrumb\"},\"inLanguage\":\"de-DE\",\"potentialAction\":[{\"@type\":\"ReadAction\",\"target\":[\"https:\/\/www.indigovenice.com\/de\/restaurant\/bar\/\"]}]},{\"@type\":\"BreadcrumbList\",\"@id\":\"https:\/\/www.indigovenice.com\/de\/restaurant\/bar\/#breadcrumb\",\"itemListElement\":[{\"@type\":\"ListItem\",\"position\":1,\"name\":\"Home\",\"item\":\"https:\/\/www.indigovenice.com\/de\/\"},{\"@type\":\"ListItem\",\"position\":2,\"name\":\"Savor Restaurant &amp; Bar\",\"item\":\"https:\/\/www.indigovenice.com\/de\/restaurant\/\"},{\"@type\":\"ListItem\",\"position\":3,\"name\":\"Savor Bar\"}]},{\"@type\":\"WebSite\",\"@id\":\"https:\/\/www.indigovenice.com\/de\/#website\",\"url\":\"https:\/\/www.indigovenice.com\/de\/\",\"name\":\"Hotel Indigo Venice - Sant'Elena\",\"description\":\"Just another ms.decms.eu site\",\"potentialAction\":[{\"@type\":\"SearchAction\",\"target\":{\"@type\":\"EntryPoint\",\"urlTemplate\":\"https:\/\/www.indigovenice.com\/de\/?s={search_term_string}\"},\"query-input\":{\"@type\":\"PropertyValueSpecification\",\"valueRequired\":true,\"valueName\":\"search_term_string\"}}],\"inLanguage\":\"de-DE\"}]}<\/script>\n<!-- \/ Yoast SEO plugin. -->","yoast_head_json":{"title":"Bar & Aperitifs Venedig Hotel N\u00e4he Biennale G\u00e4rten | Indigo Venice","description":"Elegante Lounge Bar, Designm\u00f6bel, exzellente Cocktails und Innengarten. Entdecken Sie die Lounge Bar in Venedig, in unmittelbarer N\u00e4he der Biennale G\u00e4rten.","robots":{"index":"index","follow":"follow","max-snippet":"max-snippet:-1","max-image-preview":"max-image-preview:large","max-video-preview":"max-video-preview:-1"},"canonical":"https:\/\/www.indigovenice.com\/de\/restaurant\/bar\/","og_locale":"de_DE","og_type":"article","og_title":"Bar & Aperitifs Venedig Hotel N\u00e4he Biennale G\u00e4rten | Indigo Venice","og_description":"Elegante Lounge Bar, Designm\u00f6bel, exzellente Cocktails und Innengarten. Entdecken Sie die Lounge Bar in Venedig, in unmittelbarer N\u00e4he der Biennale G\u00e4rten.","og_url":"https:\/\/www.indigovenice.com\/de\/restaurant\/bar\/","og_site_name":"Hotel Indigo Venice - Sant'Elena","article_modified_time":"2022-07-13T14:48:50+00:00","twitter_card":"summary_large_image","schema":{"@context":"https:\/\/schema.org","@graph":[{"@type":"WebPage","@id":"https:\/\/www.indigovenice.com\/de\/restaurant\/bar\/","url":"https:\/\/www.indigovenice.com\/de\/restaurant\/bar\/","name":"Bar & Aperitifs Venedig Hotel N\u00e4he Biennale G\u00e4rten | Indigo Venice","isPartOf":{"@id":"https:\/\/www.indigovenice.com\/de\/#website"},"datePublished":"2019-06-06T12:46:40+00:00","dateModified":"2022-07-13T14:48:50+00:00","description":"Elegante Lounge Bar, Designm\u00f6bel, exzellente Cocktails und Innengarten. Entdecken Sie die Lounge Bar in Venedig, in unmittelbarer N\u00e4he der Biennale G\u00e4rten.","breadcrumb":{"@id":"https:\/\/www.indigovenice.com\/de\/restaurant\/bar\/#breadcrumb"},"inLanguage":"de-DE","potentialAction":[{"@type":"ReadAction","target":["https:\/\/www.indigovenice.com\/de\/restaurant\/bar\/"]}]},{"@type":"BreadcrumbList","@id":"https:\/\/www.indigovenice.com\/de\/restaurant\/bar\/#breadcrumb","itemListElement":[{"@type":"ListItem","position":1,"name":"Home","item":"https:\/\/www.indigovenice.com\/de\/"},{"@type":"ListItem","position":2,"name":"Savor Restaurant &amp; Bar","item":"https:\/\/www.indigovenice.com\/de\/restaurant\/"},{"@type":"ListItem","position":3,"name":"Savor Bar"}]},{"@type":"WebSite","@id":"https:\/\/www.indigovenice.com\/de\/#website","url":"https:\/\/www.indigovenice.com\/de\/","name":"Hotel Indigo Venice - Sant'Elena","description":"Just another ms.decms.eu site","potentialAction":[{"@type":"SearchAction","target":{"@type":"EntryPoint","urlTemplate":"https:\/\/www.indigovenice.com\/de\/?s={search_term_string}"},"query-input":{"@type":"PropertyValueSpecification","valueRequired":true,"valueName":"search_term_string"}}],"inLanguage":"de-DE"}]}},"acf":[],"_links":{"self":[{"href":"https:\/\/www.indigovenice.com\/de\/wp-json\/wp\/v2\/pages\/658","targetHints":{"allow":["GET"]}}],"collection":[{"href":"https:\/\/www.indigovenice.com\/de\/wp-json\/wp\/v2\/pages"}],"about":[{"href":"https:\/\/www.indigovenice.com\/de\/wp-json\/wp\/v2\/types\/page"}],"author":[{"embeddable":true,"href":"https:\/\/www.indigovenice.com\/de\/wp-json\/wp\/v2\/users\/3"}],"replies":[{"embeddable":true,"href":"https:\/\/www.indigovenice.com\/de\/wp-json\/wp\/v2\/comments?post=658"}],"version-history":[{"count":0,"href":"https:\/\/www.indigovenice.com\/de\/wp-json\/wp\/v2\/pages\/658\/revisions"}],"up":[{"embeddable":true,"href":"https:\/\/www.indigovenice.com\/de\/wp-json\/wp\/v2\/pages\/656"}],"wp:attachment":[{"href":"https:\/\/www.indigovenice.com\/de\/wp-json\/wp\/v2\/media?parent=658"}],"curies":[{"name":"wp","href":"https:\/\/api.w.org\/{rel}","templated":true}]}}