{"id":659,"date":"2019-06-06T12:51:37","date_gmt":"2019-06-06T12:51:37","guid":{"rendered":"http:\/\/st-elena.ms.decms.eu\/?page_id=659"},"modified":"2025-09-18T11:04:42","modified_gmt":"2025-09-18T11:04:42","slug":"savor-restaurant","status":"publish","type":"page","link":"https:\/\/www.indigovenice.com\/de\/restaurant\/savor-restaurant\/","title":{"rendered":"Savor Restaurant"},"content":{"rendered":"<h2>Savor: unser charakteristisches Restaurant<\/h2>\n<p>Das <strong>Restaurant Savor<\/strong> ist ein venezianisches Restaurant mit globaler Anziehungskraft, das mittags mit einem Bistro-Men\u00fc und abends in einem lebhaften, pulsierenden Ambiente im Stil des italienischen Dolce Vita ge\u00f6ffnet ist.<\/p>\n<p>Unser Gourmet-Restaurant ist mittags mit einem Bistro-Men\u00fc und t\u00e4glich zum Abendessen ge\u00f6ffnet (Reservierung empfohlen). Es serviert traditionelle <strong>venezianische Gerichte<\/strong>, die gekonnt mit einer Auswahl an internationalen Klassikern kombiniert werden, die sorgf\u00e4ltig mit frischen Produkten im Rhythmus der Jahreszeiten zubereitet werden.<\/p>\n<p>G\u00f6nnen Sie sich ein schmackhaftes und unvergessliches Esserlebnis im Savor Restaurant and Bar, entdecken Sie unsere saisonale Speisekarte und kontaktieren Sie uns, um Ihren Tisch zu reservieren oder weitere Informationen zu erhalten!<\/p>\n","protected":false},"excerpt":{"rendered":"<p>Savor: unser charakteristisches Restaurant Das Restaurant Savor ist ein venezianisches Restaurant mit globaler Anziehungskraft, das mittags mit einem Bistro-Men\u00fc und abends in einem lebhaften, pulsierenden Ambiente im Stil des italienischen Dolce Vita ge\u00f6ffnet ist. Unser Gourmet-Restaurant ist mittags mit einem Bistro-Men\u00fc und t\u00e4glich zum Abendessen ge\u00f6ffnet (Reservierung empfohlen). Es serviert traditionelle venezianische Gerichte, die gekonnt [&hellip;]<\/p>\n","protected":false},"author":3,"featured_media":0,"parent":656,"menu_order":3,"comment_status":"closed","ping_status":"closed","template":"","meta":{"footnotes":""},"class_list":["post-659","page","type-page","status-publish","hentry"],"yoast_head":"<!-- This site is optimized with the Yoast SEO plugin v26.9 - https:\/\/yoast.com\/product\/yoast-seo-wordpress\/ -->\n<title>Savor Restaurant 4-Sterne-Hotel Venedig N\u00e4he Biennale G\u00e4rten<\/title>\n<meta name=\"description\" content=\"Das Savor Restaurant des Hotels Indigo Venice Sant&#039;Elena nahe den Biennale G\u00e4rten: ein elegantes Ambiente, wo Sie die venezianische Tradition probieren k\u00f6nnen.\" \/>\n<meta name=\"robots\" content=\"index, follow, max-snippet:-1, max-image-preview:large, max-video-preview:-1\" \/>\n<link rel=\"canonical\" href=\"https:\/\/www.indigovenice.com\/de\/restaurant\/savor-restaurant\/\" \/>\n<meta property=\"og:locale\" content=\"de_DE\" \/>\n<meta property=\"og:type\" content=\"article\" \/>\n<meta property=\"og:title\" content=\"Savor Restaurant 4-Sterne-Hotel Venedig N\u00e4he Biennale G\u00e4rten\" \/>\n<meta property=\"og:description\" content=\"Das Savor Restaurant des Hotels Indigo Venice Sant&#039;Elena nahe den Biennale G\u00e4rten: ein elegantes Ambiente, wo Sie die venezianische Tradition probieren k\u00f6nnen.\" \/>\n<meta property=\"og:url\" content=\"https:\/\/www.indigovenice.com\/de\/restaurant\/savor-restaurant\/\" \/>\n<meta property=\"og:site_name\" content=\"Hotel Indigo Venice - Sant&#039;Elena\" \/>\n<meta property=\"article:modified_time\" content=\"2025-09-18T11:04:42+00:00\" \/>\n<meta name=\"twitter:card\" content=\"summary_large_image\" \/>\n<meta name=\"twitter:label1\" content=\"Gesch\u00e4tzte Lesezeit\" \/>\n\t<meta name=\"twitter:data1\" content=\"1 Minute\" \/>\n<script type=\"application\/ld+json\" class=\"yoast-schema-graph\">{\"@context\":\"https:\/\/schema.org\",\"@graph\":[{\"@type\":\"WebPage\",\"@id\":\"https:\/\/www.indigovenice.com\/de\/restaurant\/savor-restaurant\/\",\"url\":\"https:\/\/www.indigovenice.com\/de\/restaurant\/savor-restaurant\/\",\"name\":\"Savor Restaurant 4-Sterne-Hotel Venedig N\u00e4he Biennale G\u00e4rten\",\"isPartOf\":{\"@id\":\"https:\/\/www.indigovenice.com\/de\/#website\"},\"datePublished\":\"2019-06-06T12:51:37+00:00\",\"dateModified\":\"2025-09-18T11:04:42+00:00\",\"description\":\"Das Savor Restaurant des Hotels Indigo Venice Sant'Elena nahe den Biennale G\u00e4rten: ein elegantes Ambiente, wo Sie die venezianische Tradition probieren k\u00f6nnen.\",\"breadcrumb\":{\"@id\":\"https:\/\/www.indigovenice.com\/de\/restaurant\/savor-restaurant\/#breadcrumb\"},\"inLanguage\":\"de-DE\",\"potentialAction\":[{\"@type\":\"ReadAction\",\"target\":[\"https:\/\/www.indigovenice.com\/de\/restaurant\/savor-restaurant\/\"]}]},{\"@type\":\"BreadcrumbList\",\"@id\":\"https:\/\/www.indigovenice.com\/de\/restaurant\/savor-restaurant\/#breadcrumb\",\"itemListElement\":[{\"@type\":\"ListItem\",\"position\":1,\"name\":\"Home\",\"item\":\"https:\/\/www.indigovenice.com\/de\/\"},{\"@type\":\"ListItem\",\"position\":2,\"name\":\"Savor Restaurant &amp; Bar\",\"item\":\"https:\/\/www.indigovenice.com\/de\/restaurant\/\"},{\"@type\":\"ListItem\",\"position\":3,\"name\":\"Savor Restaurant\"}]},{\"@type\":\"WebSite\",\"@id\":\"https:\/\/www.indigovenice.com\/de\/#website\",\"url\":\"https:\/\/www.indigovenice.com\/de\/\",\"name\":\"Hotel Indigo Venice - Sant'Elena\",\"description\":\"Just another ms.decms.eu site\",\"potentialAction\":[{\"@type\":\"SearchAction\",\"target\":{\"@type\":\"EntryPoint\",\"urlTemplate\":\"https:\/\/www.indigovenice.com\/de\/?s={search_term_string}\"},\"query-input\":{\"@type\":\"PropertyValueSpecification\",\"valueRequired\":true,\"valueName\":\"search_term_string\"}}],\"inLanguage\":\"de-DE\"}]}<\/script>\n<!-- \/ Yoast SEO plugin. -->","yoast_head_json":{"title":"Savor Restaurant 4-Sterne-Hotel Venedig N\u00e4he Biennale G\u00e4rten","description":"Das Savor Restaurant des Hotels Indigo Venice Sant'Elena nahe den Biennale G\u00e4rten: ein elegantes Ambiente, wo Sie die venezianische Tradition probieren k\u00f6nnen.","robots":{"index":"index","follow":"follow","max-snippet":"max-snippet:-1","max-image-preview":"max-image-preview:large","max-video-preview":"max-video-preview:-1"},"canonical":"https:\/\/www.indigovenice.com\/de\/restaurant\/savor-restaurant\/","og_locale":"de_DE","og_type":"article","og_title":"Savor Restaurant 4-Sterne-Hotel Venedig N\u00e4he Biennale G\u00e4rten","og_description":"Das Savor Restaurant des Hotels Indigo Venice Sant'Elena nahe den Biennale G\u00e4rten: ein elegantes Ambiente, wo Sie die venezianische Tradition probieren k\u00f6nnen.","og_url":"https:\/\/www.indigovenice.com\/de\/restaurant\/savor-restaurant\/","og_site_name":"Hotel Indigo Venice - Sant'Elena","article_modified_time":"2025-09-18T11:04:42+00:00","twitter_card":"summary_large_image","twitter_misc":{"Gesch\u00e4tzte Lesezeit":"1 Minute"},"schema":{"@context":"https:\/\/schema.org","@graph":[{"@type":"WebPage","@id":"https:\/\/www.indigovenice.com\/de\/restaurant\/savor-restaurant\/","url":"https:\/\/www.indigovenice.com\/de\/restaurant\/savor-restaurant\/","name":"Savor Restaurant 4-Sterne-Hotel Venedig N\u00e4he Biennale G\u00e4rten","isPartOf":{"@id":"https:\/\/www.indigovenice.com\/de\/#website"},"datePublished":"2019-06-06T12:51:37+00:00","dateModified":"2025-09-18T11:04:42+00:00","description":"Das Savor Restaurant des Hotels Indigo Venice Sant'Elena nahe den Biennale G\u00e4rten: ein elegantes Ambiente, wo Sie die venezianische Tradition probieren k\u00f6nnen.","breadcrumb":{"@id":"https:\/\/www.indigovenice.com\/de\/restaurant\/savor-restaurant\/#breadcrumb"},"inLanguage":"de-DE","potentialAction":[{"@type":"ReadAction","target":["https:\/\/www.indigovenice.com\/de\/restaurant\/savor-restaurant\/"]}]},{"@type":"BreadcrumbList","@id":"https:\/\/www.indigovenice.com\/de\/restaurant\/savor-restaurant\/#breadcrumb","itemListElement":[{"@type":"ListItem","position":1,"name":"Home","item":"https:\/\/www.indigovenice.com\/de\/"},{"@type":"ListItem","position":2,"name":"Savor Restaurant &amp; Bar","item":"https:\/\/www.indigovenice.com\/de\/restaurant\/"},{"@type":"ListItem","position":3,"name":"Savor Restaurant"}]},{"@type":"WebSite","@id":"https:\/\/www.indigovenice.com\/de\/#website","url":"https:\/\/www.indigovenice.com\/de\/","name":"Hotel Indigo Venice - Sant'Elena","description":"Just another ms.decms.eu site","potentialAction":[{"@type":"SearchAction","target":{"@type":"EntryPoint","urlTemplate":"https:\/\/www.indigovenice.com\/de\/?s={search_term_string}"},"query-input":{"@type":"PropertyValueSpecification","valueRequired":true,"valueName":"search_term_string"}}],"inLanguage":"de-DE"}]}},"acf":[],"_links":{"self":[{"href":"https:\/\/www.indigovenice.com\/de\/wp-json\/wp\/v2\/pages\/659","targetHints":{"allow":["GET"]}}],"collection":[{"href":"https:\/\/www.indigovenice.com\/de\/wp-json\/wp\/v2\/pages"}],"about":[{"href":"https:\/\/www.indigovenice.com\/de\/wp-json\/wp\/v2\/types\/page"}],"author":[{"embeddable":true,"href":"https:\/\/www.indigovenice.com\/de\/wp-json\/wp\/v2\/users\/3"}],"replies":[{"embeddable":true,"href":"https:\/\/www.indigovenice.com\/de\/wp-json\/wp\/v2\/comments?post=659"}],"version-history":[{"count":0,"href":"https:\/\/www.indigovenice.com\/de\/wp-json\/wp\/v2\/pages\/659\/revisions"}],"up":[{"embeddable":true,"href":"https:\/\/www.indigovenice.com\/de\/wp-json\/wp\/v2\/pages\/656"}],"wp:attachment":[{"href":"https:\/\/www.indigovenice.com\/de\/wp-json\/wp\/v2\/media?parent=659"}],"curies":[{"name":"wp","href":"https:\/\/api.w.org\/{rel}","templated":true}]}}