{"id":287,"date":"2019-05-31T14:46:50","date_gmt":"2019-05-31T14:46:50","guid":{"rendered":"http:\/\/st-elena.ms.decms.eu\/?page_id=287"},"modified":"2024-06-06T09:47:26","modified_gmt":"2024-06-06T09:47:26","slug":"una-nueva-filosofia","status":"publish","type":"page","link":"https:\/\/www.indigovenice.com\/es\/el-hotel\/una-nueva-filosofia\/","title":{"rendered":"Una nueva filosof\u00eda"},"content":{"rendered":"<p>Ubicado en el tranquilo barrio de Sant&#8217;Elena de Venecia, el <strong>Hotel Indigo &#8211; Sant&#8217;Elena<\/strong> ofrece aut\u00e9nticas experiencias locales con un dise\u00f1o moderno y un servicio \u00edntimo junto con la tranquilidad y la seguridad de alojarse en uno de los mayores grupos hoteleros del mundo.<\/p>\n","protected":false},"excerpt":{"rendered":"<p>Ubicado en el tranquilo barrio de Sant&#8217;Elena de Venecia, el Hotel Indigo &#8211; Sant&#8217;Elena ofrece aut\u00e9nticas experiencias locales con un dise\u00f1o moderno y un servicio \u00edntimo junto con la tranquilidad y la seguridad de alojarse en uno de los mayores grupos hoteleros del mundo.<\/p>\n","protected":false},"author":3,"featured_media":0,"parent":283,"menu_order":2,"comment_status":"closed","ping_status":"closed","template":"","meta":{"footnotes":""},"class_list":["post-287","page","type-page","status-publish","hentry"],"yoast_head":"<!-- This site is optimized with the Yoast SEO plugin v26.9 - https:\/\/yoast.com\/product\/yoast-seo-wordpress\/ -->\n<title>Filosof\u00eda de hospitalidad | Hotel Indigo Venecia Sant&#039;Elena<\/title>\n<meta name=\"description\" content=\"Hotel boutique de 4 estrellas en Sant&#039;Elena, Sestiere Castello de Venecia; descubra la filosof\u00eda Indigo que combina dise\u00f1o moderno y un aut\u00e9ntico ambiente local\" \/>\n<meta name=\"robots\" content=\"index, follow, max-snippet:-1, max-image-preview:large, max-video-preview:-1\" \/>\n<link rel=\"canonical\" href=\"https:\/\/www.indigovenice.com\/es\/el-hotel\/una-nueva-filosofia\/\" \/>\n<meta property=\"og:locale\" content=\"es_ES\" \/>\n<meta property=\"og:type\" content=\"article\" \/>\n<meta property=\"og:title\" content=\"Filosof\u00eda de hospitalidad | Hotel Indigo Venecia Sant&#039;Elena\" \/>\n<meta property=\"og:description\" content=\"Hotel boutique de 4 estrellas en Sant&#039;Elena, Sestiere Castello de Venecia; descubra la filosof\u00eda Indigo que combina dise\u00f1o moderno y un aut\u00e9ntico ambiente local\" \/>\n<meta property=\"og:url\" content=\"https:\/\/www.indigovenice.com\/es\/el-hotel\/una-nueva-filosofia\/\" \/>\n<meta property=\"og:site_name\" content=\"Hotel Indigo Venice - Sant&#039;Elena\" \/>\n<meta property=\"article:modified_time\" content=\"2024-06-06T09:47:26+00:00\" \/>\n<meta name=\"twitter:card\" content=\"summary_large_image\" \/>\n<meta name=\"twitter:label1\" content=\"Tiempo de lectura\" \/>\n\t<meta name=\"twitter:data1\" content=\"1 minuto\" \/>\n<script type=\"application\/ld+json\" class=\"yoast-schema-graph\">{\"@context\":\"https:\/\/schema.org\",\"@graph\":[{\"@type\":\"WebPage\",\"@id\":\"https:\/\/www.indigovenice.com\/es\/el-hotel\/una-nueva-filosofia\/\",\"url\":\"https:\/\/www.indigovenice.com\/es\/el-hotel\/una-nueva-filosofia\/\",\"name\":\"Filosof\u00eda de hospitalidad | Hotel Indigo Venecia Sant'Elena\",\"isPartOf\":{\"@id\":\"https:\/\/www.indigovenice.com\/es\/#website\"},\"datePublished\":\"2019-05-31T14:46:50+00:00\",\"dateModified\":\"2024-06-06T09:47:26+00:00\",\"description\":\"Hotel boutique de 4 estrellas en Sant'Elena, Sestiere Castello de Venecia; descubra la filosof\u00eda Indigo que combina dise\u00f1o moderno y un aut\u00e9ntico ambiente local\",\"breadcrumb\":{\"@id\":\"https:\/\/www.indigovenice.com\/es\/el-hotel\/una-nueva-filosofia\/#breadcrumb\"},\"inLanguage\":\"es\",\"potentialAction\":[{\"@type\":\"ReadAction\",\"target\":[\"https:\/\/www.indigovenice.com\/es\/el-hotel\/una-nueva-filosofia\/\"]}]},{\"@type\":\"BreadcrumbList\",\"@id\":\"https:\/\/www.indigovenice.com\/es\/el-hotel\/una-nueva-filosofia\/#breadcrumb\",\"itemListElement\":[{\"@type\":\"ListItem\",\"position\":1,\"name\":\"Home\",\"item\":\"https:\/\/www.indigovenice.com\/es\/\"},{\"@type\":\"ListItem\",\"position\":2,\"name\":\"El Hotel\",\"item\":\"https:\/\/www.indigovenice.com\/es\/el-hotel\/\"},{\"@type\":\"ListItem\",\"position\":3,\"name\":\"Una nueva filosof\u00eda\"}]},{\"@type\":\"WebSite\",\"@id\":\"https:\/\/www.indigovenice.com\/es\/#website\",\"url\":\"https:\/\/www.indigovenice.com\/es\/\",\"name\":\"Hotel Indigo Venice - Sant'Elena\",\"description\":\"Just another ms.decms.eu site\",\"potentialAction\":[{\"@type\":\"SearchAction\",\"target\":{\"@type\":\"EntryPoint\",\"urlTemplate\":\"https:\/\/www.indigovenice.com\/es\/?s={search_term_string}\"},\"query-input\":{\"@type\":\"PropertyValueSpecification\",\"valueRequired\":true,\"valueName\":\"search_term_string\"}}],\"inLanguage\":\"es\"}]}<\/script>\n<!-- \/ Yoast SEO plugin. -->","yoast_head_json":{"title":"Filosof\u00eda de hospitalidad | Hotel Indigo Venecia Sant'Elena","description":"Hotel boutique de 4 estrellas en Sant'Elena, Sestiere Castello de Venecia; descubra la filosof\u00eda Indigo que combina dise\u00f1o moderno y un aut\u00e9ntico ambiente local","robots":{"index":"index","follow":"follow","max-snippet":"max-snippet:-1","max-image-preview":"max-image-preview:large","max-video-preview":"max-video-preview:-1"},"canonical":"https:\/\/www.indigovenice.com\/es\/el-hotel\/una-nueva-filosofia\/","og_locale":"es_ES","og_type":"article","og_title":"Filosof\u00eda de hospitalidad | Hotel Indigo Venecia Sant'Elena","og_description":"Hotel boutique de 4 estrellas en Sant'Elena, Sestiere Castello de Venecia; descubra la filosof\u00eda Indigo que combina dise\u00f1o moderno y un aut\u00e9ntico ambiente local","og_url":"https:\/\/www.indigovenice.com\/es\/el-hotel\/una-nueva-filosofia\/","og_site_name":"Hotel Indigo Venice - Sant'Elena","article_modified_time":"2024-06-06T09:47:26+00:00","twitter_card":"summary_large_image","twitter_misc":{"Tiempo de lectura":"1 minuto"},"schema":{"@context":"https:\/\/schema.org","@graph":[{"@type":"WebPage","@id":"https:\/\/www.indigovenice.com\/es\/el-hotel\/una-nueva-filosofia\/","url":"https:\/\/www.indigovenice.com\/es\/el-hotel\/una-nueva-filosofia\/","name":"Filosof\u00eda de hospitalidad | Hotel Indigo Venecia Sant'Elena","isPartOf":{"@id":"https:\/\/www.indigovenice.com\/es\/#website"},"datePublished":"2019-05-31T14:46:50+00:00","dateModified":"2024-06-06T09:47:26+00:00","description":"Hotel boutique de 4 estrellas en Sant'Elena, Sestiere Castello de Venecia; descubra la filosof\u00eda Indigo que combina dise\u00f1o moderno y un aut\u00e9ntico ambiente local","breadcrumb":{"@id":"https:\/\/www.indigovenice.com\/es\/el-hotel\/una-nueva-filosofia\/#breadcrumb"},"inLanguage":"es","potentialAction":[{"@type":"ReadAction","target":["https:\/\/www.indigovenice.com\/es\/el-hotel\/una-nueva-filosofia\/"]}]},{"@type":"BreadcrumbList","@id":"https:\/\/www.indigovenice.com\/es\/el-hotel\/una-nueva-filosofia\/#breadcrumb","itemListElement":[{"@type":"ListItem","position":1,"name":"Home","item":"https:\/\/www.indigovenice.com\/es\/"},{"@type":"ListItem","position":2,"name":"El Hotel","item":"https:\/\/www.indigovenice.com\/es\/el-hotel\/"},{"@type":"ListItem","position":3,"name":"Una nueva filosof\u00eda"}]},{"@type":"WebSite","@id":"https:\/\/www.indigovenice.com\/es\/#website","url":"https:\/\/www.indigovenice.com\/es\/","name":"Hotel Indigo Venice - Sant'Elena","description":"Just another ms.decms.eu site","potentialAction":[{"@type":"SearchAction","target":{"@type":"EntryPoint","urlTemplate":"https:\/\/www.indigovenice.com\/es\/?s={search_term_string}"},"query-input":{"@type":"PropertyValueSpecification","valueRequired":true,"valueName":"search_term_string"}}],"inLanguage":"es"}]}},"acf":[],"_links":{"self":[{"href":"https:\/\/www.indigovenice.com\/es\/wp-json\/wp\/v2\/pages\/287","targetHints":{"allow":["GET"]}}],"collection":[{"href":"https:\/\/www.indigovenice.com\/es\/wp-json\/wp\/v2\/pages"}],"about":[{"href":"https:\/\/www.indigovenice.com\/es\/wp-json\/wp\/v2\/types\/page"}],"author":[{"embeddable":true,"href":"https:\/\/www.indigovenice.com\/es\/wp-json\/wp\/v2\/users\/3"}],"replies":[{"embeddable":true,"href":"https:\/\/www.indigovenice.com\/es\/wp-json\/wp\/v2\/comments?post=287"}],"version-history":[{"count":0,"href":"https:\/\/www.indigovenice.com\/es\/wp-json\/wp\/v2\/pages\/287\/revisions"}],"up":[{"embeddable":true,"href":"https:\/\/www.indigovenice.com\/es\/wp-json\/wp\/v2\/pages\/283"}],"wp:attachment":[{"href":"https:\/\/www.indigovenice.com\/es\/wp-json\/wp\/v2\/media?parent=287"}],"curies":[{"name":"wp","href":"https:\/\/api.w.org\/{rel}","templated":true}]}}