{"id":289,"date":"2019-05-31T14:50:18","date_gmt":"2019-05-31T14:50:18","guid":{"rendered":"http:\/\/st-elena.ms.decms.eu\/?page_id=289"},"modified":"2024-06-06T09:59:35","modified_gmt":"2024-06-06T09:59:35","slug":"el-jardin-oculto","status":"publish","type":"page","link":"https:\/\/www.indigovenice.com\/es\/el-hotel\/el-jardin-oculto\/","title":{"rendered":"El Jard\u00edn oculto"},"content":{"rendered":"<p>Nuestros hu\u00e9spedes pueden disfrutar de una sensaci\u00f3n de tranquilidad y exclusividad en nuestro hotel relaj\u00e1ndose en nuestro jard\u00edn interior, donde encontrar\u00e1n un <strong>espacio para leer y desconectar<\/strong> despu\u00e9s de un largo d\u00eda o prepararse para un d\u00eda extraordinario.<\/p>\n<p>El jard\u00edn es un recuerdo de la antigua vida de la propiedad. Fu creado dentro del claustro y, a pesar de que ya no conserva los arcos, ha mantenido el ambiente \u00edntimo y la tranquilidad aislada del convento original.<\/p>\n","protected":false},"excerpt":{"rendered":"<p>Nuestros hu\u00e9spedes pueden disfrutar de una sensaci\u00f3n de tranquilidad y exclusividad en nuestro hotel relaj\u00e1ndose en nuestro jard\u00edn interior, donde encontrar\u00e1n un espacio para leer y desconectar despu\u00e9s de un largo d\u00eda o prepararse para un d\u00eda extraordinario. El jard\u00edn es un recuerdo de la antigua vida de la propiedad. Fu creado dentro del claustro [&hellip;]<\/p>\n","protected":false},"author":3,"featured_media":0,"parent":283,"menu_order":3,"comment_status":"closed","ping_status":"closed","template":"","meta":{"footnotes":""},"class_list":["post-289","page","type-page","status-publish","hentry"],"yoast_head":"<!-- This site is optimized with the Yoast SEO plugin v26.9 - https:\/\/yoast.com\/product\/yoast-seo-wordpress\/ -->\n<title>Jard\u00edn interior Hotel Boutique | Hotel Indigo Venecia Sant&#039;Elena<\/title>\n<meta name=\"description\" content=\"En el interior del Hotel Indigo Sant&#039;Elena de Venecia hay un rom\u00e1ntico jard\u00edn interior con c\u00f3modos sof\u00e1s, tumbonas y mesas.\" \/>\n<meta name=\"robots\" content=\"index, follow, max-snippet:-1, max-image-preview:large, max-video-preview:-1\" \/>\n<link rel=\"canonical\" href=\"https:\/\/www.indigovenice.com\/es\/el-hotel\/el-jardin-oculto\/\" \/>\n<meta property=\"og:locale\" content=\"es_ES\" \/>\n<meta property=\"og:type\" content=\"article\" \/>\n<meta property=\"og:title\" content=\"Jard\u00edn interior Hotel Boutique | Hotel Indigo Venecia Sant&#039;Elena\" \/>\n<meta property=\"og:description\" content=\"En el interior del Hotel Indigo Sant&#039;Elena de Venecia hay un rom\u00e1ntico jard\u00edn interior con c\u00f3modos sof\u00e1s, tumbonas y mesas.\" \/>\n<meta property=\"og:url\" content=\"https:\/\/www.indigovenice.com\/es\/el-hotel\/el-jardin-oculto\/\" \/>\n<meta property=\"og:site_name\" content=\"Hotel Indigo Venice - Sant&#039;Elena\" \/>\n<meta property=\"article:modified_time\" content=\"2024-06-06T09:59:35+00:00\" \/>\n<meta name=\"twitter:card\" content=\"summary_large_image\" \/>\n<meta name=\"twitter:label1\" content=\"Tiempo de lectura\" \/>\n\t<meta name=\"twitter:data1\" content=\"1 minuto\" \/>\n<script type=\"application\/ld+json\" class=\"yoast-schema-graph\">{\"@context\":\"https:\/\/schema.org\",\"@graph\":[{\"@type\":\"WebPage\",\"@id\":\"https:\/\/www.indigovenice.com\/es\/el-hotel\/el-jardin-oculto\/\",\"url\":\"https:\/\/www.indigovenice.com\/es\/el-hotel\/el-jardin-oculto\/\",\"name\":\"Jard\u00edn interior Hotel Boutique | Hotel Indigo Venecia Sant'Elena\",\"isPartOf\":{\"@id\":\"https:\/\/www.indigovenice.com\/es\/#website\"},\"datePublished\":\"2019-05-31T14:50:18+00:00\",\"dateModified\":\"2024-06-06T09:59:35+00:00\",\"description\":\"En el interior del Hotel Indigo Sant'Elena de Venecia hay un rom\u00e1ntico jard\u00edn interior con c\u00f3modos sof\u00e1s, tumbonas y mesas.\",\"breadcrumb\":{\"@id\":\"https:\/\/www.indigovenice.com\/es\/el-hotel\/el-jardin-oculto\/#breadcrumb\"},\"inLanguage\":\"es\",\"potentialAction\":[{\"@type\":\"ReadAction\",\"target\":[\"https:\/\/www.indigovenice.com\/es\/el-hotel\/el-jardin-oculto\/\"]}]},{\"@type\":\"BreadcrumbList\",\"@id\":\"https:\/\/www.indigovenice.com\/es\/el-hotel\/el-jardin-oculto\/#breadcrumb\",\"itemListElement\":[{\"@type\":\"ListItem\",\"position\":1,\"name\":\"Home\",\"item\":\"https:\/\/www.indigovenice.com\/es\/\"},{\"@type\":\"ListItem\",\"position\":2,\"name\":\"El Hotel\",\"item\":\"https:\/\/www.indigovenice.com\/es\/el-hotel\/\"},{\"@type\":\"ListItem\",\"position\":3,\"name\":\"El Jard\u00edn oculto\"}]},{\"@type\":\"WebSite\",\"@id\":\"https:\/\/www.indigovenice.com\/es\/#website\",\"url\":\"https:\/\/www.indigovenice.com\/es\/\",\"name\":\"Hotel Indigo Venice - Sant'Elena\",\"description\":\"Just another ms.decms.eu site\",\"potentialAction\":[{\"@type\":\"SearchAction\",\"target\":{\"@type\":\"EntryPoint\",\"urlTemplate\":\"https:\/\/www.indigovenice.com\/es\/?s={search_term_string}\"},\"query-input\":{\"@type\":\"PropertyValueSpecification\",\"valueRequired\":true,\"valueName\":\"search_term_string\"}}],\"inLanguage\":\"es\"}]}<\/script>\n<!-- \/ Yoast SEO plugin. -->","yoast_head_json":{"title":"Jard\u00edn interior Hotel Boutique | Hotel Indigo Venecia Sant'Elena","description":"En el interior del Hotel Indigo Sant'Elena de Venecia hay un rom\u00e1ntico jard\u00edn interior con c\u00f3modos sof\u00e1s, tumbonas y mesas.","robots":{"index":"index","follow":"follow","max-snippet":"max-snippet:-1","max-image-preview":"max-image-preview:large","max-video-preview":"max-video-preview:-1"},"canonical":"https:\/\/www.indigovenice.com\/es\/el-hotel\/el-jardin-oculto\/","og_locale":"es_ES","og_type":"article","og_title":"Jard\u00edn interior Hotel Boutique | Hotel Indigo Venecia Sant'Elena","og_description":"En el interior del Hotel Indigo Sant'Elena de Venecia hay un rom\u00e1ntico jard\u00edn interior con c\u00f3modos sof\u00e1s, tumbonas y mesas.","og_url":"https:\/\/www.indigovenice.com\/es\/el-hotel\/el-jardin-oculto\/","og_site_name":"Hotel Indigo Venice - Sant'Elena","article_modified_time":"2024-06-06T09:59:35+00:00","twitter_card":"summary_large_image","twitter_misc":{"Tiempo de lectura":"1 minuto"},"schema":{"@context":"https:\/\/schema.org","@graph":[{"@type":"WebPage","@id":"https:\/\/www.indigovenice.com\/es\/el-hotel\/el-jardin-oculto\/","url":"https:\/\/www.indigovenice.com\/es\/el-hotel\/el-jardin-oculto\/","name":"Jard\u00edn interior Hotel Boutique | Hotel Indigo Venecia Sant'Elena","isPartOf":{"@id":"https:\/\/www.indigovenice.com\/es\/#website"},"datePublished":"2019-05-31T14:50:18+00:00","dateModified":"2024-06-06T09:59:35+00:00","description":"En el interior del Hotel Indigo Sant'Elena de Venecia hay un rom\u00e1ntico jard\u00edn interior con c\u00f3modos sof\u00e1s, tumbonas y mesas.","breadcrumb":{"@id":"https:\/\/www.indigovenice.com\/es\/el-hotel\/el-jardin-oculto\/#breadcrumb"},"inLanguage":"es","potentialAction":[{"@type":"ReadAction","target":["https:\/\/www.indigovenice.com\/es\/el-hotel\/el-jardin-oculto\/"]}]},{"@type":"BreadcrumbList","@id":"https:\/\/www.indigovenice.com\/es\/el-hotel\/el-jardin-oculto\/#breadcrumb","itemListElement":[{"@type":"ListItem","position":1,"name":"Home","item":"https:\/\/www.indigovenice.com\/es\/"},{"@type":"ListItem","position":2,"name":"El Hotel","item":"https:\/\/www.indigovenice.com\/es\/el-hotel\/"},{"@type":"ListItem","position":3,"name":"El Jard\u00edn oculto"}]},{"@type":"WebSite","@id":"https:\/\/www.indigovenice.com\/es\/#website","url":"https:\/\/www.indigovenice.com\/es\/","name":"Hotel Indigo Venice - Sant'Elena","description":"Just another ms.decms.eu site","potentialAction":[{"@type":"SearchAction","target":{"@type":"EntryPoint","urlTemplate":"https:\/\/www.indigovenice.com\/es\/?s={search_term_string}"},"query-input":{"@type":"PropertyValueSpecification","valueRequired":true,"valueName":"search_term_string"}}],"inLanguage":"es"}]}},"acf":[],"_links":{"self":[{"href":"https:\/\/www.indigovenice.com\/es\/wp-json\/wp\/v2\/pages\/289","targetHints":{"allow":["GET"]}}],"collection":[{"href":"https:\/\/www.indigovenice.com\/es\/wp-json\/wp\/v2\/pages"}],"about":[{"href":"https:\/\/www.indigovenice.com\/es\/wp-json\/wp\/v2\/types\/page"}],"author":[{"embeddable":true,"href":"https:\/\/www.indigovenice.com\/es\/wp-json\/wp\/v2\/users\/3"}],"replies":[{"embeddable":true,"href":"https:\/\/www.indigovenice.com\/es\/wp-json\/wp\/v2\/comments?post=289"}],"version-history":[{"count":0,"href":"https:\/\/www.indigovenice.com\/es\/wp-json\/wp\/v2\/pages\/289\/revisions"}],"up":[{"embeddable":true,"href":"https:\/\/www.indigovenice.com\/es\/wp-json\/wp\/v2\/pages\/283"}],"wp:attachment":[{"href":"https:\/\/www.indigovenice.com\/es\/wp-json\/wp\/v2\/media?parent=289"}],"curies":[{"name":"wp","href":"https:\/\/api.w.org\/{rel}","templated":true}]}}