{"id":291,"date":"2019-05-31T14:55:45","date_gmt":"2019-05-31T14:55:45","guid":{"rendered":"http:\/\/st-elena.ms.decms.eu\/?page_id=291"},"modified":"2025-05-29T10:29:05","modified_gmt":"2025-05-29T10:29:05","slug":"concepto-de-diseno","status":"publish","type":"page","link":"https:\/\/www.indigovenice.com\/es\/el-hotel\/concepto-de-diseno\/","title":{"rendered":"Concepto de dise\u00f1o"},"content":{"rendered":"<p>Un espacio verde muy raro en esta incre\u00edble ciudad. La sensaci\u00f3n de calma y tranquilidad del <strong>Hotel Indigo Venecia<\/strong> tambi\u00e9n est\u00e1 reforzada por su concepto de dise\u00f1o, que se distingue por su sensaci\u00f3n de exclusividad, contemporaneidad y toques de estilo italiano.<\/p>\n<p>El vest\u00edbulo del hotel recibe a los hu\u00e9spedes y les hace sentir como en casa. Los materiales y los colores est\u00e1n inspirados en la cultura local, como en los palacios hist\u00f3ricos de Venecia, y est\u00e1n influenciados por la Bienal de Arte, que atrae a artistas de todo el mundo.<\/p>\n","protected":false},"excerpt":{"rendered":"<p>Un espacio verde muy raro en esta incre\u00edble ciudad. La sensaci\u00f3n de calma y tranquilidad del Hotel Indigo Venecia tambi\u00e9n est\u00e1 reforzada por su concepto de dise\u00f1o, que se distingue por su sensaci\u00f3n de exclusividad, contemporaneidad y toques de estilo italiano. El vest\u00edbulo del hotel recibe a los hu\u00e9spedes y les hace sentir como en [&hellip;]<\/p>\n","protected":false},"author":3,"featured_media":0,"parent":283,"menu_order":4,"comment_status":"closed","ping_status":"closed","template":"","meta":{"footnotes":""},"class_list":["post-291","page","type-page","status-publish","hentry"],"yoast_head":"<!-- This site is optimized with the Yoast SEO plugin v26.9 - https:\/\/yoast.com\/product\/yoast-seo-wordpress\/ -->\n<title>Espacios y habitaciones | Hotel Indigo Sant&#039;Elena Venecia<\/title>\n<meta name=\"description\" content=\"Dise\u00f1o elegante inspirado en la historia de Venecia. Descubra las habitaciones y el restaurante del Hotel Boutique Indigo Venecia Sant\u2019Elena de 4 estrellas.\" \/>\n<meta name=\"robots\" content=\"index, follow, max-snippet:-1, max-image-preview:large, max-video-preview:-1\" \/>\n<link rel=\"canonical\" href=\"https:\/\/www.indigovenice.com\/es\/el-hotel\/concepto-de-diseno\/\" \/>\n<meta property=\"og:locale\" content=\"es_ES\" \/>\n<meta property=\"og:type\" content=\"article\" \/>\n<meta property=\"og:title\" content=\"Espacios y habitaciones | Hotel Indigo Sant&#039;Elena Venecia\" \/>\n<meta property=\"og:description\" content=\"Dise\u00f1o elegante inspirado en la historia de Venecia. Descubra las habitaciones y el restaurante del Hotel Boutique Indigo Venecia Sant\u2019Elena de 4 estrellas.\" \/>\n<meta property=\"og:url\" content=\"https:\/\/www.indigovenice.com\/es\/el-hotel\/concepto-de-diseno\/\" \/>\n<meta property=\"og:site_name\" content=\"Hotel Indigo Venice - Sant&#039;Elena\" \/>\n<meta property=\"article:modified_time\" content=\"2025-05-29T10:29:05+00:00\" \/>\n<meta name=\"twitter:card\" content=\"summary_large_image\" \/>\n<meta name=\"twitter:label1\" content=\"Tiempo de lectura\" \/>\n\t<meta name=\"twitter:data1\" content=\"1 minuto\" \/>\n<script type=\"application\/ld+json\" class=\"yoast-schema-graph\">{\"@context\":\"https:\/\/schema.org\",\"@graph\":[{\"@type\":\"WebPage\",\"@id\":\"https:\/\/www.indigovenice.com\/es\/el-hotel\/concepto-de-diseno\/\",\"url\":\"https:\/\/www.indigovenice.com\/es\/el-hotel\/concepto-de-diseno\/\",\"name\":\"Espacios y habitaciones | Hotel Indigo Sant'Elena Venecia\",\"isPartOf\":{\"@id\":\"https:\/\/www.indigovenice.com\/es\/#website\"},\"datePublished\":\"2019-05-31T14:55:45+00:00\",\"dateModified\":\"2025-05-29T10:29:05+00:00\",\"description\":\"Dise\u00f1o elegante inspirado en la historia de Venecia. Descubra las habitaciones y el restaurante del Hotel Boutique Indigo Venecia Sant\u2019Elena de 4 estrellas.\",\"breadcrumb\":{\"@id\":\"https:\/\/www.indigovenice.com\/es\/el-hotel\/concepto-de-diseno\/#breadcrumb\"},\"inLanguage\":\"es\",\"potentialAction\":[{\"@type\":\"ReadAction\",\"target\":[\"https:\/\/www.indigovenice.com\/es\/el-hotel\/concepto-de-diseno\/\"]}]},{\"@type\":\"BreadcrumbList\",\"@id\":\"https:\/\/www.indigovenice.com\/es\/el-hotel\/concepto-de-diseno\/#breadcrumb\",\"itemListElement\":[{\"@type\":\"ListItem\",\"position\":1,\"name\":\"Home\",\"item\":\"https:\/\/www.indigovenice.com\/es\/\"},{\"@type\":\"ListItem\",\"position\":2,\"name\":\"El Hotel\",\"item\":\"https:\/\/www.indigovenice.com\/es\/el-hotel\/\"},{\"@type\":\"ListItem\",\"position\":3,\"name\":\"Concepto de dise\u00f1o\"}]},{\"@type\":\"WebSite\",\"@id\":\"https:\/\/www.indigovenice.com\/es\/#website\",\"url\":\"https:\/\/www.indigovenice.com\/es\/\",\"name\":\"Hotel Indigo Venice - Sant'Elena\",\"description\":\"Just another ms.decms.eu site\",\"potentialAction\":[{\"@type\":\"SearchAction\",\"target\":{\"@type\":\"EntryPoint\",\"urlTemplate\":\"https:\/\/www.indigovenice.com\/es\/?s={search_term_string}\"},\"query-input\":{\"@type\":\"PropertyValueSpecification\",\"valueRequired\":true,\"valueName\":\"search_term_string\"}}],\"inLanguage\":\"es\"}]}<\/script>\n<!-- \/ Yoast SEO plugin. -->","yoast_head_json":{"title":"Espacios y habitaciones | Hotel Indigo Sant'Elena Venecia","description":"Dise\u00f1o elegante inspirado en la historia de Venecia. Descubra las habitaciones y el restaurante del Hotel Boutique Indigo Venecia Sant\u2019Elena de 4 estrellas.","robots":{"index":"index","follow":"follow","max-snippet":"max-snippet:-1","max-image-preview":"max-image-preview:large","max-video-preview":"max-video-preview:-1"},"canonical":"https:\/\/www.indigovenice.com\/es\/el-hotel\/concepto-de-diseno\/","og_locale":"es_ES","og_type":"article","og_title":"Espacios y habitaciones | Hotel Indigo Sant'Elena Venecia","og_description":"Dise\u00f1o elegante inspirado en la historia de Venecia. Descubra las habitaciones y el restaurante del Hotel Boutique Indigo Venecia Sant\u2019Elena de 4 estrellas.","og_url":"https:\/\/www.indigovenice.com\/es\/el-hotel\/concepto-de-diseno\/","og_site_name":"Hotel Indigo Venice - Sant'Elena","article_modified_time":"2025-05-29T10:29:05+00:00","twitter_card":"summary_large_image","twitter_misc":{"Tiempo de lectura":"1 minuto"},"schema":{"@context":"https:\/\/schema.org","@graph":[{"@type":"WebPage","@id":"https:\/\/www.indigovenice.com\/es\/el-hotel\/concepto-de-diseno\/","url":"https:\/\/www.indigovenice.com\/es\/el-hotel\/concepto-de-diseno\/","name":"Espacios y habitaciones | Hotel Indigo Sant'Elena Venecia","isPartOf":{"@id":"https:\/\/www.indigovenice.com\/es\/#website"},"datePublished":"2019-05-31T14:55:45+00:00","dateModified":"2025-05-29T10:29:05+00:00","description":"Dise\u00f1o elegante inspirado en la historia de Venecia. Descubra las habitaciones y el restaurante del Hotel Boutique Indigo Venecia Sant\u2019Elena de 4 estrellas.","breadcrumb":{"@id":"https:\/\/www.indigovenice.com\/es\/el-hotel\/concepto-de-diseno\/#breadcrumb"},"inLanguage":"es","potentialAction":[{"@type":"ReadAction","target":["https:\/\/www.indigovenice.com\/es\/el-hotel\/concepto-de-diseno\/"]}]},{"@type":"BreadcrumbList","@id":"https:\/\/www.indigovenice.com\/es\/el-hotel\/concepto-de-diseno\/#breadcrumb","itemListElement":[{"@type":"ListItem","position":1,"name":"Home","item":"https:\/\/www.indigovenice.com\/es\/"},{"@type":"ListItem","position":2,"name":"El Hotel","item":"https:\/\/www.indigovenice.com\/es\/el-hotel\/"},{"@type":"ListItem","position":3,"name":"Concepto de dise\u00f1o"}]},{"@type":"WebSite","@id":"https:\/\/www.indigovenice.com\/es\/#website","url":"https:\/\/www.indigovenice.com\/es\/","name":"Hotel Indigo Venice - Sant'Elena","description":"Just another ms.decms.eu site","potentialAction":[{"@type":"SearchAction","target":{"@type":"EntryPoint","urlTemplate":"https:\/\/www.indigovenice.com\/es\/?s={search_term_string}"},"query-input":{"@type":"PropertyValueSpecification","valueRequired":true,"valueName":"search_term_string"}}],"inLanguage":"es"}]}},"acf":[],"_links":{"self":[{"href":"https:\/\/www.indigovenice.com\/es\/wp-json\/wp\/v2\/pages\/291","targetHints":{"allow":["GET"]}}],"collection":[{"href":"https:\/\/www.indigovenice.com\/es\/wp-json\/wp\/v2\/pages"}],"about":[{"href":"https:\/\/www.indigovenice.com\/es\/wp-json\/wp\/v2\/types\/page"}],"author":[{"embeddable":true,"href":"https:\/\/www.indigovenice.com\/es\/wp-json\/wp\/v2\/users\/3"}],"replies":[{"embeddable":true,"href":"https:\/\/www.indigovenice.com\/es\/wp-json\/wp\/v2\/comments?post=291"}],"version-history":[{"count":0,"href":"https:\/\/www.indigovenice.com\/es\/wp-json\/wp\/v2\/pages\/291\/revisions"}],"up":[{"embeddable":true,"href":"https:\/\/www.indigovenice.com\/es\/wp-json\/wp\/v2\/pages\/283"}],"wp:attachment":[{"href":"https:\/\/www.indigovenice.com\/es\/wp-json\/wp\/v2\/media?parent=291"}],"curies":[{"name":"wp","href":"https:\/\/api.w.org\/{rel}","templated":true}]}}