{"id":3202,"date":"2025-04-02T12:36:55","date_gmt":"2025-04-02T12:36:55","guid":{"rendered":"https:\/\/www.indigovenice.com\/a-romantic-getaway-from-paris-to-venice\/"},"modified":"2025-04-04T13:49:46","modified_gmt":"2025-04-04T13:49:46","slug":"una-escapada-romantica-de-paris-a-venecia","status":"publish","type":"page","link":"https:\/\/www.indigovenice.com\/es\/una-escapada-romantica-de-paris-a-venecia\/","title":{"rendered":"Una escapada rom\u00e1ntica de Par\u00eds a Venecia"},"content":{"rendered":"<p class=\"\" data-start=\"103\" data-end=\"333\"><strong data-start=\"103\" data-end=\"174\">Par\u00eds es donde todo comenz\u00f3. Venecia es donde tu historia contin\u00faa.<\/strong><br data-start=\"174\" data-end=\"177\" \/>Despu\u00e9s de vivir el encanto bohemio del Hotel Indigo Par\u00eds, es momento de continuar tu escapada rom\u00e1ntica en una de las ciudades m\u00e1s encantadoras del mundo.<\/p>\n<p class=\"\" data-start=\"335\" data-end=\"528\">En el <strong data-start=\"341\" data-end=\"377\">Hotel Indigo Venice \u2013 Sant\u2019Elena<\/strong>, te espera una joya escondida: un antiguo convento transformado en un hotel boutique, rodeado de vegetaci\u00f3n y a pocos pasos de la Plaza de San Marcos.<\/p>\n<p class=\"\" data-start=\"530\" data-end=\"573\"><strong data-start=\"530\" data-end=\"573\">\u00a1Solicita ahora tu descuento exclusivo!<\/strong><\/p>\n<p class=\"\" data-start=\"575\" data-end=\"684\">Completa el formulario y obt\u00e9n un <strong data-start=\"609\" data-end=\"660\">15\u202f% de descuento en nuestra Best Flexible Rate<\/strong>, con desayuno incluido.<\/p>\n<p class=\"\" data-start=\"686\" data-end=\"741\"><em>V\u00e1lido para estancias hasta el 30 de abril de 2026.<\/em><\/p>\n","protected":false},"excerpt":{"rendered":"<p>Par\u00eds es donde todo comenz\u00f3. Venecia es donde tu historia contin\u00faa.Despu\u00e9s de vivir el encanto bohemio del Hotel Indigo Par\u00eds, es momento de continuar tu escapada rom\u00e1ntica en una de las ciudades m\u00e1s encantadoras del mundo. En el Hotel Indigo Venice \u2013 Sant\u2019Elena, te espera una joya escondida: un antiguo convento transformado en un hotel [&hellip;]<\/p>\n","protected":false},"author":55,"featured_media":0,"parent":0,"menu_order":0,"comment_status":"closed","ping_status":"closed","template":"template-landing_page.php","meta":{"footnotes":""},"class_list":["post-3202","page","type-page","status-publish","hentry"],"yoast_head":"<!-- This site is optimized with the Yoast SEO plugin v26.9 - https:\/\/yoast.com\/product\/yoast-seo-wordpress\/ -->\n<title>Una escapada rom\u00e1ntica de Par\u00eds a Venecia | Hotel Indigo Venice - Sant&#039;Elena<\/title>\n<meta name=\"description\" content=\"Escapada rom\u00e1ntica en Venecia en el Hotel Indigo Sant\u2019Elena:Hotel boutique con jard\u00edn secreto, habitaciones elegantes y cocina local. A solo unos minutos de la Plaza de San Marcos.\" \/>\n<meta name=\"robots\" content=\"index, follow, max-snippet:-1, max-image-preview:large, max-video-preview:-1\" \/>\n<link rel=\"canonical\" href=\"https:\/\/www.indigovenice.com\/es\/una-escapada-romantica-de-paris-a-venecia\/\" \/>\n<meta property=\"og:locale\" content=\"es_ES\" \/>\n<meta property=\"og:type\" content=\"article\" \/>\n<meta property=\"og:title\" content=\"Una escapada rom\u00e1ntica de Par\u00eds a Venecia | Hotel Indigo Venice - Sant&#039;Elena\" \/>\n<meta property=\"og:description\" content=\"Escapada rom\u00e1ntica en Venecia en el Hotel Indigo Sant\u2019Elena:Hotel boutique con jard\u00edn secreto, habitaciones elegantes y cocina local. A solo unos minutos de la Plaza de San Marcos.\" \/>\n<meta property=\"og:url\" content=\"https:\/\/www.indigovenice.com\/es\/una-escapada-romantica-de-paris-a-venecia\/\" \/>\n<meta property=\"og:site_name\" content=\"Hotel Indigo Venice - Sant&#039;Elena\" \/>\n<meta property=\"article:modified_time\" content=\"2025-04-04T13:49:46+00:00\" \/>\n<meta name=\"twitter:card\" content=\"summary_large_image\" \/>\n<meta name=\"twitter:label1\" content=\"Tiempo de lectura\" \/>\n\t<meta name=\"twitter:data1\" content=\"1 minuto\" \/>\n<script type=\"application\/ld+json\" class=\"yoast-schema-graph\">{\"@context\":\"https:\/\/schema.org\",\"@graph\":[{\"@type\":\"WebPage\",\"@id\":\"https:\/\/www.indigovenice.com\/es\/una-escapada-romantica-de-paris-a-venecia\/\",\"url\":\"https:\/\/www.indigovenice.com\/es\/una-escapada-romantica-de-paris-a-venecia\/\",\"name\":\"Una escapada rom\u00e1ntica de Par\u00eds a Venecia | Hotel Indigo Venice - Sant'Elena\",\"isPartOf\":{\"@id\":\"https:\/\/www.indigovenice.com\/es\/#website\"},\"datePublished\":\"2025-04-02T12:36:55+00:00\",\"dateModified\":\"2025-04-04T13:49:46+00:00\",\"description\":\"Escapada rom\u00e1ntica en Venecia en el Hotel Indigo Sant\u2019Elena:Hotel boutique con jard\u00edn secreto, habitaciones elegantes y cocina local. A solo unos minutos de la Plaza de San Marcos.\",\"breadcrumb\":{\"@id\":\"https:\/\/www.indigovenice.com\/es\/una-escapada-romantica-de-paris-a-venecia\/#breadcrumb\"},\"inLanguage\":\"es\",\"potentialAction\":[{\"@type\":\"ReadAction\",\"target\":[\"https:\/\/www.indigovenice.com\/es\/una-escapada-romantica-de-paris-a-venecia\/\"]}]},{\"@type\":\"BreadcrumbList\",\"@id\":\"https:\/\/www.indigovenice.com\/es\/una-escapada-romantica-de-paris-a-venecia\/#breadcrumb\",\"itemListElement\":[{\"@type\":\"ListItem\",\"position\":1,\"name\":\"Home\",\"item\":\"https:\/\/www.indigovenice.com\/es\/\"},{\"@type\":\"ListItem\",\"position\":2,\"name\":\"Una escapada rom\u00e1ntica de Par\u00eds a Venecia\"}]},{\"@type\":\"WebSite\",\"@id\":\"https:\/\/www.indigovenice.com\/es\/#website\",\"url\":\"https:\/\/www.indigovenice.com\/es\/\",\"name\":\"Hotel Indigo Venice - Sant'Elena\",\"description\":\"Just another ms.decms.eu site\",\"potentialAction\":[{\"@type\":\"SearchAction\",\"target\":{\"@type\":\"EntryPoint\",\"urlTemplate\":\"https:\/\/www.indigovenice.com\/es\/?s={search_term_string}\"},\"query-input\":{\"@type\":\"PropertyValueSpecification\",\"valueRequired\":true,\"valueName\":\"search_term_string\"}}],\"inLanguage\":\"es\"}]}<\/script>\n<!-- \/ Yoast SEO plugin. -->","yoast_head_json":{"title":"Una escapada rom\u00e1ntica de Par\u00eds a Venecia | Hotel Indigo Venice - Sant'Elena","description":"Escapada rom\u00e1ntica en Venecia en el Hotel Indigo Sant\u2019Elena:Hotel boutique con jard\u00edn secreto, habitaciones elegantes y cocina local. A solo unos minutos de la Plaza de San Marcos.","robots":{"index":"index","follow":"follow","max-snippet":"max-snippet:-1","max-image-preview":"max-image-preview:large","max-video-preview":"max-video-preview:-1"},"canonical":"https:\/\/www.indigovenice.com\/es\/una-escapada-romantica-de-paris-a-venecia\/","og_locale":"es_ES","og_type":"article","og_title":"Una escapada rom\u00e1ntica de Par\u00eds a Venecia | Hotel Indigo Venice - Sant'Elena","og_description":"Escapada rom\u00e1ntica en Venecia en el Hotel Indigo Sant\u2019Elena:Hotel boutique con jard\u00edn secreto, habitaciones elegantes y cocina local. A solo unos minutos de la Plaza de San Marcos.","og_url":"https:\/\/www.indigovenice.com\/es\/una-escapada-romantica-de-paris-a-venecia\/","og_site_name":"Hotel Indigo Venice - Sant'Elena","article_modified_time":"2025-04-04T13:49:46+00:00","twitter_card":"summary_large_image","twitter_misc":{"Tiempo de lectura":"1 minuto"},"schema":{"@context":"https:\/\/schema.org","@graph":[{"@type":"WebPage","@id":"https:\/\/www.indigovenice.com\/es\/una-escapada-romantica-de-paris-a-venecia\/","url":"https:\/\/www.indigovenice.com\/es\/una-escapada-romantica-de-paris-a-venecia\/","name":"Una escapada rom\u00e1ntica de Par\u00eds a Venecia | Hotel Indigo Venice - Sant'Elena","isPartOf":{"@id":"https:\/\/www.indigovenice.com\/es\/#website"},"datePublished":"2025-04-02T12:36:55+00:00","dateModified":"2025-04-04T13:49:46+00:00","description":"Escapada rom\u00e1ntica en Venecia en el Hotel Indigo Sant\u2019Elena:Hotel boutique con jard\u00edn secreto, habitaciones elegantes y cocina local. A solo unos minutos de la Plaza de San Marcos.","breadcrumb":{"@id":"https:\/\/www.indigovenice.com\/es\/una-escapada-romantica-de-paris-a-venecia\/#breadcrumb"},"inLanguage":"es","potentialAction":[{"@type":"ReadAction","target":["https:\/\/www.indigovenice.com\/es\/una-escapada-romantica-de-paris-a-venecia\/"]}]},{"@type":"BreadcrumbList","@id":"https:\/\/www.indigovenice.com\/es\/una-escapada-romantica-de-paris-a-venecia\/#breadcrumb","itemListElement":[{"@type":"ListItem","position":1,"name":"Home","item":"https:\/\/www.indigovenice.com\/es\/"},{"@type":"ListItem","position":2,"name":"Una escapada rom\u00e1ntica de Par\u00eds a Venecia"}]},{"@type":"WebSite","@id":"https:\/\/www.indigovenice.com\/es\/#website","url":"https:\/\/www.indigovenice.com\/es\/","name":"Hotel Indigo Venice - Sant'Elena","description":"Just another ms.decms.eu site","potentialAction":[{"@type":"SearchAction","target":{"@type":"EntryPoint","urlTemplate":"https:\/\/www.indigovenice.com\/es\/?s={search_term_string}"},"query-input":{"@type":"PropertyValueSpecification","valueRequired":true,"valueName":"search_term_string"}}],"inLanguage":"es"}]}},"acf":[],"_links":{"self":[{"href":"https:\/\/www.indigovenice.com\/es\/wp-json\/wp\/v2\/pages\/3202","targetHints":{"allow":["GET"]}}],"collection":[{"href":"https:\/\/www.indigovenice.com\/es\/wp-json\/wp\/v2\/pages"}],"about":[{"href":"https:\/\/www.indigovenice.com\/es\/wp-json\/wp\/v2\/types\/page"}],"author":[{"embeddable":true,"href":"https:\/\/www.indigovenice.com\/es\/wp-json\/wp\/v2\/users\/55"}],"replies":[{"embeddable":true,"href":"https:\/\/www.indigovenice.com\/es\/wp-json\/wp\/v2\/comments?post=3202"}],"version-history":[{"count":0,"href":"https:\/\/www.indigovenice.com\/es\/wp-json\/wp\/v2\/pages\/3202\/revisions"}],"wp:attachment":[{"href":"https:\/\/www.indigovenice.com\/es\/wp-json\/wp\/v2\/media?parent=3202"}],"curies":[{"name":"wp","href":"https:\/\/api.w.org\/{rel}","templated":true}]}}