{"id":328,"date":"2019-06-03T10:03:48","date_gmt":"2019-06-03T10:03:48","guid":{"rendered":"http:\/\/st-elena.ms.decms.eu\/?page_id=328"},"modified":"2025-11-07T12:08:03","modified_gmt":"2025-11-07T12:08:03","slug":"habitaciones-standard-jardin-interior","status":"publish","type":"page","link":"https:\/\/www.indigovenice.com\/es\/habitaciones-y-suites\/habitaciones-standard-jardin-interior\/","title":{"rendered":"Habitaciones Standard Jardin Interior"},"content":{"rendered":"<h1>Su acceso exclusivo al jard\u00edn interior<\/h1>\n<p>Espl\u00e9ndidamente amuebladas y decoradas con elegancia, nuestras <strong>habitaciones Standard Jard\u00edn Interior<\/strong> satisfacen todas las necesidades. Equipadas con todas las comodidades m\u00e1s modernas en cuanto a mobiliario y tecnolog\u00eda, nuestras habitaciones Standard Jard\u00edn Interior son la elecci\u00f3n ideal para su pr\u00f3xima estancia en Venecia.<\/p>\n<p>Todas las habitaciones Standard disponen de aire acondicionado y un espacioso escritorio, TV con Chromecast, hervidor para preparar t\u00e9 y caf\u00e9, botellas de agua de cortes\u00eda, almohadas adicionales, caja fuerte, minibar y ba\u00f1o con ba\u00f1era o ducha.<\/p>\n<p>Habitaciones con <strong data-start=\"441\" data-end=\"460\">cama queen-size<\/strong>, con capacidad para <strong data-start=\"481\" data-end=\"495\">2 personas<\/strong>.<\/p>\n","protected":false},"excerpt":{"rendered":"<p>Su acceso exclusivo al jard\u00edn interior Espl\u00e9ndidamente amuebladas y decoradas con elegancia, nuestras habitaciones Standard Jard\u00edn Interior satisfacen todas las necesidades. Equipadas con todas las comodidades m\u00e1s modernas en cuanto a mobiliario y tecnolog\u00eda, nuestras habitaciones Standard Jard\u00edn Interior son la elecci\u00f3n ideal para su pr\u00f3xima estancia en Venecia. Todas las habitaciones Standard disponen de [&hellip;]<\/p>\n","protected":false},"author":7,"featured_media":0,"parent":305,"menu_order":2,"comment_status":"closed","ping_status":"closed","template":"template-single-room.php","meta":{"footnotes":""},"class_list":["post-328","page","type-page","status-publish","hentry"],"yoast_head":"<!-- This site is optimized with the Yoast SEO plugin v26.9 - https:\/\/yoast.com\/product\/yoast-seo-wordpress\/ -->\n<title>Habitaci\u00f3n Standard Jardin Interior 4 estrellas | Hotel Indigo Venecia<\/title>\n<meta name=\"description\" content=\"Las habitaciones Standard Jardin Interior del Hotel Indigo son amplias y elegantes: vistas a la calle o al jard\u00edn interior.\" \/>\n<meta name=\"robots\" content=\"index, follow, max-snippet:-1, max-image-preview:large, max-video-preview:-1\" \/>\n<link rel=\"canonical\" href=\"https:\/\/www.indigovenice.com\/es\/habitaciones-y-suites\/habitaciones-standard-jardin-interior\/\" \/>\n<meta property=\"og:locale\" content=\"es_ES\" \/>\n<meta property=\"og:type\" content=\"article\" \/>\n<meta property=\"og:title\" content=\"Habitaci\u00f3n Standard Jardin Interior 4 estrellas | Hotel Indigo Venecia\" \/>\n<meta property=\"og:description\" content=\"Las habitaciones Standard Jardin Interior del Hotel Indigo son amplias y elegantes: vistas a la calle o al jard\u00edn interior.\" \/>\n<meta property=\"og:url\" content=\"https:\/\/www.indigovenice.com\/es\/habitaciones-y-suites\/habitaciones-standard-jardin-interior\/\" \/>\n<meta property=\"og:site_name\" content=\"Hotel Indigo Venice - Sant&#039;Elena\" \/>\n<meta property=\"article:modified_time\" content=\"2025-11-07T12:08:03+00:00\" \/>\n<meta name=\"twitter:card\" content=\"summary_large_image\" \/>\n<meta name=\"twitter:label1\" content=\"Tiempo de lectura\" \/>\n\t<meta name=\"twitter:data1\" content=\"1 minuto\" \/>\n<script type=\"application\/ld+json\" class=\"yoast-schema-graph\">{\"@context\":\"https:\/\/schema.org\",\"@graph\":[{\"@type\":\"WebPage\",\"@id\":\"https:\/\/www.indigovenice.com\/es\/habitaciones-y-suites\/habitaciones-standard-jardin-interior\/\",\"url\":\"https:\/\/www.indigovenice.com\/es\/habitaciones-y-suites\/habitaciones-standard-jardin-interior\/\",\"name\":\"Habitaci\u00f3n Standard Jardin Interior 4 estrellas | Hotel Indigo Venecia\",\"isPartOf\":{\"@id\":\"https:\/\/www.indigovenice.com\/es\/#website\"},\"datePublished\":\"2019-06-03T10:03:48+00:00\",\"dateModified\":\"2025-11-07T12:08:03+00:00\",\"description\":\"Las habitaciones Standard Jardin Interior del Hotel Indigo son amplias y elegantes: vistas a la calle o al jard\u00edn interior.\",\"breadcrumb\":{\"@id\":\"https:\/\/www.indigovenice.com\/es\/habitaciones-y-suites\/habitaciones-standard-jardin-interior\/#breadcrumb\"},\"inLanguage\":\"es\",\"potentialAction\":[{\"@type\":\"ReadAction\",\"target\":[\"https:\/\/www.indigovenice.com\/es\/habitaciones-y-suites\/habitaciones-standard-jardin-interior\/\"]}]},{\"@type\":\"BreadcrumbList\",\"@id\":\"https:\/\/www.indigovenice.com\/es\/habitaciones-y-suites\/habitaciones-standard-jardin-interior\/#breadcrumb\",\"itemListElement\":[{\"@type\":\"ListItem\",\"position\":1,\"name\":\"Home\",\"item\":\"https:\/\/www.indigovenice.com\/es\/\"},{\"@type\":\"ListItem\",\"position\":2,\"name\":\"Habitaciones y suites\",\"item\":\"https:\/\/www.indigovenice.com\/es\/habitaciones-y-suites\/\"},{\"@type\":\"ListItem\",\"position\":3,\"name\":\"Habitaciones Standard Jardin Interior\"}]},{\"@type\":\"WebSite\",\"@id\":\"https:\/\/www.indigovenice.com\/es\/#website\",\"url\":\"https:\/\/www.indigovenice.com\/es\/\",\"name\":\"Hotel Indigo Venice - Sant'Elena\",\"description\":\"Just another ms.decms.eu site\",\"potentialAction\":[{\"@type\":\"SearchAction\",\"target\":{\"@type\":\"EntryPoint\",\"urlTemplate\":\"https:\/\/www.indigovenice.com\/es\/?s={search_term_string}\"},\"query-input\":{\"@type\":\"PropertyValueSpecification\",\"valueRequired\":true,\"valueName\":\"search_term_string\"}}],\"inLanguage\":\"es\"}]}<\/script>\n<!-- \/ Yoast SEO plugin. -->","yoast_head_json":{"title":"Habitaci\u00f3n Standard Jardin Interior 4 estrellas | Hotel Indigo Venecia","description":"Las habitaciones Standard Jardin Interior del Hotel Indigo son amplias y elegantes: vistas a la calle o al jard\u00edn interior.","robots":{"index":"index","follow":"follow","max-snippet":"max-snippet:-1","max-image-preview":"max-image-preview:large","max-video-preview":"max-video-preview:-1"},"canonical":"https:\/\/www.indigovenice.com\/es\/habitaciones-y-suites\/habitaciones-standard-jardin-interior\/","og_locale":"es_ES","og_type":"article","og_title":"Habitaci\u00f3n Standard Jardin Interior 4 estrellas | Hotel Indigo Venecia","og_description":"Las habitaciones Standard Jardin Interior del Hotel Indigo son amplias y elegantes: vistas a la calle o al jard\u00edn interior.","og_url":"https:\/\/www.indigovenice.com\/es\/habitaciones-y-suites\/habitaciones-standard-jardin-interior\/","og_site_name":"Hotel Indigo Venice - Sant'Elena","article_modified_time":"2025-11-07T12:08:03+00:00","twitter_card":"summary_large_image","twitter_misc":{"Tiempo de lectura":"1 minuto"},"schema":{"@context":"https:\/\/schema.org","@graph":[{"@type":"WebPage","@id":"https:\/\/www.indigovenice.com\/es\/habitaciones-y-suites\/habitaciones-standard-jardin-interior\/","url":"https:\/\/www.indigovenice.com\/es\/habitaciones-y-suites\/habitaciones-standard-jardin-interior\/","name":"Habitaci\u00f3n Standard Jardin Interior 4 estrellas | Hotel Indigo Venecia","isPartOf":{"@id":"https:\/\/www.indigovenice.com\/es\/#website"},"datePublished":"2019-06-03T10:03:48+00:00","dateModified":"2025-11-07T12:08:03+00:00","description":"Las habitaciones Standard Jardin Interior del Hotel Indigo son amplias y elegantes: vistas a la calle o al jard\u00edn interior.","breadcrumb":{"@id":"https:\/\/www.indigovenice.com\/es\/habitaciones-y-suites\/habitaciones-standard-jardin-interior\/#breadcrumb"},"inLanguage":"es","potentialAction":[{"@type":"ReadAction","target":["https:\/\/www.indigovenice.com\/es\/habitaciones-y-suites\/habitaciones-standard-jardin-interior\/"]}]},{"@type":"BreadcrumbList","@id":"https:\/\/www.indigovenice.com\/es\/habitaciones-y-suites\/habitaciones-standard-jardin-interior\/#breadcrumb","itemListElement":[{"@type":"ListItem","position":1,"name":"Home","item":"https:\/\/www.indigovenice.com\/es\/"},{"@type":"ListItem","position":2,"name":"Habitaciones y suites","item":"https:\/\/www.indigovenice.com\/es\/habitaciones-y-suites\/"},{"@type":"ListItem","position":3,"name":"Habitaciones Standard Jardin Interior"}]},{"@type":"WebSite","@id":"https:\/\/www.indigovenice.com\/es\/#website","url":"https:\/\/www.indigovenice.com\/es\/","name":"Hotel Indigo Venice - Sant'Elena","description":"Just another ms.decms.eu site","potentialAction":[{"@type":"SearchAction","target":{"@type":"EntryPoint","urlTemplate":"https:\/\/www.indigovenice.com\/es\/?s={search_term_string}"},"query-input":{"@type":"PropertyValueSpecification","valueRequired":true,"valueName":"search_term_string"}}],"inLanguage":"es"}]}},"acf":[],"_links":{"self":[{"href":"https:\/\/www.indigovenice.com\/es\/wp-json\/wp\/v2\/pages\/328","targetHints":{"allow":["GET"]}}],"collection":[{"href":"https:\/\/www.indigovenice.com\/es\/wp-json\/wp\/v2\/pages"}],"about":[{"href":"https:\/\/www.indigovenice.com\/es\/wp-json\/wp\/v2\/types\/page"}],"author":[{"embeddable":true,"href":"https:\/\/www.indigovenice.com\/es\/wp-json\/wp\/v2\/users\/7"}],"replies":[{"embeddable":true,"href":"https:\/\/www.indigovenice.com\/es\/wp-json\/wp\/v2\/comments?post=328"}],"version-history":[{"count":0,"href":"https:\/\/www.indigovenice.com\/es\/wp-json\/wp\/v2\/pages\/328\/revisions"}],"up":[{"embeddable":true,"href":"https:\/\/www.indigovenice.com\/es\/wp-json\/wp\/v2\/pages\/305"}],"wp:attachment":[{"href":"https:\/\/www.indigovenice.com\/es\/wp-json\/wp\/v2\/media?parent=328"}],"curies":[{"name":"wp","href":"https:\/\/api.w.org\/{rel}","templated":true}]}}