{"id":338,"date":"2019-06-03T10:20:26","date_gmt":"2019-06-03T10:20:26","guid":{"rendered":"http:\/\/st-elena.ms.decms.eu\/?page_id=338"},"modified":"2022-07-22T08:39:27","modified_gmt":"2022-07-22T08:39:27","slug":"vecindario","status":"publish","type":"page","link":"https:\/\/www.indigovenice.com\/es\/vecindario\/","title":{"rendered":"Vecindario"},"content":{"rendered":"<p>Sumergido en la tranquilidad del barrio, es el lugar ideal desde donde poder explorar la ciudad. Tras un breve paseo a trav\u00e9s de los majestuosos \u00e1rboles del parque delle Rimembranze y a lo largo de Riva degli Schiavoni, llegar\u00e1 a la famosa <strong>plaza de San Marcos,<\/strong> la joya monumental de la ciudad hist\u00f3rica de Venecia.<\/p>\n","protected":false},"excerpt":{"rendered":"<p>Sumergido en la tranquilidad del barrio, es el lugar ideal desde donde poder explorar la ciudad. Tras un breve paseo a trav\u00e9s de los majestuosos \u00e1rboles del parque delle Rimembranze y a lo largo de Riva degli Schiavoni, llegar\u00e1 a la famosa plaza de San Marcos, la joya monumental de la ciudad hist\u00f3rica de Venecia.<\/p>\n","protected":false},"author":3,"featured_media":0,"parent":0,"menu_order":6,"comment_status":"closed","ping_status":"closed","template":"template-location.php","meta":{"footnotes":""},"class_list":["post-338","page","type-page","status-publish","hentry"],"yoast_head":"<!-- This site is optimized with the Yoast SEO plugin v26.9 - https:\/\/yoast.com\/product\/yoast-seo-wordpress\/ -->\n<title>Hotel Indigo cerca de los jardines de la Bienal y Arsenale<\/title>\n<meta name=\"description\" content=\"Los jardines de la Bienal est\u00e1n cerca del Hotel Indigo Sant&#039;Elena; la plaza de San Marcos est\u00e1 a pocos minutos a pie. \u00a1Descubra la Venecia del barrio Castello!\" \/>\n<meta name=\"robots\" content=\"index, follow, max-snippet:-1, max-image-preview:large, max-video-preview:-1\" \/>\n<link rel=\"canonical\" href=\"https:\/\/www.indigovenice.com\/es\/vecindario\/\" \/>\n<meta property=\"og:locale\" content=\"es_ES\" \/>\n<meta property=\"og:type\" content=\"article\" \/>\n<meta property=\"og:title\" content=\"Hotel Indigo cerca de los jardines de la Bienal y Arsenale\" \/>\n<meta property=\"og:description\" content=\"Los jardines de la Bienal est\u00e1n cerca del Hotel Indigo Sant&#039;Elena; la plaza de San Marcos est\u00e1 a pocos minutos a pie. \u00a1Descubra la Venecia del barrio Castello!\" \/>\n<meta property=\"og:url\" content=\"https:\/\/www.indigovenice.com\/es\/vecindario\/\" \/>\n<meta property=\"og:site_name\" content=\"Hotel Indigo Venice - Sant&#039;Elena\" \/>\n<meta property=\"article:modified_time\" content=\"2022-07-22T08:39:27+00:00\" \/>\n<meta name=\"twitter:card\" content=\"summary_large_image\" \/>\n<script type=\"application\/ld+json\" class=\"yoast-schema-graph\">{\"@context\":\"https:\/\/schema.org\",\"@graph\":[{\"@type\":\"WebPage\",\"@id\":\"https:\/\/www.indigovenice.com\/es\/vecindario\/\",\"url\":\"https:\/\/www.indigovenice.com\/es\/vecindario\/\",\"name\":\"Hotel Indigo cerca de los jardines de la Bienal y Arsenale\",\"isPartOf\":{\"@id\":\"https:\/\/www.indigovenice.com\/es\/#website\"},\"datePublished\":\"2019-06-03T10:20:26+00:00\",\"dateModified\":\"2022-07-22T08:39:27+00:00\",\"description\":\"Los jardines de la Bienal est\u00e1n cerca del Hotel Indigo Sant'Elena; la plaza de San Marcos est\u00e1 a pocos minutos a pie. \u00a1Descubra la Venecia del barrio Castello!\",\"breadcrumb\":{\"@id\":\"https:\/\/www.indigovenice.com\/es\/vecindario\/#breadcrumb\"},\"inLanguage\":\"es\",\"potentialAction\":[{\"@type\":\"ReadAction\",\"target\":[\"https:\/\/www.indigovenice.com\/es\/vecindario\/\"]}]},{\"@type\":\"BreadcrumbList\",\"@id\":\"https:\/\/www.indigovenice.com\/es\/vecindario\/#breadcrumb\",\"itemListElement\":[{\"@type\":\"ListItem\",\"position\":1,\"name\":\"Home\",\"item\":\"https:\/\/www.indigovenice.com\/es\/\"},{\"@type\":\"ListItem\",\"position\":2,\"name\":\"Vecindario\"}]},{\"@type\":\"WebSite\",\"@id\":\"https:\/\/www.indigovenice.com\/es\/#website\",\"url\":\"https:\/\/www.indigovenice.com\/es\/\",\"name\":\"Hotel Indigo Venice - Sant'Elena\",\"description\":\"Just another ms.decms.eu site\",\"potentialAction\":[{\"@type\":\"SearchAction\",\"target\":{\"@type\":\"EntryPoint\",\"urlTemplate\":\"https:\/\/www.indigovenice.com\/es\/?s={search_term_string}\"},\"query-input\":{\"@type\":\"PropertyValueSpecification\",\"valueRequired\":true,\"valueName\":\"search_term_string\"}}],\"inLanguage\":\"es\"}]}<\/script>\n<!-- \/ Yoast SEO plugin. -->","yoast_head_json":{"title":"Hotel Indigo cerca de los jardines de la Bienal y Arsenale","description":"Los jardines de la Bienal est\u00e1n cerca del Hotel Indigo Sant'Elena; la plaza de San Marcos est\u00e1 a pocos minutos a pie. \u00a1Descubra la Venecia del barrio Castello!","robots":{"index":"index","follow":"follow","max-snippet":"max-snippet:-1","max-image-preview":"max-image-preview:large","max-video-preview":"max-video-preview:-1"},"canonical":"https:\/\/www.indigovenice.com\/es\/vecindario\/","og_locale":"es_ES","og_type":"article","og_title":"Hotel Indigo cerca de los jardines de la Bienal y Arsenale","og_description":"Los jardines de la Bienal est\u00e1n cerca del Hotel Indigo Sant'Elena; la plaza de San Marcos est\u00e1 a pocos minutos a pie. \u00a1Descubra la Venecia del barrio Castello!","og_url":"https:\/\/www.indigovenice.com\/es\/vecindario\/","og_site_name":"Hotel Indigo Venice - Sant'Elena","article_modified_time":"2022-07-22T08:39:27+00:00","twitter_card":"summary_large_image","schema":{"@context":"https:\/\/schema.org","@graph":[{"@type":"WebPage","@id":"https:\/\/www.indigovenice.com\/es\/vecindario\/","url":"https:\/\/www.indigovenice.com\/es\/vecindario\/","name":"Hotel Indigo cerca de los jardines de la Bienal y Arsenale","isPartOf":{"@id":"https:\/\/www.indigovenice.com\/es\/#website"},"datePublished":"2019-06-03T10:20:26+00:00","dateModified":"2022-07-22T08:39:27+00:00","description":"Los jardines de la Bienal est\u00e1n cerca del Hotel Indigo Sant'Elena; la plaza de San Marcos est\u00e1 a pocos minutos a pie. \u00a1Descubra la Venecia del barrio Castello!","breadcrumb":{"@id":"https:\/\/www.indigovenice.com\/es\/vecindario\/#breadcrumb"},"inLanguage":"es","potentialAction":[{"@type":"ReadAction","target":["https:\/\/www.indigovenice.com\/es\/vecindario\/"]}]},{"@type":"BreadcrumbList","@id":"https:\/\/www.indigovenice.com\/es\/vecindario\/#breadcrumb","itemListElement":[{"@type":"ListItem","position":1,"name":"Home","item":"https:\/\/www.indigovenice.com\/es\/"},{"@type":"ListItem","position":2,"name":"Vecindario"}]},{"@type":"WebSite","@id":"https:\/\/www.indigovenice.com\/es\/#website","url":"https:\/\/www.indigovenice.com\/es\/","name":"Hotel Indigo Venice - Sant'Elena","description":"Just another ms.decms.eu site","potentialAction":[{"@type":"SearchAction","target":{"@type":"EntryPoint","urlTemplate":"https:\/\/www.indigovenice.com\/es\/?s={search_term_string}"},"query-input":{"@type":"PropertyValueSpecification","valueRequired":true,"valueName":"search_term_string"}}],"inLanguage":"es"}]}},"acf":[],"_links":{"self":[{"href":"https:\/\/www.indigovenice.com\/es\/wp-json\/wp\/v2\/pages\/338","targetHints":{"allow":["GET"]}}],"collection":[{"href":"https:\/\/www.indigovenice.com\/es\/wp-json\/wp\/v2\/pages"}],"about":[{"href":"https:\/\/www.indigovenice.com\/es\/wp-json\/wp\/v2\/types\/page"}],"author":[{"embeddable":true,"href":"https:\/\/www.indigovenice.com\/es\/wp-json\/wp\/v2\/users\/3"}],"replies":[{"embeddable":true,"href":"https:\/\/www.indigovenice.com\/es\/wp-json\/wp\/v2\/comments?post=338"}],"version-history":[{"count":0,"href":"https:\/\/www.indigovenice.com\/es\/wp-json\/wp\/v2\/pages\/338\/revisions"}],"wp:attachment":[{"href":"https:\/\/www.indigovenice.com\/es\/wp-json\/wp\/v2\/media?parent=338"}],"curies":[{"name":"wp","href":"https:\/\/api.w.org\/{rel}","templated":true}]}}