{"id":3387,"date":"2025-09-16T13:09:59","date_gmt":"2025-09-16T13:09:59","guid":{"rendered":"https:\/\/www.indigovenice.com\/business-incentive-groups\/"},"modified":"2025-09-17T14:41:15","modified_gmt":"2025-09-17T14:41:15","slug":"grupos-corporativos-e-incentivo","status":"publish","type":"page","link":"https:\/\/www.indigovenice.com\/es\/servicios\/grupos-corporativos-e-incentivo\/","title":{"rendered":"Grupos Corporativos e Incentivo"},"content":{"rendered":"<p>El <strong data-start=\"292\" data-end=\"328\">Hotel Indigo Venice \u2013 Sant\u2019Elena<\/strong> ofrece el equilibrio perfecto entre confort, estilo y aut\u00e9ntico encanto veneciano para grupos corporativos e incentivo.<br data-start=\"448\" data-end=\"451\" \/>Sus espacios acogedores, su atm\u00f3sfera boutique y su ubicaci\u00f3n estrat\u00e9gica crean el marco ideal tanto para los momentos de trabajo como para el descanso compartido.<br data-start=\"614\" data-end=\"617\" \/>Con sus <strong data-start=\"625\" data-end=\"651\">habitaciones elegantes<\/strong>, su <strong data-start=\"656\" data-end=\"680\">restaurante refinado<\/strong> y su <strong data-start=\"686\" data-end=\"705\">equipo dedicado<\/strong>, Indigo Venice transforma cada estancia en grupo en una <strong data-start=\"762\" data-end=\"789\">experiencia inolvidable<\/strong>.<\/p>\n","protected":false},"excerpt":{"rendered":"<p>El Hotel Indigo Venice \u2013 Sant\u2019Elena ofrece el equilibrio perfecto entre confort, estilo y aut\u00e9ntico encanto veneciano para grupos corporativos e incentivo.Sus espacios acogedores, su atm\u00f3sfera boutique y su ubicaci\u00f3n estrat\u00e9gica crean el marco ideal tanto para los momentos de trabajo como para el descanso compartido.Con sus habitaciones elegantes, su restaurante refinado y su equipo [&hellip;]<\/p>\n","protected":false},"author":55,"featured_media":0,"parent":560,"menu_order":3,"comment_status":"closed","ping_status":"closed","template":"","meta":{"footnotes":""},"class_list":["post-3387","page","type-page","status-publish","hentry"],"yoast_head":"<!-- This site is optimized with the Yoast SEO plugin v26.9 - https:\/\/yoast.com\/product\/yoast-seo-wordpress\/ -->\n<title>Grupos Corporativos e Incentivo - Hotel Indigo Venice - Sant&#039;Elena<\/title>\n<meta name=\"description\" content=\"Hotel Indigo Venice da la bienvenida a grupos corporativos e incentivo en un entorno aut\u00e9ntico y refinado donde los negocios y la inspiraci\u00f3n se unen.\" \/>\n<meta name=\"robots\" content=\"index, follow, max-snippet:-1, max-image-preview:large, max-video-preview:-1\" \/>\n<link rel=\"canonical\" href=\"https:\/\/www.indigovenice.com\/es\/servicios\/grupos-corporativos-e-incentivo\/\" \/>\n<meta property=\"og:locale\" content=\"es_ES\" \/>\n<meta property=\"og:type\" content=\"article\" \/>\n<meta property=\"og:title\" content=\"Grupos Corporativos e Incentivo - Hotel Indigo Venice - Sant&#039;Elena\" \/>\n<meta property=\"og:description\" content=\"Hotel Indigo Venice da la bienvenida a grupos corporativos e incentivo en un entorno aut\u00e9ntico y refinado donde los negocios y la inspiraci\u00f3n se unen.\" \/>\n<meta property=\"og:url\" content=\"https:\/\/www.indigovenice.com\/es\/servicios\/grupos-corporativos-e-incentivo\/\" \/>\n<meta property=\"og:site_name\" content=\"Hotel Indigo Venice - Sant&#039;Elena\" \/>\n<meta property=\"article:modified_time\" content=\"2025-09-17T14:41:15+00:00\" \/>\n<meta name=\"twitter:card\" content=\"summary_large_image\" \/>\n<meta name=\"twitter:label1\" content=\"Tiempo de lectura\" \/>\n\t<meta name=\"twitter:data1\" content=\"1 minuto\" \/>\n<script type=\"application\/ld+json\" class=\"yoast-schema-graph\">{\"@context\":\"https:\/\/schema.org\",\"@graph\":[{\"@type\":\"WebPage\",\"@id\":\"https:\/\/www.indigovenice.com\/es\/servicios\/grupos-corporativos-e-incentivo\/\",\"url\":\"https:\/\/www.indigovenice.com\/es\/servicios\/grupos-corporativos-e-incentivo\/\",\"name\":\"Grupos Corporativos e Incentivo - Hotel Indigo Venice - Sant'Elena\",\"isPartOf\":{\"@id\":\"https:\/\/www.indigovenice.com\/es\/#website\"},\"datePublished\":\"2025-09-16T13:09:59+00:00\",\"dateModified\":\"2025-09-17T14:41:15+00:00\",\"description\":\"Hotel Indigo Venice da la bienvenida a grupos corporativos e incentivo en un entorno aut\u00e9ntico y refinado donde los negocios y la inspiraci\u00f3n se unen.\",\"breadcrumb\":{\"@id\":\"https:\/\/www.indigovenice.com\/es\/servicios\/grupos-corporativos-e-incentivo\/#breadcrumb\"},\"inLanguage\":\"es\",\"potentialAction\":[{\"@type\":\"ReadAction\",\"target\":[\"https:\/\/www.indigovenice.com\/es\/servicios\/grupos-corporativos-e-incentivo\/\"]}]},{\"@type\":\"BreadcrumbList\",\"@id\":\"https:\/\/www.indigovenice.com\/es\/servicios\/grupos-corporativos-e-incentivo\/#breadcrumb\",\"itemListElement\":[{\"@type\":\"ListItem\",\"position\":1,\"name\":\"Home\",\"item\":\"https:\/\/www.indigovenice.com\/es\/\"},{\"@type\":\"ListItem\",\"position\":2,\"name\":\"Grupos Corporativos e Incentivo\"}]},{\"@type\":\"WebSite\",\"@id\":\"https:\/\/www.indigovenice.com\/es\/#website\",\"url\":\"https:\/\/www.indigovenice.com\/es\/\",\"name\":\"Hotel Indigo Venice - Sant'Elena\",\"description\":\"Just another ms.decms.eu site\",\"potentialAction\":[{\"@type\":\"SearchAction\",\"target\":{\"@type\":\"EntryPoint\",\"urlTemplate\":\"https:\/\/www.indigovenice.com\/es\/?s={search_term_string}\"},\"query-input\":{\"@type\":\"PropertyValueSpecification\",\"valueRequired\":true,\"valueName\":\"search_term_string\"}}],\"inLanguage\":\"es\"}]}<\/script>\n<!-- \/ Yoast SEO plugin. -->","yoast_head_json":{"title":"Grupos Corporativos e Incentivo - Hotel Indigo Venice - Sant'Elena","description":"Hotel Indigo Venice da la bienvenida a grupos corporativos e incentivo en un entorno aut\u00e9ntico y refinado donde los negocios y la inspiraci\u00f3n se unen.","robots":{"index":"index","follow":"follow","max-snippet":"max-snippet:-1","max-image-preview":"max-image-preview:large","max-video-preview":"max-video-preview:-1"},"canonical":"https:\/\/www.indigovenice.com\/es\/servicios\/grupos-corporativos-e-incentivo\/","og_locale":"es_ES","og_type":"article","og_title":"Grupos Corporativos e Incentivo - Hotel Indigo Venice - Sant'Elena","og_description":"Hotel Indigo Venice da la bienvenida a grupos corporativos e incentivo en un entorno aut\u00e9ntico y refinado donde los negocios y la inspiraci\u00f3n se unen.","og_url":"https:\/\/www.indigovenice.com\/es\/servicios\/grupos-corporativos-e-incentivo\/","og_site_name":"Hotel Indigo Venice - Sant'Elena","article_modified_time":"2025-09-17T14:41:15+00:00","twitter_card":"summary_large_image","twitter_misc":{"Tiempo de lectura":"1 minuto"},"schema":{"@context":"https:\/\/schema.org","@graph":[{"@type":"WebPage","@id":"https:\/\/www.indigovenice.com\/es\/servicios\/grupos-corporativos-e-incentivo\/","url":"https:\/\/www.indigovenice.com\/es\/servicios\/grupos-corporativos-e-incentivo\/","name":"Grupos Corporativos e Incentivo - Hotel Indigo Venice - Sant'Elena","isPartOf":{"@id":"https:\/\/www.indigovenice.com\/es\/#website"},"datePublished":"2025-09-16T13:09:59+00:00","dateModified":"2025-09-17T14:41:15+00:00","description":"Hotel Indigo Venice da la bienvenida a grupos corporativos e incentivo en un entorno aut\u00e9ntico y refinado donde los negocios y la inspiraci\u00f3n se unen.","breadcrumb":{"@id":"https:\/\/www.indigovenice.com\/es\/servicios\/grupos-corporativos-e-incentivo\/#breadcrumb"},"inLanguage":"es","potentialAction":[{"@type":"ReadAction","target":["https:\/\/www.indigovenice.com\/es\/servicios\/grupos-corporativos-e-incentivo\/"]}]},{"@type":"BreadcrumbList","@id":"https:\/\/www.indigovenice.com\/es\/servicios\/grupos-corporativos-e-incentivo\/#breadcrumb","itemListElement":[{"@type":"ListItem","position":1,"name":"Home","item":"https:\/\/www.indigovenice.com\/es\/"},{"@type":"ListItem","position":2,"name":"Grupos Corporativos e Incentivo"}]},{"@type":"WebSite","@id":"https:\/\/www.indigovenice.com\/es\/#website","url":"https:\/\/www.indigovenice.com\/es\/","name":"Hotel Indigo Venice - Sant'Elena","description":"Just another ms.decms.eu site","potentialAction":[{"@type":"SearchAction","target":{"@type":"EntryPoint","urlTemplate":"https:\/\/www.indigovenice.com\/es\/?s={search_term_string}"},"query-input":{"@type":"PropertyValueSpecification","valueRequired":true,"valueName":"search_term_string"}}],"inLanguage":"es"}]}},"acf":[],"_links":{"self":[{"href":"https:\/\/www.indigovenice.com\/es\/wp-json\/wp\/v2\/pages\/3387","targetHints":{"allow":["GET"]}}],"collection":[{"href":"https:\/\/www.indigovenice.com\/es\/wp-json\/wp\/v2\/pages"}],"about":[{"href":"https:\/\/www.indigovenice.com\/es\/wp-json\/wp\/v2\/types\/page"}],"author":[{"embeddable":true,"href":"https:\/\/www.indigovenice.com\/es\/wp-json\/wp\/v2\/users\/55"}],"replies":[{"embeddable":true,"href":"https:\/\/www.indigovenice.com\/es\/wp-json\/wp\/v2\/comments?post=3387"}],"version-history":[{"count":0,"href":"https:\/\/www.indigovenice.com\/es\/wp-json\/wp\/v2\/pages\/3387\/revisions"}],"up":[{"embeddable":true,"href":"https:\/\/www.indigovenice.com\/es\/wp-json\/wp\/v2\/pages\/560"}],"wp:attachment":[{"href":"https:\/\/www.indigovenice.com\/es\/wp-json\/wp\/v2\/media?parent=3387"}],"curies":[{"name":"wp","href":"https:\/\/api.w.org\/{rel}","templated":true}]}}