{"id":339,"date":"2019-06-03T10:25:22","date_gmt":"2019-06-03T10:25:22","guid":{"rendered":"http:\/\/st-elena.ms.decms.eu\/?page_id=339"},"modified":"2024-01-24T14:53:59","modified_gmt":"2024-01-24T14:53:59","slug":"como-llegar","status":"publish","type":"page","link":"https:\/\/www.indigovenice.com\/es\/vecindario\/como-llegar\/","title":{"rendered":"C\u00f3mo llegar"},"content":{"rendered":"<p>Elija la que mejor se adapte a usted y no dude en ponerse en contacto con nosotros para cualquier informaci\u00f3n adicional. Venecia es una ciudad estrictamente peatonal y <strong>no se permiten coches<\/strong>.<br \/>\nPodr\u00e1 aparcar su veh\u00edculo en los siguientes lugares:<br \/>\n&#8211; Aparcamientos de Piazzale Roma. Desde aqu\u00ed siga las indicaciones que se indican a continuaci\u00f3n.<br \/>\n&#8211; Parking Tronchetto, conectado con Piazzale Roma mediante un tren monorra\u00edl (1.50 \u20ac, 2 minutos).<\/p>\n","protected":false},"excerpt":{"rendered":"<p>Elija la que mejor se adapte a usted y no dude en ponerse en contacto con nosotros para cualquier informaci\u00f3n adicional. Venecia es una ciudad estrictamente peatonal y no se permiten coches. Podr\u00e1 aparcar su veh\u00edculo en los siguientes lugares: &#8211; Aparcamientos de Piazzale Roma. Desde aqu\u00ed siga las indicaciones que se indican a continuaci\u00f3n. [&hellip;]<\/p>\n","protected":false},"author":3,"featured_media":0,"parent":338,"menu_order":1,"comment_status":"closed","ping_status":"closed","template":"","meta":{"footnotes":""},"class_list":["post-339","page","type-page","status-publish","hentry"],"yoast_head":"<!-- This site is optimized with the Yoast SEO plugin v26.9 - https:\/\/yoast.com\/product\/yoast-seo-wordpress\/ -->\n<title>C\u00f3mo llegar al Hotel Indigo | Taxi acu\u00e1tico, tren, aeropuerto<\/title>\n<meta name=\"description\" content=\"En avi\u00f3n, tren, taxi, en vaporetto o en barco. \u00a1Al Hotel Indigo Venecia Sant&#039;Elena se puede llegar desde cualquier parte de Venecia!\" \/>\n<meta name=\"robots\" content=\"index, follow, max-snippet:-1, max-image-preview:large, max-video-preview:-1\" \/>\n<link rel=\"canonical\" href=\"https:\/\/www.indigovenice.com\/es\/vecindario\/como-llegar\/\" \/>\n<meta property=\"og:locale\" content=\"es_ES\" \/>\n<meta property=\"og:type\" content=\"article\" \/>\n<meta property=\"og:title\" content=\"C\u00f3mo llegar al Hotel Indigo | Taxi acu\u00e1tico, tren, aeropuerto\" \/>\n<meta property=\"og:description\" content=\"En avi\u00f3n, tren, taxi, en vaporetto o en barco. \u00a1Al Hotel Indigo Venecia Sant&#039;Elena se puede llegar desde cualquier parte de Venecia!\" \/>\n<meta property=\"og:url\" content=\"https:\/\/www.indigovenice.com\/es\/vecindario\/como-llegar\/\" \/>\n<meta property=\"og:site_name\" content=\"Hotel Indigo Venice - Sant&#039;Elena\" \/>\n<meta property=\"article:modified_time\" content=\"2024-01-24T14:53:59+00:00\" \/>\n<meta name=\"twitter:card\" content=\"summary_large_image\" \/>\n<script type=\"application\/ld+json\" class=\"yoast-schema-graph\">{\"@context\":\"https:\/\/schema.org\",\"@graph\":[{\"@type\":\"WebPage\",\"@id\":\"https:\/\/www.indigovenice.com\/es\/vecindario\/como-llegar\/\",\"url\":\"https:\/\/www.indigovenice.com\/es\/vecindario\/como-llegar\/\",\"name\":\"C\u00f3mo llegar al Hotel Indigo | Taxi acu\u00e1tico, tren, aeropuerto\",\"isPartOf\":{\"@id\":\"https:\/\/www.indigovenice.com\/es\/#website\"},\"datePublished\":\"2019-06-03T10:25:22+00:00\",\"dateModified\":\"2024-01-24T14:53:59+00:00\",\"description\":\"En avi\u00f3n, tren, taxi, en vaporetto o en barco. \u00a1Al Hotel Indigo Venecia Sant'Elena se puede llegar desde cualquier parte de Venecia!\",\"breadcrumb\":{\"@id\":\"https:\/\/www.indigovenice.com\/es\/vecindario\/como-llegar\/#breadcrumb\"},\"inLanguage\":\"es\",\"potentialAction\":[{\"@type\":\"ReadAction\",\"target\":[\"https:\/\/www.indigovenice.com\/es\/vecindario\/como-llegar\/\"]}]},{\"@type\":\"BreadcrumbList\",\"@id\":\"https:\/\/www.indigovenice.com\/es\/vecindario\/como-llegar\/#breadcrumb\",\"itemListElement\":[{\"@type\":\"ListItem\",\"position\":1,\"name\":\"Home\",\"item\":\"https:\/\/www.indigovenice.com\/es\/\"},{\"@type\":\"ListItem\",\"position\":2,\"name\":\"Vecindario\",\"item\":\"https:\/\/www.indigovenice.com\/es\/vecindario\/\"},{\"@type\":\"ListItem\",\"position\":3,\"name\":\"C\u00f3mo llegar\"}]},{\"@type\":\"WebSite\",\"@id\":\"https:\/\/www.indigovenice.com\/es\/#website\",\"url\":\"https:\/\/www.indigovenice.com\/es\/\",\"name\":\"Hotel Indigo Venice - Sant'Elena\",\"description\":\"Just another ms.decms.eu site\",\"potentialAction\":[{\"@type\":\"SearchAction\",\"target\":{\"@type\":\"EntryPoint\",\"urlTemplate\":\"https:\/\/www.indigovenice.com\/es\/?s={search_term_string}\"},\"query-input\":{\"@type\":\"PropertyValueSpecification\",\"valueRequired\":true,\"valueName\":\"search_term_string\"}}],\"inLanguage\":\"es\"}]}<\/script>\n<!-- \/ Yoast SEO plugin. -->","yoast_head_json":{"title":"C\u00f3mo llegar al Hotel Indigo | Taxi acu\u00e1tico, tren, aeropuerto","description":"En avi\u00f3n, tren, taxi, en vaporetto o en barco. \u00a1Al Hotel Indigo Venecia Sant'Elena se puede llegar desde cualquier parte de Venecia!","robots":{"index":"index","follow":"follow","max-snippet":"max-snippet:-1","max-image-preview":"max-image-preview:large","max-video-preview":"max-video-preview:-1"},"canonical":"https:\/\/www.indigovenice.com\/es\/vecindario\/como-llegar\/","og_locale":"es_ES","og_type":"article","og_title":"C\u00f3mo llegar al Hotel Indigo | Taxi acu\u00e1tico, tren, aeropuerto","og_description":"En avi\u00f3n, tren, taxi, en vaporetto o en barco. \u00a1Al Hotel Indigo Venecia Sant'Elena se puede llegar desde cualquier parte de Venecia!","og_url":"https:\/\/www.indigovenice.com\/es\/vecindario\/como-llegar\/","og_site_name":"Hotel Indigo Venice - Sant'Elena","article_modified_time":"2024-01-24T14:53:59+00:00","twitter_card":"summary_large_image","schema":{"@context":"https:\/\/schema.org","@graph":[{"@type":"WebPage","@id":"https:\/\/www.indigovenice.com\/es\/vecindario\/como-llegar\/","url":"https:\/\/www.indigovenice.com\/es\/vecindario\/como-llegar\/","name":"C\u00f3mo llegar al Hotel Indigo | Taxi acu\u00e1tico, tren, aeropuerto","isPartOf":{"@id":"https:\/\/www.indigovenice.com\/es\/#website"},"datePublished":"2019-06-03T10:25:22+00:00","dateModified":"2024-01-24T14:53:59+00:00","description":"En avi\u00f3n, tren, taxi, en vaporetto o en barco. \u00a1Al Hotel Indigo Venecia Sant'Elena se puede llegar desde cualquier parte de Venecia!","breadcrumb":{"@id":"https:\/\/www.indigovenice.com\/es\/vecindario\/como-llegar\/#breadcrumb"},"inLanguage":"es","potentialAction":[{"@type":"ReadAction","target":["https:\/\/www.indigovenice.com\/es\/vecindario\/como-llegar\/"]}]},{"@type":"BreadcrumbList","@id":"https:\/\/www.indigovenice.com\/es\/vecindario\/como-llegar\/#breadcrumb","itemListElement":[{"@type":"ListItem","position":1,"name":"Home","item":"https:\/\/www.indigovenice.com\/es\/"},{"@type":"ListItem","position":2,"name":"Vecindario","item":"https:\/\/www.indigovenice.com\/es\/vecindario\/"},{"@type":"ListItem","position":3,"name":"C\u00f3mo llegar"}]},{"@type":"WebSite","@id":"https:\/\/www.indigovenice.com\/es\/#website","url":"https:\/\/www.indigovenice.com\/es\/","name":"Hotel Indigo Venice - Sant'Elena","description":"Just another ms.decms.eu site","potentialAction":[{"@type":"SearchAction","target":{"@type":"EntryPoint","urlTemplate":"https:\/\/www.indigovenice.com\/es\/?s={search_term_string}"},"query-input":{"@type":"PropertyValueSpecification","valueRequired":true,"valueName":"search_term_string"}}],"inLanguage":"es"}]}},"acf":[],"_links":{"self":[{"href":"https:\/\/www.indigovenice.com\/es\/wp-json\/wp\/v2\/pages\/339","targetHints":{"allow":["GET"]}}],"collection":[{"href":"https:\/\/www.indigovenice.com\/es\/wp-json\/wp\/v2\/pages"}],"about":[{"href":"https:\/\/www.indigovenice.com\/es\/wp-json\/wp\/v2\/types\/page"}],"author":[{"embeddable":true,"href":"https:\/\/www.indigovenice.com\/es\/wp-json\/wp\/v2\/users\/3"}],"replies":[{"embeddable":true,"href":"https:\/\/www.indigovenice.com\/es\/wp-json\/wp\/v2\/comments?post=339"}],"version-history":[{"count":0,"href":"https:\/\/www.indigovenice.com\/es\/wp-json\/wp\/v2\/pages\/339\/revisions"}],"up":[{"embeddable":true,"href":"https:\/\/www.indigovenice.com\/es\/wp-json\/wp\/v2\/pages\/338"}],"wp:attachment":[{"href":"https:\/\/www.indigovenice.com\/es\/wp-json\/wp\/v2\/media?parent=339"}],"curies":[{"name":"wp","href":"https:\/\/api.w.org\/{rel}","templated":true}]}}