{"id":340,"date":"2019-06-03T10:37:48","date_gmt":"2019-06-03T10:37:48","guid":{"rendered":"http:\/\/st-elena.ms.decms.eu\/?page_id=340"},"modified":"2025-11-07T12:10:02","modified_gmt":"2025-11-07T12:10:02","slug":"habitaciones-premium","status":"publish","type":"page","link":"https:\/\/www.indigovenice.com\/es\/habitaciones-y-suites\/habitaciones-premium\/","title":{"rendered":"Habitaciones Premium"},"content":{"rendered":"<h1>Habitaciones luminosas, amplias y acogedoras<\/h1>\n<p>Con su estilo contempor\u00e1neo que se integra a la perfecci\u00f3n con la arquitectura original del edificio, las <strong>habitaciones Premium<\/strong> son el lugar ideal para relajarse y desconectar.<\/p>\n<p>Amuebladas con acogedoras camas y piezas de dise\u00f1o, todas las habitaciones Premium disponen de aire acondicionado y un acogedor sal\u00f3n, un espacioso escritorio, TV con Chromecast, hervidor para preparar t\u00e9 y caf\u00e9, botellas de agua de cortes\u00eda, almohadas adicionales, caja fuerte, minibar y ba\u00f1o con ba\u00f1era o ducha.<\/p>\n<p data-start=\"530\" data-end=\"665\">Habitaciones con <strong data-start=\"566\" data-end=\"589\">dos camas separadas<\/strong> o una <strong data-start=\"596\" data-end=\"627\">lujosa cama queen\/king-size<\/strong>, con capacidad para <strong data-start=\"648\" data-end=\"662\">3 personas<\/strong>.<\/p>\n","protected":false},"excerpt":{"rendered":"<p>Habitaciones luminosas, amplias y acogedoras Con su estilo contempor\u00e1neo que se integra a la perfecci\u00f3n con la arquitectura original del edificio, las habitaciones Premium son el lugar ideal para relajarse y desconectar. Amuebladas con acogedoras camas y piezas de dise\u00f1o, todas las habitaciones Premium disponen de aire acondicionado y un acogedor sal\u00f3n, un espacioso escritorio, [&hellip;]<\/p>\n","protected":false},"author":7,"featured_media":0,"parent":305,"menu_order":3,"comment_status":"closed","ping_status":"closed","template":"template-single-room.php","meta":{"footnotes":""},"class_list":["post-340","page","type-page","status-publish","hentry"],"yoast_head":"<!-- This site is optimized with the Yoast SEO plugin v26.9 - https:\/\/yoast.com\/product\/yoast-seo-wordpress\/ -->\n<title>Habitaciones Premium - Hotel Indigo Venice - Sant&#039;Elena<\/title>\n<meta name=\"description\" content=\"Las habitaciones Premium del Hotel Indigo Venice Sant&#039;Elena tienen capacidad para 3 personas. Habitaciones amplias y elegantes cerca de los Giardini della Biennale.\" \/>\n<meta name=\"robots\" content=\"index, follow, max-snippet:-1, max-image-preview:large, max-video-preview:-1\" \/>\n<link rel=\"canonical\" href=\"https:\/\/www.indigovenice.com\/es\/habitaciones-y-suites\/habitaciones-premium\/\" \/>\n<meta property=\"og:locale\" content=\"es_ES\" \/>\n<meta property=\"og:type\" content=\"article\" \/>\n<meta property=\"og:title\" content=\"Habitaciones Premium - Hotel Indigo Venice - Sant&#039;Elena\" \/>\n<meta property=\"og:description\" content=\"Las habitaciones Premium del Hotel Indigo Venice Sant&#039;Elena tienen capacidad para 3 personas. Habitaciones amplias y elegantes cerca de los Giardini della Biennale.\" \/>\n<meta property=\"og:url\" content=\"https:\/\/www.indigovenice.com\/es\/habitaciones-y-suites\/habitaciones-premium\/\" \/>\n<meta property=\"og:site_name\" content=\"Hotel Indigo Venice - Sant&#039;Elena\" \/>\n<meta property=\"article:modified_time\" content=\"2025-11-07T12:10:02+00:00\" \/>\n<meta name=\"twitter:card\" content=\"summary_large_image\" \/>\n<meta name=\"twitter:label1\" content=\"Tiempo de lectura\" \/>\n\t<meta name=\"twitter:data1\" content=\"1 minuto\" \/>\n<script type=\"application\/ld+json\" class=\"yoast-schema-graph\">{\"@context\":\"https:\/\/schema.org\",\"@graph\":[{\"@type\":\"WebPage\",\"@id\":\"https:\/\/www.indigovenice.com\/es\/habitaciones-y-suites\/habitaciones-premium\/\",\"url\":\"https:\/\/www.indigovenice.com\/es\/habitaciones-y-suites\/habitaciones-premium\/\",\"name\":\"Habitaciones Premium - Hotel Indigo Venice - Sant'Elena\",\"isPartOf\":{\"@id\":\"https:\/\/www.indigovenice.com\/es\/#website\"},\"datePublished\":\"2019-06-03T10:37:48+00:00\",\"dateModified\":\"2025-11-07T12:10:02+00:00\",\"description\":\"Las habitaciones Premium del Hotel Indigo Venice Sant'Elena tienen capacidad para 3 personas. Habitaciones amplias y elegantes cerca de los Giardini della Biennale.\",\"breadcrumb\":{\"@id\":\"https:\/\/www.indigovenice.com\/es\/habitaciones-y-suites\/habitaciones-premium\/#breadcrumb\"},\"inLanguage\":\"es\",\"potentialAction\":[{\"@type\":\"ReadAction\",\"target\":[\"https:\/\/www.indigovenice.com\/es\/habitaciones-y-suites\/habitaciones-premium\/\"]}]},{\"@type\":\"BreadcrumbList\",\"@id\":\"https:\/\/www.indigovenice.com\/es\/habitaciones-y-suites\/habitaciones-premium\/#breadcrumb\",\"itemListElement\":[{\"@type\":\"ListItem\",\"position\":1,\"name\":\"Home\",\"item\":\"https:\/\/www.indigovenice.com\/es\/\"},{\"@type\":\"ListItem\",\"position\":2,\"name\":\"Habitaciones y suites\",\"item\":\"https:\/\/www.indigovenice.com\/es\/habitaciones-y-suites\/\"},{\"@type\":\"ListItem\",\"position\":3,\"name\":\"Habitaciones Premium\"}]},{\"@type\":\"WebSite\",\"@id\":\"https:\/\/www.indigovenice.com\/es\/#website\",\"url\":\"https:\/\/www.indigovenice.com\/es\/\",\"name\":\"Hotel Indigo Venice - Sant'Elena\",\"description\":\"Just another ms.decms.eu site\",\"potentialAction\":[{\"@type\":\"SearchAction\",\"target\":{\"@type\":\"EntryPoint\",\"urlTemplate\":\"https:\/\/www.indigovenice.com\/es\/?s={search_term_string}\"},\"query-input\":{\"@type\":\"PropertyValueSpecification\",\"valueRequired\":true,\"valueName\":\"search_term_string\"}}],\"inLanguage\":\"es\"}]}<\/script>\n<!-- \/ Yoast SEO plugin. -->","yoast_head_json":{"title":"Habitaciones Premium - Hotel Indigo Venice - Sant'Elena","description":"Las habitaciones Premium del Hotel Indigo Venice Sant'Elena tienen capacidad para 3 personas. Habitaciones amplias y elegantes cerca de los Giardini della Biennale.","robots":{"index":"index","follow":"follow","max-snippet":"max-snippet:-1","max-image-preview":"max-image-preview:large","max-video-preview":"max-video-preview:-1"},"canonical":"https:\/\/www.indigovenice.com\/es\/habitaciones-y-suites\/habitaciones-premium\/","og_locale":"es_ES","og_type":"article","og_title":"Habitaciones Premium - Hotel Indigo Venice - Sant'Elena","og_description":"Las habitaciones Premium del Hotel Indigo Venice Sant'Elena tienen capacidad para 3 personas. Habitaciones amplias y elegantes cerca de los Giardini della Biennale.","og_url":"https:\/\/www.indigovenice.com\/es\/habitaciones-y-suites\/habitaciones-premium\/","og_site_name":"Hotel Indigo Venice - Sant'Elena","article_modified_time":"2025-11-07T12:10:02+00:00","twitter_card":"summary_large_image","twitter_misc":{"Tiempo de lectura":"1 minuto"},"schema":{"@context":"https:\/\/schema.org","@graph":[{"@type":"WebPage","@id":"https:\/\/www.indigovenice.com\/es\/habitaciones-y-suites\/habitaciones-premium\/","url":"https:\/\/www.indigovenice.com\/es\/habitaciones-y-suites\/habitaciones-premium\/","name":"Habitaciones Premium - Hotel Indigo Venice - Sant'Elena","isPartOf":{"@id":"https:\/\/www.indigovenice.com\/es\/#website"},"datePublished":"2019-06-03T10:37:48+00:00","dateModified":"2025-11-07T12:10:02+00:00","description":"Las habitaciones Premium del Hotel Indigo Venice Sant'Elena tienen capacidad para 3 personas. Habitaciones amplias y elegantes cerca de los Giardini della Biennale.","breadcrumb":{"@id":"https:\/\/www.indigovenice.com\/es\/habitaciones-y-suites\/habitaciones-premium\/#breadcrumb"},"inLanguage":"es","potentialAction":[{"@type":"ReadAction","target":["https:\/\/www.indigovenice.com\/es\/habitaciones-y-suites\/habitaciones-premium\/"]}]},{"@type":"BreadcrumbList","@id":"https:\/\/www.indigovenice.com\/es\/habitaciones-y-suites\/habitaciones-premium\/#breadcrumb","itemListElement":[{"@type":"ListItem","position":1,"name":"Home","item":"https:\/\/www.indigovenice.com\/es\/"},{"@type":"ListItem","position":2,"name":"Habitaciones y suites","item":"https:\/\/www.indigovenice.com\/es\/habitaciones-y-suites\/"},{"@type":"ListItem","position":3,"name":"Habitaciones Premium"}]},{"@type":"WebSite","@id":"https:\/\/www.indigovenice.com\/es\/#website","url":"https:\/\/www.indigovenice.com\/es\/","name":"Hotel Indigo Venice - Sant'Elena","description":"Just another ms.decms.eu site","potentialAction":[{"@type":"SearchAction","target":{"@type":"EntryPoint","urlTemplate":"https:\/\/www.indigovenice.com\/es\/?s={search_term_string}"},"query-input":{"@type":"PropertyValueSpecification","valueRequired":true,"valueName":"search_term_string"}}],"inLanguage":"es"}]}},"acf":[],"_links":{"self":[{"href":"https:\/\/www.indigovenice.com\/es\/wp-json\/wp\/v2\/pages\/340","targetHints":{"allow":["GET"]}}],"collection":[{"href":"https:\/\/www.indigovenice.com\/es\/wp-json\/wp\/v2\/pages"}],"about":[{"href":"https:\/\/www.indigovenice.com\/es\/wp-json\/wp\/v2\/types\/page"}],"author":[{"embeddable":true,"href":"https:\/\/www.indigovenice.com\/es\/wp-json\/wp\/v2\/users\/7"}],"replies":[{"embeddable":true,"href":"https:\/\/www.indigovenice.com\/es\/wp-json\/wp\/v2\/comments?post=340"}],"version-history":[{"count":0,"href":"https:\/\/www.indigovenice.com\/es\/wp-json\/wp\/v2\/pages\/340\/revisions"}],"up":[{"embeddable":true,"href":"https:\/\/www.indigovenice.com\/es\/wp-json\/wp\/v2\/pages\/305"}],"wp:attachment":[{"href":"https:\/\/www.indigovenice.com\/es\/wp-json\/wp\/v2\/media?parent=340"}],"curies":[{"name":"wp","href":"https:\/\/api.w.org\/{rel}","templated":true}]}}