{"id":366,"date":"2019-06-03T13:16:40","date_gmt":"2019-06-03T13:16:40","guid":{"rendered":"http:\/\/st-elena.ms.decms.eu\/?page_id=366"},"modified":"2025-11-07T12:12:28","modified_gmt":"2025-11-07T12:12:28","slug":"suite-vistas-al-jardin","status":"publish","type":"page","link":"https:\/\/www.indigovenice.com\/es\/habitaciones-y-suites\/suite-vistas-al-jardin\/","title":{"rendered":"Suite con vistas al jard\u00edn"},"content":{"rendered":"<h1>La tranquilidad de Venecia desde su ventana<\/h1>\n<p>Espaciosas, modernas y ba\u00f1adas por la luz natural, nuestras <strong>suites con vistas al jard\u00edn<\/strong> son el <strong>lugar perfecto para pasar sus vacaciones en familia en Venecia<\/strong>.<\/p>\n<p>Ideales tambi\u00e9n para una estancia prolongada, las suites con vistas al jard\u00edn disponen de un <strong>espacioso sal\u00f3n con sof\u00e1 y mesa<\/strong> donde podr\u00e1 relajarse y disfrutar de una taza de t\u00e9 o caf\u00e9.<\/p>\n<p>Todas las suites con vistas al jard\u00edn disponen de aire acondicionado y un espacioso escritorio, TV con Chromecast, cafetera, hervidor para preparar t\u00e9 y caf\u00e9, botellas de agua de cortes\u00eda, almohadas adicionales, caja fuerte, minibar y ba\u00f1o con ba\u00f1era o ducha.<\/p>\n<p>Habitaciones con <strong data-start=\"492\" data-end=\"510\">cama king-size<\/strong> y <strong data-start=\"513\" data-end=\"526\">sof\u00e1 cama<\/strong>, con capacidad para <strong data-start=\"547\" data-end=\"561\">4 personas<\/strong>.<\/p>\n","protected":false},"excerpt":{"rendered":"<p>La tranquilidad de Venecia desde su ventana Espaciosas, modernas y ba\u00f1adas por la luz natural, nuestras suites con vistas al jard\u00edn son el lugar perfecto para pasar sus vacaciones en familia en Venecia. Ideales tambi\u00e9n para una estancia prolongada, las suites con vistas al jard\u00edn disponen de un espacioso sal\u00f3n con sof\u00e1 y mesa donde [&hellip;]<\/p>\n","protected":false},"author":7,"featured_media":0,"parent":305,"menu_order":4,"comment_status":"closed","ping_status":"closed","template":"template-single-room.php","meta":{"footnotes":""},"class_list":["post-366","page","type-page","status-publish","hentry"],"yoast_head":"<!-- This site is optimized with the Yoast SEO plugin v26.9 - https:\/\/yoast.com\/product\/yoast-seo-wordpress\/ -->\n<title>Habitaci\u00f3n Suite con vista al jard\u00edn 4 estrellas | Hotel Indigo Venecia<\/title>\n<meta name=\"description\" content=\"Las Suite con vista al jard\u00edn del Hotel Indigo Venecia Sant&#039;Elena ofrecen impresionantes vistas del jard\u00edn interior.\" \/>\n<meta name=\"robots\" content=\"index, follow, max-snippet:-1, max-image-preview:large, max-video-preview:-1\" \/>\n<link rel=\"canonical\" href=\"https:\/\/www.indigovenice.com\/es\/habitaciones-y-suites\/suite-vistas-al-jardin\/\" \/>\n<meta property=\"og:locale\" content=\"es_ES\" \/>\n<meta property=\"og:type\" content=\"article\" \/>\n<meta property=\"og:title\" content=\"Habitaci\u00f3n Suite con vista al jard\u00edn 4 estrellas | Hotel Indigo Venecia\" \/>\n<meta property=\"og:description\" content=\"Las Suite con vista al jard\u00edn del Hotel Indigo Venecia Sant&#039;Elena ofrecen impresionantes vistas del jard\u00edn interior.\" \/>\n<meta property=\"og:url\" content=\"https:\/\/www.indigovenice.com\/es\/habitaciones-y-suites\/suite-vistas-al-jardin\/\" \/>\n<meta property=\"og:site_name\" content=\"Hotel Indigo Venice - Sant&#039;Elena\" \/>\n<meta property=\"article:modified_time\" content=\"2025-11-07T12:12:28+00:00\" \/>\n<meta name=\"twitter:card\" content=\"summary_large_image\" \/>\n<meta name=\"twitter:label1\" content=\"Tiempo de lectura\" \/>\n\t<meta name=\"twitter:data1\" content=\"1 minuto\" \/>\n<script type=\"application\/ld+json\" class=\"yoast-schema-graph\">{\"@context\":\"https:\/\/schema.org\",\"@graph\":[{\"@type\":\"WebPage\",\"@id\":\"https:\/\/www.indigovenice.com\/es\/habitaciones-y-suites\/suite-vistas-al-jardin\/\",\"url\":\"https:\/\/www.indigovenice.com\/es\/habitaciones-y-suites\/suite-vistas-al-jardin\/\",\"name\":\"Habitaci\u00f3n Suite con vista al jard\u00edn 4 estrellas | Hotel Indigo Venecia\",\"isPartOf\":{\"@id\":\"https:\/\/www.indigovenice.com\/es\/#website\"},\"datePublished\":\"2019-06-03T13:16:40+00:00\",\"dateModified\":\"2025-11-07T12:12:28+00:00\",\"description\":\"Las Suite con vista al jard\u00edn del Hotel Indigo Venecia Sant'Elena ofrecen impresionantes vistas del jard\u00edn interior.\",\"breadcrumb\":{\"@id\":\"https:\/\/www.indigovenice.com\/es\/habitaciones-y-suites\/suite-vistas-al-jardin\/#breadcrumb\"},\"inLanguage\":\"es\",\"potentialAction\":[{\"@type\":\"ReadAction\",\"target\":[\"https:\/\/www.indigovenice.com\/es\/habitaciones-y-suites\/suite-vistas-al-jardin\/\"]}]},{\"@type\":\"BreadcrumbList\",\"@id\":\"https:\/\/www.indigovenice.com\/es\/habitaciones-y-suites\/suite-vistas-al-jardin\/#breadcrumb\",\"itemListElement\":[{\"@type\":\"ListItem\",\"position\":1,\"name\":\"Home\",\"item\":\"https:\/\/www.indigovenice.com\/es\/\"},{\"@type\":\"ListItem\",\"position\":2,\"name\":\"Habitaciones y suites\",\"item\":\"https:\/\/www.indigovenice.com\/es\/habitaciones-y-suites\/\"},{\"@type\":\"ListItem\",\"position\":3,\"name\":\"Suite con vistas al jard\u00edn\"}]},{\"@type\":\"WebSite\",\"@id\":\"https:\/\/www.indigovenice.com\/es\/#website\",\"url\":\"https:\/\/www.indigovenice.com\/es\/\",\"name\":\"Hotel Indigo Venice - Sant'Elena\",\"description\":\"Just another ms.decms.eu site\",\"potentialAction\":[{\"@type\":\"SearchAction\",\"target\":{\"@type\":\"EntryPoint\",\"urlTemplate\":\"https:\/\/www.indigovenice.com\/es\/?s={search_term_string}\"},\"query-input\":{\"@type\":\"PropertyValueSpecification\",\"valueRequired\":true,\"valueName\":\"search_term_string\"}}],\"inLanguage\":\"es\"}]}<\/script>\n<!-- \/ Yoast SEO plugin. -->","yoast_head_json":{"title":"Habitaci\u00f3n Suite con vista al jard\u00edn 4 estrellas | Hotel Indigo Venecia","description":"Las Suite con vista al jard\u00edn del Hotel Indigo Venecia Sant'Elena ofrecen impresionantes vistas del jard\u00edn interior.","robots":{"index":"index","follow":"follow","max-snippet":"max-snippet:-1","max-image-preview":"max-image-preview:large","max-video-preview":"max-video-preview:-1"},"canonical":"https:\/\/www.indigovenice.com\/es\/habitaciones-y-suites\/suite-vistas-al-jardin\/","og_locale":"es_ES","og_type":"article","og_title":"Habitaci\u00f3n Suite con vista al jard\u00edn 4 estrellas | Hotel Indigo Venecia","og_description":"Las Suite con vista al jard\u00edn del Hotel Indigo Venecia Sant'Elena ofrecen impresionantes vistas del jard\u00edn interior.","og_url":"https:\/\/www.indigovenice.com\/es\/habitaciones-y-suites\/suite-vistas-al-jardin\/","og_site_name":"Hotel Indigo Venice - Sant'Elena","article_modified_time":"2025-11-07T12:12:28+00:00","twitter_card":"summary_large_image","twitter_misc":{"Tiempo de lectura":"1 minuto"},"schema":{"@context":"https:\/\/schema.org","@graph":[{"@type":"WebPage","@id":"https:\/\/www.indigovenice.com\/es\/habitaciones-y-suites\/suite-vistas-al-jardin\/","url":"https:\/\/www.indigovenice.com\/es\/habitaciones-y-suites\/suite-vistas-al-jardin\/","name":"Habitaci\u00f3n Suite con vista al jard\u00edn 4 estrellas | Hotel Indigo Venecia","isPartOf":{"@id":"https:\/\/www.indigovenice.com\/es\/#website"},"datePublished":"2019-06-03T13:16:40+00:00","dateModified":"2025-11-07T12:12:28+00:00","description":"Las Suite con vista al jard\u00edn del Hotel Indigo Venecia Sant'Elena ofrecen impresionantes vistas del jard\u00edn interior.","breadcrumb":{"@id":"https:\/\/www.indigovenice.com\/es\/habitaciones-y-suites\/suite-vistas-al-jardin\/#breadcrumb"},"inLanguage":"es","potentialAction":[{"@type":"ReadAction","target":["https:\/\/www.indigovenice.com\/es\/habitaciones-y-suites\/suite-vistas-al-jardin\/"]}]},{"@type":"BreadcrumbList","@id":"https:\/\/www.indigovenice.com\/es\/habitaciones-y-suites\/suite-vistas-al-jardin\/#breadcrumb","itemListElement":[{"@type":"ListItem","position":1,"name":"Home","item":"https:\/\/www.indigovenice.com\/es\/"},{"@type":"ListItem","position":2,"name":"Habitaciones y suites","item":"https:\/\/www.indigovenice.com\/es\/habitaciones-y-suites\/"},{"@type":"ListItem","position":3,"name":"Suite con vistas al jard\u00edn"}]},{"@type":"WebSite","@id":"https:\/\/www.indigovenice.com\/es\/#website","url":"https:\/\/www.indigovenice.com\/es\/","name":"Hotel Indigo Venice - Sant'Elena","description":"Just another ms.decms.eu site","potentialAction":[{"@type":"SearchAction","target":{"@type":"EntryPoint","urlTemplate":"https:\/\/www.indigovenice.com\/es\/?s={search_term_string}"},"query-input":{"@type":"PropertyValueSpecification","valueRequired":true,"valueName":"search_term_string"}}],"inLanguage":"es"}]}},"acf":[],"_links":{"self":[{"href":"https:\/\/www.indigovenice.com\/es\/wp-json\/wp\/v2\/pages\/366","targetHints":{"allow":["GET"]}}],"collection":[{"href":"https:\/\/www.indigovenice.com\/es\/wp-json\/wp\/v2\/pages"}],"about":[{"href":"https:\/\/www.indigovenice.com\/es\/wp-json\/wp\/v2\/types\/page"}],"author":[{"embeddable":true,"href":"https:\/\/www.indigovenice.com\/es\/wp-json\/wp\/v2\/users\/7"}],"replies":[{"embeddable":true,"href":"https:\/\/www.indigovenice.com\/es\/wp-json\/wp\/v2\/comments?post=366"}],"version-history":[{"count":0,"href":"https:\/\/www.indigovenice.com\/es\/wp-json\/wp\/v2\/pages\/366\/revisions"}],"up":[{"embeddable":true,"href":"https:\/\/www.indigovenice.com\/es\/wp-json\/wp\/v2\/pages\/305"}],"wp:attachment":[{"href":"https:\/\/www.indigovenice.com\/es\/wp-json\/wp\/v2\/media?parent=366"}],"curies":[{"name":"wp","href":"https:\/\/api.w.org\/{rel}","templated":true}]}}