{"id":376,"date":"2019-06-03T13:29:03","date_gmt":"2019-06-03T13:29:03","guid":{"rendered":"http:\/\/st-elena.ms.decms.eu\/?page_id=376"},"modified":"2024-06-07T08:55:20","modified_gmt":"2024-06-07T08:55:20","slug":"jardines-de-la-bienal","status":"publish","type":"page","link":"https:\/\/www.indigovenice.com\/es\/vecindario\/jardines-de-la-bienal\/","title":{"rendered":"Jardines de la Bienal"},"content":{"rendered":"<p>Estos jardines albergan casi 30 pabellones nacionales y embajadas culturales permanentes que exponen el arte y la arquitectura de sus pa\u00edses. El Pabell\u00f3n brit\u00e1nico es un edificio neocl\u00e1sico del siglo XIX, el pabell\u00f3n de los Estados Unidos es una gran estructura palaciega de m\u00e1rmol, mientras que Australia cuenta con un edificio con forma de caja negra caracterizado por un estilo de lo m\u00e1s moderno.<\/p>\n","protected":false},"excerpt":{"rendered":"<p>Estos jardines albergan casi 30 pabellones nacionales y embajadas culturales permanentes que exponen el arte y la arquitectura de sus pa\u00edses. El Pabell\u00f3n brit\u00e1nico es un edificio neocl\u00e1sico del siglo XIX, el pabell\u00f3n de los Estados Unidos es una gran estructura palaciega de m\u00e1rmol, mientras que Australia cuenta con un edificio con forma de caja [&hellip;]<\/p>\n","protected":false},"author":3,"featured_media":0,"parent":338,"menu_order":3,"comment_status":"closed","ping_status":"closed","template":"","meta":{"footnotes":""},"class_list":["post-376","page","type-page","status-publish","hentry"],"yoast_head":"<!-- This site is optimized with the Yoast SEO plugin v26.9 - https:\/\/yoast.com\/product\/yoast-seo-wordpress\/ -->\n<title>Hotel de 4 estrellas cerca de la Bienal | Hotel Indigo Venecia<\/title>\n<meta name=\"description\" content=\"El Hotel Indigo Venecia Sant&#039;Elena est\u00e1 cerca de los jardines de la Bienal: creado por Napole\u00f3n en el siglo XIX, hoy es el lugar de la famosa exposici\u00f3n de arte\" \/>\n<meta name=\"robots\" content=\"index, follow, max-snippet:-1, max-image-preview:large, max-video-preview:-1\" \/>\n<link rel=\"canonical\" href=\"https:\/\/www.indigovenice.com\/es\/vecindario\/jardines-de-la-bienal\/\" \/>\n<meta property=\"og:locale\" content=\"es_ES\" \/>\n<meta property=\"og:type\" content=\"article\" \/>\n<meta property=\"og:title\" content=\"Hotel de 4 estrellas cerca de la Bienal | Hotel Indigo Venecia\" \/>\n<meta property=\"og:description\" content=\"El Hotel Indigo Venecia Sant&#039;Elena est\u00e1 cerca de los jardines de la Bienal: creado por Napole\u00f3n en el siglo XIX, hoy es el lugar de la famosa exposici\u00f3n de arte\" \/>\n<meta property=\"og:url\" content=\"https:\/\/www.indigovenice.com\/es\/vecindario\/jardines-de-la-bienal\/\" \/>\n<meta property=\"og:site_name\" content=\"Hotel Indigo Venice - Sant&#039;Elena\" \/>\n<meta property=\"article:modified_time\" content=\"2024-06-07T08:55:20+00:00\" \/>\n<meta name=\"twitter:card\" content=\"summary_large_image\" \/>\n<meta name=\"twitter:label1\" content=\"Tiempo de lectura\" \/>\n\t<meta name=\"twitter:data1\" content=\"1 minuto\" \/>\n<script type=\"application\/ld+json\" class=\"yoast-schema-graph\">{\"@context\":\"https:\/\/schema.org\",\"@graph\":[{\"@type\":\"WebPage\",\"@id\":\"https:\/\/www.indigovenice.com\/es\/vecindario\/jardines-de-la-bienal\/\",\"url\":\"https:\/\/www.indigovenice.com\/es\/vecindario\/jardines-de-la-bienal\/\",\"name\":\"Hotel de 4 estrellas cerca de la Bienal | Hotel Indigo Venecia\",\"isPartOf\":{\"@id\":\"https:\/\/www.indigovenice.com\/es\/#website\"},\"datePublished\":\"2019-06-03T13:29:03+00:00\",\"dateModified\":\"2024-06-07T08:55:20+00:00\",\"description\":\"El Hotel Indigo Venecia Sant'Elena est\u00e1 cerca de los jardines de la Bienal: creado por Napole\u00f3n en el siglo XIX, hoy es el lugar de la famosa exposici\u00f3n de arte\",\"breadcrumb\":{\"@id\":\"https:\/\/www.indigovenice.com\/es\/vecindario\/jardines-de-la-bienal\/#breadcrumb\"},\"inLanguage\":\"es\",\"potentialAction\":[{\"@type\":\"ReadAction\",\"target\":[\"https:\/\/www.indigovenice.com\/es\/vecindario\/jardines-de-la-bienal\/\"]}]},{\"@type\":\"BreadcrumbList\",\"@id\":\"https:\/\/www.indigovenice.com\/es\/vecindario\/jardines-de-la-bienal\/#breadcrumb\",\"itemListElement\":[{\"@type\":\"ListItem\",\"position\":1,\"name\":\"Home\",\"item\":\"https:\/\/www.indigovenice.com\/es\/\"},{\"@type\":\"ListItem\",\"position\":2,\"name\":\"Vecindario\",\"item\":\"https:\/\/www.indigovenice.com\/es\/vecindario\/\"},{\"@type\":\"ListItem\",\"position\":3,\"name\":\"Jardines de la Bienal\"}]},{\"@type\":\"WebSite\",\"@id\":\"https:\/\/www.indigovenice.com\/es\/#website\",\"url\":\"https:\/\/www.indigovenice.com\/es\/\",\"name\":\"Hotel Indigo Venice - Sant'Elena\",\"description\":\"Just another ms.decms.eu site\",\"potentialAction\":[{\"@type\":\"SearchAction\",\"target\":{\"@type\":\"EntryPoint\",\"urlTemplate\":\"https:\/\/www.indigovenice.com\/es\/?s={search_term_string}\"},\"query-input\":{\"@type\":\"PropertyValueSpecification\",\"valueRequired\":true,\"valueName\":\"search_term_string\"}}],\"inLanguage\":\"es\"}]}<\/script>\n<!-- \/ Yoast SEO plugin. -->","yoast_head_json":{"title":"Hotel de 4 estrellas cerca de la Bienal | Hotel Indigo Venecia","description":"El Hotel Indigo Venecia Sant'Elena est\u00e1 cerca de los jardines de la Bienal: creado por Napole\u00f3n en el siglo XIX, hoy es el lugar de la famosa exposici\u00f3n de arte","robots":{"index":"index","follow":"follow","max-snippet":"max-snippet:-1","max-image-preview":"max-image-preview:large","max-video-preview":"max-video-preview:-1"},"canonical":"https:\/\/www.indigovenice.com\/es\/vecindario\/jardines-de-la-bienal\/","og_locale":"es_ES","og_type":"article","og_title":"Hotel de 4 estrellas cerca de la Bienal | Hotel Indigo Venecia","og_description":"El Hotel Indigo Venecia Sant'Elena est\u00e1 cerca de los jardines de la Bienal: creado por Napole\u00f3n en el siglo XIX, hoy es el lugar de la famosa exposici\u00f3n de arte","og_url":"https:\/\/www.indigovenice.com\/es\/vecindario\/jardines-de-la-bienal\/","og_site_name":"Hotel Indigo Venice - Sant'Elena","article_modified_time":"2024-06-07T08:55:20+00:00","twitter_card":"summary_large_image","twitter_misc":{"Tiempo de lectura":"1 minuto"},"schema":{"@context":"https:\/\/schema.org","@graph":[{"@type":"WebPage","@id":"https:\/\/www.indigovenice.com\/es\/vecindario\/jardines-de-la-bienal\/","url":"https:\/\/www.indigovenice.com\/es\/vecindario\/jardines-de-la-bienal\/","name":"Hotel de 4 estrellas cerca de la Bienal | Hotel Indigo Venecia","isPartOf":{"@id":"https:\/\/www.indigovenice.com\/es\/#website"},"datePublished":"2019-06-03T13:29:03+00:00","dateModified":"2024-06-07T08:55:20+00:00","description":"El Hotel Indigo Venecia Sant'Elena est\u00e1 cerca de los jardines de la Bienal: creado por Napole\u00f3n en el siglo XIX, hoy es el lugar de la famosa exposici\u00f3n de arte","breadcrumb":{"@id":"https:\/\/www.indigovenice.com\/es\/vecindario\/jardines-de-la-bienal\/#breadcrumb"},"inLanguage":"es","potentialAction":[{"@type":"ReadAction","target":["https:\/\/www.indigovenice.com\/es\/vecindario\/jardines-de-la-bienal\/"]}]},{"@type":"BreadcrumbList","@id":"https:\/\/www.indigovenice.com\/es\/vecindario\/jardines-de-la-bienal\/#breadcrumb","itemListElement":[{"@type":"ListItem","position":1,"name":"Home","item":"https:\/\/www.indigovenice.com\/es\/"},{"@type":"ListItem","position":2,"name":"Vecindario","item":"https:\/\/www.indigovenice.com\/es\/vecindario\/"},{"@type":"ListItem","position":3,"name":"Jardines de la Bienal"}]},{"@type":"WebSite","@id":"https:\/\/www.indigovenice.com\/es\/#website","url":"https:\/\/www.indigovenice.com\/es\/","name":"Hotel Indigo Venice - Sant'Elena","description":"Just another ms.decms.eu site","potentialAction":[{"@type":"SearchAction","target":{"@type":"EntryPoint","urlTemplate":"https:\/\/www.indigovenice.com\/es\/?s={search_term_string}"},"query-input":{"@type":"PropertyValueSpecification","valueRequired":true,"valueName":"search_term_string"}}],"inLanguage":"es"}]}},"acf":[],"_links":{"self":[{"href":"https:\/\/www.indigovenice.com\/es\/wp-json\/wp\/v2\/pages\/376","targetHints":{"allow":["GET"]}}],"collection":[{"href":"https:\/\/www.indigovenice.com\/es\/wp-json\/wp\/v2\/pages"}],"about":[{"href":"https:\/\/www.indigovenice.com\/es\/wp-json\/wp\/v2\/types\/page"}],"author":[{"embeddable":true,"href":"https:\/\/www.indigovenice.com\/es\/wp-json\/wp\/v2\/users\/3"}],"replies":[{"embeddable":true,"href":"https:\/\/www.indigovenice.com\/es\/wp-json\/wp\/v2\/comments?post=376"}],"version-history":[{"count":0,"href":"https:\/\/www.indigovenice.com\/es\/wp-json\/wp\/v2\/pages\/376\/revisions"}],"up":[{"embeddable":true,"href":"https:\/\/www.indigovenice.com\/es\/wp-json\/wp\/v2\/pages\/338"}],"wp:attachment":[{"href":"https:\/\/www.indigovenice.com\/es\/wp-json\/wp\/v2\/media?parent=376"}],"curies":[{"name":"wp","href":"https:\/\/api.w.org\/{rel}","templated":true}]}}