{"id":380,"date":"2019-06-03T14:09:09","date_gmt":"2019-06-03T14:09:09","guid":{"rendered":"http:\/\/st-elena.ms.decms.eu\/?page_id=380"},"modified":"2025-11-07T12:14:35","modified_gmt":"2025-11-07T12:14:35","slug":"suite-con-zona-de-estrar","status":"publish","type":"page","link":"https:\/\/www.indigovenice.com\/es\/habitaciones-y-suites\/suite-con-zona-de-estrar\/","title":{"rendered":"Suite con Zona de estar"},"content":{"rendered":"<h1>Habitaciones elegantes con un dise\u00f1o inconfundible<\/h1>\n<p>Armoniosamente decoradas en tonos fr\u00edos que recuerdan al mar, nuestras habitaciones con sal\u00f3n combinan el <strong>confort con un dise\u00f1o sofisticado<\/strong>.<\/p>\n<p>El dise\u00f1o de estas habitaciones est\u00e1 inspirado en las g\u00f3ndolas: los muebles evocan el negro brillante de las embarcaciones venecianas y en la madera encontramos el material con el que est\u00e1n hechos los remos que utilizan los gondoleros. El elemento m\u00e1s importante de la suite es el cabecero de terciopelo que recrea el caracter\u00edstico estilo de los sillones de las g\u00f3ndolas.<\/p>\n<p><strong>Un amplio y elegante sal\u00f3n<\/strong>, amueblado con un c\u00f3modo sill\u00f3n, crea el ambiente perfecto donde encontrar\u00e1 el descanso y la intimidad que necesita despu\u00e9s de un intenso d\u00eda al aire libre. Disfrute de un momento de relax estimulante en la espaciosa ducha y descanse en su c\u00f3moda <strong>cama doble king-size<\/strong>.<\/p>\n<p>Todas las suites con sal\u00f3n disponen de aire acondicionado y un sof\u00e1 cama, un espacioso escritorio, TV con Chromecast, cafetera, hervidor para preparar t\u00e9 y caf\u00e9, botellas de agua de cortes\u00eda, almohadas adicionales, caja fuerte, minibar y ba\u00f1o con ba\u00f1era o ducha.<\/p>\n<p>Habitaciones con <strong data-start=\"492\" data-end=\"510\">cama king-size<\/strong> y <strong data-start=\"513\" data-end=\"526\">sof\u00e1 cama<\/strong>, con capacidad para <strong data-start=\"547\" data-end=\"561\">3 personas<\/strong>.<\/p>\n","protected":false},"excerpt":{"rendered":"<p>Habitaciones elegantes con un dise\u00f1o inconfundible Armoniosamente decoradas en tonos fr\u00edos que recuerdan al mar, nuestras habitaciones con sal\u00f3n combinan el confort con un dise\u00f1o sofisticado. El dise\u00f1o de estas habitaciones est\u00e1 inspirado en las g\u00f3ndolas: los muebles evocan el negro brillante de las embarcaciones venecianas y en la madera encontramos el material con el [&hellip;]<\/p>\n","protected":false},"author":7,"featured_media":0,"parent":305,"menu_order":5,"comment_status":"closed","ping_status":"closed","template":"template-single-room.php","meta":{"footnotes":""},"class_list":["post-380","page","type-page","status-publish","hentry"],"yoast_head":"<!-- This site is optimized with the Yoast SEO plugin v26.9 - https:\/\/yoast.com\/product\/yoast-seo-wordpress\/ -->\n<title>Suite con Zona de estrar 4 estrellas | Hotel Indigo Venecia<\/title>\n<meta name=\"description\" content=\"Las Suite con zona de estrar del Hotel Indigo Venecia Sant&#039;Elena: un hotel boutique en Venecia con amplias habitaciones de estilo \u00fanico e inconfundible.\" \/>\n<meta name=\"robots\" content=\"index, follow, max-snippet:-1, max-image-preview:large, max-video-preview:-1\" \/>\n<link rel=\"canonical\" href=\"https:\/\/www.indigovenice.com\/es\/habitaciones-y-suites\/suite-con-zona-de-estrar\/\" \/>\n<meta property=\"og:locale\" content=\"es_ES\" \/>\n<meta property=\"og:type\" content=\"article\" \/>\n<meta property=\"og:title\" content=\"Suite con Zona de estrar 4 estrellas | Hotel Indigo Venecia\" \/>\n<meta property=\"og:description\" content=\"Las Suite con zona de estrar del Hotel Indigo Venecia Sant&#039;Elena: un hotel boutique en Venecia con amplias habitaciones de estilo \u00fanico e inconfundible.\" \/>\n<meta property=\"og:url\" content=\"https:\/\/www.indigovenice.com\/es\/habitaciones-y-suites\/suite-con-zona-de-estrar\/\" \/>\n<meta property=\"og:site_name\" content=\"Hotel Indigo Venice - Sant&#039;Elena\" \/>\n<meta property=\"article:modified_time\" content=\"2025-11-07T12:14:35+00:00\" \/>\n<meta name=\"twitter:card\" content=\"summary_large_image\" \/>\n<meta name=\"twitter:label1\" content=\"Tiempo de lectura\" \/>\n\t<meta name=\"twitter:data1\" content=\"1 minuto\" \/>\n<script type=\"application\/ld+json\" class=\"yoast-schema-graph\">{\"@context\":\"https:\/\/schema.org\",\"@graph\":[{\"@type\":\"WebPage\",\"@id\":\"https:\/\/www.indigovenice.com\/es\/habitaciones-y-suites\/suite-con-zona-de-estrar\/\",\"url\":\"https:\/\/www.indigovenice.com\/es\/habitaciones-y-suites\/suite-con-zona-de-estrar\/\",\"name\":\"Suite con Zona de estrar 4 estrellas | Hotel Indigo Venecia\",\"isPartOf\":{\"@id\":\"https:\/\/www.indigovenice.com\/es\/#website\"},\"datePublished\":\"2019-06-03T14:09:09+00:00\",\"dateModified\":\"2025-11-07T12:14:35+00:00\",\"description\":\"Las Suite con zona de estrar del Hotel Indigo Venecia Sant'Elena: un hotel boutique en Venecia con amplias habitaciones de estilo \u00fanico e inconfundible.\",\"breadcrumb\":{\"@id\":\"https:\/\/www.indigovenice.com\/es\/habitaciones-y-suites\/suite-con-zona-de-estrar\/#breadcrumb\"},\"inLanguage\":\"es\",\"potentialAction\":[{\"@type\":\"ReadAction\",\"target\":[\"https:\/\/www.indigovenice.com\/es\/habitaciones-y-suites\/suite-con-zona-de-estrar\/\"]}]},{\"@type\":\"BreadcrumbList\",\"@id\":\"https:\/\/www.indigovenice.com\/es\/habitaciones-y-suites\/suite-con-zona-de-estrar\/#breadcrumb\",\"itemListElement\":[{\"@type\":\"ListItem\",\"position\":1,\"name\":\"Home\",\"item\":\"https:\/\/www.indigovenice.com\/es\/\"},{\"@type\":\"ListItem\",\"position\":2,\"name\":\"Habitaciones y suites\",\"item\":\"https:\/\/www.indigovenice.com\/es\/habitaciones-y-suites\/\"},{\"@type\":\"ListItem\",\"position\":3,\"name\":\"Suite con Zona de estar\"}]},{\"@type\":\"WebSite\",\"@id\":\"https:\/\/www.indigovenice.com\/es\/#website\",\"url\":\"https:\/\/www.indigovenice.com\/es\/\",\"name\":\"Hotel Indigo Venice - Sant'Elena\",\"description\":\"Just another ms.decms.eu site\",\"potentialAction\":[{\"@type\":\"SearchAction\",\"target\":{\"@type\":\"EntryPoint\",\"urlTemplate\":\"https:\/\/www.indigovenice.com\/es\/?s={search_term_string}\"},\"query-input\":{\"@type\":\"PropertyValueSpecification\",\"valueRequired\":true,\"valueName\":\"search_term_string\"}}],\"inLanguage\":\"es\"}]}<\/script>\n<!-- \/ Yoast SEO plugin. -->","yoast_head_json":{"title":"Suite con Zona de estrar 4 estrellas | Hotel Indigo Venecia","description":"Las Suite con zona de estrar del Hotel Indigo Venecia Sant'Elena: un hotel boutique en Venecia con amplias habitaciones de estilo \u00fanico e inconfundible.","robots":{"index":"index","follow":"follow","max-snippet":"max-snippet:-1","max-image-preview":"max-image-preview:large","max-video-preview":"max-video-preview:-1"},"canonical":"https:\/\/www.indigovenice.com\/es\/habitaciones-y-suites\/suite-con-zona-de-estrar\/","og_locale":"es_ES","og_type":"article","og_title":"Suite con Zona de estrar 4 estrellas | Hotel Indigo Venecia","og_description":"Las Suite con zona de estrar del Hotel Indigo Venecia Sant'Elena: un hotel boutique en Venecia con amplias habitaciones de estilo \u00fanico e inconfundible.","og_url":"https:\/\/www.indigovenice.com\/es\/habitaciones-y-suites\/suite-con-zona-de-estrar\/","og_site_name":"Hotel Indigo Venice - Sant'Elena","article_modified_time":"2025-11-07T12:14:35+00:00","twitter_card":"summary_large_image","twitter_misc":{"Tiempo de lectura":"1 minuto"},"schema":{"@context":"https:\/\/schema.org","@graph":[{"@type":"WebPage","@id":"https:\/\/www.indigovenice.com\/es\/habitaciones-y-suites\/suite-con-zona-de-estrar\/","url":"https:\/\/www.indigovenice.com\/es\/habitaciones-y-suites\/suite-con-zona-de-estrar\/","name":"Suite con Zona de estrar 4 estrellas | Hotel Indigo Venecia","isPartOf":{"@id":"https:\/\/www.indigovenice.com\/es\/#website"},"datePublished":"2019-06-03T14:09:09+00:00","dateModified":"2025-11-07T12:14:35+00:00","description":"Las Suite con zona de estrar del Hotel Indigo Venecia Sant'Elena: un hotel boutique en Venecia con amplias habitaciones de estilo \u00fanico e inconfundible.","breadcrumb":{"@id":"https:\/\/www.indigovenice.com\/es\/habitaciones-y-suites\/suite-con-zona-de-estrar\/#breadcrumb"},"inLanguage":"es","potentialAction":[{"@type":"ReadAction","target":["https:\/\/www.indigovenice.com\/es\/habitaciones-y-suites\/suite-con-zona-de-estrar\/"]}]},{"@type":"BreadcrumbList","@id":"https:\/\/www.indigovenice.com\/es\/habitaciones-y-suites\/suite-con-zona-de-estrar\/#breadcrumb","itemListElement":[{"@type":"ListItem","position":1,"name":"Home","item":"https:\/\/www.indigovenice.com\/es\/"},{"@type":"ListItem","position":2,"name":"Habitaciones y suites","item":"https:\/\/www.indigovenice.com\/es\/habitaciones-y-suites\/"},{"@type":"ListItem","position":3,"name":"Suite con Zona de estar"}]},{"@type":"WebSite","@id":"https:\/\/www.indigovenice.com\/es\/#website","url":"https:\/\/www.indigovenice.com\/es\/","name":"Hotel Indigo Venice - Sant'Elena","description":"Just another ms.decms.eu site","potentialAction":[{"@type":"SearchAction","target":{"@type":"EntryPoint","urlTemplate":"https:\/\/www.indigovenice.com\/es\/?s={search_term_string}"},"query-input":{"@type":"PropertyValueSpecification","valueRequired":true,"valueName":"search_term_string"}}],"inLanguage":"es"}]}},"acf":[],"_links":{"self":[{"href":"https:\/\/www.indigovenice.com\/es\/wp-json\/wp\/v2\/pages\/380","targetHints":{"allow":["GET"]}}],"collection":[{"href":"https:\/\/www.indigovenice.com\/es\/wp-json\/wp\/v2\/pages"}],"about":[{"href":"https:\/\/www.indigovenice.com\/es\/wp-json\/wp\/v2\/types\/page"}],"author":[{"embeddable":true,"href":"https:\/\/www.indigovenice.com\/es\/wp-json\/wp\/v2\/users\/7"}],"replies":[{"embeddable":true,"href":"https:\/\/www.indigovenice.com\/es\/wp-json\/wp\/v2\/comments?post=380"}],"version-history":[{"count":0,"href":"https:\/\/www.indigovenice.com\/es\/wp-json\/wp\/v2\/pages\/380\/revisions"}],"up":[{"embeddable":true,"href":"https:\/\/www.indigovenice.com\/es\/wp-json\/wp\/v2\/pages\/305"}],"wp:attachment":[{"href":"https:\/\/www.indigovenice.com\/es\/wp-json\/wp\/v2\/media?parent=380"}],"curies":[{"name":"wp","href":"https:\/\/api.w.org\/{rel}","templated":true}]}}