{"id":386,"date":"2019-06-03T14:58:45","date_gmt":"2019-06-03T14:58:45","guid":{"rendered":"http:\/\/st-elena.ms.decms.eu\/?page_id=386"},"modified":"2025-11-07T12:19:28","modified_gmt":"2025-11-07T12:19:28","slug":"duplex-suite-con-terraza","status":"publish","type":"page","link":"https:\/\/www.indigovenice.com\/es\/habitaciones-y-suites\/duplex-suite-con-terraza\/","title":{"rendered":"Duplex Suite con terraza"},"content":{"rendered":"<h1>Disfrute de las vistas de Venecia desde el amanecer hasta el atardecer<\/h1>\n<p>El confort y los detalles de estilo est\u00e1n garantizados en esta espaciosa suite con <strong>terraza elegantemente amueblada<\/strong>, distribuida en dos plantas con un total de 70 metros cuadrados inundados de luz natural. La zona de d\u00eda incluye un sal\u00f3n espacioso y luminoso amueblado con un gran sof\u00e1 y c\u00f3modos sillones.<\/p>\n<p>La planta superior ofrece una <strong>confortable cama doble con espl\u00e9ndidas vistas<\/strong>, un amplio vestidor y un lujoso ba\u00f1o. Todas las suites con terraza disponen de aire acondicionado y un espacioso escritorio, TV con Chromecast, cafetera, hervidor para preparar t\u00e9 y caf\u00e9, botellas de agua de cortes\u00eda, almohadas adicionales, caja fuerte, minibar y ba\u00f1o con ba\u00f1era o ducha.<\/p>\n<p>Habitaciones con <strong data-start=\"492\" data-end=\"510\">cama king-size<\/strong> y <strong data-start=\"513\" data-end=\"526\">sof\u00e1 cama<\/strong>, con capacidad para <strong data-start=\"547\" data-end=\"561\">4 personas<\/strong>.<\/p>\n","protected":false},"excerpt":{"rendered":"<p>Disfrute de las vistas de Venecia desde el amanecer hasta el atardecer El confort y los detalles de estilo est\u00e1n garantizados en esta espaciosa suite con terraza elegantemente amueblada, distribuida en dos plantas con un total de 70 metros cuadrados inundados de luz natural. La zona de d\u00eda incluye un sal\u00f3n espacioso y luminoso amueblado [&hellip;]<\/p>\n","protected":false},"author":7,"featured_media":0,"parent":305,"menu_order":6,"comment_status":"closed","ping_status":"closed","template":"template-single-room.php","meta":{"footnotes":""},"class_list":["post-386","page","type-page","status-publish","hentry"],"yoast_head":"<!-- This site is optimized with the Yoast SEO plugin v26.9 - https:\/\/yoast.com\/product\/yoast-seo-wordpress\/ -->\n<title>Habitaci\u00f3n Duplex Suite con terraza | Hotel Indigo Venecia<\/title>\n<meta name=\"description\" content=\"\u00bfUn fin de semana rom\u00e1ntico en Venecia? Elija la Suite Duplex del Hotel Indigo Venecia Sant&#039;Elena: dos pisos, elegante y una rom\u00e1ntica terraza privada.\" \/>\n<meta name=\"robots\" content=\"index, follow, max-snippet:-1, max-image-preview:large, max-video-preview:-1\" \/>\n<link rel=\"canonical\" href=\"https:\/\/www.indigovenice.com\/es\/habitaciones-y-suites\/duplex-suite-con-terraza\/\" \/>\n<meta property=\"og:locale\" content=\"es_ES\" \/>\n<meta property=\"og:type\" content=\"article\" \/>\n<meta property=\"og:title\" content=\"Habitaci\u00f3n Duplex Suite con terraza | Hotel Indigo Venecia\" \/>\n<meta property=\"og:description\" content=\"\u00bfUn fin de semana rom\u00e1ntico en Venecia? Elija la Suite Duplex del Hotel Indigo Venecia Sant&#039;Elena: dos pisos, elegante y una rom\u00e1ntica terraza privada.\" \/>\n<meta property=\"og:url\" content=\"https:\/\/www.indigovenice.com\/es\/habitaciones-y-suites\/duplex-suite-con-terraza\/\" \/>\n<meta property=\"og:site_name\" content=\"Hotel Indigo Venice - Sant&#039;Elena\" \/>\n<meta property=\"article:modified_time\" content=\"2025-11-07T12:19:28+00:00\" \/>\n<meta name=\"twitter:card\" content=\"summary_large_image\" \/>\n<meta name=\"twitter:label1\" content=\"Tiempo de lectura\" \/>\n\t<meta name=\"twitter:data1\" content=\"1 minuto\" \/>\n<script type=\"application\/ld+json\" class=\"yoast-schema-graph\">{\"@context\":\"https:\/\/schema.org\",\"@graph\":[{\"@type\":\"WebPage\",\"@id\":\"https:\/\/www.indigovenice.com\/es\/habitaciones-y-suites\/duplex-suite-con-terraza\/\",\"url\":\"https:\/\/www.indigovenice.com\/es\/habitaciones-y-suites\/duplex-suite-con-terraza\/\",\"name\":\"Habitaci\u00f3n Duplex Suite con terraza | Hotel Indigo Venecia\",\"isPartOf\":{\"@id\":\"https:\/\/www.indigovenice.com\/es\/#website\"},\"datePublished\":\"2019-06-03T14:58:45+00:00\",\"dateModified\":\"2025-11-07T12:19:28+00:00\",\"description\":\"\u00bfUn fin de semana rom\u00e1ntico en Venecia? Elija la Suite Duplex del Hotel Indigo Venecia Sant'Elena: dos pisos, elegante y una rom\u00e1ntica terraza privada.\",\"breadcrumb\":{\"@id\":\"https:\/\/www.indigovenice.com\/es\/habitaciones-y-suites\/duplex-suite-con-terraza\/#breadcrumb\"},\"inLanguage\":\"es\",\"potentialAction\":[{\"@type\":\"ReadAction\",\"target\":[\"https:\/\/www.indigovenice.com\/es\/habitaciones-y-suites\/duplex-suite-con-terraza\/\"]}]},{\"@type\":\"BreadcrumbList\",\"@id\":\"https:\/\/www.indigovenice.com\/es\/habitaciones-y-suites\/duplex-suite-con-terraza\/#breadcrumb\",\"itemListElement\":[{\"@type\":\"ListItem\",\"position\":1,\"name\":\"Home\",\"item\":\"https:\/\/www.indigovenice.com\/es\/\"},{\"@type\":\"ListItem\",\"position\":2,\"name\":\"Habitaciones y suites\",\"item\":\"https:\/\/www.indigovenice.com\/es\/habitaciones-y-suites\/\"},{\"@type\":\"ListItem\",\"position\":3,\"name\":\"Duplex Suite con terraza\"}]},{\"@type\":\"WebSite\",\"@id\":\"https:\/\/www.indigovenice.com\/es\/#website\",\"url\":\"https:\/\/www.indigovenice.com\/es\/\",\"name\":\"Hotel Indigo Venice - Sant'Elena\",\"description\":\"Just another ms.decms.eu site\",\"potentialAction\":[{\"@type\":\"SearchAction\",\"target\":{\"@type\":\"EntryPoint\",\"urlTemplate\":\"https:\/\/www.indigovenice.com\/es\/?s={search_term_string}\"},\"query-input\":{\"@type\":\"PropertyValueSpecification\",\"valueRequired\":true,\"valueName\":\"search_term_string\"}}],\"inLanguage\":\"es\"}]}<\/script>\n<!-- \/ Yoast SEO plugin. -->","yoast_head_json":{"title":"Habitaci\u00f3n Duplex Suite con terraza | Hotel Indigo Venecia","description":"\u00bfUn fin de semana rom\u00e1ntico en Venecia? Elija la Suite Duplex del Hotel Indigo Venecia Sant'Elena: dos pisos, elegante y una rom\u00e1ntica terraza privada.","robots":{"index":"index","follow":"follow","max-snippet":"max-snippet:-1","max-image-preview":"max-image-preview:large","max-video-preview":"max-video-preview:-1"},"canonical":"https:\/\/www.indigovenice.com\/es\/habitaciones-y-suites\/duplex-suite-con-terraza\/","og_locale":"es_ES","og_type":"article","og_title":"Habitaci\u00f3n Duplex Suite con terraza | Hotel Indigo Venecia","og_description":"\u00bfUn fin de semana rom\u00e1ntico en Venecia? Elija la Suite Duplex del Hotel Indigo Venecia Sant'Elena: dos pisos, elegante y una rom\u00e1ntica terraza privada.","og_url":"https:\/\/www.indigovenice.com\/es\/habitaciones-y-suites\/duplex-suite-con-terraza\/","og_site_name":"Hotel Indigo Venice - Sant'Elena","article_modified_time":"2025-11-07T12:19:28+00:00","twitter_card":"summary_large_image","twitter_misc":{"Tiempo de lectura":"1 minuto"},"schema":{"@context":"https:\/\/schema.org","@graph":[{"@type":"WebPage","@id":"https:\/\/www.indigovenice.com\/es\/habitaciones-y-suites\/duplex-suite-con-terraza\/","url":"https:\/\/www.indigovenice.com\/es\/habitaciones-y-suites\/duplex-suite-con-terraza\/","name":"Habitaci\u00f3n Duplex Suite con terraza | Hotel Indigo Venecia","isPartOf":{"@id":"https:\/\/www.indigovenice.com\/es\/#website"},"datePublished":"2019-06-03T14:58:45+00:00","dateModified":"2025-11-07T12:19:28+00:00","description":"\u00bfUn fin de semana rom\u00e1ntico en Venecia? Elija la Suite Duplex del Hotel Indigo Venecia Sant'Elena: dos pisos, elegante y una rom\u00e1ntica terraza privada.","breadcrumb":{"@id":"https:\/\/www.indigovenice.com\/es\/habitaciones-y-suites\/duplex-suite-con-terraza\/#breadcrumb"},"inLanguage":"es","potentialAction":[{"@type":"ReadAction","target":["https:\/\/www.indigovenice.com\/es\/habitaciones-y-suites\/duplex-suite-con-terraza\/"]}]},{"@type":"BreadcrumbList","@id":"https:\/\/www.indigovenice.com\/es\/habitaciones-y-suites\/duplex-suite-con-terraza\/#breadcrumb","itemListElement":[{"@type":"ListItem","position":1,"name":"Home","item":"https:\/\/www.indigovenice.com\/es\/"},{"@type":"ListItem","position":2,"name":"Habitaciones y suites","item":"https:\/\/www.indigovenice.com\/es\/habitaciones-y-suites\/"},{"@type":"ListItem","position":3,"name":"Duplex Suite con terraza"}]},{"@type":"WebSite","@id":"https:\/\/www.indigovenice.com\/es\/#website","url":"https:\/\/www.indigovenice.com\/es\/","name":"Hotel Indigo Venice - Sant'Elena","description":"Just another ms.decms.eu site","potentialAction":[{"@type":"SearchAction","target":{"@type":"EntryPoint","urlTemplate":"https:\/\/www.indigovenice.com\/es\/?s={search_term_string}"},"query-input":{"@type":"PropertyValueSpecification","valueRequired":true,"valueName":"search_term_string"}}],"inLanguage":"es"}]}},"acf":[],"_links":{"self":[{"href":"https:\/\/www.indigovenice.com\/es\/wp-json\/wp\/v2\/pages\/386","targetHints":{"allow":["GET"]}}],"collection":[{"href":"https:\/\/www.indigovenice.com\/es\/wp-json\/wp\/v2\/pages"}],"about":[{"href":"https:\/\/www.indigovenice.com\/es\/wp-json\/wp\/v2\/types\/page"}],"author":[{"embeddable":true,"href":"https:\/\/www.indigovenice.com\/es\/wp-json\/wp\/v2\/users\/7"}],"replies":[{"embeddable":true,"href":"https:\/\/www.indigovenice.com\/es\/wp-json\/wp\/v2\/comments?post=386"}],"version-history":[{"count":0,"href":"https:\/\/www.indigovenice.com\/es\/wp-json\/wp\/v2\/pages\/386\/revisions"}],"up":[{"embeddable":true,"href":"https:\/\/www.indigovenice.com\/es\/wp-json\/wp\/v2\/pages\/305"}],"wp:attachment":[{"href":"https:\/\/www.indigovenice.com\/es\/wp-json\/wp\/v2\/media?parent=386"}],"curies":[{"name":"wp","href":"https:\/\/api.w.org\/{rel}","templated":true}]}}