{"id":535,"date":"2019-06-05T14:18:49","date_gmt":"2019-06-05T14:18:49","guid":{"rendered":"http:\/\/st-elena.ms.decms.eu\/?page_id=535"},"modified":"2019-06-10T08:49:28","modified_gmt":"2019-06-10T08:49:28","slug":"venecia","status":"publish","type":"page","link":"https:\/\/www.indigovenice.com\/es\/venecia\/","title":{"rendered":"Venecia"},"content":{"rendered":"<p>Po\u00e9tica en primavera, extravagante en verano, aristocr\u00e1tica en oto\u00f1o y misteriosa en invierno: independientemente de la \u00e9poca, Venecia siempre le sorprender\u00e1 con su antiguo legado art\u00edstico y una belleza inigualable que siempre ha atra\u00eddo a turistas de todo el mundo.<\/p>\n<p>Pasee por sus 150 canales, 400 puentes y palacios y plazas centenarios, o elija lo que m\u00e1s le apetezca entre una larga lista de museos y galer\u00edas de renombre que exponen desde colecciones de pinturas centenarias hasta obras de arte contempor\u00e1neo. D\u00e9jese deslumbrar por el esplendor de la ciudad.<\/p>\n","protected":false},"excerpt":{"rendered":"<p>Po\u00e9tica en primavera, extravagante en verano, aristocr\u00e1tica en oto\u00f1o y misteriosa en invierno: independientemente de la \u00e9poca, Venecia siempre le sorprender\u00e1 con su antiguo legado art\u00edstico y una belleza inigualable que siempre ha atra\u00eddo a turistas de todo el mundo. Pasee por sus 150 canales, 400 puentes y palacios y plazas centenarios, o elija lo [&hellip;]<\/p>\n","protected":false},"author":7,"featured_media":0,"parent":0,"menu_order":7,"comment_status":"closed","ping_status":"closed","template":"template-venice.php","meta":{"footnotes":""},"class_list":["post-535","page","type-page","status-publish","hentry"],"yoast_head":"<!-- This site is optimized with the Yoast SEO plugin v26.9 - https:\/\/yoast.com\/product\/yoast-seo-wordpress\/ -->\n<title>Hotel boutique de 4 estrellas en el Sestiere Castello| Hotel Indigo<\/title>\n<meta name=\"description\" content=\"El Hotel Indigo Venecia Sant&#039;Elena es un elegante hotel boutique de 4 estrellas en el coraz\u00f3n verde de la magn\u00edfica Venecia, cerca de los jardines de la Bienal.\" \/>\n<meta name=\"robots\" content=\"index, follow, max-snippet:-1, max-image-preview:large, max-video-preview:-1\" \/>\n<link rel=\"canonical\" href=\"https:\/\/www.indigovenice.com\/es\/venecia\/\" \/>\n<meta property=\"og:locale\" content=\"es_ES\" \/>\n<meta property=\"og:type\" content=\"article\" \/>\n<meta property=\"og:title\" content=\"Hotel boutique de 4 estrellas en el Sestiere Castello| Hotel Indigo\" \/>\n<meta property=\"og:description\" content=\"El Hotel Indigo Venecia Sant&#039;Elena es un elegante hotel boutique de 4 estrellas en el coraz\u00f3n verde de la magn\u00edfica Venecia, cerca de los jardines de la Bienal.\" \/>\n<meta property=\"og:url\" content=\"https:\/\/www.indigovenice.com\/es\/venecia\/\" \/>\n<meta property=\"og:site_name\" content=\"Hotel Indigo Venice - Sant&#039;Elena\" \/>\n<meta property=\"article:modified_time\" content=\"2019-06-10T08:49:28+00:00\" \/>\n<meta name=\"twitter:card\" content=\"summary_large_image\" \/>\n<script type=\"application\/ld+json\" class=\"yoast-schema-graph\">{\"@context\":\"https:\/\/schema.org\",\"@graph\":[{\"@type\":\"WebPage\",\"@id\":\"https:\/\/www.indigovenice.com\/es\/venecia\/\",\"url\":\"https:\/\/www.indigovenice.com\/es\/venecia\/\",\"name\":\"Hotel boutique de 4 estrellas en el Sestiere Castello| Hotel Indigo\",\"isPartOf\":{\"@id\":\"https:\/\/www.indigovenice.com\/es\/#website\"},\"datePublished\":\"2019-06-05T14:18:49+00:00\",\"dateModified\":\"2019-06-10T08:49:28+00:00\",\"description\":\"El Hotel Indigo Venecia Sant'Elena es un elegante hotel boutique de 4 estrellas en el coraz\u00f3n verde de la magn\u00edfica Venecia, cerca de los jardines de la Bienal.\",\"breadcrumb\":{\"@id\":\"https:\/\/www.indigovenice.com\/es\/venecia\/#breadcrumb\"},\"inLanguage\":\"es\",\"potentialAction\":[{\"@type\":\"ReadAction\",\"target\":[\"https:\/\/www.indigovenice.com\/es\/venecia\/\"]}]},{\"@type\":\"BreadcrumbList\",\"@id\":\"https:\/\/www.indigovenice.com\/es\/venecia\/#breadcrumb\",\"itemListElement\":[{\"@type\":\"ListItem\",\"position\":1,\"name\":\"Home\",\"item\":\"https:\/\/www.indigovenice.com\/es\/\"},{\"@type\":\"ListItem\",\"position\":2,\"name\":\"Venecia\"}]},{\"@type\":\"WebSite\",\"@id\":\"https:\/\/www.indigovenice.com\/es\/#website\",\"url\":\"https:\/\/www.indigovenice.com\/es\/\",\"name\":\"Hotel Indigo Venice - Sant'Elena\",\"description\":\"Just another ms.decms.eu site\",\"potentialAction\":[{\"@type\":\"SearchAction\",\"target\":{\"@type\":\"EntryPoint\",\"urlTemplate\":\"https:\/\/www.indigovenice.com\/es\/?s={search_term_string}\"},\"query-input\":{\"@type\":\"PropertyValueSpecification\",\"valueRequired\":true,\"valueName\":\"search_term_string\"}}],\"inLanguage\":\"es\"}]}<\/script>\n<!-- \/ Yoast SEO plugin. -->","yoast_head_json":{"title":"Hotel boutique de 4 estrellas en el Sestiere Castello| Hotel Indigo","description":"El Hotel Indigo Venecia Sant'Elena es un elegante hotel boutique de 4 estrellas en el coraz\u00f3n verde de la magn\u00edfica Venecia, cerca de los jardines de la Bienal.","robots":{"index":"index","follow":"follow","max-snippet":"max-snippet:-1","max-image-preview":"max-image-preview:large","max-video-preview":"max-video-preview:-1"},"canonical":"https:\/\/www.indigovenice.com\/es\/venecia\/","og_locale":"es_ES","og_type":"article","og_title":"Hotel boutique de 4 estrellas en el Sestiere Castello| Hotel Indigo","og_description":"El Hotel Indigo Venecia Sant'Elena es un elegante hotel boutique de 4 estrellas en el coraz\u00f3n verde de la magn\u00edfica Venecia, cerca de los jardines de la Bienal.","og_url":"https:\/\/www.indigovenice.com\/es\/venecia\/","og_site_name":"Hotel Indigo Venice - Sant'Elena","article_modified_time":"2019-06-10T08:49:28+00:00","twitter_card":"summary_large_image","schema":{"@context":"https:\/\/schema.org","@graph":[{"@type":"WebPage","@id":"https:\/\/www.indigovenice.com\/es\/venecia\/","url":"https:\/\/www.indigovenice.com\/es\/venecia\/","name":"Hotel boutique de 4 estrellas en el Sestiere Castello| Hotel Indigo","isPartOf":{"@id":"https:\/\/www.indigovenice.com\/es\/#website"},"datePublished":"2019-06-05T14:18:49+00:00","dateModified":"2019-06-10T08:49:28+00:00","description":"El Hotel Indigo Venecia Sant'Elena es un elegante hotel boutique de 4 estrellas en el coraz\u00f3n verde de la magn\u00edfica Venecia, cerca de los jardines de la Bienal.","breadcrumb":{"@id":"https:\/\/www.indigovenice.com\/es\/venecia\/#breadcrumb"},"inLanguage":"es","potentialAction":[{"@type":"ReadAction","target":["https:\/\/www.indigovenice.com\/es\/venecia\/"]}]},{"@type":"BreadcrumbList","@id":"https:\/\/www.indigovenice.com\/es\/venecia\/#breadcrumb","itemListElement":[{"@type":"ListItem","position":1,"name":"Home","item":"https:\/\/www.indigovenice.com\/es\/"},{"@type":"ListItem","position":2,"name":"Venecia"}]},{"@type":"WebSite","@id":"https:\/\/www.indigovenice.com\/es\/#website","url":"https:\/\/www.indigovenice.com\/es\/","name":"Hotel Indigo Venice - Sant'Elena","description":"Just another ms.decms.eu site","potentialAction":[{"@type":"SearchAction","target":{"@type":"EntryPoint","urlTemplate":"https:\/\/www.indigovenice.com\/es\/?s={search_term_string}"},"query-input":{"@type":"PropertyValueSpecification","valueRequired":true,"valueName":"search_term_string"}}],"inLanguage":"es"}]}},"acf":[],"_links":{"self":[{"href":"https:\/\/www.indigovenice.com\/es\/wp-json\/wp\/v2\/pages\/535","targetHints":{"allow":["GET"]}}],"collection":[{"href":"https:\/\/www.indigovenice.com\/es\/wp-json\/wp\/v2\/pages"}],"about":[{"href":"https:\/\/www.indigovenice.com\/es\/wp-json\/wp\/v2\/types\/page"}],"author":[{"embeddable":true,"href":"https:\/\/www.indigovenice.com\/es\/wp-json\/wp\/v2\/users\/7"}],"replies":[{"embeddable":true,"href":"https:\/\/www.indigovenice.com\/es\/wp-json\/wp\/v2\/comments?post=535"}],"version-history":[{"count":0,"href":"https:\/\/www.indigovenice.com\/es\/wp-json\/wp\/v2\/pages\/535\/revisions"}],"wp:attachment":[{"href":"https:\/\/www.indigovenice.com\/es\/wp-json\/wp\/v2\/media?parent=535"}],"curies":[{"name":"wp","href":"https:\/\/api.w.org\/{rel}","templated":true}]}}