{"id":560,"date":"2019-06-05T15:26:10","date_gmt":"2019-06-05T15:26:10","guid":{"rendered":"http:\/\/st-elena.ms.decms.eu\/?page_id=560"},"modified":"2024-06-06T12:10:56","modified_gmt":"2024-06-06T12:10:56","slug":"servicios","status":"publish","type":"page","link":"https:\/\/www.indigovenice.com\/es\/servicios\/","title":{"rendered":"Servicios"},"content":{"rendered":"<p>Las habitaciones y suites han sido dise\u00f1adas para que pueda disfrutar de los peque\u00f1os momentos de placer, como un t\u00e9 de hierbas en el sal\u00f3n o un d\u00eda soleado al aire libre.<\/p>\n<p>Nuestro jard\u00edn oculto ofrece un tranquilo rinc\u00f3n, ideal para leer un buen libro o disfrutar de un aperitivo al aire libre. Nuestros elegantes bar y restaurante est\u00e1n a su disposici\u00f3n para que conozca los placeres de <strong>nuestra tradici\u00f3n con un toque internacional.<\/strong><\/p>\n","protected":false},"excerpt":{"rendered":"<p>Las habitaciones y suites han sido dise\u00f1adas para que pueda disfrutar de los peque\u00f1os momentos de placer, como un t\u00e9 de hierbas en el sal\u00f3n o un d\u00eda soleado al aire libre. Nuestro jard\u00edn oculto ofrece un tranquilo rinc\u00f3n, ideal para leer un buen libro o disfrutar de un aperitivo al aire libre. Nuestros elegantes [&hellip;]<\/p>\n","protected":false},"author":3,"featured_media":0,"parent":0,"menu_order":3,"comment_status":"closed","ping_status":"closed","template":"","meta":{"footnotes":""},"class_list":["post-560","page","type-page","status-publish","hentry"],"yoast_head":"<!-- This site is optimized with the Yoast SEO plugin v26.9 - https:\/\/yoast.com\/product\/yoast-seo-wordpress\/ -->\n<title>Servicios personalizados hotel 4 estrellas cerca jardines Bienal<\/title>\n<meta name=\"description\" content=\"Descubra los servicios de este hotel boutique de 4 estrellas en Venecia: rom\u00e1ntico restaurante, la sala de reuniones y el jard\u00edn interior, cerca de la Bienal.\" \/>\n<meta name=\"robots\" content=\"index, follow, max-snippet:-1, max-image-preview:large, max-video-preview:-1\" \/>\n<link rel=\"canonical\" href=\"https:\/\/www.indigovenice.com\/es\/servicios\/\" \/>\n<meta property=\"og:locale\" content=\"es_ES\" \/>\n<meta property=\"og:type\" content=\"article\" \/>\n<meta property=\"og:title\" content=\"Servicios personalizados hotel 4 estrellas cerca jardines Bienal\" \/>\n<meta property=\"og:description\" content=\"Descubra los servicios de este hotel boutique de 4 estrellas en Venecia: rom\u00e1ntico restaurante, la sala de reuniones y el jard\u00edn interior, cerca de la Bienal.\" \/>\n<meta property=\"og:url\" content=\"https:\/\/www.indigovenice.com\/es\/servicios\/\" \/>\n<meta property=\"og:site_name\" content=\"Hotel Indigo Venice - Sant&#039;Elena\" \/>\n<meta property=\"article:modified_time\" content=\"2024-06-06T12:10:56+00:00\" \/>\n<meta name=\"twitter:card\" content=\"summary_large_image\" \/>\n<meta name=\"twitter:label1\" content=\"Tiempo de lectura\" \/>\n\t<meta name=\"twitter:data1\" content=\"1 minuto\" \/>\n<script type=\"application\/ld+json\" class=\"yoast-schema-graph\">{\"@context\":\"https:\/\/schema.org\",\"@graph\":[{\"@type\":\"WebPage\",\"@id\":\"https:\/\/www.indigovenice.com\/es\/servicios\/\",\"url\":\"https:\/\/www.indigovenice.com\/es\/servicios\/\",\"name\":\"Servicios personalizados hotel 4 estrellas cerca jardines Bienal\",\"isPartOf\":{\"@id\":\"https:\/\/www.indigovenice.com\/es\/#website\"},\"datePublished\":\"2019-06-05T15:26:10+00:00\",\"dateModified\":\"2024-06-06T12:10:56+00:00\",\"description\":\"Descubra los servicios de este hotel boutique de 4 estrellas en Venecia: rom\u00e1ntico restaurante, la sala de reuniones y el jard\u00edn interior, cerca de la Bienal.\",\"breadcrumb\":{\"@id\":\"https:\/\/www.indigovenice.com\/es\/servicios\/#breadcrumb\"},\"inLanguage\":\"es\",\"potentialAction\":[{\"@type\":\"ReadAction\",\"target\":[\"https:\/\/www.indigovenice.com\/es\/servicios\/\"]}]},{\"@type\":\"BreadcrumbList\",\"@id\":\"https:\/\/www.indigovenice.com\/es\/servicios\/#breadcrumb\",\"itemListElement\":[{\"@type\":\"ListItem\",\"position\":1,\"name\":\"Home\",\"item\":\"https:\/\/www.indigovenice.com\/es\/\"},{\"@type\":\"ListItem\",\"position\":2,\"name\":\"Servicios\"}]},{\"@type\":\"WebSite\",\"@id\":\"https:\/\/www.indigovenice.com\/es\/#website\",\"url\":\"https:\/\/www.indigovenice.com\/es\/\",\"name\":\"Hotel Indigo Venice - Sant'Elena\",\"description\":\"Just another ms.decms.eu site\",\"potentialAction\":[{\"@type\":\"SearchAction\",\"target\":{\"@type\":\"EntryPoint\",\"urlTemplate\":\"https:\/\/www.indigovenice.com\/es\/?s={search_term_string}\"},\"query-input\":{\"@type\":\"PropertyValueSpecification\",\"valueRequired\":true,\"valueName\":\"search_term_string\"}}],\"inLanguage\":\"es\"}]}<\/script>\n<!-- \/ Yoast SEO plugin. -->","yoast_head_json":{"title":"Servicios personalizados hotel 4 estrellas cerca jardines Bienal","description":"Descubra los servicios de este hotel boutique de 4 estrellas en Venecia: rom\u00e1ntico restaurante, la sala de reuniones y el jard\u00edn interior, cerca de la Bienal.","robots":{"index":"index","follow":"follow","max-snippet":"max-snippet:-1","max-image-preview":"max-image-preview:large","max-video-preview":"max-video-preview:-1"},"canonical":"https:\/\/www.indigovenice.com\/es\/servicios\/","og_locale":"es_ES","og_type":"article","og_title":"Servicios personalizados hotel 4 estrellas cerca jardines Bienal","og_description":"Descubra los servicios de este hotel boutique de 4 estrellas en Venecia: rom\u00e1ntico restaurante, la sala de reuniones y el jard\u00edn interior, cerca de la Bienal.","og_url":"https:\/\/www.indigovenice.com\/es\/servicios\/","og_site_name":"Hotel Indigo Venice - Sant'Elena","article_modified_time":"2024-06-06T12:10:56+00:00","twitter_card":"summary_large_image","twitter_misc":{"Tiempo de lectura":"1 minuto"},"schema":{"@context":"https:\/\/schema.org","@graph":[{"@type":"WebPage","@id":"https:\/\/www.indigovenice.com\/es\/servicios\/","url":"https:\/\/www.indigovenice.com\/es\/servicios\/","name":"Servicios personalizados hotel 4 estrellas cerca jardines Bienal","isPartOf":{"@id":"https:\/\/www.indigovenice.com\/es\/#website"},"datePublished":"2019-06-05T15:26:10+00:00","dateModified":"2024-06-06T12:10:56+00:00","description":"Descubra los servicios de este hotel boutique de 4 estrellas en Venecia: rom\u00e1ntico restaurante, la sala de reuniones y el jard\u00edn interior, cerca de la Bienal.","breadcrumb":{"@id":"https:\/\/www.indigovenice.com\/es\/servicios\/#breadcrumb"},"inLanguage":"es","potentialAction":[{"@type":"ReadAction","target":["https:\/\/www.indigovenice.com\/es\/servicios\/"]}]},{"@type":"BreadcrumbList","@id":"https:\/\/www.indigovenice.com\/es\/servicios\/#breadcrumb","itemListElement":[{"@type":"ListItem","position":1,"name":"Home","item":"https:\/\/www.indigovenice.com\/es\/"},{"@type":"ListItem","position":2,"name":"Servicios"}]},{"@type":"WebSite","@id":"https:\/\/www.indigovenice.com\/es\/#website","url":"https:\/\/www.indigovenice.com\/es\/","name":"Hotel Indigo Venice - Sant'Elena","description":"Just another ms.decms.eu site","potentialAction":[{"@type":"SearchAction","target":{"@type":"EntryPoint","urlTemplate":"https:\/\/www.indigovenice.com\/es\/?s={search_term_string}"},"query-input":{"@type":"PropertyValueSpecification","valueRequired":true,"valueName":"search_term_string"}}],"inLanguage":"es"}]}},"acf":[],"_links":{"self":[{"href":"https:\/\/www.indigovenice.com\/es\/wp-json\/wp\/v2\/pages\/560","targetHints":{"allow":["GET"]}}],"collection":[{"href":"https:\/\/www.indigovenice.com\/es\/wp-json\/wp\/v2\/pages"}],"about":[{"href":"https:\/\/www.indigovenice.com\/es\/wp-json\/wp\/v2\/types\/page"}],"author":[{"embeddable":true,"href":"https:\/\/www.indigovenice.com\/es\/wp-json\/wp\/v2\/users\/3"}],"replies":[{"embeddable":true,"href":"https:\/\/www.indigovenice.com\/es\/wp-json\/wp\/v2\/comments?post=560"}],"version-history":[{"count":0,"href":"https:\/\/www.indigovenice.com\/es\/wp-json\/wp\/v2\/pages\/560\/revisions"}],"wp:attachment":[{"href":"https:\/\/www.indigovenice.com\/es\/wp-json\/wp\/v2\/media?parent=560"}],"curies":[{"name":"wp","href":"https:\/\/api.w.org\/{rel}","templated":true}]}}