{"id":563,"date":"2019-06-05T15:40:38","date_gmt":"2019-06-05T15:40:38","guid":{"rendered":"http:\/\/st-elena.ms.decms.eu\/?page_id=563"},"modified":"2024-06-19T11:13:29","modified_gmt":"2024-06-19T11:13:29","slug":"eventos-en-venecia","status":"publish","type":"page","link":"https:\/\/www.indigovenice.com\/es\/venecia\/eventos-en-venecia\/","title":{"rendered":"Eventos en Venecia"},"content":{"rendered":"<p>Venecia no solo es museos y monumentos. La vida cultural de Venecia est\u00e1 repleta de acontecimientos y citas importantes, el famoso carnaval y la Bienal son ampliamente conocidos, y el Festival del Redentor en verano y el marat\u00f3n anual de Venecia que se celebra en oto\u00f1o tambi\u00e9n son eventos a los que merece la pena asistir.<\/p>\n<p><strong>Nuestro personal le ayudar\u00e1<\/strong> a descubrir las numerosas oportunidades que ofrece la ciudad durante el a\u00f1o para que pueda aprovechar su estancia al m\u00e1ximo&#8230;<\/p>\n<h4>&#8230;Y si quieres estar al d\u00eda de todos los acontecimientos de la zona, d\u00eda a d\u00eda, \u00a1haz clic en el siguiente enlace para no perderte nada!<\/h4>\n<p>Link: <a href=\"https:\/\/www.live-venice.it\/\">live-venice.it<\/a><\/p>\n","protected":false},"excerpt":{"rendered":"<p>Venecia no solo es museos y monumentos. La vida cultural de Venecia est\u00e1 repleta de acontecimientos y citas importantes, el famoso carnaval y la Bienal son ampliamente conocidos, y el Festival del Redentor en verano y el marat\u00f3n anual de Venecia que se celebra en oto\u00f1o tambi\u00e9n son eventos a los que merece la pena [&hellip;]<\/p>\n","protected":false},"author":7,"featured_media":0,"parent":535,"menu_order":1,"comment_status":"closed","ping_status":"closed","template":"template-venice-theme.php","meta":{"footnotes":""},"class_list":["post-563","page","type-page","status-publish","hentry"],"yoast_head":"<!-- This site is optimized with the Yoast SEO plugin v26.9 - https:\/\/yoast.com\/product\/yoast-seo-wordpress\/ -->\n<title>Eventos y espect\u00e1culos en Venecia - Hotel Indigo Venecia Sant&#039;Elena<\/title>\n<meta name=\"description\" content=\"Eventos, exposiciones, conciertos, espect\u00e1culos y fiestas: toda la informaci\u00f3n y las citas para una estancia inolvidable en Venecia. Desc\u00fabrala con nosotros.\" \/>\n<meta name=\"robots\" content=\"index, follow, max-snippet:-1, max-image-preview:large, max-video-preview:-1\" \/>\n<link rel=\"canonical\" href=\"https:\/\/www.indigovenice.com\/es\/venecia\/eventos-en-venecia\/\" \/>\n<meta property=\"og:locale\" content=\"es_ES\" \/>\n<meta property=\"og:type\" content=\"article\" \/>\n<meta property=\"og:title\" content=\"Eventos y espect\u00e1culos en Venecia - Hotel Indigo Venecia Sant&#039;Elena\" \/>\n<meta property=\"og:description\" content=\"Eventos, exposiciones, conciertos, espect\u00e1culos y fiestas: toda la informaci\u00f3n y las citas para una estancia inolvidable en Venecia. Desc\u00fabrala con nosotros.\" \/>\n<meta property=\"og:url\" content=\"https:\/\/www.indigovenice.com\/es\/venecia\/eventos-en-venecia\/\" \/>\n<meta property=\"og:site_name\" content=\"Hotel Indigo Venice - Sant&#039;Elena\" \/>\n<meta property=\"article:modified_time\" content=\"2024-06-19T11:13:29+00:00\" \/>\n<meta name=\"twitter:card\" content=\"summary_large_image\" \/>\n<meta name=\"twitter:label1\" content=\"Tiempo de lectura\" \/>\n\t<meta name=\"twitter:data1\" content=\"1 minuto\" \/>\n<script type=\"application\/ld+json\" class=\"yoast-schema-graph\">{\"@context\":\"https:\/\/schema.org\",\"@graph\":[{\"@type\":\"WebPage\",\"@id\":\"https:\/\/www.indigovenice.com\/es\/venecia\/eventos-en-venecia\/\",\"url\":\"https:\/\/www.indigovenice.com\/es\/venecia\/eventos-en-venecia\/\",\"name\":\"Eventos y espect\u00e1culos en Venecia - Hotel Indigo Venecia Sant'Elena\",\"isPartOf\":{\"@id\":\"https:\/\/www.indigovenice.com\/es\/#website\"},\"datePublished\":\"2019-06-05T15:40:38+00:00\",\"dateModified\":\"2024-06-19T11:13:29+00:00\",\"description\":\"Eventos, exposiciones, conciertos, espect\u00e1culos y fiestas: toda la informaci\u00f3n y las citas para una estancia inolvidable en Venecia. Desc\u00fabrala con nosotros.\",\"breadcrumb\":{\"@id\":\"https:\/\/www.indigovenice.com\/es\/venecia\/eventos-en-venecia\/#breadcrumb\"},\"inLanguage\":\"es\",\"potentialAction\":[{\"@type\":\"ReadAction\",\"target\":[\"https:\/\/www.indigovenice.com\/es\/venecia\/eventos-en-venecia\/\"]}]},{\"@type\":\"BreadcrumbList\",\"@id\":\"https:\/\/www.indigovenice.com\/es\/venecia\/eventos-en-venecia\/#breadcrumb\",\"itemListElement\":[{\"@type\":\"ListItem\",\"position\":1,\"name\":\"Home\",\"item\":\"https:\/\/www.indigovenice.com\/es\/\"},{\"@type\":\"ListItem\",\"position\":2,\"name\":\"Venecia\",\"item\":\"https:\/\/www.indigovenice.com\/es\/venecia\/\"},{\"@type\":\"ListItem\",\"position\":3,\"name\":\"Eventos en Venecia\"}]},{\"@type\":\"WebSite\",\"@id\":\"https:\/\/www.indigovenice.com\/es\/#website\",\"url\":\"https:\/\/www.indigovenice.com\/es\/\",\"name\":\"Hotel Indigo Venice - Sant'Elena\",\"description\":\"Just another ms.decms.eu site\",\"potentialAction\":[{\"@type\":\"SearchAction\",\"target\":{\"@type\":\"EntryPoint\",\"urlTemplate\":\"https:\/\/www.indigovenice.com\/es\/?s={search_term_string}\"},\"query-input\":{\"@type\":\"PropertyValueSpecification\",\"valueRequired\":true,\"valueName\":\"search_term_string\"}}],\"inLanguage\":\"es\"}]}<\/script>\n<!-- \/ Yoast SEO plugin. -->","yoast_head_json":{"title":"Eventos y espect\u00e1culos en Venecia - Hotel Indigo Venecia Sant'Elena","description":"Eventos, exposiciones, conciertos, espect\u00e1culos y fiestas: toda la informaci\u00f3n y las citas para una estancia inolvidable en Venecia. Desc\u00fabrala con nosotros.","robots":{"index":"index","follow":"follow","max-snippet":"max-snippet:-1","max-image-preview":"max-image-preview:large","max-video-preview":"max-video-preview:-1"},"canonical":"https:\/\/www.indigovenice.com\/es\/venecia\/eventos-en-venecia\/","og_locale":"es_ES","og_type":"article","og_title":"Eventos y espect\u00e1culos en Venecia - Hotel Indigo Venecia Sant'Elena","og_description":"Eventos, exposiciones, conciertos, espect\u00e1culos y fiestas: toda la informaci\u00f3n y las citas para una estancia inolvidable en Venecia. Desc\u00fabrala con nosotros.","og_url":"https:\/\/www.indigovenice.com\/es\/venecia\/eventos-en-venecia\/","og_site_name":"Hotel Indigo Venice - Sant'Elena","article_modified_time":"2024-06-19T11:13:29+00:00","twitter_card":"summary_large_image","twitter_misc":{"Tiempo de lectura":"1 minuto"},"schema":{"@context":"https:\/\/schema.org","@graph":[{"@type":"WebPage","@id":"https:\/\/www.indigovenice.com\/es\/venecia\/eventos-en-venecia\/","url":"https:\/\/www.indigovenice.com\/es\/venecia\/eventos-en-venecia\/","name":"Eventos y espect\u00e1culos en Venecia - Hotel Indigo Venecia Sant'Elena","isPartOf":{"@id":"https:\/\/www.indigovenice.com\/es\/#website"},"datePublished":"2019-06-05T15:40:38+00:00","dateModified":"2024-06-19T11:13:29+00:00","description":"Eventos, exposiciones, conciertos, espect\u00e1culos y fiestas: toda la informaci\u00f3n y las citas para una estancia inolvidable en Venecia. Desc\u00fabrala con nosotros.","breadcrumb":{"@id":"https:\/\/www.indigovenice.com\/es\/venecia\/eventos-en-venecia\/#breadcrumb"},"inLanguage":"es","potentialAction":[{"@type":"ReadAction","target":["https:\/\/www.indigovenice.com\/es\/venecia\/eventos-en-venecia\/"]}]},{"@type":"BreadcrumbList","@id":"https:\/\/www.indigovenice.com\/es\/venecia\/eventos-en-venecia\/#breadcrumb","itemListElement":[{"@type":"ListItem","position":1,"name":"Home","item":"https:\/\/www.indigovenice.com\/es\/"},{"@type":"ListItem","position":2,"name":"Venecia","item":"https:\/\/www.indigovenice.com\/es\/venecia\/"},{"@type":"ListItem","position":3,"name":"Eventos en Venecia"}]},{"@type":"WebSite","@id":"https:\/\/www.indigovenice.com\/es\/#website","url":"https:\/\/www.indigovenice.com\/es\/","name":"Hotel Indigo Venice - Sant'Elena","description":"Just another ms.decms.eu site","potentialAction":[{"@type":"SearchAction","target":{"@type":"EntryPoint","urlTemplate":"https:\/\/www.indigovenice.com\/es\/?s={search_term_string}"},"query-input":{"@type":"PropertyValueSpecification","valueRequired":true,"valueName":"search_term_string"}}],"inLanguage":"es"}]}},"acf":[],"_links":{"self":[{"href":"https:\/\/www.indigovenice.com\/es\/wp-json\/wp\/v2\/pages\/563","targetHints":{"allow":["GET"]}}],"collection":[{"href":"https:\/\/www.indigovenice.com\/es\/wp-json\/wp\/v2\/pages"}],"about":[{"href":"https:\/\/www.indigovenice.com\/es\/wp-json\/wp\/v2\/types\/page"}],"author":[{"embeddable":true,"href":"https:\/\/www.indigovenice.com\/es\/wp-json\/wp\/v2\/users\/7"}],"replies":[{"embeddable":true,"href":"https:\/\/www.indigovenice.com\/es\/wp-json\/wp\/v2\/comments?post=563"}],"version-history":[{"count":0,"href":"https:\/\/www.indigovenice.com\/es\/wp-json\/wp\/v2\/pages\/563\/revisions"}],"up":[{"embeddable":true,"href":"https:\/\/www.indigovenice.com\/es\/wp-json\/wp\/v2\/pages\/535"}],"wp:attachment":[{"href":"https:\/\/www.indigovenice.com\/es\/wp-json\/wp\/v2\/media?parent=563"}],"curies":[{"name":"wp","href":"https:\/\/api.w.org\/{rel}","templated":true}]}}