{"id":576,"date":"2019-06-05T16:14:53","date_gmt":"2019-06-05T16:14:53","guid":{"rendered":"http:\/\/st-elena.ms.decms.eu\/?page_id=576"},"modified":"2025-09-04T09:27:46","modified_gmt":"2025-09-04T09:27:46","slug":"compras","status":"publish","type":"page","link":"https:\/\/www.indigovenice.com\/es\/venecia\/compras\/","title":{"rendered":"Compras"},"content":{"rendered":"<p>Aunque, por supuesto, tambi\u00e9n puede encontrar las principales tiendas de moda y joyer\u00edas del mundo, con bonitas boutiques en el barrio de San Marcos. Se encuentran principalmente en la <strong>Calle Larga XXII Marzo<\/strong> y en <strong>Mercerie<\/strong>, la zona comercial que conecta la Plaza de San Marcos con el Puente de Rialto.<\/p>\n<p>En el lado norte de Campo Santo Stefano hay m\u00e1s variedad de tiendas seleccionadas y <em>botteghe<\/em>, donde podr\u00e1 encontrar tiendas de recuerdos y regalos.<\/p>\n","protected":false},"excerpt":{"rendered":"<p>Aunque, por supuesto, tambi\u00e9n puede encontrar las principales tiendas de moda y joyer\u00edas del mundo, con bonitas boutiques en el barrio de San Marcos. Se encuentran principalmente en la Calle Larga XXII Marzo y en Mercerie, la zona comercial que conecta la Plaza de San Marcos con el Puente de Rialto. En el lado norte [&hellip;]<\/p>\n","protected":false},"author":7,"featured_media":0,"parent":535,"menu_order":2,"comment_status":"closed","ping_status":"closed","template":"template-venice-theme.php","meta":{"footnotes":""},"class_list":["post-576","page","type-page","status-publish","hentry"],"yoast_head":"<!-- This site is optimized with the Yoast SEO plugin v26.9 - https:\/\/yoast.com\/product\/yoast-seo-wordpress\/ -->\n<title>Compras en Venecia | Hotel Indigo Venecia Sant&#039;Elena<\/title>\n<meta name=\"description\" content=\"El Hotel Indigo Venecia Sant&#039;Elena est\u00e1 cerca de las tiendas t\u00edpicas de Venecia para ir de compras, as\u00ed como de Fondaco dei Tedeschi.\" \/>\n<meta name=\"robots\" content=\"index, follow, max-snippet:-1, max-image-preview:large, max-video-preview:-1\" \/>\n<link rel=\"canonical\" href=\"https:\/\/www.indigovenice.com\/es\/venecia\/compras\/\" \/>\n<meta property=\"og:locale\" content=\"es_ES\" \/>\n<meta property=\"og:type\" content=\"article\" \/>\n<meta property=\"og:title\" content=\"Compras en Venecia | Hotel Indigo Venecia Sant&#039;Elena\" \/>\n<meta property=\"og:description\" content=\"El Hotel Indigo Venecia Sant&#039;Elena est\u00e1 cerca de las tiendas t\u00edpicas de Venecia para ir de compras, as\u00ed como de Fondaco dei Tedeschi.\" \/>\n<meta property=\"og:url\" content=\"https:\/\/www.indigovenice.com\/es\/venecia\/compras\/\" \/>\n<meta property=\"og:site_name\" content=\"Hotel Indigo Venice - Sant&#039;Elena\" \/>\n<meta property=\"article:modified_time\" content=\"2025-09-04T09:27:46+00:00\" \/>\n<meta name=\"twitter:card\" content=\"summary_large_image\" \/>\n<meta name=\"twitter:label1\" content=\"Tiempo de lectura\" \/>\n\t<meta name=\"twitter:data1\" content=\"1 minuto\" \/>\n<script type=\"application\/ld+json\" class=\"yoast-schema-graph\">{\"@context\":\"https:\/\/schema.org\",\"@graph\":[{\"@type\":\"WebPage\",\"@id\":\"https:\/\/www.indigovenice.com\/es\/venecia\/compras\/\",\"url\":\"https:\/\/www.indigovenice.com\/es\/venecia\/compras\/\",\"name\":\"Compras en Venecia | Hotel Indigo Venecia Sant'Elena\",\"isPartOf\":{\"@id\":\"https:\/\/www.indigovenice.com\/es\/#website\"},\"datePublished\":\"2019-06-05T16:14:53+00:00\",\"dateModified\":\"2025-09-04T09:27:46+00:00\",\"description\":\"El Hotel Indigo Venecia Sant'Elena est\u00e1 cerca de las tiendas t\u00edpicas de Venecia para ir de compras, as\u00ed como de Fondaco dei Tedeschi.\",\"breadcrumb\":{\"@id\":\"https:\/\/www.indigovenice.com\/es\/venecia\/compras\/#breadcrumb\"},\"inLanguage\":\"es\",\"potentialAction\":[{\"@type\":\"ReadAction\",\"target\":[\"https:\/\/www.indigovenice.com\/es\/venecia\/compras\/\"]}]},{\"@type\":\"BreadcrumbList\",\"@id\":\"https:\/\/www.indigovenice.com\/es\/venecia\/compras\/#breadcrumb\",\"itemListElement\":[{\"@type\":\"ListItem\",\"position\":1,\"name\":\"Home\",\"item\":\"https:\/\/www.indigovenice.com\/es\/\"},{\"@type\":\"ListItem\",\"position\":2,\"name\":\"Venecia\",\"item\":\"https:\/\/www.indigovenice.com\/es\/venecia\/\"},{\"@type\":\"ListItem\",\"position\":3,\"name\":\"Compras\"}]},{\"@type\":\"WebSite\",\"@id\":\"https:\/\/www.indigovenice.com\/es\/#website\",\"url\":\"https:\/\/www.indigovenice.com\/es\/\",\"name\":\"Hotel Indigo Venice - Sant'Elena\",\"description\":\"Just another ms.decms.eu site\",\"potentialAction\":[{\"@type\":\"SearchAction\",\"target\":{\"@type\":\"EntryPoint\",\"urlTemplate\":\"https:\/\/www.indigovenice.com\/es\/?s={search_term_string}\"},\"query-input\":{\"@type\":\"PropertyValueSpecification\",\"valueRequired\":true,\"valueName\":\"search_term_string\"}}],\"inLanguage\":\"es\"}]}<\/script>\n<!-- \/ Yoast SEO plugin. -->","yoast_head_json":{"title":"Compras en Venecia | Hotel Indigo Venecia Sant'Elena","description":"El Hotel Indigo Venecia Sant'Elena est\u00e1 cerca de las tiendas t\u00edpicas de Venecia para ir de compras, as\u00ed como de Fondaco dei Tedeschi.","robots":{"index":"index","follow":"follow","max-snippet":"max-snippet:-1","max-image-preview":"max-image-preview:large","max-video-preview":"max-video-preview:-1"},"canonical":"https:\/\/www.indigovenice.com\/es\/venecia\/compras\/","og_locale":"es_ES","og_type":"article","og_title":"Compras en Venecia | Hotel Indigo Venecia Sant'Elena","og_description":"El Hotel Indigo Venecia Sant'Elena est\u00e1 cerca de las tiendas t\u00edpicas de Venecia para ir de compras, as\u00ed como de Fondaco dei Tedeschi.","og_url":"https:\/\/www.indigovenice.com\/es\/venecia\/compras\/","og_site_name":"Hotel Indigo Venice - Sant'Elena","article_modified_time":"2025-09-04T09:27:46+00:00","twitter_card":"summary_large_image","twitter_misc":{"Tiempo de lectura":"1 minuto"},"schema":{"@context":"https:\/\/schema.org","@graph":[{"@type":"WebPage","@id":"https:\/\/www.indigovenice.com\/es\/venecia\/compras\/","url":"https:\/\/www.indigovenice.com\/es\/venecia\/compras\/","name":"Compras en Venecia | Hotel Indigo Venecia Sant'Elena","isPartOf":{"@id":"https:\/\/www.indigovenice.com\/es\/#website"},"datePublished":"2019-06-05T16:14:53+00:00","dateModified":"2025-09-04T09:27:46+00:00","description":"El Hotel Indigo Venecia Sant'Elena est\u00e1 cerca de las tiendas t\u00edpicas de Venecia para ir de compras, as\u00ed como de Fondaco dei Tedeschi.","breadcrumb":{"@id":"https:\/\/www.indigovenice.com\/es\/venecia\/compras\/#breadcrumb"},"inLanguage":"es","potentialAction":[{"@type":"ReadAction","target":["https:\/\/www.indigovenice.com\/es\/venecia\/compras\/"]}]},{"@type":"BreadcrumbList","@id":"https:\/\/www.indigovenice.com\/es\/venecia\/compras\/#breadcrumb","itemListElement":[{"@type":"ListItem","position":1,"name":"Home","item":"https:\/\/www.indigovenice.com\/es\/"},{"@type":"ListItem","position":2,"name":"Venecia","item":"https:\/\/www.indigovenice.com\/es\/venecia\/"},{"@type":"ListItem","position":3,"name":"Compras"}]},{"@type":"WebSite","@id":"https:\/\/www.indigovenice.com\/es\/#website","url":"https:\/\/www.indigovenice.com\/es\/","name":"Hotel Indigo Venice - Sant'Elena","description":"Just another ms.decms.eu site","potentialAction":[{"@type":"SearchAction","target":{"@type":"EntryPoint","urlTemplate":"https:\/\/www.indigovenice.com\/es\/?s={search_term_string}"},"query-input":{"@type":"PropertyValueSpecification","valueRequired":true,"valueName":"search_term_string"}}],"inLanguage":"es"}]}},"acf":[],"_links":{"self":[{"href":"https:\/\/www.indigovenice.com\/es\/wp-json\/wp\/v2\/pages\/576","targetHints":{"allow":["GET"]}}],"collection":[{"href":"https:\/\/www.indigovenice.com\/es\/wp-json\/wp\/v2\/pages"}],"about":[{"href":"https:\/\/www.indigovenice.com\/es\/wp-json\/wp\/v2\/types\/page"}],"author":[{"embeddable":true,"href":"https:\/\/www.indigovenice.com\/es\/wp-json\/wp\/v2\/users\/7"}],"replies":[{"embeddable":true,"href":"https:\/\/www.indigovenice.com\/es\/wp-json\/wp\/v2\/comments?post=576"}],"version-history":[{"count":0,"href":"https:\/\/www.indigovenice.com\/es\/wp-json\/wp\/v2\/pages\/576\/revisions"}],"up":[{"embeddable":true,"href":"https:\/\/www.indigovenice.com\/es\/wp-json\/wp\/v2\/pages\/535"}],"wp:attachment":[{"href":"https:\/\/www.indigovenice.com\/es\/wp-json\/wp\/v2\/media?parent=576"}],"curies":[{"name":"wp","href":"https:\/\/api.w.org\/{rel}","templated":true}]}}