{"id":582,"date":"2019-06-05T19:55:46","date_gmt":"2019-06-05T19:55:46","guid":{"rendered":"http:\/\/st-elena.ms.decms.eu\/?page_id=582"},"modified":"2019-06-21T09:36:09","modified_gmt":"2019-06-21T09:36:09","slug":"islas-de-venecia","status":"publish","type":"page","link":"https:\/\/www.indigovenice.com\/es\/venecia\/islas-de-venecia\/","title":{"rendered":"Islas de Venecia"},"content":{"rendered":"<p>A poca distancia de nuestro hotel se encuentra la Venecia que pocos turistas llegan a ver. Las islas m\u00e1s peque\u00f1as de la laguna norte son aut\u00e9nticas joyas, cada una con su propia historia y encanto. Aqu\u00ed, donde las tradiciones todav\u00eda est\u00e1n muy arraigadas, encontrar\u00e1 otra Venecia, menos monumental pero igualmente fascinante.<\/p>\n","protected":false},"excerpt":{"rendered":"<p>A poca distancia de nuestro hotel se encuentra la Venecia que pocos turistas llegan a ver. Las islas m\u00e1s peque\u00f1as de la laguna norte son aut\u00e9nticas joyas, cada una con su propia historia y encanto. Aqu\u00ed, donde las tradiciones todav\u00eda est\u00e1n muy arraigadas, encontrar\u00e1 otra Venecia, menos monumental pero igualmente fascinante.<\/p>\n","protected":false},"author":7,"featured_media":0,"parent":535,"menu_order":3,"comment_status":"closed","ping_status":"closed","template":"template-venice-theme.php","meta":{"footnotes":""},"class_list":["post-582","page","type-page","status-publish","hentry"],"yoast_head":"<!-- This site is optimized with the Yoast SEO plugin v26.9 - https:\/\/yoast.com\/product\/yoast-seo-wordpress\/ -->\n<title>Hotel cerca de embarques para Murano y Burano| Hotel Indigo Venecia<\/title>\n<meta name=\"description\" content=\"La ubicaci\u00f3n del Hotel Indigo Venecia Sant&#039;Elena es ideal para visitar las cercanas islas de Murano y Burano. \u00a1Llegar\u00e1 en un corto trayecto en barco!\" \/>\n<meta name=\"robots\" content=\"index, follow, max-snippet:-1, max-image-preview:large, max-video-preview:-1\" \/>\n<link rel=\"canonical\" href=\"https:\/\/www.indigovenice.com\/es\/venecia\/islas-de-venecia\/\" \/>\n<meta property=\"og:locale\" content=\"es_ES\" \/>\n<meta property=\"og:type\" content=\"article\" \/>\n<meta property=\"og:title\" content=\"Hotel cerca de embarques para Murano y Burano| Hotel Indigo Venecia\" \/>\n<meta property=\"og:description\" content=\"La ubicaci\u00f3n del Hotel Indigo Venecia Sant&#039;Elena es ideal para visitar las cercanas islas de Murano y Burano. \u00a1Llegar\u00e1 en un corto trayecto en barco!\" \/>\n<meta property=\"og:url\" content=\"https:\/\/www.indigovenice.com\/es\/venecia\/islas-de-venecia\/\" \/>\n<meta property=\"og:site_name\" content=\"Hotel Indigo Venice - Sant&#039;Elena\" \/>\n<meta property=\"article:modified_time\" content=\"2019-06-21T09:36:09+00:00\" \/>\n<meta name=\"twitter:card\" content=\"summary_large_image\" \/>\n<script type=\"application\/ld+json\" class=\"yoast-schema-graph\">{\"@context\":\"https:\/\/schema.org\",\"@graph\":[{\"@type\":\"WebPage\",\"@id\":\"https:\/\/www.indigovenice.com\/es\/venecia\/islas-de-venecia\/\",\"url\":\"https:\/\/www.indigovenice.com\/es\/venecia\/islas-de-venecia\/\",\"name\":\"Hotel cerca de embarques para Murano y Burano| Hotel Indigo Venecia\",\"isPartOf\":{\"@id\":\"https:\/\/www.indigovenice.com\/es\/#website\"},\"datePublished\":\"2019-06-05T19:55:46+00:00\",\"dateModified\":\"2019-06-21T09:36:09+00:00\",\"description\":\"La ubicaci\u00f3n del Hotel Indigo Venecia Sant'Elena es ideal para visitar las cercanas islas de Murano y Burano. \u00a1Llegar\u00e1 en un corto trayecto en barco!\",\"breadcrumb\":{\"@id\":\"https:\/\/www.indigovenice.com\/es\/venecia\/islas-de-venecia\/#breadcrumb\"},\"inLanguage\":\"es\",\"potentialAction\":[{\"@type\":\"ReadAction\",\"target\":[\"https:\/\/www.indigovenice.com\/es\/venecia\/islas-de-venecia\/\"]}]},{\"@type\":\"BreadcrumbList\",\"@id\":\"https:\/\/www.indigovenice.com\/es\/venecia\/islas-de-venecia\/#breadcrumb\",\"itemListElement\":[{\"@type\":\"ListItem\",\"position\":1,\"name\":\"Home\",\"item\":\"https:\/\/www.indigovenice.com\/es\/\"},{\"@type\":\"ListItem\",\"position\":2,\"name\":\"Venecia\",\"item\":\"https:\/\/www.indigovenice.com\/es\/venecia\/\"},{\"@type\":\"ListItem\",\"position\":3,\"name\":\"Islas de Venecia\"}]},{\"@type\":\"WebSite\",\"@id\":\"https:\/\/www.indigovenice.com\/es\/#website\",\"url\":\"https:\/\/www.indigovenice.com\/es\/\",\"name\":\"Hotel Indigo Venice - Sant'Elena\",\"description\":\"Just another ms.decms.eu site\",\"potentialAction\":[{\"@type\":\"SearchAction\",\"target\":{\"@type\":\"EntryPoint\",\"urlTemplate\":\"https:\/\/www.indigovenice.com\/es\/?s={search_term_string}\"},\"query-input\":{\"@type\":\"PropertyValueSpecification\",\"valueRequired\":true,\"valueName\":\"search_term_string\"}}],\"inLanguage\":\"es\"}]}<\/script>\n<!-- \/ Yoast SEO plugin. -->","yoast_head_json":{"title":"Hotel cerca de embarques para Murano y Burano| Hotel Indigo Venecia","description":"La ubicaci\u00f3n del Hotel Indigo Venecia Sant'Elena es ideal para visitar las cercanas islas de Murano y Burano. \u00a1Llegar\u00e1 en un corto trayecto en barco!","robots":{"index":"index","follow":"follow","max-snippet":"max-snippet:-1","max-image-preview":"max-image-preview:large","max-video-preview":"max-video-preview:-1"},"canonical":"https:\/\/www.indigovenice.com\/es\/venecia\/islas-de-venecia\/","og_locale":"es_ES","og_type":"article","og_title":"Hotel cerca de embarques para Murano y Burano| Hotel Indigo Venecia","og_description":"La ubicaci\u00f3n del Hotel Indigo Venecia Sant'Elena es ideal para visitar las cercanas islas de Murano y Burano. \u00a1Llegar\u00e1 en un corto trayecto en barco!","og_url":"https:\/\/www.indigovenice.com\/es\/venecia\/islas-de-venecia\/","og_site_name":"Hotel Indigo Venice - Sant'Elena","article_modified_time":"2019-06-21T09:36:09+00:00","twitter_card":"summary_large_image","schema":{"@context":"https:\/\/schema.org","@graph":[{"@type":"WebPage","@id":"https:\/\/www.indigovenice.com\/es\/venecia\/islas-de-venecia\/","url":"https:\/\/www.indigovenice.com\/es\/venecia\/islas-de-venecia\/","name":"Hotel cerca de embarques para Murano y Burano| Hotel Indigo Venecia","isPartOf":{"@id":"https:\/\/www.indigovenice.com\/es\/#website"},"datePublished":"2019-06-05T19:55:46+00:00","dateModified":"2019-06-21T09:36:09+00:00","description":"La ubicaci\u00f3n del Hotel Indigo Venecia Sant'Elena es ideal para visitar las cercanas islas de Murano y Burano. \u00a1Llegar\u00e1 en un corto trayecto en barco!","breadcrumb":{"@id":"https:\/\/www.indigovenice.com\/es\/venecia\/islas-de-venecia\/#breadcrumb"},"inLanguage":"es","potentialAction":[{"@type":"ReadAction","target":["https:\/\/www.indigovenice.com\/es\/venecia\/islas-de-venecia\/"]}]},{"@type":"BreadcrumbList","@id":"https:\/\/www.indigovenice.com\/es\/venecia\/islas-de-venecia\/#breadcrumb","itemListElement":[{"@type":"ListItem","position":1,"name":"Home","item":"https:\/\/www.indigovenice.com\/es\/"},{"@type":"ListItem","position":2,"name":"Venecia","item":"https:\/\/www.indigovenice.com\/es\/venecia\/"},{"@type":"ListItem","position":3,"name":"Islas de Venecia"}]},{"@type":"WebSite","@id":"https:\/\/www.indigovenice.com\/es\/#website","url":"https:\/\/www.indigovenice.com\/es\/","name":"Hotel Indigo Venice - Sant'Elena","description":"Just another ms.decms.eu site","potentialAction":[{"@type":"SearchAction","target":{"@type":"EntryPoint","urlTemplate":"https:\/\/www.indigovenice.com\/es\/?s={search_term_string}"},"query-input":{"@type":"PropertyValueSpecification","valueRequired":true,"valueName":"search_term_string"}}],"inLanguage":"es"}]}},"acf":[],"_links":{"self":[{"href":"https:\/\/www.indigovenice.com\/es\/wp-json\/wp\/v2\/pages\/582","targetHints":{"allow":["GET"]}}],"collection":[{"href":"https:\/\/www.indigovenice.com\/es\/wp-json\/wp\/v2\/pages"}],"about":[{"href":"https:\/\/www.indigovenice.com\/es\/wp-json\/wp\/v2\/types\/page"}],"author":[{"embeddable":true,"href":"https:\/\/www.indigovenice.com\/es\/wp-json\/wp\/v2\/users\/7"}],"replies":[{"embeddable":true,"href":"https:\/\/www.indigovenice.com\/es\/wp-json\/wp\/v2\/comments?post=582"}],"version-history":[{"count":0,"href":"https:\/\/www.indigovenice.com\/es\/wp-json\/wp\/v2\/pages\/582\/revisions"}],"up":[{"embeddable":true,"href":"https:\/\/www.indigovenice.com\/es\/wp-json\/wp\/v2\/pages\/535"}],"wp:attachment":[{"href":"https:\/\/www.indigovenice.com\/es\/wp-json\/wp\/v2\/media?parent=582"}],"curies":[{"name":"wp","href":"https:\/\/api.w.org\/{rel}","templated":true}]}}