{"id":612,"date":"2019-06-05T21:34:18","date_gmt":"2019-06-05T21:34:18","guid":{"rendered":"http:\/\/st-elena.ms.decms.eu\/?page_id=612"},"modified":"2019-06-24T16:09:55","modified_gmt":"2019-06-24T16:09:55","slug":"vida-nocturna","status":"publish","type":"page","link":"https:\/\/www.indigovenice.com\/es\/venecia\/vida-nocturna\/","title":{"rendered":"Vida nocturna"},"content":{"rendered":"<p>Venecia es m\u00e1s conocida por sus peque\u00f1os bares que por grandes discotecas. Le sugerimos que haga como los lugare\u00f1os, despu\u00e9s de un largo y agotador d\u00eda caminando por la ciudad, term\u00ednelo con un buen c\u00f3ctel o una copa de vino en una de las muchas cafeter\u00edas o bares de la ciudad.<\/p>\n<p>Via Garibaldi, en el barrio de Castello, est\u00e1 a pocos pasos de nuestro hotel. Especialmente en la temporada de verano y los fines de semana, se llena de lugare\u00f1os que acuden para tomar algo y pasar un rato con los amigos.<\/p>\n","protected":false},"excerpt":{"rendered":"<p>Venecia es m\u00e1s conocida por sus peque\u00f1os bares que por grandes discotecas. Le sugerimos que haga como los lugare\u00f1os, despu\u00e9s de un largo y agotador d\u00eda caminando por la ciudad, term\u00ednelo con un buen c\u00f3ctel o una copa de vino en una de las muchas cafeter\u00edas o bares de la ciudad. Via Garibaldi, en el [&hellip;]<\/p>\n","protected":false},"author":7,"featured_media":0,"parent":535,"menu_order":7,"comment_status":"closed","ping_status":"closed","template":"template-venice-theme.php","meta":{"footnotes":""},"class_list":["post-612","page","type-page","status-publish","hentry"],"yoast_head":"<!-- This site is optimized with the Yoast SEO plugin v26.9 - https:\/\/yoast.com\/product\/yoast-seo-wordpress\/ -->\n<title>Descubra la vida nocturna de Venecia con el Hotel Indigo Sant&#039;Elena<\/title>\n<meta name=\"description\" content=\"La vida nocturna de Venecia y el Lido es muy animada. \u00a1Descubra la vida nocturna de Venecia aloj\u00e1ndose en el Hotel Indigo Venecia Sant&#039;Elena!\" \/>\n<meta name=\"robots\" content=\"index, follow, max-snippet:-1, max-image-preview:large, max-video-preview:-1\" \/>\n<link rel=\"canonical\" href=\"https:\/\/www.indigovenice.com\/es\/venecia\/vida-nocturna\/\" \/>\n<meta property=\"og:locale\" content=\"es_ES\" \/>\n<meta property=\"og:type\" content=\"article\" \/>\n<meta property=\"og:title\" content=\"Descubra la vida nocturna de Venecia con el Hotel Indigo Sant&#039;Elena\" \/>\n<meta property=\"og:description\" content=\"La vida nocturna de Venecia y el Lido es muy animada. \u00a1Descubra la vida nocturna de Venecia aloj\u00e1ndose en el Hotel Indigo Venecia Sant&#039;Elena!\" \/>\n<meta property=\"og:url\" content=\"https:\/\/www.indigovenice.com\/es\/venecia\/vida-nocturna\/\" \/>\n<meta property=\"og:site_name\" content=\"Hotel Indigo Venice - Sant&#039;Elena\" \/>\n<meta property=\"article:modified_time\" content=\"2019-06-24T16:09:55+00:00\" \/>\n<meta name=\"twitter:card\" content=\"summary_large_image\" \/>\n<meta name=\"twitter:label1\" content=\"Tiempo de lectura\" \/>\n\t<meta name=\"twitter:data1\" content=\"1 minuto\" \/>\n<script type=\"application\/ld+json\" class=\"yoast-schema-graph\">{\"@context\":\"https:\/\/schema.org\",\"@graph\":[{\"@type\":\"WebPage\",\"@id\":\"https:\/\/www.indigovenice.com\/es\/venecia\/vida-nocturna\/\",\"url\":\"https:\/\/www.indigovenice.com\/es\/venecia\/vida-nocturna\/\",\"name\":\"Descubra la vida nocturna de Venecia con el Hotel Indigo Sant'Elena\",\"isPartOf\":{\"@id\":\"https:\/\/www.indigovenice.com\/es\/#website\"},\"datePublished\":\"2019-06-05T21:34:18+00:00\",\"dateModified\":\"2019-06-24T16:09:55+00:00\",\"description\":\"La vida nocturna de Venecia y el Lido es muy animada. \u00a1Descubra la vida nocturna de Venecia aloj\u00e1ndose en el Hotel Indigo Venecia Sant'Elena!\",\"breadcrumb\":{\"@id\":\"https:\/\/www.indigovenice.com\/es\/venecia\/vida-nocturna\/#breadcrumb\"},\"inLanguage\":\"es\",\"potentialAction\":[{\"@type\":\"ReadAction\",\"target\":[\"https:\/\/www.indigovenice.com\/es\/venecia\/vida-nocturna\/\"]}]},{\"@type\":\"BreadcrumbList\",\"@id\":\"https:\/\/www.indigovenice.com\/es\/venecia\/vida-nocturna\/#breadcrumb\",\"itemListElement\":[{\"@type\":\"ListItem\",\"position\":1,\"name\":\"Home\",\"item\":\"https:\/\/www.indigovenice.com\/es\/\"},{\"@type\":\"ListItem\",\"position\":2,\"name\":\"Venecia\",\"item\":\"https:\/\/www.indigovenice.com\/es\/venecia\/\"},{\"@type\":\"ListItem\",\"position\":3,\"name\":\"Vida nocturna\"}]},{\"@type\":\"WebSite\",\"@id\":\"https:\/\/www.indigovenice.com\/es\/#website\",\"url\":\"https:\/\/www.indigovenice.com\/es\/\",\"name\":\"Hotel Indigo Venice - Sant'Elena\",\"description\":\"Just another ms.decms.eu site\",\"potentialAction\":[{\"@type\":\"SearchAction\",\"target\":{\"@type\":\"EntryPoint\",\"urlTemplate\":\"https:\/\/www.indigovenice.com\/es\/?s={search_term_string}\"},\"query-input\":{\"@type\":\"PropertyValueSpecification\",\"valueRequired\":true,\"valueName\":\"search_term_string\"}}],\"inLanguage\":\"es\"}]}<\/script>\n<!-- \/ Yoast SEO plugin. -->","yoast_head_json":{"title":"Descubra la vida nocturna de Venecia con el Hotel Indigo Sant'Elena","description":"La vida nocturna de Venecia y el Lido es muy animada. \u00a1Descubra la vida nocturna de Venecia aloj\u00e1ndose en el Hotel Indigo Venecia Sant'Elena!","robots":{"index":"index","follow":"follow","max-snippet":"max-snippet:-1","max-image-preview":"max-image-preview:large","max-video-preview":"max-video-preview:-1"},"canonical":"https:\/\/www.indigovenice.com\/es\/venecia\/vida-nocturna\/","og_locale":"es_ES","og_type":"article","og_title":"Descubra la vida nocturna de Venecia con el Hotel Indigo Sant'Elena","og_description":"La vida nocturna de Venecia y el Lido es muy animada. \u00a1Descubra la vida nocturna de Venecia aloj\u00e1ndose en el Hotel Indigo Venecia Sant'Elena!","og_url":"https:\/\/www.indigovenice.com\/es\/venecia\/vida-nocturna\/","og_site_name":"Hotel Indigo Venice - Sant'Elena","article_modified_time":"2019-06-24T16:09:55+00:00","twitter_card":"summary_large_image","twitter_misc":{"Tiempo de lectura":"1 minuto"},"schema":{"@context":"https:\/\/schema.org","@graph":[{"@type":"WebPage","@id":"https:\/\/www.indigovenice.com\/es\/venecia\/vida-nocturna\/","url":"https:\/\/www.indigovenice.com\/es\/venecia\/vida-nocturna\/","name":"Descubra la vida nocturna de Venecia con el Hotel Indigo Sant'Elena","isPartOf":{"@id":"https:\/\/www.indigovenice.com\/es\/#website"},"datePublished":"2019-06-05T21:34:18+00:00","dateModified":"2019-06-24T16:09:55+00:00","description":"La vida nocturna de Venecia y el Lido es muy animada. \u00a1Descubra la vida nocturna de Venecia aloj\u00e1ndose en el Hotel Indigo Venecia Sant'Elena!","breadcrumb":{"@id":"https:\/\/www.indigovenice.com\/es\/venecia\/vida-nocturna\/#breadcrumb"},"inLanguage":"es","potentialAction":[{"@type":"ReadAction","target":["https:\/\/www.indigovenice.com\/es\/venecia\/vida-nocturna\/"]}]},{"@type":"BreadcrumbList","@id":"https:\/\/www.indigovenice.com\/es\/venecia\/vida-nocturna\/#breadcrumb","itemListElement":[{"@type":"ListItem","position":1,"name":"Home","item":"https:\/\/www.indigovenice.com\/es\/"},{"@type":"ListItem","position":2,"name":"Venecia","item":"https:\/\/www.indigovenice.com\/es\/venecia\/"},{"@type":"ListItem","position":3,"name":"Vida nocturna"}]},{"@type":"WebSite","@id":"https:\/\/www.indigovenice.com\/es\/#website","url":"https:\/\/www.indigovenice.com\/es\/","name":"Hotel Indigo Venice - Sant'Elena","description":"Just another ms.decms.eu site","potentialAction":[{"@type":"SearchAction","target":{"@type":"EntryPoint","urlTemplate":"https:\/\/www.indigovenice.com\/es\/?s={search_term_string}"},"query-input":{"@type":"PropertyValueSpecification","valueRequired":true,"valueName":"search_term_string"}}],"inLanguage":"es"}]}},"acf":[],"_links":{"self":[{"href":"https:\/\/www.indigovenice.com\/es\/wp-json\/wp\/v2\/pages\/612","targetHints":{"allow":["GET"]}}],"collection":[{"href":"https:\/\/www.indigovenice.com\/es\/wp-json\/wp\/v2\/pages"}],"about":[{"href":"https:\/\/www.indigovenice.com\/es\/wp-json\/wp\/v2\/types\/page"}],"author":[{"embeddable":true,"href":"https:\/\/www.indigovenice.com\/es\/wp-json\/wp\/v2\/users\/7"}],"replies":[{"embeddable":true,"href":"https:\/\/www.indigovenice.com\/es\/wp-json\/wp\/v2\/comments?post=612"}],"version-history":[{"count":0,"href":"https:\/\/www.indigovenice.com\/es\/wp-json\/wp\/v2\/pages\/612\/revisions"}],"up":[{"embeddable":true,"href":"https:\/\/www.indigovenice.com\/es\/wp-json\/wp\/v2\/pages\/535"}],"wp:attachment":[{"href":"https:\/\/www.indigovenice.com\/es\/wp-json\/wp\/v2\/media?parent=612"}],"curies":[{"name":"wp","href":"https:\/\/api.w.org\/{rel}","templated":true}]}}