{"id":653,"date":"2019-06-06T12:24:00","date_gmt":"2019-06-06T12:24:00","guid":{"rendered":"http:\/\/st-elena.ms.decms.eu\/?page_id=653"},"modified":"2025-09-18T11:36:03","modified_gmt":"2025-09-18T11:36:03","slug":"desayuno","status":"publish","type":"page","link":"https:\/\/www.indigovenice.com\/es\/restaurante\/desayuno\/","title":{"rendered":"Desayuno"},"content":{"rendered":"<p>El men\u00fa incluye desde cruasanes calientes y deliciosas tartas con un humeante caf\u00e9 o un capuchino, hasta quesos frescos y huevos acompa\u00f1ados con una copa de Prosecco.<\/p>\n<p>Durante la temporada de verano, el desayuno tambi\u00e9n se sirve al aire libre y, en los d\u00edas soleados, podr\u00e1 tomar su caf\u00e9 de la ma\u00f1ana tumbado en las tumbonas de <strong>nuestro jard\u00edn<\/strong> mientras disfruta de la tranquilidad de su alrededor.<\/p>\n","protected":false},"excerpt":{"rendered":"<p>El men\u00fa incluye desde cruasanes calientes y deliciosas tartas con un humeante caf\u00e9 o un capuchino, hasta quesos frescos y huevos acompa\u00f1ados con una copa de Prosecco. Durante la temporada de verano, el desayuno tambi\u00e9n se sirve al aire libre y, en los d\u00edas soleados, podr\u00e1 tomar su caf\u00e9 de la ma\u00f1ana tumbado en las [&hellip;]<\/p>\n","protected":false},"author":3,"featured_media":0,"parent":652,"menu_order":1,"comment_status":"closed","ping_status":"closed","template":"","meta":{"footnotes":""},"class_list":["post-653","page","type-page","status-publish","hentry"],"yoast_head":"<!-- This site is optimized with the Yoast SEO plugin v26.9 - https:\/\/yoast.com\/product\/yoast-seo-wordpress\/ -->\n<title>Desayuno internacional Venecia | Hotel Indigo Venecia Sant&#039;Elena<\/title>\n<meta name=\"description\" content=\"El desayuno del Hotel Indigo Sant&#039;Elena ofrece productos dulces y salados frescos, \u00a1tambi\u00e9n sin gluten! \u00a1Empiece su d\u00eda en Venecia con energ\u00eda y entusiasmo!\" \/>\n<meta name=\"robots\" content=\"index, follow, max-snippet:-1, max-image-preview:large, max-video-preview:-1\" \/>\n<link rel=\"canonical\" href=\"https:\/\/www.indigovenice.com\/es\/restaurante\/desayuno\/\" \/>\n<meta property=\"og:locale\" content=\"es_ES\" \/>\n<meta property=\"og:type\" content=\"article\" \/>\n<meta property=\"og:title\" content=\"Desayuno internacional Venecia | Hotel Indigo Venecia Sant&#039;Elena\" \/>\n<meta property=\"og:description\" content=\"El desayuno del Hotel Indigo Sant&#039;Elena ofrece productos dulces y salados frescos, \u00a1tambi\u00e9n sin gluten! \u00a1Empiece su d\u00eda en Venecia con energ\u00eda y entusiasmo!\" \/>\n<meta property=\"og:url\" content=\"https:\/\/www.indigovenice.com\/es\/restaurante\/desayuno\/\" \/>\n<meta property=\"og:site_name\" content=\"Hotel Indigo Venice - Sant&#039;Elena\" \/>\n<meta property=\"article:modified_time\" content=\"2025-09-18T11:36:03+00:00\" \/>\n<meta name=\"twitter:card\" content=\"summary_large_image\" \/>\n<meta name=\"twitter:label1\" content=\"Tiempo de lectura\" \/>\n\t<meta name=\"twitter:data1\" content=\"1 minuto\" \/>\n<script type=\"application\/ld+json\" class=\"yoast-schema-graph\">{\"@context\":\"https:\/\/schema.org\",\"@graph\":[{\"@type\":\"WebPage\",\"@id\":\"https:\/\/www.indigovenice.com\/es\/restaurante\/desayuno\/\",\"url\":\"https:\/\/www.indigovenice.com\/es\/restaurante\/desayuno\/\",\"name\":\"Desayuno internacional Venecia | Hotel Indigo Venecia Sant'Elena\",\"isPartOf\":{\"@id\":\"https:\/\/www.indigovenice.com\/es\/#website\"},\"datePublished\":\"2019-06-06T12:24:00+00:00\",\"dateModified\":\"2025-09-18T11:36:03+00:00\",\"description\":\"El desayuno del Hotel Indigo Sant'Elena ofrece productos dulces y salados frescos, \u00a1tambi\u00e9n sin gluten! \u00a1Empiece su d\u00eda en Venecia con energ\u00eda y entusiasmo!\",\"breadcrumb\":{\"@id\":\"https:\/\/www.indigovenice.com\/es\/restaurante\/desayuno\/#breadcrumb\"},\"inLanguage\":\"es\",\"potentialAction\":[{\"@type\":\"ReadAction\",\"target\":[\"https:\/\/www.indigovenice.com\/es\/restaurante\/desayuno\/\"]}]},{\"@type\":\"BreadcrumbList\",\"@id\":\"https:\/\/www.indigovenice.com\/es\/restaurante\/desayuno\/#breadcrumb\",\"itemListElement\":[{\"@type\":\"ListItem\",\"position\":1,\"name\":\"Home\",\"item\":\"https:\/\/www.indigovenice.com\/es\/\"},{\"@type\":\"ListItem\",\"position\":2,\"name\":\"Restaurante y Lounge Savor\",\"item\":\"https:\/\/www.indigovenice.com\/es\/restaurante\/\"},{\"@type\":\"ListItem\",\"position\":3,\"name\":\"Desayuno\"}]},{\"@type\":\"WebSite\",\"@id\":\"https:\/\/www.indigovenice.com\/es\/#website\",\"url\":\"https:\/\/www.indigovenice.com\/es\/\",\"name\":\"Hotel Indigo Venice - Sant'Elena\",\"description\":\"Just another ms.decms.eu site\",\"potentialAction\":[{\"@type\":\"SearchAction\",\"target\":{\"@type\":\"EntryPoint\",\"urlTemplate\":\"https:\/\/www.indigovenice.com\/es\/?s={search_term_string}\"},\"query-input\":{\"@type\":\"PropertyValueSpecification\",\"valueRequired\":true,\"valueName\":\"search_term_string\"}}],\"inLanguage\":\"es\"}]}<\/script>\n<!-- \/ Yoast SEO plugin. -->","yoast_head_json":{"title":"Desayuno internacional Venecia | Hotel Indigo Venecia Sant'Elena","description":"El desayuno del Hotel Indigo Sant'Elena ofrece productos dulces y salados frescos, \u00a1tambi\u00e9n sin gluten! \u00a1Empiece su d\u00eda en Venecia con energ\u00eda y entusiasmo!","robots":{"index":"index","follow":"follow","max-snippet":"max-snippet:-1","max-image-preview":"max-image-preview:large","max-video-preview":"max-video-preview:-1"},"canonical":"https:\/\/www.indigovenice.com\/es\/restaurante\/desayuno\/","og_locale":"es_ES","og_type":"article","og_title":"Desayuno internacional Venecia | Hotel Indigo Venecia Sant'Elena","og_description":"El desayuno del Hotel Indigo Sant'Elena ofrece productos dulces y salados frescos, \u00a1tambi\u00e9n sin gluten! \u00a1Empiece su d\u00eda en Venecia con energ\u00eda y entusiasmo!","og_url":"https:\/\/www.indigovenice.com\/es\/restaurante\/desayuno\/","og_site_name":"Hotel Indigo Venice - Sant'Elena","article_modified_time":"2025-09-18T11:36:03+00:00","twitter_card":"summary_large_image","twitter_misc":{"Tiempo de lectura":"1 minuto"},"schema":{"@context":"https:\/\/schema.org","@graph":[{"@type":"WebPage","@id":"https:\/\/www.indigovenice.com\/es\/restaurante\/desayuno\/","url":"https:\/\/www.indigovenice.com\/es\/restaurante\/desayuno\/","name":"Desayuno internacional Venecia | Hotel Indigo Venecia Sant'Elena","isPartOf":{"@id":"https:\/\/www.indigovenice.com\/es\/#website"},"datePublished":"2019-06-06T12:24:00+00:00","dateModified":"2025-09-18T11:36:03+00:00","description":"El desayuno del Hotel Indigo Sant'Elena ofrece productos dulces y salados frescos, \u00a1tambi\u00e9n sin gluten! \u00a1Empiece su d\u00eda en Venecia con energ\u00eda y entusiasmo!","breadcrumb":{"@id":"https:\/\/www.indigovenice.com\/es\/restaurante\/desayuno\/#breadcrumb"},"inLanguage":"es","potentialAction":[{"@type":"ReadAction","target":["https:\/\/www.indigovenice.com\/es\/restaurante\/desayuno\/"]}]},{"@type":"BreadcrumbList","@id":"https:\/\/www.indigovenice.com\/es\/restaurante\/desayuno\/#breadcrumb","itemListElement":[{"@type":"ListItem","position":1,"name":"Home","item":"https:\/\/www.indigovenice.com\/es\/"},{"@type":"ListItem","position":2,"name":"Restaurante y Lounge Savor","item":"https:\/\/www.indigovenice.com\/es\/restaurante\/"},{"@type":"ListItem","position":3,"name":"Desayuno"}]},{"@type":"WebSite","@id":"https:\/\/www.indigovenice.com\/es\/#website","url":"https:\/\/www.indigovenice.com\/es\/","name":"Hotel Indigo Venice - Sant'Elena","description":"Just another ms.decms.eu site","potentialAction":[{"@type":"SearchAction","target":{"@type":"EntryPoint","urlTemplate":"https:\/\/www.indigovenice.com\/es\/?s={search_term_string}"},"query-input":{"@type":"PropertyValueSpecification","valueRequired":true,"valueName":"search_term_string"}}],"inLanguage":"es"}]}},"acf":[],"_links":{"self":[{"href":"https:\/\/www.indigovenice.com\/es\/wp-json\/wp\/v2\/pages\/653","targetHints":{"allow":["GET"]}}],"collection":[{"href":"https:\/\/www.indigovenice.com\/es\/wp-json\/wp\/v2\/pages"}],"about":[{"href":"https:\/\/www.indigovenice.com\/es\/wp-json\/wp\/v2\/types\/page"}],"author":[{"embeddable":true,"href":"https:\/\/www.indigovenice.com\/es\/wp-json\/wp\/v2\/users\/3"}],"replies":[{"embeddable":true,"href":"https:\/\/www.indigovenice.com\/es\/wp-json\/wp\/v2\/comments?post=653"}],"version-history":[{"count":0,"href":"https:\/\/www.indigovenice.com\/es\/wp-json\/wp\/v2\/pages\/653\/revisions"}],"up":[{"embeddable":true,"href":"https:\/\/www.indigovenice.com\/es\/wp-json\/wp\/v2\/pages\/652"}],"wp:attachment":[{"href":"https:\/\/www.indigovenice.com\/es\/wp-json\/wp\/v2\/media?parent=653"}],"curies":[{"name":"wp","href":"https:\/\/api.w.org\/{rel}","templated":true}]}}