{"id":1204,"date":"2019-06-18T13:48:08","date_gmt":"2019-06-18T13:48:08","guid":{"rendered":"http:\/\/st-elena.ms.decms.eu\/lhotel\/neighborhood-story\/"},"modified":"2019-09-27T12:41:40","modified_gmt":"2019-09-27T12:41:40","slug":"neighborhood-story","status":"publish","type":"page","link":"https:\/\/www.indigovenice.com\/fr\/lhotel\/neighborhood-story\/","title":{"rendered":"Un quartier tranquille"},"content":{"rendered":"<p>Dire que Venise est anim\u00e9e est un euph\u00e9misme. La ville compte 55 000 habitants et attire environ 30 millions de visiteurs chaque ann\u00e9e. Malgr\u00e9 cette immense popularit\u00e9, certains quartiers de la ville restent encore \u00e0 d\u00e9couvrir. Notre quartier de Sant\u2019Elena, par exemple, offre l&rsquo;atmosph\u00e8re d&rsquo;une petite ville italienne somnolente. Vous y verrez davantage de V\u00e9nitiens qui prom\u00e8nent leur chien que de bus d\u00e9bordant de touristes.<\/p>\n<p>Retraite spirituelle apr\u00e8s la foule de Saint-Marc, Sant\u2019Elena est au calme tout en offrant une multitude de choses \u00e0 d\u00e9couvrir. Centre mondial de l&rsquo;art et de la culture modernes, elle offre au visiteur l&rsquo;occasion de d\u00e9couvrir un aspect insolite de Venise.<\/p>\n<p><strong>Se rendre \u00e0 Venise sans aller admirer la Basilique Saint-Marc, le Pont des Soupirs et le Palais des Doges serait bien entendu absurde, et ces monuments c\u00e9l\u00e8bres dans le monde entier sont tout proches de Sant\u2019Elena. La distance qui s\u00e9pare Sant\u2019Elena et Saint-Marc est r\u00e9duite &#8211; mais le quartier semble malgr\u00e9 cela appartenir \u00e0 un autre monde. Jusqu&rsquo;\u00e0 la premi\u00e8re guerre mondiale, Sant\u2019Elena \u00e9tait une \u00eele s\u00e9par\u00e9e du reste de la ville \u00e0 hauteur de la pointe Est de Castello, le plus grand des six sestieri (quartiers) de Venise. Elle a gard\u00e9 son atmosph\u00e8re insulaire. <\/strong><\/p>\n","protected":false},"excerpt":{"rendered":"<p>Dire que Venise est anim\u00e9e est un euph\u00e9misme. La ville compte 55 000 habitants et attire environ 30 millions de visiteurs chaque ann\u00e9e. Malgr\u00e9 cette immense popularit\u00e9, certains quartiers de la ville restent encore \u00e0 d\u00e9couvrir. Notre quartier de Sant\u2019Elena, par exemple, offre l&rsquo;atmosph\u00e8re d&rsquo;une petite ville italienne somnolente. Vous y verrez davantage de V\u00e9nitiens [&hellip;]<\/p>\n","protected":false},"author":7,"featured_media":0,"parent":237,"menu_order":7,"comment_status":"closed","ping_status":"closed","template":"template-neighborhood.php","meta":{"footnotes":""},"class_list":["post-1204","page","type-page","status-publish","hentry"],"yoast_head":"<!-- This site is optimized with the Yoast SEO plugin v26.9 - https:\/\/yoast.com\/product\/yoast-seo-wordpress\/ -->\n<title>Neighborhood Hotel Indigo Venice | Sant&#039;Elena Venezia<\/title>\n<meta name=\"description\" content=\"The Sant&#039;Elena district is located in the Castello district, sheltered from the crowded frenzy of the Venetian streets. Check out the location of Hotel Indigo Venice.\" \/>\n<meta name=\"robots\" content=\"index, follow, max-snippet:-1, max-image-preview:large, max-video-preview:-1\" \/>\n<link rel=\"canonical\" href=\"https:\/\/www.indigovenice.com\/fr\/lhotel\/neighborhood-story\/\" \/>\n<meta property=\"og:locale\" content=\"fr_FR\" \/>\n<meta property=\"og:type\" content=\"article\" \/>\n<meta property=\"og:title\" content=\"Neighborhood Hotel Indigo Venice | Sant&#039;Elena Venezia\" \/>\n<meta property=\"og:description\" content=\"The Sant&#039;Elena district is located in the Castello district, sheltered from the crowded frenzy of the Venetian streets. Check out the location of Hotel Indigo Venice.\" \/>\n<meta property=\"og:url\" content=\"https:\/\/www.indigovenice.com\/fr\/lhotel\/neighborhood-story\/\" \/>\n<meta property=\"og:site_name\" content=\"Hotel Indigo Venice - Sant&#039;Elena\" \/>\n<meta property=\"article:modified_time\" content=\"2019-09-27T12:41:40+00:00\" \/>\n<meta name=\"twitter:card\" content=\"summary_large_image\" \/>\n<meta name=\"twitter:label1\" content=\"Dur\u00e9e de lecture estim\u00e9e\" \/>\n\t<meta name=\"twitter:data1\" content=\"1 minute\" \/>\n<script type=\"application\/ld+json\" class=\"yoast-schema-graph\">{\"@context\":\"https:\/\/schema.org\",\"@graph\":[{\"@type\":\"WebPage\",\"@id\":\"https:\/\/www.indigovenice.com\/fr\/lhotel\/neighborhood-story\/\",\"url\":\"https:\/\/www.indigovenice.com\/fr\/lhotel\/neighborhood-story\/\",\"name\":\"Neighborhood Hotel Indigo Venice | Sant'Elena Venezia\",\"isPartOf\":{\"@id\":\"https:\/\/www.indigovenice.com\/fr\/#website\"},\"datePublished\":\"2019-06-18T13:48:08+00:00\",\"dateModified\":\"2019-09-27T12:41:40+00:00\",\"description\":\"The Sant'Elena district is located in the Castello district, sheltered from the crowded frenzy of the Venetian streets. Check out the location of Hotel Indigo Venice.\",\"breadcrumb\":{\"@id\":\"https:\/\/www.indigovenice.com\/fr\/lhotel\/neighborhood-story\/#breadcrumb\"},\"inLanguage\":\"fr-FR\",\"potentialAction\":[{\"@type\":\"ReadAction\",\"target\":[\"https:\/\/www.indigovenice.com\/fr\/lhotel\/neighborhood-story\/\"]}]},{\"@type\":\"BreadcrumbList\",\"@id\":\"https:\/\/www.indigovenice.com\/fr\/lhotel\/neighborhood-story\/#breadcrumb\",\"itemListElement\":[{\"@type\":\"ListItem\",\"position\":1,\"name\":\"Home\",\"item\":\"https:\/\/www.indigovenice.com\/fr\/\"},{\"@type\":\"ListItem\",\"position\":2,\"name\":\"L&#8217;H\u00f4tel\",\"item\":\"https:\/\/www.indigovenice.com\/fr\/lhotel\/\"},{\"@type\":\"ListItem\",\"position\":3,\"name\":\"Un quartier tranquille\"}]},{\"@type\":\"WebSite\",\"@id\":\"https:\/\/www.indigovenice.com\/fr\/#website\",\"url\":\"https:\/\/www.indigovenice.com\/fr\/\",\"name\":\"Hotel Indigo Venice - Sant'Elena\",\"description\":\"Just another ms.decms.eu site\",\"potentialAction\":[{\"@type\":\"SearchAction\",\"target\":{\"@type\":\"EntryPoint\",\"urlTemplate\":\"https:\/\/www.indigovenice.com\/fr\/?s={search_term_string}\"},\"query-input\":{\"@type\":\"PropertyValueSpecification\",\"valueRequired\":true,\"valueName\":\"search_term_string\"}}],\"inLanguage\":\"fr-FR\"}]}<\/script>\n<!-- \/ Yoast SEO plugin. -->","yoast_head_json":{"title":"Neighborhood Hotel Indigo Venice | Sant'Elena Venezia","description":"The Sant'Elena district is located in the Castello district, sheltered from the crowded frenzy of the Venetian streets. Check out the location of Hotel Indigo Venice.","robots":{"index":"index","follow":"follow","max-snippet":"max-snippet:-1","max-image-preview":"max-image-preview:large","max-video-preview":"max-video-preview:-1"},"canonical":"https:\/\/www.indigovenice.com\/fr\/lhotel\/neighborhood-story\/","og_locale":"fr_FR","og_type":"article","og_title":"Neighborhood Hotel Indigo Venice | Sant'Elena Venezia","og_description":"The Sant'Elena district is located in the Castello district, sheltered from the crowded frenzy of the Venetian streets. Check out the location of Hotel Indigo Venice.","og_url":"https:\/\/www.indigovenice.com\/fr\/lhotel\/neighborhood-story\/","og_site_name":"Hotel Indigo Venice - Sant'Elena","article_modified_time":"2019-09-27T12:41:40+00:00","twitter_card":"summary_large_image","twitter_misc":{"Dur\u00e9e de lecture estim\u00e9e":"1 minute"},"schema":{"@context":"https:\/\/schema.org","@graph":[{"@type":"WebPage","@id":"https:\/\/www.indigovenice.com\/fr\/lhotel\/neighborhood-story\/","url":"https:\/\/www.indigovenice.com\/fr\/lhotel\/neighborhood-story\/","name":"Neighborhood Hotel Indigo Venice | Sant'Elena Venezia","isPartOf":{"@id":"https:\/\/www.indigovenice.com\/fr\/#website"},"datePublished":"2019-06-18T13:48:08+00:00","dateModified":"2019-09-27T12:41:40+00:00","description":"The Sant'Elena district is located in the Castello district, sheltered from the crowded frenzy of the Venetian streets. Check out the location of Hotel Indigo Venice.","breadcrumb":{"@id":"https:\/\/www.indigovenice.com\/fr\/lhotel\/neighborhood-story\/#breadcrumb"},"inLanguage":"fr-FR","potentialAction":[{"@type":"ReadAction","target":["https:\/\/www.indigovenice.com\/fr\/lhotel\/neighborhood-story\/"]}]},{"@type":"BreadcrumbList","@id":"https:\/\/www.indigovenice.com\/fr\/lhotel\/neighborhood-story\/#breadcrumb","itemListElement":[{"@type":"ListItem","position":1,"name":"Home","item":"https:\/\/www.indigovenice.com\/fr\/"},{"@type":"ListItem","position":2,"name":"L&#8217;H\u00f4tel","item":"https:\/\/www.indigovenice.com\/fr\/lhotel\/"},{"@type":"ListItem","position":3,"name":"Un quartier tranquille"}]},{"@type":"WebSite","@id":"https:\/\/www.indigovenice.com\/fr\/#website","url":"https:\/\/www.indigovenice.com\/fr\/","name":"Hotel Indigo Venice - Sant'Elena","description":"Just another ms.decms.eu site","potentialAction":[{"@type":"SearchAction","target":{"@type":"EntryPoint","urlTemplate":"https:\/\/www.indigovenice.com\/fr\/?s={search_term_string}"},"query-input":{"@type":"PropertyValueSpecification","valueRequired":true,"valueName":"search_term_string"}}],"inLanguage":"fr-FR"}]}},"acf":[],"_links":{"self":[{"href":"https:\/\/www.indigovenice.com\/fr\/wp-json\/wp\/v2\/pages\/1204","targetHints":{"allow":["GET"]}}],"collection":[{"href":"https:\/\/www.indigovenice.com\/fr\/wp-json\/wp\/v2\/pages"}],"about":[{"href":"https:\/\/www.indigovenice.com\/fr\/wp-json\/wp\/v2\/types\/page"}],"author":[{"embeddable":true,"href":"https:\/\/www.indigovenice.com\/fr\/wp-json\/wp\/v2\/users\/7"}],"replies":[{"embeddable":true,"href":"https:\/\/www.indigovenice.com\/fr\/wp-json\/wp\/v2\/comments?post=1204"}],"version-history":[{"count":0,"href":"https:\/\/www.indigovenice.com\/fr\/wp-json\/wp\/v2\/pages\/1204\/revisions"}],"up":[{"embeddable":true,"href":"https:\/\/www.indigovenice.com\/fr\/wp-json\/wp\/v2\/pages\/237"}],"wp:attachment":[{"href":"https:\/\/www.indigovenice.com\/fr\/wp-json\/wp\/v2\/media?parent=1204"}],"curies":[{"name":"wp","href":"https:\/\/api.w.org\/{rel}","templated":true}]}}