{"id":1717,"date":"2020-11-03T16:16:52","date_gmt":"2020-11-03T16:16:52","guid":{"rendered":"https:\/\/www.indigovenice.com\/?page_id=1717"},"modified":"2020-11-05T09:04:22","modified_gmt":"2020-11-05T09:04:22","slug":"demandez-un-devis","status":"publish","type":"page","link":"https:\/\/www.indigovenice.com\/fr\/demandez-un-devis\/","title":{"rendered":"Demande de devis en ligne"},"content":{"rendered":"<p>Composez librement vos d\u00e9tails de s\u00e9jour \u00e0 Venise gr\u00e2ce au formulaire ci-dessus.<br \/>\nVous recevrez tr\u00e8s rapidement un\u00a0<strong>devis personnalis\u00e9 et sans engagement<\/strong>\u00a0conforme \u00e0 votre demande.<\/p>\n<p>&nbsp;<\/p>\n\n                <div class='gf_browser_chrome gform_wrapper' id='gform_wrapper_32' ><div id='gf_32' class='gform_anchor' tabindex='-1'><\/div><form method='post' enctype='multipart\/form-data' target='gform_ajax_frame_32' id='gform_32'  action='\/fr\/wp-json\/wp\/v2\/pages\/1717#gf_32'>\n                        <div class='gform_body'><ul id='gform_fields_32' class='gform_fields top_label form_sublabel_below description_below'><li id='field_32_1'  class='gfield gravity_label_request medium gfield_contains_required field_sublabel_below field_description_below gfield_visibility_visible' ><label class='gfield_label' for='input_32_1' >Check in<span class='gfield_required'>*<\/span><\/label><div class='ginput_container ginput_container_date'>\n                            <input name='input_1' id='input_32_1' type='text' value='' class='datepicker medium dmy datepicker_with_icon'    aria-describedby='input_32_1_date_format' \/>\n                            <span id='input_32_1_date_format' class='screen-reader-text'>Date Format: JJ slash MM slash AAAA<\/span>\n                        <\/div>\n                        <input type='hidden' id='gforms_calendar_icon_input_32_1' class='gform_hidden' value='https:\/\/www.indigovenice.com\/wp-content\/plugins\/gravityforms\/images\/calendar.png'\/><\/li><li id='field_32_2'  class='gfield gravity_label_request medium gfield_contains_required field_sublabel_below field_description_below gfield_visibility_visible' ><label class='gfield_label' for='input_32_2' >Check out<span class='gfield_required'>*<\/span><\/label><div class='ginput_container ginput_container_date'>\n                            <input name='input_2' id='input_32_2' type='text' value='' class='datepicker medium dmy datepicker_with_icon'    aria-describedby='input_32_2_date_format' \/>\n                            <span id='input_32_2_date_format' class='screen-reader-text'>Date Format: JJ slash MM slash AAAA<\/span>\n                        <\/div>\n                        <input type='hidden' id='gforms_calendar_icon_input_32_2' class='gform_hidden' value='https:\/\/www.indigovenice.com\/wp-content\/plugins\/gravityforms\/images\/calendar.png'\/><\/li><li id='field_32_3'  class='gfield gravity_label_request small gfield_contains_required field_sublabel_below field_description_below gfield_visibility_visible' ><label class='gfield_label' for='input_32_3' >Chambres<span class='gfield_required'>*<\/span><\/label><div class='ginput_container ginput_container_select'><select name='input_3' id='input_32_3' class='medium gfield_select'   aria-required=\"true\" aria-invalid=\"false\"><option value='1' selected='selected'>1<\/option><option value='2' >2<\/option><option value='3' >3<\/option><option value='4' >4<\/option><option value='5' >5<\/option><option value='6' >6<\/option><option value='7' >7<\/option><option value='8' >8<\/option><option value='9' >9<\/option><option value='10' >10<\/option><option value='11' >11<\/option><option value='12' >12<\/option><option value='13' >13<\/option><option value='14' >14<\/option><option value='15' >15<\/option><option value='16' >16<\/option><option value='17' >17<\/option><option value='18' >18<\/option><option value='19' >19<\/option><option value='20' >20<\/option><\/select><\/div><\/li><li id='field_32_4'  class='gfield gravity_label_request small gfield_contains_required field_sublabel_below field_description_below gfield_visibility_visible' ><label class='gfield_label' for='input_32_4' >Adultes<span class='gfield_required'>*<\/span><\/label><div class='ginput_container ginput_container_select'><select name='input_4' id='input_32_4' class='medium gfield_select'   aria-required=\"true\" aria-invalid=\"false\"><option value='1' >1<\/option><option value='2' selected='selected'>2<\/option><option value='3' >3<\/option><option value='4' >4<\/option><option value='5' >5<\/option><option value='6' >6<\/option><option value='7' >7<\/option><option value='8' >8<\/option><option value='9' >9<\/option><option value='10' >10<\/option><option value='11' >11<\/option><option value='12' >12<\/option><option value='13' >13<\/option><option value='14' >14<\/option><option value='15' >15<\/option><option value='16' >16<\/option><option value='17' >17<\/option><option value='18' >18<\/option><option value='19' >19<\/option><option value='20' >20<\/option><\/select><\/div><\/li><li id='field_32_5'  class='gfield gravity_label_request small gfield_contains_required field_sublabel_below field_description_below gfield_visibility_visible' ><label class='gfield_label' for='input_32_5' >Enfants<span class='gfield_required'>*<\/span><\/label><div class='ginput_container ginput_container_select'><select name='input_5' id='input_32_5' class='medium gfield_select'   aria-required=\"true\" aria-invalid=\"false\"><option value='0' selected='selected'>0<\/option><option value='1' >1<\/option><option value='2' >2<\/option><option value='3' >3<\/option><option value='4' >4<\/option><option value='5' >5<\/option><option value='6' >6<\/option><option value='7' >7<\/option><option value='8' >8<\/option><option value='9' >9<\/option><option value='10' >10<\/option><\/select><\/div><\/li><li id='field_32_6'  class='gfield gravity_label_request medium gfield_contains_required field_sublabel_below field_description_below gfield_visibility_visible' ><label class='gfield_label' for='input_32_6' >Nom<span class='gfield_required'>*<\/span><\/label><div class='ginput_container ginput_container_text'><input name='input_6' id='input_32_6' type='text' value='' class='medium'     aria-required=\"true\" aria-invalid=\"false\" \/><\/div><\/li><li id='field_32_7'  class='gfield gravity_label_request medium gfield_contains_required field_sublabel_below field_description_below gfield_visibility_visible' ><label class='gfield_label' for='input_32_7' >Pr\u00e9nom<span class='gfield_required'>*<\/span><\/label><div class='ginput_container ginput_container_text'><input name='input_7' id='input_32_7' type='text' value='' class='medium'     aria-required=\"true\" aria-invalid=\"false\" \/><\/div><\/li><li id='field_32_8'  class='gfield gravity_label_request medium gfield_contains_required field_sublabel_below field_description_below gfield_visibility_visible' ><label class='gfield_label' for='input_32_8' >E-mail<span class='gfield_required'>*<\/span><\/label><div class='ginput_container ginput_container_email'>\n                            <input name='input_8' id='input_32_8' type='text' value='' class='medium'    aria-required=\"true\" aria-invalid=\"false\" \/>\n                        <\/div><\/li><li id='field_32_9'  class='gfield gravity_label_request medium field_sublabel_below field_description_below gfield_visibility_visible' ><label class='gfield_label' for='input_32_9' >T\u00e9l\u00e9phone<\/label><div class='ginput_container ginput_container_phone'><input name='input_9' id='input_32_9' type='text' value='' class='medium'    aria-invalid=\"false\"  \/><\/div><\/li><li id='field_32_10'  class='gfield gravity_label_request full field_sublabel_below field_description_below gfield_visibility_visible' ><label class='gfield_label' for='input_32_10' >Message<\/label><div class='ginput_container ginput_container_textarea'><textarea name='input_10' id='input_32_10' class='textarea medium'      aria-invalid=\"false\"   rows='10' cols='50'><\/textarea><\/div><\/li><li id='field_32_14'  class='gfield gravity_label_request full privacy gfield_html gfield_html_formatted gfield_no_follows_desc field_sublabel_below field_description_below gfield_visibility_visible' ><span>En confirmant que j'ai lu et compris la <a href=\"https:\/\/www.indigovenice.com\/fr\/privacy\/\" target=\"_blank\">politique de confidentialit\u00e9<\/a>:<\/span><\/li><li id='field_32_13'  class='gfield field_sublabel_below field_description_below gfield_visibility_visible' ><label class='gfield_label' for='input_32_13' >CAPTCHA<\/label><div id='input_32_13' class='ginput_container ginput_recaptcha' data-sitekey='6Le_m94ZAAAAABTmjfxK3IA0CbepkAozIVeHCtIv'  data-theme='light' data-tabindex='0'  data-badge=''><\/div><\/li><li id='field_32_12'  class='gfield gravity_label_request full consent gfield_contains_required field_sublabel_below field_description_below gfield_visibility_visible' ><label class='gfield_label'  >Privacy<span class='gfield_required'>*<\/span><\/label><div class='ginput_container ginput_container_consent'><input name='input_12.1' id='input_32_12_1' type='checkbox' value='1'   aria-required=\"true\" aria-invalid=\"false\"   \/> <label class=\"gfield_consent_label\" for='input_32_12_1' >Je confirme avoir pris connaissance de la <a href=\"\/privacy\"> politique de confidentialit\u00e9 <\/a> et j'accepte le traitement de mes donn\u00e9es personnelles.<\/label><input type='hidden' name='input_12.2' value='Je confirme avoir pris connaissance de la &lt;a href=&quot;\/privacy&quot;&gt; politique de confidentialit\u00e9 &lt;\/a&gt; et j&#039;accepte le traitement de mes donn\u00e9es personnelles.' class='gform_hidden' \/><input type='hidden' name='input_12.3' value='8' class='gform_hidden' \/><\/div><\/li><li id='field_32_20'  class='gfield field_sublabel_below field_description_below gfield_visibility_visible' ><label class='gfield_label'  >Newsletter<\/label><div class='ginput_container ginput_container_consent'><input name='input_20.1' id='input_32_20_1' type='checkbox' value='1'    aria-invalid=\"false\"   \/> <label class=\"gfield_consent_label\" for='input_32_20_1' ><span style=\"margin-top: 8px\">Je donne mon accord pour l'envoi de newsletters<\/span><\/label><input type='hidden' name='input_20.2' value='&lt;span style=&quot;margin-top: 8px&quot;&gt;Je donne mon accord pour l&#039;envoi de newsletters&lt;\/span&gt;' class='gform_hidden' \/><input type='hidden' name='input_20.3' value='8' class='gform_hidden' \/><\/div><\/li><li id='field_32_15'  class='gfield gfield_html gfield_html_formatted gfield_no_follows_desc field_sublabel_below field_description_below gfield_visibility_visible' ><span class=\"gfield_required\">*<\/span><small>Informations obligatoires<\/small><\/li><li id='field_32_18'  class='gfield hidden_field gravity_lang field_sublabel_below field_description_below gfield_visibility_hidden' ><label class='gfield_label' for='input_32_18' >Language<\/label><div class='ginput_container ginput_container_text'><input name='input_18' id='input_32_18' type='text' value='' class='medium'      aria-invalid=\"false\" \/><\/div><\/li><li id='field_32_21'  class='gfield gform_validation_container field_sublabel_below field_description_below gfield_visibility_visible' ><label class='gfield_label' for='input_32_21' >Email<\/label><div class='ginput_container'><input name='input_21' id='input_32_21' type='text' value='' \/><\/div><div class='gfield_description' id='gfield_description_32_21'>Ce champ n\u2019est utilis\u00e9 qu\u2019\u00e0 des fins de validation et devrait rester inchang\u00e9.<\/div><\/li>\n                            <\/ul><\/div>\n        <div class='gform_footer top_label'> <input type='submit' id='gform_submit_button_32' class='gform_button button' value='Demander un devis'  onclick='if(window[\"gf_submitting_32\"]){return false;}  window[\"gf_submitting_32\"]=true;  ' onkeypress='if( event.keyCode == 13 ){ if(window[\"gf_submitting_32\"]){return false;} window[\"gf_submitting_32\"]=true;  jQuery(\"#gform_32\").trigger(\"submit\",[true]); }' \/> <input type='hidden' name='gform_ajax' value='form_id=32&amp;title=&amp;description=&amp;tabindex=0' \/>\n            <input type='hidden' class='gform_hidden' name='is_submit_32' value='1' \/>\n            <input type='hidden' class='gform_hidden' name='gform_submit' value='32' \/>\n            \n            <input type='hidden' class='gform_hidden' name='gform_unique_id' value='' \/>\n            <input type='hidden' class='gform_hidden' name='state_32' value='WyJbXSIsIjMzYmYyMWNkYTJhNzA4YTM1YzdlNzFmY2RiNzcyYTQwIl0=' \/>\n            <input type='hidden' class='gform_hidden' name='gform_target_page_number_32' id='gform_target_page_number_32' value='0' \/>\n            <input type='hidden' class='gform_hidden' name='gform_source_page_number_32' id='gform_source_page_number_32' value='1' \/>\n            <input type='hidden' name='gform_field_values' value='' \/>\n            \n        <\/div>\n                        <\/form>\n                        <\/div>\n                <iframe style='display:none;width:0px;height:0px;' src='about:blank' name='gform_ajax_frame_32' id='gform_ajax_frame_32' title='Cette iframe contient la logique n\u00e9cessaire pour manipuler Gravity Forms avec Ajax.'><\/iframe>\n                <script type='text\/javascript'>jQuery(document).ready(function($){gformInitSpinner( 32, 'https:\/\/www.indigovenice.com\/wp-content\/plugins\/gravityforms\/images\/spinner.gif' );jQuery('#gform_ajax_frame_32').on('load',function(){var contents = jQuery(this).contents().find('*').html();var is_postback = contents.indexOf('GF_AJAX_POSTBACK') >= 0;if(!is_postback){return;}var form_content = jQuery(this).contents().find('#gform_wrapper_32');var is_confirmation = jQuery(this).contents().find('#gform_confirmation_wrapper_32').length > 0;var is_redirect = contents.indexOf('gformRedirect(){') >= 0;var is_form = form_content.length > 0 && ! is_redirect && ! is_confirmation;var mt = parseInt(jQuery('html').css('margin-top'), 10) + parseInt(jQuery('body').css('margin-top'), 10) + 100;if(is_form){jQuery('#gform_wrapper_32').html(form_content.html());if(form_content.hasClass('gform_validation_error')){jQuery('#gform_wrapper_32').addClass('gform_validation_error');} else {jQuery('#gform_wrapper_32').removeClass('gform_validation_error');}setTimeout( function() { \/* delay the scroll by 50 milliseconds to fix a bug in chrome *\/ jQuery(document).scrollTop(jQuery('#gform_wrapper_32').offset().top - mt); }, 50 );if(window['gformInitDatepicker']) {gformInitDatepicker();}if(window['gformInitPriceFields']) {gformInitPriceFields();}var current_page = jQuery('#gform_source_page_number_32').val();gformInitSpinner( 32, 'https:\/\/www.indigovenice.com\/wp-content\/plugins\/gravityforms\/images\/spinner.gif' );jQuery(document).trigger('gform_page_loaded', [32, current_page]);window['gf_submitting_32'] = false;}else if(!is_redirect){var confirmation_content = jQuery(this).contents().find('.GF_AJAX_POSTBACK').html();if(!confirmation_content){confirmation_content = contents;}setTimeout(function(){jQuery('#gform_wrapper_32').replaceWith(confirmation_content);jQuery(document).scrollTop(jQuery('#gf_32').offset().top - mt);jQuery(document).trigger('gform_confirmation_loaded', [32]);window['gf_submitting_32'] = false;}, 50);}else{jQuery('#gform_32').append(contents);if(window['gformRedirect']) {gformRedirect();}}jQuery(document).trigger('gform_post_render', [32, current_page]);} );} );<\/script>\n","protected":false},"excerpt":{"rendered":"<p>Composez librement vos d\u00e9tails de s\u00e9jour \u00e0 Venise gr\u00e2ce au formulaire ci-dessus. Vous recevrez tr\u00e8s rapidement un\u00a0devis personnalis\u00e9 et sans engagement\u00a0conforme \u00e0 votre demande. &nbsp;<\/p>\n","protected":false},"author":9,"featured_media":0,"parent":0,"menu_order":999999,"comment_status":"closed","ping_status":"closed","template":"template-request-quotation.php","meta":{"footnotes":""},"class_list":["post-1717","page","type-page","status-publish","hentry"],"yoast_head":"<!-- This site is optimized with the Yoast SEO plugin v26.9 - https:\/\/yoast.com\/product\/yoast-seo-wordpress\/ -->\n<title>Demande de devis en ligne - Hotel Indigo Venice - Sant&#039;Elena<\/title>\n<meta name=\"robots\" content=\"index, follow, max-snippet:-1, max-image-preview:large, max-video-preview:-1\" \/>\n<link rel=\"canonical\" href=\"https:\/\/www.indigovenice.com\/fr\/demandez-un-devis\/\" \/>\n<meta property=\"og:locale\" content=\"fr_FR\" \/>\n<meta property=\"og:type\" content=\"article\" \/>\n<meta property=\"og:title\" content=\"Demande de devis en ligne - Hotel Indigo Venice - Sant&#039;Elena\" \/>\n<meta property=\"og:description\" content=\"Composez librement vos d\u00e9tails de s\u00e9jour \u00e0 Venise gr\u00e2ce au formulaire ci-dessus. Vous recevrez tr\u00e8s rapidement un\u00a0devis personnalis\u00e9 et sans engagement\u00a0conforme \u00e0 votre demande. &nbsp;\" \/>\n<meta property=\"og:url\" content=\"https:\/\/www.indigovenice.com\/fr\/demandez-un-devis\/\" \/>\n<meta property=\"og:site_name\" content=\"Hotel Indigo Venice - Sant&#039;Elena\" \/>\n<meta property=\"article:modified_time\" content=\"2020-11-05T09:04:22+00:00\" \/>\n<meta name=\"twitter:card\" content=\"summary_large_image\" \/>\n<script type=\"application\/ld+json\" class=\"yoast-schema-graph\">{\"@context\":\"https:\/\/schema.org\",\"@graph\":[{\"@type\":\"WebPage\",\"@id\":\"https:\/\/www.indigovenice.com\/fr\/demandez-un-devis\/\",\"url\":\"https:\/\/www.indigovenice.com\/fr\/demandez-un-devis\/\",\"name\":\"Demande de devis en ligne - Hotel Indigo Venice - Sant'Elena\",\"isPartOf\":{\"@id\":\"https:\/\/www.indigovenice.com\/fr\/#website\"},\"datePublished\":\"2020-11-03T16:16:52+00:00\",\"dateModified\":\"2020-11-05T09:04:22+00:00\",\"breadcrumb\":{\"@id\":\"https:\/\/www.indigovenice.com\/fr\/demandez-un-devis\/#breadcrumb\"},\"inLanguage\":\"fr-FR\",\"potentialAction\":[{\"@type\":\"ReadAction\",\"target\":[\"https:\/\/www.indigovenice.com\/fr\/demandez-un-devis\/\"]}]},{\"@type\":\"BreadcrumbList\",\"@id\":\"https:\/\/www.indigovenice.com\/fr\/demandez-un-devis\/#breadcrumb\",\"itemListElement\":[{\"@type\":\"ListItem\",\"position\":1,\"name\":\"Home\",\"item\":\"https:\/\/www.indigovenice.com\/fr\/\"},{\"@type\":\"ListItem\",\"position\":2,\"name\":\"Demande de devis en ligne\"}]},{\"@type\":\"WebSite\",\"@id\":\"https:\/\/www.indigovenice.com\/fr\/#website\",\"url\":\"https:\/\/www.indigovenice.com\/fr\/\",\"name\":\"Hotel Indigo Venice - Sant'Elena\",\"description\":\"Just another ms.decms.eu site\",\"potentialAction\":[{\"@type\":\"SearchAction\",\"target\":{\"@type\":\"EntryPoint\",\"urlTemplate\":\"https:\/\/www.indigovenice.com\/fr\/?s={search_term_string}\"},\"query-input\":{\"@type\":\"PropertyValueSpecification\",\"valueRequired\":true,\"valueName\":\"search_term_string\"}}],\"inLanguage\":\"fr-FR\"}]}<\/script>\n<!-- \/ Yoast SEO plugin. -->","yoast_head_json":{"title":"Demande de devis en ligne - Hotel Indigo Venice - Sant'Elena","robots":{"index":"index","follow":"follow","max-snippet":"max-snippet:-1","max-image-preview":"max-image-preview:large","max-video-preview":"max-video-preview:-1"},"canonical":"https:\/\/www.indigovenice.com\/fr\/demandez-un-devis\/","og_locale":"fr_FR","og_type":"article","og_title":"Demande de devis en ligne - Hotel Indigo Venice - Sant'Elena","og_description":"Composez librement vos d\u00e9tails de s\u00e9jour \u00e0 Venise gr\u00e2ce au formulaire ci-dessus. Vous recevrez tr\u00e8s rapidement un\u00a0devis personnalis\u00e9 et sans engagement\u00a0conforme \u00e0 votre demande. &nbsp;","og_url":"https:\/\/www.indigovenice.com\/fr\/demandez-un-devis\/","og_site_name":"Hotel Indigo Venice - Sant'Elena","article_modified_time":"2020-11-05T09:04:22+00:00","twitter_card":"summary_large_image","schema":{"@context":"https:\/\/schema.org","@graph":[{"@type":"WebPage","@id":"https:\/\/www.indigovenice.com\/fr\/demandez-un-devis\/","url":"https:\/\/www.indigovenice.com\/fr\/demandez-un-devis\/","name":"Demande de devis en ligne - Hotel Indigo Venice - Sant'Elena","isPartOf":{"@id":"https:\/\/www.indigovenice.com\/fr\/#website"},"datePublished":"2020-11-03T16:16:52+00:00","dateModified":"2020-11-05T09:04:22+00:00","breadcrumb":{"@id":"https:\/\/www.indigovenice.com\/fr\/demandez-un-devis\/#breadcrumb"},"inLanguage":"fr-FR","potentialAction":[{"@type":"ReadAction","target":["https:\/\/www.indigovenice.com\/fr\/demandez-un-devis\/"]}]},{"@type":"BreadcrumbList","@id":"https:\/\/www.indigovenice.com\/fr\/demandez-un-devis\/#breadcrumb","itemListElement":[{"@type":"ListItem","position":1,"name":"Home","item":"https:\/\/www.indigovenice.com\/fr\/"},{"@type":"ListItem","position":2,"name":"Demande de devis en ligne"}]},{"@type":"WebSite","@id":"https:\/\/www.indigovenice.com\/fr\/#website","url":"https:\/\/www.indigovenice.com\/fr\/","name":"Hotel Indigo Venice - Sant'Elena","description":"Just another ms.decms.eu site","potentialAction":[{"@type":"SearchAction","target":{"@type":"EntryPoint","urlTemplate":"https:\/\/www.indigovenice.com\/fr\/?s={search_term_string}"},"query-input":{"@type":"PropertyValueSpecification","valueRequired":true,"valueName":"search_term_string"}}],"inLanguage":"fr-FR"}]}},"acf":[],"_links":{"self":[{"href":"https:\/\/www.indigovenice.com\/fr\/wp-json\/wp\/v2\/pages\/1717","targetHints":{"allow":["GET"]}}],"collection":[{"href":"https:\/\/www.indigovenice.com\/fr\/wp-json\/wp\/v2\/pages"}],"about":[{"href":"https:\/\/www.indigovenice.com\/fr\/wp-json\/wp\/v2\/types\/page"}],"author":[{"embeddable":true,"href":"https:\/\/www.indigovenice.com\/fr\/wp-json\/wp\/v2\/users\/9"}],"replies":[{"embeddable":true,"href":"https:\/\/www.indigovenice.com\/fr\/wp-json\/wp\/v2\/comments?post=1717"}],"version-history":[{"count":0,"href":"https:\/\/www.indigovenice.com\/fr\/wp-json\/wp\/v2\/pages\/1717\/revisions"}],"wp:attachment":[{"href":"https:\/\/www.indigovenice.com\/fr\/wp-json\/wp\/v2\/media?parent=1717"}],"curies":[{"name":"wp","href":"https:\/\/api.w.org\/{rel}","templated":true}]}}