{"id":237,"date":"2019-05-31T12:17:36","date_gmt":"2019-05-31T12:17:36","guid":{"rendered":"http:\/\/st-elena.ms.decms.eu\/?page_id=237"},"modified":"2023-09-13T15:29:35","modified_gmt":"2023-09-13T15:29:35","slug":"lhotel","status":"publish","type":"page","link":"https:\/\/www.indigovenice.com\/fr\/lhotel\/","title":{"rendered":"L&rsquo;H\u00f4tel"},"content":{"rendered":"<p>Situ\u00e9 dans le cadre paisible de l&rsquo;\u00eele de Sant\u2019Elena, en retrait des hordes de touristes mais tout pr\u00e8s des <strong>grands centres d&rsquo;int\u00e9r\u00eat de la ville<\/strong>, l&rsquo;h\u00f4tel compte 75 chambres non-fumeurs enti\u00e8rement r\u00e9nov\u00e9es qui offrent une d\u00e9coration moderne et styl\u00e9e tr\u00e8s fonctionnelle.<\/p>\n<p>Disponibles en versions Standard, Premium, Suite avec vue sur le Jardin, Suite avec Zone Living et Suite Duplex avec terrasse, toutes les chambres offrent une vue merveilleuse sur les ruelles (ou \u00ab calli \u00bb) de l&rsquo;\u00eele de Sant&rsquo;Elena ou sur le jardin.<br \/>\nAvec son superbe jardin verdoyant et ses \u00e9quipements comme Wi-Fi gratuit et services de conciergerie, l&rsquo;<strong>Indigo Venice- Sant\u2019Elena<\/strong> deviendra votre foyer au c\u0153ur de la lagune.<\/p>\n","protected":false},"excerpt":{"rendered":"<p>Situ\u00e9 dans le cadre paisible de l&rsquo;\u00eele de Sant\u2019Elena, en retrait des hordes de touristes mais tout pr\u00e8s des grands centres d&rsquo;int\u00e9r\u00eat de la ville, l&rsquo;h\u00f4tel compte 75 chambres non-fumeurs enti\u00e8rement r\u00e9nov\u00e9es qui offrent une d\u00e9coration moderne et styl\u00e9e tr\u00e8s fonctionnelle. Disponibles en versions Standard, Premium, Suite avec vue sur le Jardin, Suite avec Zone [&hellip;]<\/p>\n","protected":false},"author":3,"featured_media":0,"parent":0,"menu_order":1,"comment_status":"closed","ping_status":"closed","template":"","meta":{"footnotes":""},"class_list":["post-237","page","type-page","status-publish","hentry"],"yoast_head":"<!-- This site is optimized with the Yoast SEO plugin v26.9 - https:\/\/yoast.com\/product\/yoast-seo-wordpress\/ -->\n<title>Chambres et service personnalis\u00e9 | Hotel Indigo Venice Sant&#039;Elena<\/title>\n<meta name=\"description\" content=\"H\u00f4tel-boutique raffin\u00e9 de Venise, au calme mais tout pr\u00e8s du centre, l\u2019Hotel Indigo Venice est \u00e0 c\u00f4t\u00e9 des jardins de la Biennale. D\u00e9couvrez nos chambres\u00a0!\" \/>\n<meta name=\"robots\" content=\"index, follow, max-snippet:-1, max-image-preview:large, max-video-preview:-1\" \/>\n<link rel=\"canonical\" href=\"https:\/\/www.indigovenice.com\/fr\/lhotel\/\" \/>\n<meta property=\"og:locale\" content=\"fr_FR\" \/>\n<meta property=\"og:type\" content=\"article\" \/>\n<meta property=\"og:title\" content=\"Chambres et service personnalis\u00e9 | Hotel Indigo Venice Sant&#039;Elena\" \/>\n<meta property=\"og:description\" content=\"H\u00f4tel-boutique raffin\u00e9 de Venise, au calme mais tout pr\u00e8s du centre, l\u2019Hotel Indigo Venice est \u00e0 c\u00f4t\u00e9 des jardins de la Biennale. D\u00e9couvrez nos chambres\u00a0!\" \/>\n<meta property=\"og:url\" content=\"https:\/\/www.indigovenice.com\/fr\/lhotel\/\" \/>\n<meta property=\"og:site_name\" content=\"Hotel Indigo Venice - Sant&#039;Elena\" \/>\n<meta property=\"article:modified_time\" content=\"2023-09-13T15:29:35+00:00\" \/>\n<meta name=\"twitter:card\" content=\"summary_large_image\" \/>\n<meta name=\"twitter:label1\" content=\"Dur\u00e9e de lecture estim\u00e9e\" \/>\n\t<meta name=\"twitter:data1\" content=\"1 minute\" \/>\n<script type=\"application\/ld+json\" class=\"yoast-schema-graph\">{\"@context\":\"https:\/\/schema.org\",\"@graph\":[{\"@type\":\"WebPage\",\"@id\":\"https:\/\/www.indigovenice.com\/fr\/lhotel\/\",\"url\":\"https:\/\/www.indigovenice.com\/fr\/lhotel\/\",\"name\":\"Chambres et service personnalis\u00e9 | Hotel Indigo Venice Sant'Elena\",\"isPartOf\":{\"@id\":\"https:\/\/www.indigovenice.com\/fr\/#website\"},\"datePublished\":\"2019-05-31T12:17:36+00:00\",\"dateModified\":\"2023-09-13T15:29:35+00:00\",\"description\":\"H\u00f4tel-boutique raffin\u00e9 de Venise, au calme mais tout pr\u00e8s du centre, l\u2019Hotel Indigo Venice est \u00e0 c\u00f4t\u00e9 des jardins de la Biennale. D\u00e9couvrez nos chambres\u00a0!\",\"breadcrumb\":{\"@id\":\"https:\/\/www.indigovenice.com\/fr\/lhotel\/#breadcrumb\"},\"inLanguage\":\"fr-FR\",\"potentialAction\":[{\"@type\":\"ReadAction\",\"target\":[\"https:\/\/www.indigovenice.com\/fr\/lhotel\/\"]}]},{\"@type\":\"BreadcrumbList\",\"@id\":\"https:\/\/www.indigovenice.com\/fr\/lhotel\/#breadcrumb\",\"itemListElement\":[{\"@type\":\"ListItem\",\"position\":1,\"name\":\"Home\",\"item\":\"https:\/\/www.indigovenice.com\/fr\/\"},{\"@type\":\"ListItem\",\"position\":2,\"name\":\"L&#8217;H\u00f4tel\"}]},{\"@type\":\"WebSite\",\"@id\":\"https:\/\/www.indigovenice.com\/fr\/#website\",\"url\":\"https:\/\/www.indigovenice.com\/fr\/\",\"name\":\"Hotel Indigo Venice - Sant'Elena\",\"description\":\"Just another ms.decms.eu site\",\"potentialAction\":[{\"@type\":\"SearchAction\",\"target\":{\"@type\":\"EntryPoint\",\"urlTemplate\":\"https:\/\/www.indigovenice.com\/fr\/?s={search_term_string}\"},\"query-input\":{\"@type\":\"PropertyValueSpecification\",\"valueRequired\":true,\"valueName\":\"search_term_string\"}}],\"inLanguage\":\"fr-FR\"}]}<\/script>\n<!-- \/ Yoast SEO plugin. -->","yoast_head_json":{"title":"Chambres et service personnalis\u00e9 | Hotel Indigo Venice Sant'Elena","description":"H\u00f4tel-boutique raffin\u00e9 de Venise, au calme mais tout pr\u00e8s du centre, l\u2019Hotel Indigo Venice est \u00e0 c\u00f4t\u00e9 des jardins de la Biennale. D\u00e9couvrez nos chambres\u00a0!","robots":{"index":"index","follow":"follow","max-snippet":"max-snippet:-1","max-image-preview":"max-image-preview:large","max-video-preview":"max-video-preview:-1"},"canonical":"https:\/\/www.indigovenice.com\/fr\/lhotel\/","og_locale":"fr_FR","og_type":"article","og_title":"Chambres et service personnalis\u00e9 | Hotel Indigo Venice Sant'Elena","og_description":"H\u00f4tel-boutique raffin\u00e9 de Venise, au calme mais tout pr\u00e8s du centre, l\u2019Hotel Indigo Venice est \u00e0 c\u00f4t\u00e9 des jardins de la Biennale. D\u00e9couvrez nos chambres\u00a0!","og_url":"https:\/\/www.indigovenice.com\/fr\/lhotel\/","og_site_name":"Hotel Indigo Venice - Sant'Elena","article_modified_time":"2023-09-13T15:29:35+00:00","twitter_card":"summary_large_image","twitter_misc":{"Dur\u00e9e de lecture estim\u00e9e":"1 minute"},"schema":{"@context":"https:\/\/schema.org","@graph":[{"@type":"WebPage","@id":"https:\/\/www.indigovenice.com\/fr\/lhotel\/","url":"https:\/\/www.indigovenice.com\/fr\/lhotel\/","name":"Chambres et service personnalis\u00e9 | Hotel Indigo Venice Sant'Elena","isPartOf":{"@id":"https:\/\/www.indigovenice.com\/fr\/#website"},"datePublished":"2019-05-31T12:17:36+00:00","dateModified":"2023-09-13T15:29:35+00:00","description":"H\u00f4tel-boutique raffin\u00e9 de Venise, au calme mais tout pr\u00e8s du centre, l\u2019Hotel Indigo Venice est \u00e0 c\u00f4t\u00e9 des jardins de la Biennale. D\u00e9couvrez nos chambres\u00a0!","breadcrumb":{"@id":"https:\/\/www.indigovenice.com\/fr\/lhotel\/#breadcrumb"},"inLanguage":"fr-FR","potentialAction":[{"@type":"ReadAction","target":["https:\/\/www.indigovenice.com\/fr\/lhotel\/"]}]},{"@type":"BreadcrumbList","@id":"https:\/\/www.indigovenice.com\/fr\/lhotel\/#breadcrumb","itemListElement":[{"@type":"ListItem","position":1,"name":"Home","item":"https:\/\/www.indigovenice.com\/fr\/"},{"@type":"ListItem","position":2,"name":"L&#8217;H\u00f4tel"}]},{"@type":"WebSite","@id":"https:\/\/www.indigovenice.com\/fr\/#website","url":"https:\/\/www.indigovenice.com\/fr\/","name":"Hotel Indigo Venice - Sant'Elena","description":"Just another ms.decms.eu site","potentialAction":[{"@type":"SearchAction","target":{"@type":"EntryPoint","urlTemplate":"https:\/\/www.indigovenice.com\/fr\/?s={search_term_string}"},"query-input":{"@type":"PropertyValueSpecification","valueRequired":true,"valueName":"search_term_string"}}],"inLanguage":"fr-FR"}]}},"acf":[],"_links":{"self":[{"href":"https:\/\/www.indigovenice.com\/fr\/wp-json\/wp\/v2\/pages\/237","targetHints":{"allow":["GET"]}}],"collection":[{"href":"https:\/\/www.indigovenice.com\/fr\/wp-json\/wp\/v2\/pages"}],"about":[{"href":"https:\/\/www.indigovenice.com\/fr\/wp-json\/wp\/v2\/types\/page"}],"author":[{"embeddable":true,"href":"https:\/\/www.indigovenice.com\/fr\/wp-json\/wp\/v2\/users\/3"}],"replies":[{"embeddable":true,"href":"https:\/\/www.indigovenice.com\/fr\/wp-json\/wp\/v2\/comments?post=237"}],"version-history":[{"count":0,"href":"https:\/\/www.indigovenice.com\/fr\/wp-json\/wp\/v2\/pages\/237\/revisions"}],"wp:attachment":[{"href":"https:\/\/www.indigovenice.com\/fr\/wp-json\/wp\/v2\/media?parent=237"}],"curies":[{"name":"wp","href":"https:\/\/api.w.org\/{rel}","templated":true}]}}