{"id":239,"date":"2019-05-31T12:35:26","date_gmt":"2019-05-31T12:35:26","guid":{"rendered":"http:\/\/st-elena.ms.decms.eu\/?page_id=239"},"modified":"2024-06-06T08:57:25","modified_gmt":"2024-06-06T08:57:25","slug":"ledifice","status":"publish","type":"page","link":"https:\/\/www.indigovenice.com\/fr\/lhotel\/ledifice\/","title":{"rendered":"L&rsquo;\u00e9difice"},"content":{"rendered":"<p>L&rsquo;h\u00f4tel est log\u00e9 dans un ancien couvent de Sant\u2019Elena, \u00e0 l&rsquo;extr\u00e9mit\u00e9 Est de l&rsquo;\u00eele de Venise, bien en retrait de la foule de la place Saint-Marc. Ce quartier tire son nom d&rsquo;une ancienne l\u00e9gende narrant comment les restes de la Sainte furent ramen\u00e9s de Constantinople puis enterr\u00e9s dans la chapelle construite par les Augustiniens en 1028. En 1400, les Augustiniens \u00e9taient remplac\u00e9s par les s\u0153urs B\u00e9n\u00e9dictines, qui allaient construire le couvent et l&rsquo;\u00e9glise actuels en 1439.<\/p>\n","protected":false},"excerpt":{"rendered":"<p>L&rsquo;h\u00f4tel est log\u00e9 dans un ancien couvent de Sant\u2019Elena, \u00e0 l&rsquo;extr\u00e9mit\u00e9 Est de l&rsquo;\u00eele de Venise, bien en retrait de la foule de la place Saint-Marc. Ce quartier tire son nom d&rsquo;une ancienne l\u00e9gende narrant comment les restes de la Sainte furent ramen\u00e9s de Constantinople puis enterr\u00e9s dans la chapelle construite par les Augustiniens en [&hellip;]<\/p>\n","protected":false},"author":3,"featured_media":0,"parent":237,"menu_order":1,"comment_status":"closed","ping_status":"closed","template":"","meta":{"footnotes":""},"class_list":["post-239","page","type-page","status-publish","hentry"],"yoast_head":"<!-- This site is optimized with the Yoast SEO plugin v26.9 - https:\/\/yoast.com\/product\/yoast-seo-wordpress\/ -->\n<title>L&#039;histoire de l&#039;Hotel Indigo Venice Sant&#039;Elena Venise<\/title>\n<meta name=\"description\" content=\"Situ\u00e9 dans le quartier tranquille de Sant&#039;Elena, sestiere Castello, l\u2019Hotel Indigo Venice est un h\u00f4tel-boutique qui associe exp\u00e9rience locale et design moderne.\" \/>\n<meta name=\"robots\" content=\"index, follow, max-snippet:-1, max-image-preview:large, max-video-preview:-1\" \/>\n<link rel=\"canonical\" href=\"https:\/\/www.indigovenice.com\/fr\/lhotel\/ledifice\/\" \/>\n<meta property=\"og:locale\" content=\"fr_FR\" \/>\n<meta property=\"og:type\" content=\"article\" \/>\n<meta property=\"og:title\" content=\"L&#039;histoire de l&#039;Hotel Indigo Venice Sant&#039;Elena Venise\" \/>\n<meta property=\"og:description\" content=\"Situ\u00e9 dans le quartier tranquille de Sant&#039;Elena, sestiere Castello, l\u2019Hotel Indigo Venice est un h\u00f4tel-boutique qui associe exp\u00e9rience locale et design moderne.\" \/>\n<meta property=\"og:url\" content=\"https:\/\/www.indigovenice.com\/fr\/lhotel\/ledifice\/\" \/>\n<meta property=\"og:site_name\" content=\"Hotel Indigo Venice - Sant&#039;Elena\" \/>\n<meta property=\"article:modified_time\" content=\"2024-06-06T08:57:25+00:00\" \/>\n<meta name=\"twitter:card\" content=\"summary_large_image\" \/>\n<meta name=\"twitter:label1\" content=\"Dur\u00e9e de lecture estim\u00e9e\" \/>\n\t<meta name=\"twitter:data1\" content=\"1 minute\" \/>\n<script type=\"application\/ld+json\" class=\"yoast-schema-graph\">{\"@context\":\"https:\/\/schema.org\",\"@graph\":[{\"@type\":\"WebPage\",\"@id\":\"https:\/\/www.indigovenice.com\/fr\/lhotel\/ledifice\/\",\"url\":\"https:\/\/www.indigovenice.com\/fr\/lhotel\/ledifice\/\",\"name\":\"L'histoire de l'Hotel Indigo Venice Sant'Elena Venise\",\"isPartOf\":{\"@id\":\"https:\/\/www.indigovenice.com\/fr\/#website\"},\"datePublished\":\"2019-05-31T12:35:26+00:00\",\"dateModified\":\"2024-06-06T08:57:25+00:00\",\"description\":\"Situ\u00e9 dans le quartier tranquille de Sant'Elena, sestiere Castello, l\u2019Hotel Indigo Venice est un h\u00f4tel-boutique qui associe exp\u00e9rience locale et design moderne.\",\"breadcrumb\":{\"@id\":\"https:\/\/www.indigovenice.com\/fr\/lhotel\/ledifice\/#breadcrumb\"},\"inLanguage\":\"fr-FR\",\"potentialAction\":[{\"@type\":\"ReadAction\",\"target\":[\"https:\/\/www.indigovenice.com\/fr\/lhotel\/ledifice\/\"]}]},{\"@type\":\"BreadcrumbList\",\"@id\":\"https:\/\/www.indigovenice.com\/fr\/lhotel\/ledifice\/#breadcrumb\",\"itemListElement\":[{\"@type\":\"ListItem\",\"position\":1,\"name\":\"Home\",\"item\":\"https:\/\/www.indigovenice.com\/fr\/\"},{\"@type\":\"ListItem\",\"position\":2,\"name\":\"L&#8217;H\u00f4tel\",\"item\":\"https:\/\/www.indigovenice.com\/fr\/lhotel\/\"},{\"@type\":\"ListItem\",\"position\":3,\"name\":\"L&#8217;\u00e9difice\"}]},{\"@type\":\"WebSite\",\"@id\":\"https:\/\/www.indigovenice.com\/fr\/#website\",\"url\":\"https:\/\/www.indigovenice.com\/fr\/\",\"name\":\"Hotel Indigo Venice - Sant'Elena\",\"description\":\"Just another ms.decms.eu site\",\"potentialAction\":[{\"@type\":\"SearchAction\",\"target\":{\"@type\":\"EntryPoint\",\"urlTemplate\":\"https:\/\/www.indigovenice.com\/fr\/?s={search_term_string}\"},\"query-input\":{\"@type\":\"PropertyValueSpecification\",\"valueRequired\":true,\"valueName\":\"search_term_string\"}}],\"inLanguage\":\"fr-FR\"}]}<\/script>\n<!-- \/ Yoast SEO plugin. -->","yoast_head_json":{"title":"L'histoire de l'Hotel Indigo Venice Sant'Elena Venise","description":"Situ\u00e9 dans le quartier tranquille de Sant'Elena, sestiere Castello, l\u2019Hotel Indigo Venice est un h\u00f4tel-boutique qui associe exp\u00e9rience locale et design moderne.","robots":{"index":"index","follow":"follow","max-snippet":"max-snippet:-1","max-image-preview":"max-image-preview:large","max-video-preview":"max-video-preview:-1"},"canonical":"https:\/\/www.indigovenice.com\/fr\/lhotel\/ledifice\/","og_locale":"fr_FR","og_type":"article","og_title":"L'histoire de l'Hotel Indigo Venice Sant'Elena Venise","og_description":"Situ\u00e9 dans le quartier tranquille de Sant'Elena, sestiere Castello, l\u2019Hotel Indigo Venice est un h\u00f4tel-boutique qui associe exp\u00e9rience locale et design moderne.","og_url":"https:\/\/www.indigovenice.com\/fr\/lhotel\/ledifice\/","og_site_name":"Hotel Indigo Venice - Sant'Elena","article_modified_time":"2024-06-06T08:57:25+00:00","twitter_card":"summary_large_image","twitter_misc":{"Dur\u00e9e de lecture estim\u00e9e":"1 minute"},"schema":{"@context":"https:\/\/schema.org","@graph":[{"@type":"WebPage","@id":"https:\/\/www.indigovenice.com\/fr\/lhotel\/ledifice\/","url":"https:\/\/www.indigovenice.com\/fr\/lhotel\/ledifice\/","name":"L'histoire de l'Hotel Indigo Venice Sant'Elena Venise","isPartOf":{"@id":"https:\/\/www.indigovenice.com\/fr\/#website"},"datePublished":"2019-05-31T12:35:26+00:00","dateModified":"2024-06-06T08:57:25+00:00","description":"Situ\u00e9 dans le quartier tranquille de Sant'Elena, sestiere Castello, l\u2019Hotel Indigo Venice est un h\u00f4tel-boutique qui associe exp\u00e9rience locale et design moderne.","breadcrumb":{"@id":"https:\/\/www.indigovenice.com\/fr\/lhotel\/ledifice\/#breadcrumb"},"inLanguage":"fr-FR","potentialAction":[{"@type":"ReadAction","target":["https:\/\/www.indigovenice.com\/fr\/lhotel\/ledifice\/"]}]},{"@type":"BreadcrumbList","@id":"https:\/\/www.indigovenice.com\/fr\/lhotel\/ledifice\/#breadcrumb","itemListElement":[{"@type":"ListItem","position":1,"name":"Home","item":"https:\/\/www.indigovenice.com\/fr\/"},{"@type":"ListItem","position":2,"name":"L&#8217;H\u00f4tel","item":"https:\/\/www.indigovenice.com\/fr\/lhotel\/"},{"@type":"ListItem","position":3,"name":"L&#8217;\u00e9difice"}]},{"@type":"WebSite","@id":"https:\/\/www.indigovenice.com\/fr\/#website","url":"https:\/\/www.indigovenice.com\/fr\/","name":"Hotel Indigo Venice - Sant'Elena","description":"Just another ms.decms.eu site","potentialAction":[{"@type":"SearchAction","target":{"@type":"EntryPoint","urlTemplate":"https:\/\/www.indigovenice.com\/fr\/?s={search_term_string}"},"query-input":{"@type":"PropertyValueSpecification","valueRequired":true,"valueName":"search_term_string"}}],"inLanguage":"fr-FR"}]}},"acf":[],"_links":{"self":[{"href":"https:\/\/www.indigovenice.com\/fr\/wp-json\/wp\/v2\/pages\/239","targetHints":{"allow":["GET"]}}],"collection":[{"href":"https:\/\/www.indigovenice.com\/fr\/wp-json\/wp\/v2\/pages"}],"about":[{"href":"https:\/\/www.indigovenice.com\/fr\/wp-json\/wp\/v2\/types\/page"}],"author":[{"embeddable":true,"href":"https:\/\/www.indigovenice.com\/fr\/wp-json\/wp\/v2\/users\/3"}],"replies":[{"embeddable":true,"href":"https:\/\/www.indigovenice.com\/fr\/wp-json\/wp\/v2\/comments?post=239"}],"version-history":[{"count":0,"href":"https:\/\/www.indigovenice.com\/fr\/wp-json\/wp\/v2\/pages\/239\/revisions"}],"up":[{"embeddable":true,"href":"https:\/\/www.indigovenice.com\/fr\/wp-json\/wp\/v2\/pages\/237"}],"wp:attachment":[{"href":"https:\/\/www.indigovenice.com\/fr\/wp-json\/wp\/v2\/media?parent=239"}],"curies":[{"name":"wp","href":"https:\/\/api.w.org\/{rel}","templated":true}]}}